{"id":356,"date":"2016-02-17T14:06:11","date_gmt":"2016-02-17T14:06:11","guid":{"rendered":"http:\/\/suonpaa.net\/wordpress\/?post_type=product&#038;p=356"},"modified":"2016-03-08T17:53:01","modified_gmt":"2016-03-08T15:53:01","slug":"cavalor-energyboost","status":"publish","type":"product","link":"https:\/\/www.suonpaa.net\/?product=cavalor-energyboost","title":{"rendered":"Cavalor EnergyBoost"},"content":{"rendered":"<p><span id=\"fbPhotoSnowliftCaption\" class=\"fbPhotosPhotoCaption\" tabindex=\"0\" data-ft=\"{&quot;tn&quot;:&quot;K&quot;}\"><span class=\"hasCaption\">Urheiluhevosille tarkoitettu tuubi, joka tehostaa nopeasti ja tehokkaasti energiatasoja ja nopeuttaa palautumista. Sis\u00e4lt\u00e4\u00e4 elektrolyyttej\u00e4, vitamiineja, aminohappoja, sokereita ja suolaa, jotka ovat t\u00e4rkeit\u00e4 elimist\u00f6lle harjoituksen aikana.<\/span><\/span><\/p>\n<p><strong>K\u00e4ytt\u00f6ohjeet:<\/strong> Tapahtumaa\/p\u00e4iv\u00e4\u00e4 kohden: 1 tuubi hevosen kielen takaosaan (annostelua voidaan s\u00e4\u00e4dell\u00e4 ruiskulla).<br \/>\nMaksimiannostus: 3 tuubia \/ p\u00e4iv\u00e4.<\/p>\n","protected":false},"excerpt":{"rendered":"<p>Urheiluhevosille tarkoitettu tuubi, joka tehostaa nopeasti ja tehokkaasti energiatasoja ja nopeuttaa palautumista. Sis\u00e4lt\u00e4\u00e4 elektrolyyttej\u00e4, vitamiineja, aminohappoja, sokereita ja suolaa, jotka ovat t\u00e4rkeit\u00e4 elimist\u00f6lle harjoituksen aikana. K\u00e4ytt\u00f6ohjeet: Tapahtumaa\/p\u00e4iv\u00e4\u00e4 kohden: 1 tuubi hevosen kielen takaosaan (annostelua voidaan s\u00e4\u00e4dell\u00e4 ruiskulla). Maksimiannostus: 3 tuubia \/ p\u00e4iv\u00e4.<\/p>\n","protected":false},"featured_media":354,"comment_status":"closed","ping_status":"closed","template":"","meta":[],"product_brand":[],"product_cat":[30],"product_tag":[],"class_list":{"0":"post-356","1":"product","2":"type-product","3":"status-publish","4":"has-post-thumbnail","6":"product_cat-taydennysrehut","7":"post","8":"post-with-thumbnail","9":"post-with-thumbnail-large","11":"first","12":"instock","13":"taxable","14":"shipping-taxable","15":"purchasable","16":"product-type-simple"},"_links":{"self":[{"href":"https:\/\/www.suonpaa.net\/index.php?rest_route=\/wp\/v2\/product\/356","targetHints":{"allow":["GET"]}}],"collection":[{"href":"https:\/\/www.suonpaa.net\/index.php?rest_route=\/wp\/v2\/product"}],"about":[{"href":"https:\/\/www.suonpaa.net\/index.php?rest_route=\/wp\/v2\/types\/product"}],"replies":[{"embeddable":true,"href":"https:\/\/www.suonpaa.net\/index.php?rest_route=%2Fwp%2Fv2%2Fcomments&post=356"}],"wp:featuredmedia":[{"embeddable":true,"href":"https:\/\/www.suonpaa.net\/index.php?rest_route=\/wp\/v2\/media\/354"}],"wp:attachment":[{"href":"https:\/\/www.suonpaa.net\/index.php?rest_route=%2Fwp%2Fv2%2Fmedia&parent=356"}],"wp:term":[{"taxonomy":"product_brand","embeddable":true,"href":"https:\/\/www.suonpaa.net\/index.php?rest_route=%2Fwp%2Fv2%2Fproduct_brand&post=356"},{"taxonomy":"product_cat","embeddable":true,"href":"https:\/\/www.suonpaa.net\/index.php?rest_route=%2Fwp%2Fv2%2Fproduct_cat&post=356"},{"taxonomy":"product_tag","embeddable":true,"href":"https:\/\/www.suonpaa.net\/index.php?rest_route=%2Fwp%2Fv2%2Fproduct_tag&post=356"}],"curies":[{"name":"wp","href":"https:\/\/api.w.org\/{rel}","templated":true}]}}