{"id":355,"date":"2016-02-17T14:01:27","date_gmt":"2016-02-17T14:01:27","guid":{"rendered":"http:\/\/suonpaa.net\/wordpress\/?post_type=product&#038;p=355"},"modified":"2016-03-08T17:46:38","modified_gmt":"2016-03-08T15:46:38","slug":"cavalor-freebute","status":"publish","type":"product","link":"https:\/\/www.suonpaa.net\/?product=cavalor-freebute","title":{"rendered":"Cavalor FreeBute"},"content":{"rendered":"<p>Nopea apu j\u00e4nnittyneille\/kipeille lihaksille ja j\u00e4nteille. FreeBute on hieno sekoitus luonnollisia ravintoaineita; se sis\u00e4lt\u00e4\u00e4 yrttej\u00e4 ja kasviuutteita, joilla tiedet\u00e4\u00e4n olevan my\u00f6s tulehdusta poistava vaikutus. FreeButen hevosen suoritusta parantava vaikutus pohjautuu yrtteihin ja flavonoideihin.<\/p>\n<p><strong>K\u00e4ytt\u00f6ohjeet: <\/strong>\u00bd tuubia illalla ennen suoritusta + \u00bd tuubia aamulla ennen suoritusta<br \/>\nMax. 4 tuubia p\u00e4iv\u00e4ss\u00e4.<\/p>\n","protected":false},"excerpt":{"rendered":"<p>Nopea apu j\u00e4nnittyneille\/kipeille lihaksille ja j\u00e4nteille. FreeBute on hieno sekoitus luonnollisia ravintoaineita; se sis\u00e4lt\u00e4\u00e4 yrttej\u00e4 ja kasviuutteita, joilla tiedet\u00e4\u00e4n olevan my\u00f6s tulehdusta poistava vaikutus. FreeButen hevosen suoritusta parantava vaikutus pohjautuu yrtteihin ja flavonoideihin. K\u00e4ytt\u00f6ohjeet: \u00bd tuubia illalla ennen suoritusta + \u00bd tuubia aamulla ennen suoritusta Max. 4 tuubia p\u00e4iv\u00e4ss\u00e4.<\/p>\n","protected":false},"featured_media":354,"comment_status":"open","ping_status":"closed","template":"","meta":[],"product_brand":[],"product_cat":[30],"product_tag":[],"class_list":{"0":"post-355","1":"product","2":"type-product","3":"status-publish","4":"has-post-thumbnail","6":"product_cat-taydennysrehut","7":"post","8":"post-with-thumbnail","9":"post-with-thumbnail-large","11":"first","12":"instock","13":"taxable","14":"shipping-taxable","15":"purchasable","16":"product-type-simple"},"_links":{"self":[{"href":"https:\/\/www.suonpaa.net\/index.php?rest_route=\/wp\/v2\/product\/355","targetHints":{"allow":["GET"]}}],"collection":[{"href":"https:\/\/www.suonpaa.net\/index.php?rest_route=\/wp\/v2\/product"}],"about":[{"href":"https:\/\/www.suonpaa.net\/index.php?rest_route=\/wp\/v2\/types\/product"}],"replies":[{"embeddable":true,"href":"https:\/\/www.suonpaa.net\/index.php?rest_route=%2Fwp%2Fv2%2Fcomments&post=355"}],"wp:featuredmedia":[{"embeddable":true,"href":"https:\/\/www.suonpaa.net\/index.php?rest_route=\/wp\/v2\/media\/354"}],"wp:attachment":[{"href":"https:\/\/www.suonpaa.net\/index.php?rest_route=%2Fwp%2Fv2%2Fmedia&parent=355"}],"wp:term":[{"taxonomy":"product_brand","embeddable":true,"href":"https:\/\/www.suonpaa.net\/index.php?rest_route=%2Fwp%2Fv2%2Fproduct_brand&post=355"},{"taxonomy":"product_cat","embeddable":true,"href":"https:\/\/www.suonpaa.net\/index.php?rest_route=%2Fwp%2Fv2%2Fproduct_cat&post=355"},{"taxonomy":"product_tag","embeddable":true,"href":"https:\/\/www.suonpaa.net\/index.php?rest_route=%2Fwp%2Fv2%2Fproduct_tag&post=355"}],"curies":[{"name":"wp","href":"https:\/\/api.w.org\/{rel}","templated":true}]}}