{"id":8091,"date":"2020-09-28T11:40:12","date_gmt":"2020-09-28T08:40:12","guid":{"rendered":"http:\/\/www.suonpaa.net\/?page_id=8091"},"modified":"2020-10-06T20:14:55","modified_gmt":"2020-10-06T17:14:55","slug":"27-9-2020-vesivehmaa","status":"publish","type":"page","link":"https:\/\/www.suonpaa.net\/?page_id=8091","title":{"rendered":"27.9.2020 Vesivehmaa"},"content":{"rendered":"<p>Seuraluokka, taso 1, \u00a023 km, aika: \u00a0 \u00a0 \u00a0 keskinopeus:<\/p>\n<p>&nbsp;<\/p>\n<p>Aika pitk\u00e4\u00e4n t\u00e4t\u00e4 odotettiin. Olisin v\u00e4h\u00e4n toivonut, ett\u00e4 Tatankan eka kisa olisi ollut jo kev\u00e4\u00e4ll\u00e4, mutta covid-19 ja moni muukin juttu viiv\u00e4stytti aloitusta. \u00a0Yksi syy oli per\u00e4ti se, ett\u00e4 Karia tarvittiin tuomarina. Ja m\u00e4k\u00e4\u00e4n en mielell\u00e4ni ole silloin hommissa, kun Kari kisaa. Parempi huoltaa ja keskitty\u00e4 siihen.<\/p>\n<p>Nyt p\u00e4\u00e4stiin kuitenkin vihdoin ja viimein tosi toimiin. Tosi rauhallisesti sujui valmistautuminen. Tatankalta puuttuu kisojen valmistautumiseen liittyv\u00e4 rutiini ihan siin\u00e4 miss\u00e4 varsinainen kisarutiinikin. N\u00e4in olle sille kaikki on uutta. Tehtiin perusvalmistautumiset. Kari ker\u00e4ili kamat lauantaina ja ihan tosi levollisin mielin odotettiin kisa-aamua. \u00a0Olisi luullut, ett\u00e4 v\u00e4h\u00e4n j\u00e4nnitt\u00e4\u00e4, mutta j\u00e4nnitys puuttui kyll\u00e4 ihan tyystin. Tai toki pient\u00e4 j\u00e4nnityst\u00e4 oli, mutta se ei liittynyt kisaan, vaan kaikkeen muuhun touhuun. \u00a0Sara, joku oli v\u00e4rv\u00e4ytynyt seuraneidoksi taisi olla enemm\u00e4n j\u00e4nnittynyt. Ja syyst\u00e4kin. Ymm\u00e4rr\u00e4n hyvin, ett\u00e4 moni juttu j\u00e4nsk\u00e4tti. Karin j\u00e4nnitt\u00e4m\u00e4tt\u00f6myys sen sijaan v\u00e4h\u00e4n yll\u00e4tti. Olisin odottanut edes pient\u00e4 s\u00e4pin\u00e4\u00e4.<\/p>\n<p>Aamulla saatiin aloitella p\u00e4iv\u00e4\u00e4 vasta kahdeksalta, kun l\u00e4hdettiin tallin suuntaan. Jotain pient\u00e4, kuten juomavesi\u00e4 piti pakkailla viel\u00e4 mukaan ja pieneth\u00e4n nuo pakkaukset olivat, kun kyseess\u00e4 oli v\u00e4h\u00e4n yli 2o km. Kamat nippuun, polle koppiin ja matkaan.<\/p>\n<p>Ihan loistavaa oli, ett\u00e4 kuljetuskin kesti vain tunnin. \u00a0Reissu oli kaikkinensa juuri passeli t\u00e4h\u00e4n saumaan. Tammuli matkusti tyynesti. Kerran pys\u00e4hdyttiin ja nyhdin tuoretta hein\u00e4\u00e4 v\u00e4lipalaksi. Hyvin kelpasi. Porkkanat unohtuivat, joten hultsikalta ostettiin varastot tyhjiksi: yksi baby-porkkanapussi. Saran kanssa viestiteltiin, sill\u00e4 matkustivat v\u00e4h\u00e4n meid\u00e4n per\u00e4ss\u00e4 ja Satu, joka oli pestattu my\u00f6s groomaamaan oli suurin piirtein my\u00f6s samassa aikataulussa. Kerrankin oltiin hyviss\u00e4 ajoin perill\u00e4 ja suurin piirtein kaikki samaan aikaan.<\/p>\n<p>Tatanka otettiin ulos autosta ja Kari l\u00e4hti hoitamaan toimistorutiineja, tai v\u00e4hint\u00e4\u00e4nkin ilmoittamaan, ett\u00e4 oltiin saavutti paikalle. Tatanka oli hivenen ihmeiss\u00e4\u00e4n. Se kurkki ymp\u00e4rilleen, huhuili ja oli kaikkien valkoisten hevosten per\u00e4\u00e4n. Kyll\u00e4h\u00e4n siin\u00e4 pient\u00e4 hermostumista oli ilmoilla ja pari h\u00e4t\u00e4kakkaakin pusasi py\u00f6riess\u00e4\u00e4n, mutta pysyi kuitenkin narun p\u00e4\u00e4ss\u00e4. Heppu kun saapui paikalle, niin ei kiinnostanut yht\u00e4\u00e4n. Tarkkiin mentiin v\u00e4h\u00e4n j\u00e4nnittynein\u00e4 kun pel\u00e4ttiin, ett\u00e4 mit\u00e4 jos syke pompsahtaa. Johanna otti tuoreen tulokkaan kuitenkin tavanomaiseen tapaansa rauhallisesti vastaan, joten ei siin\u00e4 mit\u00e4\u00e4n h\u00e4t\u00e4ilemist\u00e4 ollut. Syke oli 48 ja tarkastus saatiin todella hyvin suoritettua. Mit\u00e4\u00e4n ei tarvinnut ihmetell\u00e4 tai mist\u00e4\u00e4n ei tarvinnut neuvotella. Sen verta ovat vieraatkin ihmiset p\u00e4\u00e4sseet ropaamaan. Kaikki arviointikohteet olivat A ja rennolla mielell\u00e4 p\u00e4\u00e4stiin jatkamaan touhuja.<\/p>\n<p>Tietenkin tamman piti kurkkia kaikkea, mit\u00e4 ymp\u00e4rill\u00e4 tapahtuu ja huonosti keskittyi mihink\u00e4\u00e4n, mutta se nyt oli aika oletettava juttu. Meid\u00e4n tallipihassa kun tapahtuu kuitenkin kohtalaisen v\u00e4h\u00e4n. Omat rutiinit kuitenkin ovat aika vakiot. Puoli tuntia ennen starttia laitettiin hevonen valmiiksi, Satu sit\u00e4 talutteli ja vartti ennen starttia kampesi \u00e4ij\u00e4 selk\u00e4\u00e4n. \u00a0Muutaman potkun\u00e4yt\u00f6ksen typy j\u00e4rjesti. Ja juuri kun oltiin puhuttu, ett\u00e4 tarvitaanko punaista ruusettia. Nooh, olisi tarvittu.<\/p>\n<p>Sijoituttiin Satun kanssa kuvauspaikoille ja kun l\u00e4ht\u00f6 l\u00e4hestyi, niin Kari hivutti l\u00e4ht\u00f6viivan tuntumaan ja ensimm\u00e4isten joukossa l\u00e4hti liikkeelle. Joku siin\u00e4 p\u00e4\u00e4si pujahtamaan ohi ja siit\u00e4 Tatankalla oli vahva mielipide. Pieni pukkisarja, joka ei t\u00e4ll\u00e4 kertaa suonut mit\u00e4\u00e4n lis\u00e4ohjelmanumeroa. Kun typykk\u00e4 sai v\u00e4h\u00e4n ohjaa, niin kaikki oli taas hyvin. Ei se sitten kuitenkaan niin patalaiska taida olla kuin mit\u00e4 ollaan ajateltu. Ehk\u00e4 kilpailupaikalla siit\u00e4 viel\u00e4 kuoriutuu kisatykki. Aika n\u00e4ytt\u00e4\u00e4.<\/p>\n<p>Reitti oli todella hidaskulkuista. Teknist\u00e4, sanan kaikissa merkityksiss\u00e4. J\u00e4lkik\u00e4teen Kari totesi, ett\u00e4 ei ole noin eksoottisilla reiteill\u00e4 ennen ratsastanut ja me nyt kuitenkin ollaan n\u00e4hty aika monenlaista. T\u00e4h\u00e4n tarkoitukseen reitit olivat kuitenkin ihan oivat. V\u00e4h\u00e4n pelk\u00e4sin, ett\u00e4 miten kokematon hevonen askeleensa asettelee, mutta Kari totesi, ett\u00e4 oli tosi hyvin tasapainossa ja varmajalkainen. Eka huolto oli v\u00e4h\u00e4n ennen kymppi\u00e4 ja v\u00e4h\u00e4n alle tuntiin siihen tulivat. Aika samaa vauhtia kuin nopeampien luokkien hevosetkin. \u00a0Tatanka oli tietenkin kuumissaan. Juoma maistui ja herkut. Se on mukava huollettava. Vett\u00e4 valeltiin p\u00e4\u00e4lle, mittailtiin sykett\u00e4 ja matka jatkui. Sykevy\u00f6t\u00e4 ei saatu toimimaan, joten oli pakko tyyty\u00e4 k\u00e4simittaukseen.<\/p>\n<p>Kiersiv\u00e4t pikkulenkin toistamiseen. Nyt oli hevonen jo oikeastaan vaahdossa. Keli oli l\u00e4mmin ja hiostava ja Kari totesi, ett\u00e4 yht\u00e4\u00e4n lujempaa ei voisi mill\u00e4\u00e4n hevosella menn\u00e4. \u00a0Ja se piti ihan paikkansa, sill\u00e4 pitkien matkojen ratsukot eteniv\u00e4t aika lailla samaa vauhtia. Viilennettiin ja juotettiin ja meilt\u00e4 loppui sek\u00e4 juoma ett\u00e4 viilennyspullot. En saanut sykett\u00e4, joten Kari jalkautui, mutta ei h\u00e4n itse sit\u00e4 sen paremmin saanut. Mielest\u00e4ni tulivat turhan reippaasti. Viitisen minuuttia siin\u00e4 huollettiin ja tuslattiin ja sitten jatkoivat matkaa. Sara ei suostunut sanomaan, mik\u00e4 oli vointi, mutta h\u00e4n oli huolissaan seisottamisesta, ettei Heppu j\u00e4ykistyisi.<\/p>\n<p>Ei ehditty pitk\u00e4\u00e4n maalialueella vanheta, kun alkoivat l\u00e4hesty\u00e4 maalia. Maltillisesti olivat tulleet. \u00a0Nopeasti peittoa pepulle, vett\u00e4 kaulalle ja palauttelemaan. Heppu oli valmis minuutissa ja me passailtiin viisi. \u00a0Sitten l\u00e4hdettiin hiipim\u00e4\u00e4n tarkastukseen. \u00a0V\u00e4h\u00e4n aikaa saatiin vartoa. Buffit naamalle ja keh\u00e4\u00e4n. Syke 48. \u00a0Juoksutus meni hienosti. Kaikki arvioitavat kohteet A. Se oli siin\u00e4. Matkakisadebyytti. Nyt meill\u00e4 on taas uusi matkahevonen taloudessa.<\/p>\n<p>J\u00e4in viel\u00e4 auttamaan Saran tarkastuksessa. \u00a0Heppu ei liikkunut parhaalla mahdollisella tavalla, mutta kaikki sill\u00e4kin taisi ihopoimua lukuunottamatta olla A:ta. Ja Sarakin oli silm\u00e4m\u00e4\u00e4r\u00e4isesti kunnossa. \u00a0Eli voidaan sanoa reissua onnistuneeksi. Palkinnoiksi saatiin \u00e4mp\u00e4rit joissa oli muutama porkkana ja omena. Tatanka nappaili palkkiot jo ennen kuin seremoniat olivat ohi. Kamat pistettiin nippuun, Satu talutteli hevosta. Se asteli taas ykk\u00f6sell\u00e4 sis\u00e4\u00e4n ja oltiin valmiita kotimatkaan. Illalla kisapitzaa ja t\u00e4ss\u00e4 kisaraportti. \u00a0Siit\u00e4 on aikaa, kun t\u00e4ll\u00e4 tavalla on juhlisteltu 23 km:n j\u00e4lkeen. Mutta niinkuin muutama paikalla ollut tuttu totesi, niin jos oli kiva n\u00e4hd\u00e4 meid\u00e4t taas omalla kokoonpanolla kisapaikalla, niin olihan se kiva siell\u00e4 olla. Aika paljon helpompaa olla kisaajana kuin toimihenkil\u00f6n\u00e4 tai valmentajana. Ja aika paljon helpompaa olla omalla kalustolla kuin lainah\u00f6yheniss\u00e4.<\/p>\n<p>&nbsp;<\/p>\n","protected":false},"excerpt":{"rendered":"<p>Seuraluokka, taso 1, \u00a023 km, aika: \u00a0 \u00a0 \u00a0 keskinopeus: &nbsp; Aika pitk\u00e4\u00e4n t\u00e4t\u00e4 odotettiin. Olisin v\u00e4h\u00e4n toivonut, ett\u00e4 Tatankan eka kisa olisi ollut jo kev\u00e4\u00e4ll\u00e4, mutta covid-19 ja moni muukin juttu viiv\u00e4stytti aloitusta. \u00a0Yksi syy oli per\u00e4ti se, ett\u00e4 Karia tarvittiin tuomarina. Ja m\u00e4k\u00e4\u00e4n en mielell\u00e4ni ole silloin hommissa, kun Kari kisaa. Parempi huoltaa [&hellip;]<\/p>\n","protected":false},"author":3,"featured_media":0,"parent":8089,"menu_order":0,"comment_status":"closed","ping_status":"closed","template":"templates\/template-full.php","meta":{"footnotes":""},"class_list":["post-8091","page","type-page","status-publish","hentry","post"],"_links":{"self":[{"href":"https:\/\/www.suonpaa.net\/index.php?rest_route=\/wp\/v2\/pages\/8091","targetHints":{"allow":["GET"]}}],"collection":[{"href":"https:\/\/www.suonpaa.net\/index.php?rest_route=\/wp\/v2\/pages"}],"about":[{"href":"https:\/\/www.suonpaa.net\/index.php?rest_route=\/wp\/v2\/types\/page"}],"author":[{"embeddable":true,"href":"https:\/\/www.suonpaa.net\/index.php?rest_route=\/wp\/v2\/users\/3"}],"replies":[{"embeddable":true,"href":"https:\/\/www.suonpaa.net\/index.php?rest_route=%2Fwp%2Fv2%2Fcomments&post=8091"}],"version-history":[{"count":11,"href":"https:\/\/www.suonpaa.net\/index.php?rest_route=\/wp\/v2\/pages\/8091\/revisions"}],"predecessor-version":[{"id":8130,"href":"https:\/\/www.suonpaa.net\/index.php?rest_route=\/wp\/v2\/pages\/8091\/revisions\/8130"}],"up":[{"embeddable":true,"href":"https:\/\/www.suonpaa.net\/index.php?rest_route=\/wp\/v2\/pages\/8089"}],"wp:attachment":[{"href":"https:\/\/www.suonpaa.net\/index.php?rest_route=%2Fwp%2Fv2%2Fmedia&parent=8091"}],"curies":[{"name":"wp","href":"https:\/\/api.w.org\/{rel}","templated":true}]}}