{"id":7977,"date":"2020-05-16T09:38:59","date_gmt":"2020-05-16T06:38:59","guid":{"rendered":"http:\/\/www.suonpaa.net\/?page_id=7977"},"modified":"2020-05-17T16:35:06","modified_gmt":"2020-05-17T13:35:06","slug":"soronoo","status":"publish","type":"page","link":"https:\/\/www.suonpaa.net\/?page_id=7977","title":{"rendered":"Soronoo"},"content":{"rendered":"<div id=\"pl-7977\"  class=\"panel-layout\" ><div id=\"pg-7977-0\"  class=\"panel-grid panel-no-style\" ><div id=\"pgc-7977-0-0\"  class=\"panel-grid-cell\" ><div id=\"panel-7977-0-0-0\" class=\"so-panel widget widget_metaslider_widget panel-first-child panel-last-child\" data-index=\"0\" ><div id=\"metaslider-id-7986\" style=\"max-width: 1080px;\" class=\"ml-slider-3-108-0 ml-slider-pro-2-56-0 metaslider metaslider-flex metaslider-7986 ml-slider ms-theme-default nav-hidden\" role=\"region\" aria-label=\"Soro\" data-height=\"375\" data-width=\"1080\">\n    <div id=\"metaslider_container_7986\">\n        <div id=\"metaslider_7986\">\n            <ul class='slides'>\n                <li style=\"display: block; width: 100%;\" class=\"slide-8171 ms-image \" aria-roledescription=\"slide\" data-date=\"2021-01-21 11:02:24\" data-filename=\"soro001.jpg\" data-slide-type=\"image\"><img loading=\"lazy\" decoding=\"async\" width=\"1024\" height=\"1024\" src=\"https:\/\/www.suonpaa.net\/wp-content\/uploads\/2021\/01\/soro001.jpg\" class=\"slider-7986 slide-8171 msDefaultImage\" alt=\"\" rel=\"\" title=\"soro001\" srcset=\"https:\/\/www.suonpaa.net\/wp-content\/uploads\/2021\/01\/soro001.jpg 1024w, https:\/\/www.suonpaa.net\/wp-content\/uploads\/2021\/01\/soro001-375x375.jpg 375w, https:\/\/www.suonpaa.net\/wp-content\/uploads\/2021\/01\/soro001-150x150.jpg 150w, https:\/\/www.suonpaa.net\/wp-content\/uploads\/2021\/01\/soro001-300x300.jpg 300w, https:\/\/www.suonpaa.net\/wp-content\/uploads\/2021\/01\/soro001-600x600.jpg 600w, https:\/\/www.suonpaa.net\/wp-content\/uploads\/2021\/01\/soro001-100x100.jpg 100w\" sizes=\"auto, (max-width: 1024px) 100vw, 1024px\" \/><\/li>\n                <li style=\"display: none; width: 100%;\" class=\"slide-8173 ms-image \" aria-roledescription=\"slide\" data-date=\"2021-01-21 11:08:54\" data-filename=\"soro004.jpg\" data-slide-type=\"image\"><img loading=\"lazy\" decoding=\"async\" width=\"1024\" height=\"1024\" src=\"https:\/\/www.suonpaa.net\/wp-content\/uploads\/2021\/01\/soro004.jpg\" class=\"slider-7986 slide-8173 msDefaultImage\" alt=\"\" rel=\"\" title=\"soro004\" srcset=\"https:\/\/www.suonpaa.net\/wp-content\/uploads\/2021\/01\/soro004.jpg 1024w, https:\/\/www.suonpaa.net\/wp-content\/uploads\/2021\/01\/soro004-375x375.jpg 375w, https:\/\/www.suonpaa.net\/wp-content\/uploads\/2021\/01\/soro004-150x150.jpg 150w, https:\/\/www.suonpaa.net\/wp-content\/uploads\/2021\/01\/soro004-300x300.jpg 300w, https:\/\/www.suonpaa.net\/wp-content\/uploads\/2021\/01\/soro004-600x600.jpg 600w, https:\/\/www.suonpaa.net\/wp-content\/uploads\/2021\/01\/soro004-100x100.jpg 100w\" sizes=\"auto, (max-width: 1024px) 100vw, 1024px\" \/><\/li>\n                <li style=\"display: none; width: 100%;\" class=\"slide-7987 ms-image \" aria-roledescription=\"slide\" data-date=\"2020-05-16 10:02:54\" data-filename=\"soro002.jpg\" data-slide-type=\"image\"><img loading=\"lazy\" decoding=\"async\" width=\"1024\" height=\"1024\" src=\"https:\/\/www.suonpaa.net\/wp-content\/uploads\/2021\/01\/soro002.jpg\" class=\"slider-7986 slide-7987 msDefaultImage\" alt=\"\" rel=\"\" title=\"soro002\" srcset=\"https:\/\/www.suonpaa.net\/wp-content\/uploads\/2021\/01\/soro002.jpg 1024w, https:\/\/www.suonpaa.net\/wp-content\/uploads\/2021\/01\/soro002-375x375.jpg 375w, https:\/\/www.suonpaa.net\/wp-content\/uploads\/2021\/01\/soro002-150x150.jpg 150w, https:\/\/www.suonpaa.net\/wp-content\/uploads\/2021\/01\/soro002-300x300.jpg 300w, https:\/\/www.suonpaa.net\/wp-content\/uploads\/2021\/01\/soro002-600x600.jpg 600w, https:\/\/www.suonpaa.net\/wp-content\/uploads\/2021\/01\/soro002-100x100.jpg 100w\" sizes=\"auto, (max-width: 1024px) 100vw, 1024px\" \/><\/li>\n                <li style=\"display: none; width: 100%;\" class=\"slide-8023 ms-image \" aria-roledescription=\"slide\" data-date=\"2020-05-17 14:36:41\" data-filename=\"soroheidi.jpeg\" data-slide-type=\"image\"><img loading=\"lazy\" decoding=\"async\" width=\"1024\" height=\"1024\" src=\"https:\/\/www.suonpaa.net\/wp-content\/uploads\/2020\/05\/soroheidi.jpeg\" class=\"slider-7986 slide-8023 msDefaultImage\" alt=\"\" rel=\"\" title=\"\" srcset=\"https:\/\/www.suonpaa.net\/wp-content\/uploads\/2020\/05\/soroheidi.jpeg 1024w, https:\/\/www.suonpaa.net\/wp-content\/uploads\/2020\/05\/soroheidi-375x375.jpeg 375w, https:\/\/www.suonpaa.net\/wp-content\/uploads\/2020\/05\/soroheidi-150x150.jpeg 150w, https:\/\/www.suonpaa.net\/wp-content\/uploads\/2020\/05\/soroheidi-300x300.jpeg 300w, https:\/\/www.suonpaa.net\/wp-content\/uploads\/2020\/05\/soroheidi-600x600.jpeg 600w, https:\/\/www.suonpaa.net\/wp-content\/uploads\/2020\/05\/soroheidi-100x100.jpeg 100w\" sizes=\"auto, (max-width: 1024px) 100vw, 1024px\" \/><\/li>\n                <li style=\"display: none; width: 100%;\" class=\"slide-8170 ms-image \" aria-roledescription=\"slide\" data-date=\"2021-01-21 11:02:12\" data-filename=\"soro003.jpg\" data-slide-type=\"image\"><img loading=\"lazy\" decoding=\"async\" width=\"1024\" height=\"1024\" src=\"https:\/\/www.suonpaa.net\/wp-content\/uploads\/2021\/01\/soro003.jpg\" class=\"slider-7986 slide-8170 msDefaultImage\" alt=\"\" rel=\"\" title=\"soro003\" srcset=\"https:\/\/www.suonpaa.net\/wp-content\/uploads\/2021\/01\/soro003.jpg 1024w, https:\/\/www.suonpaa.net\/wp-content\/uploads\/2021\/01\/soro003-375x375.jpg 375w, https:\/\/www.suonpaa.net\/wp-content\/uploads\/2021\/01\/soro003-150x150.jpg 150w, https:\/\/www.suonpaa.net\/wp-content\/uploads\/2021\/01\/soro003-300x300.jpg 300w, https:\/\/www.suonpaa.net\/wp-content\/uploads\/2021\/01\/soro003-600x600.jpg 600w, https:\/\/www.suonpaa.net\/wp-content\/uploads\/2021\/01\/soro003-100x100.jpg 100w\" sizes=\"auto, (max-width: 1024px) 100vw, 1024px\" \/><\/li>\n            <\/ul>\n        <\/div>\n        \n    <\/div>\n<\/div><\/div><\/div><div id=\"pgc-7977-0-1\"  class=\"panel-grid-cell\" ><div id=\"panel-7977-0-1-0\" class=\"so-panel widget widget_sow-editor panel-first-child panel-last-child\" data-index=\"1\" ><div\n\t\t\t\n\t\t\tclass=\"so-widget-sow-editor so-widget-sow-editor-base\"\n\t\t\t\n\t\t>\n<div class=\"siteorigin-widget-tinymce textwidget\">\n\t<table style=\"border: 2px solid #000000;\" width=\"500\">\n<tbody>\n<tr align=\"center\">\n<td style=\"border: 2px solid #000000; text-align: center; vertical-align: middle;\" rowspan=\"4\"><b>Turon Loppi<\/b><\/td>\n<td style=\"border: 2px solid #000000; text-align: center; vertical-align: middle;\" rowspan=\"2\"><b>Turo<\/b><\/td>\n<td style=\"border: 2px solid #000000; text-align: center; vertical-align: middle;\"><b>Suikku<\/b><\/td>\n<\/tr>\n<tr>\n<td style=\"border: 2px solid #000000; text-align: center; vertical-align: middle;\"><b>Marine<\/b><\/td>\n<\/tr>\n<tr>\n<td style=\"border: 2px solid #000000; text-align: center; vertical-align: middle;\" rowspan=\"2\"><b>Paavin-Sepe<\/b><\/td>\n<td style=\"border: 2px solid #000000; text-align: center; vertical-align: middle;\"><b>Hovi-Paavi<\/b><\/td>\n<\/tr>\n<tr>\n<td style=\"border: 2px solid #000000; text-align: center; vertical-align: middle;\"><b>Rimutar<\/b><\/td>\n<\/tr>\n<tr>\n<td style=\"border: 2px solid #000000; text-align: center; vertical-align: middle;\" rowspan=\"4\"><b>Hissun Roosa<\/b><\/td>\n<td style=\"border: 2px solid #000000; text-align: center; vertical-align: middle;\" rowspan=\"2\"><b>K.K. K\u00f6ssi<\/b><\/td>\n<td style=\"border: 2px solid #000000; text-align: center; vertical-align: middle;\"><b>Vokker<\/b><\/td>\n<\/tr>\n<tr>\n<td style=\"border: 2px solid #000000; text-align: center; vertical-align: middle;\"><b>Ilo-Pilleri<\/b><\/td>\n<\/tr>\n<tr>\n<td style=\"border: 2px solid #000000; text-align: center; vertical-align: middle;\" rowspan=\"2\"><b>Rentukas<\/b><\/td>\n<td style=\"border: 2px solid #000000; text-align: center; vertical-align: middle;\"><b>Vesku<\/b><\/td>\n<\/tr>\n<tr>\n<td style=\"border: 2px solid #000000; text-align: center; vertical-align: middle;\"><b>Hillotar<\/b><\/td>\n<\/tr>\n<\/tbody>\n<\/table>\n<p>20.5.2012<br \/>\nSuomenhevonen 246001S00122218<br \/>\nS\u00e4k\u00e4 n. 160cm<\/p>\n<\/div>\n<\/div><\/div><\/div><\/div><div id=\"pg-7977-1\"  class=\"panel-grid panel-no-style\" ><div id=\"pgc-7977-1-0\"  class=\"panel-grid-cell\" ><div id=\"panel-7977-1-0-0\" class=\"so-panel widget widget_sow-editor panel-first-child panel-last-child\" data-index=\"2\" ><div\n\t\t\t\n\t\t\tclass=\"so-widget-sow-editor so-widget-sow-editor-base\"\n\t\t\t\n\t\t>\n<div class=\"siteorigin-widget-tinymce textwidget\">\n\t<p>Jokaisessa hevostaloudessa pit\u00e4isi olla ainakin yksi suomenhevonen. Hopon j\u00e4lkeen suruty\u00f6 otti aikansa ja ehti vier\u00e4ht\u00e4\u00e4\u00e4 3 v 6 kk ennen kuin meid\u00e4n el\u00e4m\u00e4\u00e4mme asteli uusi punarautias l\u00e4sip\u00e4\u00e4. Vuoden etsimisen j\u00e4lkeen ei sopivaa vaan tuntunut l\u00f6ytyv\u00e4n, mutta Soronoo tulikin eteen ihan sattumalta ja muutaman mutkan kautta. T\u00e4ss\u00e4 vaiheessa ei ole ihan tarkkaa tietoa, mit\u00e4 sit\u00e4 tuli ostettua, mutta usko on vahva ett\u00e4 t\u00e4ss\u00e4 tulee k\u00e4ym\u00e4\u00e4n ihan hyvin.<\/p>\n<\/div>\n<\/div><\/div><\/div><\/div><\/div>","protected":false},"excerpt":{"rendered":"<p>Turon Loppi Turo Suikku Marine Paavin-Sepe Hovi-Paavi Rimutar Hissun Roosa K.K. K\u00f6ssi Vokker Ilo-Pilleri Rentukas Vesku Hillotar 20.5.2012 Suomenhevonen 246001S00122218 S\u00e4k\u00e4 n. 160cm Jokaisessa hevostaloudessa pit\u00e4isi olla ainakin yksi suomenhevonen. Hopon j\u00e4lkeen suruty\u00f6 otti aikansa ja ehti vier\u00e4ht\u00e4\u00e4\u00e4 3 v 6 kk ennen kuin meid\u00e4n el\u00e4m\u00e4\u00e4mme asteli uusi punarautias l\u00e4sip\u00e4\u00e4. Vuoden etsimisen j\u00e4lkeen ei sopivaa [&hellip;]<\/p>\n","protected":false},"author":3,"featured_media":0,"parent":7,"menu_order":0,"comment_status":"closed","ping_status":"closed","template":"templates\/template-full.php","meta":{"footnotes":""},"class_list":["post-7977","page","type-page","status-publish","hentry","post"],"_links":{"self":[{"href":"https:\/\/www.suonpaa.net\/index.php?rest_route=\/wp\/v2\/pages\/7977","targetHints":{"allow":["GET"]}}],"collection":[{"href":"https:\/\/www.suonpaa.net\/index.php?rest_route=\/wp\/v2\/pages"}],"about":[{"href":"https:\/\/www.suonpaa.net\/index.php?rest_route=\/wp\/v2\/types\/page"}],"author":[{"embeddable":true,"href":"https:\/\/www.suonpaa.net\/index.php?rest_route=\/wp\/v2\/users\/3"}],"replies":[{"embeddable":true,"href":"https:\/\/www.suonpaa.net\/index.php?rest_route=%2Fwp%2Fv2%2Fcomments&post=7977"}],"version-history":[{"count":12,"href":"https:\/\/www.suonpaa.net\/index.php?rest_route=\/wp\/v2\/pages\/7977\/revisions"}],"predecessor-version":[{"id":8025,"href":"https:\/\/www.suonpaa.net\/index.php?rest_route=\/wp\/v2\/pages\/7977\/revisions\/8025"}],"up":[{"embeddable":true,"href":"https:\/\/www.suonpaa.net\/index.php?rest_route=\/wp\/v2\/pages\/7"}],"wp:attachment":[{"href":"https:\/\/www.suonpaa.net\/index.php?rest_route=%2Fwp%2Fv2%2Fmedia&parent=7977"}],"curies":[{"name":"wp","href":"https:\/\/api.w.org\/{rel}","templated":true}]}}