{"id":7007,"date":"2020-02-21T16:50:46","date_gmt":"2020-02-21T14:50:46","guid":{"rendered":"http:\/\/www.suonpaa.net\/?page_id=7007"},"modified":"2021-02-25T11:47:33","modified_gmt":"2021-02-25T09:47:33","slug":"tien-paalla-2020","status":"publish","type":"page","link":"https:\/\/www.suonpaa.net\/?page_id=7007","title":{"rendered":"Tien P\u00e4\u00e4ll\u00e4 2020"},"content":{"rendered":"<p><strong>11.-15.3.20 Riemuratsukoiden junnuleiri, Levi<\/strong><\/p>\n<p>&nbsp;<\/p>\n<p><strong>29.02.-1.3.20 Taikay\u00f6n ratsastajien alkeiskurssi ja kisat<\/strong><\/p>\n<p>M\u00e4 tykk\u00e4\u00e4n jotenkin tosi paljon py\u00f6ritt\u00e4\u00e4 alkeiskursseja. Siell\u00e4 on innostus on niin aitoa ja aistittavissa. Kun kyseess\u00e4 on uusi seura, niin olivat saaneet tosi hyvin seuran aktiiveja ja muutakin v\u00e4ke\u00e4 kurssille mukaan. \u00a0Porukat olivat innokkaina mukana. Kuuntelivat intensiivisesti, esittiv\u00e4t kysymyksi\u00e4 seurasivat videoita ja hypisteliv\u00e4t varusteita. Tarjoilut olivat mallillaan, vaikka v\u00e4h\u00e4n tunnelmaa pilasi se, ett\u00e4 joku tyyppi saapui vaa&#8217;an kanssa paikalle ja suoritti viikkomittauksen!! \u00a0P\u00e4iv\u00e4 meni taas kuin siivin ja pitsaakin saatiin, niin homma ei voisi paremmin menn\u00e4!<\/p>\n<p>On ihan hyv\u00e4 idea j\u00e4rk\u00e4t\u00e4 kurssi ja kisat per\u00e4kk\u00e4isin\u00e4 p\u00e4ivin\u00e4, vaikka siin\u00e4 on oma vaivansa. Voisivathan ne olla vaikka viikon tai kahden p\u00e4\u00e4ss\u00e4 toisistaan, mutta vaatisi sitten multakin pari reissua. Vaikka ajomatka ei ole kohtuuton, niin kiva on my\u00f6s y\u00f6py\u00e4 kohteessa ja samalla vaihtaa kuulumisia.<\/p>\n<p>Kisat meniv\u00e4t siististi. Ei mit\u00e4\u00e4n suuria kommelluksia. Tairatin tapahtumissa on mukava olla mukana. Ei aiheuta suurta stressi\u00e4 ja alkuvalmistelut on aina hyvin tehty.<\/p>\n<p>&nbsp;<\/p>\n<p><strong>08.02.20 Toimihenkil\u00f6koulutus, Hyvink\u00e4\u00e4<\/strong><\/p>\n<p>Olen aika innostunut siit\u00e4, ett\u00e4 olen saanut alkaa pit\u00e4\u00e4 n\u00e4it\u00e4 toimihenkil\u00f6koulutuksia. Hyvink\u00e4\u00e4 on mulle suunnattoman n\u00e4pp\u00e4r\u00e4 paikka niit\u00e4 j\u00e4rjest\u00e4\u00e4. Saan hoidettua aamutallin ja iltatallin samalla reissulla. \u00a0T\u00e4ll\u00e4 kertaa mukana oli tosi paljon TaiRatin v\u00e4ke\u00e4, sill\u00e4 seura luonnollisesti haluaa olla omavarainen. Komitea oli j\u00e4rjest\u00e4nyt tilan ja muut peruskuviot ja niiden suhteen sattuikin pieni k\u00f6mm\u00e4hdys. Enne olleet ymm\u00e4rt\u00e4neet, ett\u00e4 ilmainen kokoustila edellytti ruokailun Teboililla. K\u00e4vimme muualla sy\u00f6m\u00e4ss\u00e4 ja siit\u00e4 syyst\u00e4 tilavuorasta tulikin polemiikkia ja ik\u00e4v\u00e4 kyll\u00e4 maksettavaa j\u00e4i jokunen satanen. \u00a0T\u00e4st\u00e4 syyst\u00e4 into k\u00e4ytt\u00e4\u00e4 kyseist\u00e4 kokoustilaa jatkossa laski. J\u00e4timme rahaa lafkaan kuitenkin ihan kiitett\u00e4v\u00e4sti, m\u00e4 jopa tankkasin siell\u00e4. Noh, ensi kerralla olemme viisaampia.<\/p>\n<p>Homma eteni tavanomaisen kaavan mukaan. Ennakkoteht\u00e4vien purkua, yleisen osan tulkintaa, toimihenkil\u00f6iden rooleja, lajis\u00e4\u00e4nt\u00f6jen tulkintaa ja erilaiset caset. Keskustelua, n\u00e4kemyksi ja kokemuksia. \u00a0My\u00f6s kouluttajana sit\u00e4 saa aina v\u00e4h\u00e4n uutta n\u00e4k\u00f6kulmaa, tutustuu ihmisiin ja kehitt\u00e4\u00e4 lajia.<\/p>\n<p>&nbsp;<\/p>\n<p><strong>18.-19.1.20 Matkaratsastuksen alkeiskurssi, Chevalin, Tuusula<\/strong><\/p>\n<p>Chevalin on ehk\u00e4 hienoin paikka, miss\u00e4 olen kurssia pit\u00e4nyt. Tallitupakin niin hieno ja hyvin varusteltu, ett\u00e4 siell\u00e4 voisi vaikka asua. Ja tarjoilut taas mainiot. Oli sovittu tiivis l\u00e4pileikkaus lajin saloihin, varusteiden esittely\u00e4 ja toisena p\u00e4iv\u00e4n\u00e4 sitten istuntaa ihan hevosten kera. Istunta tuntui vaikealta, vaikka soviteltiin matkasatuloita oikeastaan jokaiseen selk\u00e4\u00e4n. \u00a0Hauskat kaksi p\u00e4iv\u00e4\u00e4 ja toivottavasti lajituntemus lis\u00e4\u00e4ntyi ja saataisiin joskus uutta porukkaa kisoihin mukaan. Joku heist\u00e4 oli ollut muulia huoltamassa ja sit\u00e4 kautta kisoissa piipahtanut.<\/p>\n<p>Porukka oli innostunutta ja mulle tietenkin loistava juttu, ett\u00e4 kotoa kohteeseen ei ollut kuin vajaa 10 km. Hommaa k\u00e4ytiin l\u00e4pi ja keskustelu oli vilkasta. \u00a0Porukat selv\u00e4sti maastoilevat paljon, mutta homma on enemm\u00e4n sellaista vaeltelua. \u00a0Saivat tavoitteeksi, ett\u00e4 8 km:n lenkki, jota kiert\u00e4v\u00e4t pit\u00e4isi menn\u00e4 tuntiin ja sitten pit\u00e4isi etsi\u00e4 10 km lenkki ja alkaa treenata sen menemist\u00e4 kymppiin. Sitten voisi alkaa mietti\u00e4 kisakuvioita.<\/p>\n<p>Aika usein on niin, ett\u00e4 matkakursseille tulee ns. vaellushenkist\u00e4 porukkaa ja pit\u00e4v\u00e4t jo 10km\/h keskinopeutta aika kovana. Olen t\u00e4t\u00e4 yleens\u00e4kin pohdiskellut, ett\u00e4 k\u00e4yntivauhti silloin t\u00e4ytyy olla todella hidas ja se olisi varmastikin eka asia jota pit\u00e4\u00e4 l\u00e4hte\u00e4 kehitt\u00e4m\u00e4\u00e4n.<\/p>\n<p>&nbsp;<\/p>\n<p><strong>11.-12.01.20 Riemuratsukoiden junnuleiri J\u00e4ms\u00e4nkoskella<\/strong><\/p>\n","protected":false},"excerpt":{"rendered":"<p>11.-15.3.20 Riemuratsukoiden junnuleiri, Levi &nbsp; 29.02.-1.3.20 Taikay\u00f6n ratsastajien alkeiskurssi ja kisat M\u00e4 tykk\u00e4\u00e4n jotenkin tosi paljon py\u00f6ritt\u00e4\u00e4 alkeiskursseja. Siell\u00e4 on innostus on niin aitoa ja aistittavissa. Kun kyseess\u00e4 on uusi seura, niin olivat saaneet tosi hyvin seuran aktiiveja ja muutakin v\u00e4ke\u00e4 kurssille mukaan. \u00a0Porukat olivat innokkaina mukana. Kuuntelivat intensiivisesti, esittiv\u00e4t kysymyksi\u00e4 seurasivat videoita ja hypisteliv\u00e4t [&hellip;]<\/p>\n","protected":false},"author":3,"featured_media":0,"parent":0,"menu_order":0,"comment_status":"closed","ping_status":"closed","template":"templates\/template-full.php","meta":{"footnotes":""},"class_list":["post-7007","page","type-page","status-publish","hentry","post"],"_links":{"self":[{"href":"https:\/\/www.suonpaa.net\/index.php?rest_route=\/wp\/v2\/pages\/7007","targetHints":{"allow":["GET"]}}],"collection":[{"href":"https:\/\/www.suonpaa.net\/index.php?rest_route=\/wp\/v2\/pages"}],"about":[{"href":"https:\/\/www.suonpaa.net\/index.php?rest_route=\/wp\/v2\/types\/page"}],"author":[{"embeddable":true,"href":"https:\/\/www.suonpaa.net\/index.php?rest_route=\/wp\/v2\/users\/3"}],"replies":[{"embeddable":true,"href":"https:\/\/www.suonpaa.net\/index.php?rest_route=%2Fwp%2Fv2%2Fcomments&post=7007"}],"version-history":[{"count":6,"href":"https:\/\/www.suonpaa.net\/index.php?rest_route=\/wp\/v2\/pages\/7007\/revisions"}],"predecessor-version":[{"id":8205,"href":"https:\/\/www.suonpaa.net\/index.php?rest_route=\/wp\/v2\/pages\/7007\/revisions\/8205"}],"wp:attachment":[{"href":"https:\/\/www.suonpaa.net\/index.php?rest_route=%2Fwp%2Fv2%2Fmedia&parent=7007"}],"curies":[{"name":"wp","href":"https:\/\/api.w.org\/{rel}","templated":true}]}}