{"id":7,"date":"2016-02-16T05:31:17","date_gmt":"2016-02-16T05:31:17","guid":{"rendered":"http:\/\/suonpaa.net\/wordpress\/?page_id=7"},"modified":"2021-01-21T11:18:01","modified_gmt":"2021-01-21T09:18:01","slug":"hevoset","status":"publish","type":"page","link":"https:\/\/www.suonpaa.net\/?page_id=7","title":{"rendered":"Hevoset"},"content":{"rendered":"<div id=\"pl-7\"  class=\"panel-layout\" ><div id=\"pg-7-0\"  class=\"panel-grid panel-no-style\" ><div id=\"pgc-7-0-0\"  class=\"panel-grid-cell\" ><div id=\"panel-7-0-0-0\" class=\"so-panel widget widget_sow-image panel-first-child\" data-index=\"0\" ><div\n\t\t\t\n\t\t\tclass=\"so-widget-sow-image so-widget-sow-image-default-dbf295114b96-7\"\n\t\t\t\n\t\t>\n<div class=\"sow-image-container\">\n\t\t\t<a href=\"https:\/\/www.suonpaa.net\/?page_id=318\"\n\t\t\t\t\t>\n\t\t\t<img \n\tsrc=\"https:\/\/www.suonpaa.net\/wp-content\/uploads\/2016\/02\/hopo.jpg\" width=\"375\" height=\"375\" srcset=\"https:\/\/www.suonpaa.net\/wp-content\/uploads\/2016\/02\/hopo.jpg 375w, https:\/\/www.suonpaa.net\/wp-content\/uploads\/2016\/02\/hopo-150x150.jpg 150w, https:\/\/www.suonpaa.net\/wp-content\/uploads\/2016\/02\/hopo-300x300.jpg 300w, https:\/\/www.suonpaa.net\/wp-content\/uploads\/2016\/02\/hopo-180x180.jpg 180w\" sizes=\"(max-width: 375px) 100vw, 375px\" alt=\"\" \t\tclass=\"so-widget-image\"\/>\n\t\t\t<\/a><\/div>\n\n<\/div><\/div><div id=\"panel-7-0-0-1\" class=\"so-panel widget widget_sow-editor panel-last-child\" data-index=\"1\" ><div\n\t\t\t\n\t\t\tclass=\"so-widget-sow-editor so-widget-sow-editor-base\"\n\t\t\t\n\t\t><h3 class=\"widget-title\">Hopo - Im memoriam<\/h3>\n<div class=\"siteorigin-widget-tinymce textwidget\">\n\t<p class=\"widget-title\"><i>\u201dYks\u2019 on juoksulle jalompi, toinen raisu rahkehille\u201d<br \/> <span style=\"font-size: xx-small;\">Kalevala, 3.runo<\/span><\/i><\/p>\n<\/div>\n<\/div><\/div><\/div><div id=\"pgc-7-0-1\"  class=\"panel-grid-cell\" ><div id=\"panel-7-0-1-0\" class=\"so-panel widget widget_sow-image panel-first-child\" data-index=\"2\" ><div\n\t\t\t\n\t\t\tclass=\"so-widget-sow-image so-widget-sow-image-default-dbf295114b96-7\"\n\t\t\t\n\t\t>\n<div class=\"sow-image-container\">\n\t\t\t<a href=\"https:\/\/www.suonpaa.net\/?page_id=320\"\n\t\t\t\t\t>\n\t\t\t<img \n\tsrc=\"https:\/\/www.suonpaa.net\/wp-content\/uploads\/2016\/02\/sella.jpg\" width=\"375\" height=\"375\" srcset=\"https:\/\/www.suonpaa.net\/wp-content\/uploads\/2016\/02\/sella.jpg 375w, https:\/\/www.suonpaa.net\/wp-content\/uploads\/2016\/02\/sella-150x150.jpg 150w, https:\/\/www.suonpaa.net\/wp-content\/uploads\/2016\/02\/sella-300x300.jpg 300w, https:\/\/www.suonpaa.net\/wp-content\/uploads\/2016\/02\/sella-180x180.jpg 180w\" sizes=\"(max-width: 375px) 100vw, 375px\" alt=\"\" \t\tclass=\"so-widget-image\"\/>\n\t\t\t<\/a><\/div>\n\n<\/div><\/div><div id=\"panel-7-0-1-1\" class=\"so-panel widget widget_sow-editor panel-last-child\" data-index=\"3\" ><div\n\t\t\t\n\t\t\tclass=\"so-widget-sow-editor so-widget-sow-editor-base\"\n\t\t\t\n\t\t><h3 class=\"widget-title\">Seljanka<\/h3>\n<div class=\"siteorigin-widget-tinymce textwidget\">\n\t<p class=\"widget-title\"><i>Kun Jumala loi hevosen, H\u00e4n puhutteli etel\u00e4tuulta ja sanoi: \"Luon sinusta el\u00e4imen. Tiivisty!\" Niin etel\u00e4tuuli tiivistyi ja Jumala loi siit\u00e4 tummanrautiaan el\u00e4imen. \"Min\u00e4 annan sinulle nimeksi hevonen ja teen sinusta arabialaisen.\"<br \/> <span style=\"font-size: xx-small;\">Beduiinien legenda<\/span><\/i><\/p>\n<\/div>\n<\/div><\/div><\/div><div id=\"pgc-7-0-2\"  class=\"panel-grid-cell\" ><div id=\"panel-7-0-2-0\" class=\"so-panel widget widget_sow-image panel-first-child\" data-index=\"4\" ><div\n\t\t\t\n\t\t\tclass=\"so-widget-sow-image so-widget-sow-image-default-dbf295114b96-7\"\n\t\t\t\n\t\t>\n<div class=\"sow-image-container\">\n\t\t\t<a href=\"https:\/\/www.suonpaa.net\/?page_id=323\"\n\t\t\t\t\t>\n\t\t\t<img \n\tsrc=\"https:\/\/www.suonpaa.net\/wp-content\/uploads\/2016\/02\/urho.jpg\" width=\"375\" height=\"375\" srcset=\"https:\/\/www.suonpaa.net\/wp-content\/uploads\/2016\/02\/urho.jpg 375w, https:\/\/www.suonpaa.net\/wp-content\/uploads\/2016\/02\/urho-150x150.jpg 150w, https:\/\/www.suonpaa.net\/wp-content\/uploads\/2016\/02\/urho-300x300.jpg 300w, https:\/\/www.suonpaa.net\/wp-content\/uploads\/2016\/02\/urho-180x180.jpg 180w\" sizes=\"(max-width: 375px) 100vw, 375px\" alt=\"\" \t\tclass=\"so-widget-image\"\/>\n\t\t\t<\/a><\/div>\n\n<\/div><\/div><div id=\"panel-7-0-2-1\" class=\"so-panel widget widget_sow-editor panel-last-child\" data-index=\"5\" ><div\n\t\t\t\n\t\t\tclass=\"so-widget-sow-editor so-widget-sow-editor-base\"\n\t\t\t\n\t\t><h3 class=\"widget-title\">Princzis SE ox - Im memoriam<\/h3>\n<div class=\"siteorigin-widget-tinymce textwidget\">\n\t<p class=\"widget-title\"><i>\"Hevonen, sin\u00e4 olet totisesti luontokappale vailla vertaa, sill\u00e4 sin\u00e4 lenn\u00e4t ilman siipi\u00e4 ja voitat ilman miekkaa.\"<br \/>\n<span style=\"font-size: xx-small;\">Koraani<\/span><\/i><\/p>\n<\/div>\n<\/div><\/div><\/div><div id=\"pgc-7-0-3\"  class=\"panel-grid-cell\" ><div id=\"panel-7-0-3-0\" class=\"so-panel widget widget_sow-image panel-first-child\" data-index=\"6\" ><div\n\t\t\t\n\t\t\tclass=\"so-widget-sow-image so-widget-sow-image-default-dbf295114b96-7\"\n\t\t\t\n\t\t>\n<div class=\"sow-image-container\">\n\t\t\t<a href=\"https:\/\/www.suonpaa.net\/?page_id=325\"\n\t\t\t\t\t>\n\t\t\t<img \n\tsrc=\"https:\/\/www.suonpaa.net\/wp-content\/uploads\/2016\/03\/tallaslider05.jpg\" width=\"375\" height=\"375\" srcset=\"https:\/\/www.suonpaa.net\/wp-content\/uploads\/2016\/03\/tallaslider05.jpg 375w, https:\/\/www.suonpaa.net\/wp-content\/uploads\/2016\/03\/tallaslider05-150x150.jpg 150w, https:\/\/www.suonpaa.net\/wp-content\/uploads\/2016\/03\/tallaslider05-300x300.jpg 300w, https:\/\/www.suonpaa.net\/wp-content\/uploads\/2016\/03\/tallaslider05-180x180.jpg 180w\" sizes=\"(max-width: 375px) 100vw, 375px\" alt=\"\" \t\tclass=\"so-widget-image\"\/>\n\t\t\t<\/a><\/div>\n\n<\/div><\/div><div id=\"panel-7-0-3-1\" class=\"so-panel widget widget_sow-editor panel-last-child\" data-index=\"7\" ><div\n\t\t\t\n\t\t\tclass=\"so-widget-sow-editor so-widget-sow-editor-base\"\n\t\t\t\n\t\t><h3 class=\"widget-title\">Tatanka S<\/h3>\n<div class=\"siteorigin-widget-tinymce textwidget\">\n\t<p class=\"widget-title\"><i>\"Minun aarteeni eiv\u00e4t kilise eiv\u00e4tk\u00e4 kimalla - mutta ne hohtavat auringossa ja hirnahtavat y\u00f6ss\u00e4.\"<br \/>\n<span style=\"font-size: xx-small;\">Arabialainen sananlasku<br \/>\n<\/span><\/i><\/p>\n<\/div>\n<\/div><\/div><\/div><div id=\"pgc-7-0-4\"  class=\"panel-grid-cell\" ><div id=\"panel-7-0-4-0\" class=\"so-panel widget widget_sow-image panel-first-child\" data-index=\"8\" ><div\n\t\t\t\n\t\t\tclass=\"so-widget-sow-image so-widget-sow-image-default-dbf295114b96-7\"\n\t\t\t\n\t\t>\n<div class=\"sow-image-container\">\n\t\t\t<a href=\"https:\/\/www.suonpaa.net\/?page_id=7977\"\n\t\t\t\t\t>\n\t\t\t<img \n\tsrc=\"https:\/\/www.suonpaa.net\/wp-content\/uploads\/2021\/01\/soro001.jpg\" width=\"1024\" height=\"1024\" srcset=\"https:\/\/www.suonpaa.net\/wp-content\/uploads\/2021\/01\/soro001.jpg 1024w, https:\/\/www.suonpaa.net\/wp-content\/uploads\/2021\/01\/soro001-375x375.jpg 375w, https:\/\/www.suonpaa.net\/wp-content\/uploads\/2021\/01\/soro001-150x150.jpg 150w, https:\/\/www.suonpaa.net\/wp-content\/uploads\/2021\/01\/soro001-300x300.jpg 300w, https:\/\/www.suonpaa.net\/wp-content\/uploads\/2021\/01\/soro001-600x600.jpg 600w, https:\/\/www.suonpaa.net\/wp-content\/uploads\/2021\/01\/soro001-100x100.jpg 100w\" sizes=\"(max-width: 1024px) 100vw, 1024px\" alt=\"\" \t\tclass=\"so-widget-image\"\/>\n\t\t\t<\/a><\/div>\n\n<\/div><\/div><div id=\"panel-7-0-4-1\" class=\"so-panel widget widget_sow-editor panel-last-child\" data-index=\"9\" ><div\n\t\t\t\n\t\t\tclass=\"so-widget-sow-editor so-widget-sow-editor-base\"\n\t\t\t\n\t\t><h3 class=\"widget-title\">Soronoo<\/h3>\n<div class=\"siteorigin-widget-tinymce textwidget\">\n\t<p><em>\"Sin\u00e4 olet p\u00e4\u00e4, min\u00e4 olen jalat. Min\u00e4 olen p\u00e4\u00e4, sin\u00e4 olet jalat. Min\u00e4 vien sinua. Sin\u00e4 viet minua. Oli miten oli, t\u00e4n\u00e4 y\u00f6n\u00e4 kaviomme kopajavat iloisesti, silm\u00e4mme n\u00e4kev\u00e4t maan.\"<\/em><br \/>\n<span style=\"font-size: xx-small;\">Pentti Saarikoski<\/span><\/p>\n<\/div>\n<\/div><\/div><\/div><\/div><\/div>","protected":false},"excerpt":{"rendered":"<p>\u201dYks\u2019 on juoksulle jalompi, toinen raisu rahkehille\u201d Kalevala, 3.runo Kun Jumala loi hevosen, H\u00e4n puhutteli etel\u00e4tuulta ja sanoi: &#8221;Luon sinusta el\u00e4imen. Tiivisty!&#8221; Niin etel\u00e4tuuli tiivistyi ja Jumala loi siit\u00e4 tummanrautiaan el\u00e4imen. &#8221;Min\u00e4 annan sinulle nimeksi hevonen ja teen sinusta arabialaisen.&#8221; Beduiinien legenda &#8221;Hevonen, sin\u00e4 olet totisesti luontokappale vailla vertaa, sill\u00e4 sin\u00e4 lenn\u00e4t ilman siipi\u00e4 ja [&hellip;]<\/p>\n","protected":false},"author":3,"featured_media":0,"parent":0,"menu_order":2,"comment_status":"closed","ping_status":"closed","template":"home-panels.php","meta":{"footnotes":""},"class_list":["post-7","page","type-page","status-publish","hentry","post"],"_links":{"self":[{"href":"https:\/\/www.suonpaa.net\/index.php?rest_route=\/wp\/v2\/pages\/7","targetHints":{"allow":["GET"]}}],"collection":[{"href":"https:\/\/www.suonpaa.net\/index.php?rest_route=\/wp\/v2\/pages"}],"about":[{"href":"https:\/\/www.suonpaa.net\/index.php?rest_route=\/wp\/v2\/types\/page"}],"author":[{"embeddable":true,"href":"https:\/\/www.suonpaa.net\/index.php?rest_route=\/wp\/v2\/users\/3"}],"replies":[{"embeddable":true,"href":"https:\/\/www.suonpaa.net\/index.php?rest_route=%2Fwp%2Fv2%2Fcomments&post=7"}],"version-history":[{"count":61,"href":"https:\/\/www.suonpaa.net\/index.php?rest_route=\/wp\/v2\/pages\/7\/revisions"}],"predecessor-version":[{"id":8181,"href":"https:\/\/www.suonpaa.net\/index.php?rest_route=\/wp\/v2\/pages\/7\/revisions\/8181"}],"wp:attachment":[{"href":"https:\/\/www.suonpaa.net\/index.php?rest_route=%2Fwp%2Fv2%2Fmedia&parent=7"}],"curies":[{"name":"wp","href":"https:\/\/api.w.org\/{rel}","templated":true}]}}