{"id":688,"date":"2016-02-29T17:17:49","date_gmt":"2016-02-29T15:17:49","guid":{"rendered":"http:\/\/suonpaa.net\/wordpress\/?page_id=688"},"modified":"2016-03-08T08:52:06","modified_gmt":"2016-03-08T06:52:06","slug":"kisat-2006","status":"publish","type":"page","link":"https:\/\/www.suonpaa.net\/?page_id=688","title":{"rendered":"Kisat 2006"},"content":{"rendered":"<div id=\"pl-688\"  class=\"panel-layout\" ><div id=\"pg-688-0\"  class=\"panel-grid panel-no-style\" ><div id=\"pgc-688-0-0\"  class=\"panel-grid-cell\" ><div id=\"panel-688-0-0-0\" class=\"so-panel widget widget_sow-editor panel-first-child panel-last-child\" data-index=\"0\" ><div\n\t\t\t\n\t\t\tclass=\"so-widget-sow-editor so-widget-sow-editor-base\"\n\t\t\t\n\t\t>\n<div class=\"siteorigin-widget-tinymce textwidget\">\n\t<p><b>14.10.06, Espoo 15km (18km) syke 56<\/b><br \/> <i>L\u00e4ht\u00f6lista 15km<\/i><\/p>\n<p> 18. Marjut Toivanen \u2013 Rani (sh, ruuna, 11v, Raino \u2013 Resona \u2013 Resori)<br \/> 19. Riitta Ariluoma \u2013 T.M.Piirto (sh, ruuna, 15v, Hilto \u2013 Pimaska \u2013Jaska)<br \/> 20. Tiina Vesterinen SuMaRa \u2013 Kiikun-Ajatus (sh, ruuna, 18v, Suikku \u2013 Aivastus \u2013 V.T. Ajatus)<br \/> <span style=\"color: red;\">21. Kari K\u00e4rkk\u00e4inen SuMaRa \u2013 Hopo (sh, ruuna, 15v, J\u00e4\u00e4vin-Poika \u2013 Narina \u2013 Vieteri)<\/span><br \/> 22. Sanna Auvinen \u2013 Lady Glazika ox (tamma, 16v, Glaz SE ox \u2013 Klassika SE ox \u2013 Mamluk SU ox)<br \/> 23. Elisa K\u00e4k\u00f6nen K-hr \u2013 Heijari-Poika (sh, ruuna, -87, T\u00e4htip\u00f6ly \u2013 Siron-Sisko \u2013 H\u00e4t\u00e4vara)<br \/> 24. Meri Hillberg SuMaRa \u2013 Vihurika (sh, tamma, -97, El Vihuri \u2013 Ulrika \u2013 Jonne)<br \/> 25. Sanna-Maija Hahto SuMaRa \u2013 Dianna ox (tamma, -02, Colorado II ox DE \u2013 Dixy ox PL)<br \/> 26. Mirja Kupari \u2013 Birta (islanninhevonen, tamma, -93)<br \/> 27. Salka Viertokangas SIHY \u2013 Tanjan-T\u00e4hti (sh, tamma, -91, Hilun-Pisko \u2013 Tanjaana \u2013 Vieteri)<br \/> 28. Suvi Rask SuMaRa \u2013Amiral Knick (lv, ruuna, -91, Demilo Hanover \u2013 Maria Vip \u2013 V.I.P.)<br \/> 29. Minna Salomaa KrG \u2013 Hutcape\u2019s Boy (lv, ruuna , -91)<br \/> 30. Johanna Koivunen \u2013 Br\u00e1 fr\u00e1 Laekjarbakka (islanninhevonen, tamma)<br \/> 31. Jorma Forsvik \u2013 Strauss (pv, -94)<br \/> 32. Elina Kuusela M\u00e4nRa \u2013 Charlotte (tamma, -90)<br \/> 33. Tarja Nordman SIHY \u2013 Smyrill fr\u00e1 Fager\u00e4ng (islanninhevonen, ruuna, -93)<\/p>\n<p> <i>Tulokset:<br \/> (Ratsastaja Hevonen Seura L\u00e4ht\u00f6aika Tuloaika Sykeaika Ratsastusaika)<\/i><\/p>\n<p> Marjut Toivanen - Rani 11:30 13:33 13:51 2h03min 8,78km\/h<br \/> Riitta Ariluoma - T.M.Piirto 11:30 13:33 13:51 2h03min 8,78km\/h<br \/> Tiina Vesterinen - Kiikun-Ajatus SuMaRa 11:30 13:33 13:46 2h03min 8,78km\/h<br \/> Sanna Auvinen - Lady Glazika ox 11:30 13:36 13:49 2h06min 8,57km\/h<br \/> Elisa K\u00e4k\u00f6nen - Heijari-Poika K-Hr 11:30 13:47 13:59 2h17min *7,89km\/h<br \/> Sanna-Maija Hahto - Dianna ox SuMaRa 11:30 13:47 13:56 2h17min 7,89km\/h <br \/> Mirja Kupari - Birta 11:30 13:33 13:42 2h03min 8,78km\/h <br \/> Salka Viertokangas - Tanjan T\u00e4hti SIHY 11:30 13:40 13:58 2h10min 8,29km\/h<br \/> Suvi Rask - Amiral Knick SuMaRa 11:30 13:36 13:49 2h06min 8,57km\/h <br \/> Johanna Koivunen - Br\u00e1 fr\u00e1 Laekjabrakka 11:30 13:59 2h28min *7,29km\/h <br \/> Jorma Forsvik - Strauss 11:30 13:33 13:48 2h03min 8,78km\/h <br \/> Elina Kuusela - Charlotte M\u00e4nRa 11:30 13:40 13:58 2h10min 8,29km\/h<br \/> Tarja Nordman - Smyrill fr\u00e1 Fager\u00e4ng SIHY 11:30 13:59 2h28min *7,29km\/h<br \/> <span style=\"color: red;\">Kari K\u00e4rkk\u00e4inen - Hopo SuMaRa hyl (Syke 58) 11:30 13:36 13:55 2h06min 8,57km\/h<\/span><br \/> Meri Hillberg - Vihurika hyl <br \/> * Reitti oli osittain sateen pehment\u00e4m\u00e4, joten hyv\u00e4ksytyn suorituksen sai my\u00f6s enimm\u00e4isajan ylitt\u00e4nyt\/minimi keskinopeuden alittanut ratsukko <\/p>\n<p> <b>Perjantaina 13.10.06<\/b> k\u00e4yn jo p\u00e4iv\u00e4ll\u00e4 pakkailemassa kamoja kasaan. Kotona on pohdittu lista tavaroista, jotka otetaan mukaan. Ly\u00f6n tavarat kasaan ja illalla Kari k\u00e4y nostamassa ne kyytiin. Jarko tulee kotiin y\u00f6ksi, sill\u00e4 h\u00e4net on my\u00f6s v\u00e4rv\u00e4tty huoltojoukkoihin. Pauliina ilmoittaa, ett\u00e4 tulevat katsomaan ja t\u00e4m\u00e4 ly\u00f6 Karille v\u00e4h\u00e4n lis\u00e4\u00e4 painetta. <\/p>\n<p> <b>Lauantaina 14.10.06<\/b> her\u00e4tys komppaniassa kello kuusi. Alan keitell\u00e4 puuroa ja tsekataan listasta, ett\u00e4 kaikki tarvittava on mukana. Perhosia v\u00e4h\u00e4n vatsanpohjassa ja kisap\u00e4iv\u00e4 on alkanut. Pikkaisen olemme my\u00f6h\u00e4ss\u00e4 jo kotoa l\u00e4htiess\u00e4, mutta aikataulu on v\u00e4lj\u00e4, joten se ei aiheuta kriisi\u00e4. Auto on t\u00e4ydess\u00e4 ja lastissa ja viimeisen\u00e4 kyytiin tulevat ev\u00e4\u00e4t kisaajalle, sek\u00e4 huoltojoukolle. <\/p>\n<p> Puoli kahdeksalta olimme tallilla jo hommailemassa. Siin\u00e4 sitten herra H harjattiin ja suojitettiin, miehet hakivat heini\u00e4 ja kannettiin vikat kamat autoon. Sitten ei muuta kuin hevonen k\u00e4rryyn ja ykk\u00f6sell\u00e4 yl\u00f6s. Kivaahan sinne ei sen mielest\u00e4 ole menn\u00e4, mutta ruunan t\u00e4ytyy tehd\u00e4, mit\u00e4 sen t\u00e4ytyy tehd\u00e4. Varovasti l\u00e4hdemme etenem\u00e4\u00e4n kohti Espoon Marketanpuistoa. <\/p>\n<p> Ajomatkalla Kari oli jo kovin kire\u00e4n\u00e4. Matka sujui nopeasti, vaikka liikennett\u00e4 olikin yll\u00e4tt\u00e4v\u00e4t paljon. Kisapaikka l\u00f6ytyi vanhasta muistista. Olimme mestoilla hyviss\u00e4 ajoin puoli kymmenelt\u00e4. Kari paineli heti kisatoimistoon selvitt\u00e4m\u00e4\u00e4n papereita. T\u00e4ll\u00e4 kertaa kaikki oli kunnossa ja aloimme purkaa Hopoa ulos k\u00e4rryst\u00e4. Se tuli n\u00e4tisti ulos, kun oli jo v\u00e4h\u00e4n koputellutkin, ett\u00e4 ovi open. <\/p>\n<p> Hopolainen oli hermostunut. Kisapaikalla oli liikaa h\u00e4ss\u00e4kk\u00e4\u00e4 ja oma hermostuneisuutemme tuplaantui tietenkin taas hevosessa. Vaikka koitin talutella sit\u00e4 pitkin piha-aluetta ja annoin sen maistella pihanurmea, niin siltik\u00e4\u00e4n mik\u00e4\u00e4n ei ollut hyvin ja kaikkea piti h\u00f6ristell\u00e4 ja uhitella. Kari tiuski ja min\u00e4 en tietenk\u00e4\u00e4n osannut tehd\u00e4 mit\u00e4\u00e4n oikein. Jarko vanhasta tottumuksesta pysyi taka-alalla. Jouduin jo v\u00e4h\u00e4n sanomaan, ett\u00e4 jos ei kiukkuaminen lopu, niin l\u00e4hden kotiin ja saa herra hoitaa koko touhun itsekseen. Eli t\u00e4m\u00e4 normaali tarina. Omalle eukolle kun on niin helppo kiukuta. Jos huoltaja olisi joku muu, niin varmaankaan ei tarvitsisi kiukkua ja kyyneleit\u00e4 nieleskell\u00e4. <\/p>\n<p> Hyviss\u00e4 ajoin Hopo p\u00e4\u00e4si kuitenkin rusetti h\u00e4nn\u00e4ss\u00e4 l\u00e4\u00e4k\u00e4rintarkastukseen. Mit\u00e4\u00e4n huomautettavaa ei ollut, ainoastaan l\u00e4\u00e4k\u00e4ri kyseli sukua, kun Hopo oli muutaman pitk\u00e4n raviaskeleensa ottanut. Lainamittarilla (Hektalta) mitattu aamul\u00e4mp\u00f6 oli 38 astetta ja kisapaikalla mitattu syke 48. L\u00e4\u00e4k\u00e4rintarkastuksen j\u00e4lkeen harjasimme, satuloimme ja suitsimme py\u00f6riv\u00e4n otuksen ja Kari hypp\u00e4si selk\u00e4\u00e4n l\u00e4mmittelem\u00e4\u00e4n. Min\u00e4 ja Jarko menimme autoon salaa kaakaolle. Siin\u00e4 h\u00e4ss\u00e4k\u00e4ss\u00e4 Pauliina porukoineen ilmaantui kisapaikalle ja yll\u00e4tti meid\u00e4t keksin muruset rinnuksilla. L\u00e4hdimme porukalla katsomaan starttia, olin aika j\u00e4nnittynyt. <\/p>\n<p> 18km luokassa oli todellinen kuhina, kun l\u00e4htij\u00f6it\u00e4 oli viivalla 16 ratsukkoa. Suunnitelmamme mukaan Hopon piti p\u00e4\u00e4st\u00e4 alussa k\u00e4rkeen, ettei alkaisi rettel\u00f6id\u00e4. Sen mit\u00e4 n\u00e4in, niin p\u00e4\u00e4siv\u00e4t kuuden ekan joukkoon, eli aika keskivaiheille ja pahaan puristukseen. Tiesimme, ett\u00e4 alkup\u00e4tk\u00e4 on yht\u00e4 kuravelli\u00e4 ja kapealle polulle ei todellakaan ole tilaa kuin yhdelle hevoselle kerrallaan. Joten ongelmia oli tiedossa. Hopo kun ei sied\u00e4, ett\u00e4 se ohitetaan ja se ei todellakaan anna kenellek\u00e4\u00e4n tilaa. <\/p>\n<p> Kun startti oli ohi, saapuivat paikalle my\u00f6s Anneli ja Jenna karvaisine kavereineen. Tutkailimme hetken karttoja ja p\u00e4\u00e4timme l\u00e4hte\u00e4 reitin varteen p\u00e4lyilem\u00e4\u00e4n touhua. Reittikarttoja meill\u00e4 oli enemm\u00e4nkin, kun haimme niit\u00e4 huoltotarkoituksiin. P\u00e4\u00e4timme menn\u00e4 molemmille huoltopisteille. Ensimm\u00e4iselle oli matkaa n. 5km ja siit\u00e4 seuraavalle taas n. 5km. Arvioitu aikataulu oli, ett\u00e4 ekaan pisteeseen Hopo ja Kari tulevat alle puolen tunnin ja seraavalle pisteelle mielell\u00e4\u00e4n alle tunnin. Sitten olisi ollut hyv\u00e4 rullata tyhj\u00e4k\u00e4ynnill\u00e4 loppureitti. <\/p>\n<p> Samaan aikaan maastossa Karilla oli oletettuja vaikeuksia. Ujona poikana ei uskaltanut pit\u00e4\u00e4 paikkaansa k\u00e4rkijoukossa, vaan kun takaa joku huuteli toistuvasti, ett\u00e4 p\u00e4\u00e4st\u00e4 ohi ja mene sivuun, niin Kari ohjasi Hopon sivutielle ja p\u00e4\u00e4sti koko l\u00f6ssin ohi. Hopo oli tehnyt selv\u00e4ksi, ett\u00e4 sen h\u00e4nn\u00e4ss\u00e4 ei vieraat hevoset roiku. Kun muut painelivat ohi, niin Hopo oli tarjonnut Karille pienet rodeot, ennen kuin oli uskonut, ett\u00e4 n\u00e4in se nyt vaan on, ett\u00e4 muut menev\u00e4t ja h\u00e4n ei. <\/p>\n<p> Kun ekalla taukopaikalla n\u00e4htiin, niin aikaa oli kulunut tuhottomasti. Meid\u00e4n suunnitelmat kun olivat sellaiset, ett\u00e4 alku lujaa ja loppu hiljakseen. Kari kulki sellaisen letkan per\u00e4ss\u00e4, jossa ekan pit\u00e4ess\u00e4 kakkataukoa koko jono pys\u00e4htyi. K\u00e4vin sihahtamassa, ett\u00e4 porukasta t\u00e4ytyisi p\u00e4\u00e4st\u00e4 eroon, sill\u00e4 aikaa oli kulunut jo kolme varttia ja matkaa taitettu viitisen kilsaa. Siit\u00e4 l\u00e4htiess\u00e4 Kari p\u00e4\u00e4sikin isoimman porukan ohi ja Hopo alkoi rauhoittua, vaikka olikin jo alkuj\u00e4nnityksess\u00e4 vet\u00e4nyt itsens\u00e4 aivan vaahtohikeen. <\/p>\n<p> Ly\u00f6tt\u00e4ytyiv\u00e4t yhden l\u00e4mpp\u00e4rin ja arabin kyytiin ja siin\u00e4 olikin hyv\u00e4 menn\u00e4. Seuraavan p\u00e4tk\u00e4n vetiv\u00e4t huomattavasti reippaammin, mutta noin puolenv\u00e4lin huoltopisteell\u00e4 eroa k\u00e4rkijoukkoon oli melkein puoli tuntia. K\u00e4rki meni sit\u00e4 vautia, joka oli kotona arvioitu my\u00f6s Hopon vauhdiksi. Hopo ja Kari olivat t\u00e4ss\u00e4 kohtaa k\u00e4ytt\u00e4neet aikaa tunnin ja vartin. <\/p>\n<p> Viel\u00e4 katsottiin kartasta yksi ylim\u00e4\u00e4r\u00e4inen tarkkailupiste n. 5km ennen maalia. K\u00e4rkiryhm\u00e4 oli jo ohittanut paikan, kun sinne ehdimme. Karin ja Hopon kolmikko oli taas lis\u00e4nnyt reippaasti vauhtia. Hopo n\u00e4ytti hyv\u00e4voimaiselta ja ihan innokkaalta menem\u00e4\u00e4n. Pahasti oli vaan selv\u00e4\u00e4, ett\u00e4 eiv\u00e4t juurikaan ehdi loppumatkaa k\u00e4velem\u00e4\u00e4n, vaikka taktiikan piti olla sellainen, ett\u00e4 vikat 3 km menn\u00e4\u00e4n k\u00e4ynti\u00e4. Maksimiaikaan oli varaa en\u00e4\u00e4 45 minuuttia. Koitin Karille sanoa, ett\u00e4 eiv\u00e4t ehdi riitt\u00e4v\u00e4sti j\u00e4\u00e4hdytell\u00e4. Kisakumppani alkoi kinata kanssani, ett\u00e4 kyyyyll\u00e4 he ehtiv\u00e4t. Varmaan kuumaverisell\u00e4 ehtiikin, mutta Hopolainen kylm\u00e4n\u00e4 poikana tarvitsisi pienen rauhoittumisen loppukilometreill\u00e4, muuten isopy\u00f6r\u00e4 jauhaa viel\u00e4 pitk\u00e4\u00e4n. Jatkoivat reippaasti matkaa eteenp\u00e4in ja me suuntasimme kilpailukeskukseen. <\/p>\n<p> Maalipaikalle otimme sykemittarin, pyyhkeit\u00e4, riimun ja riimunarun, sek\u00e4 erilaisia juomaseoksia mukaan. Tarkoitus oli hoitaa j\u00e4\u00e4hdyttely traikulla ja tehd\u00e4 maalialueella vain nopeat alkuty\u00f6t. V\u00e4h\u00e4n yli kahteen tuntiin tulivat maaliin luokan k\u00e4rkiporukka rauhallisesti k\u00e4ynti\u00e4. Kaikessa rauhassa tutkailin kelloa, kun kaksi minuuttia my\u00f6hemmin kaahottavat maaliin l\u00e4mpp\u00e4ri, arabi ja Hopo. Siin\u00e4 kohtaa oli jo aika selv\u00e4\u00e4, ett\u00e4 syke ei ehdi laskea. Olivat ottaneet k\u00e4rkiporukkaa aivan mielett\u00f6m\u00e4sti kiinni vikoilla kilometreill\u00e4, vaikka piti k\u00e4vell\u00e4. Aikaa j\u00e4i viel\u00e4 vajaa kymmenen minuuttia k\u00e4ytt\u00e4m\u00e4tt\u00e4, joten syyt\u00e4 kaahottaa ei olisi v\u00e4ltt\u00e4m\u00e4tt\u00e4 ollut. <\/p>\n<p> Jarko raukka ravasi parkkipaikan ja kisakeskuksen v\u00e4li\u00e4, kun aina jotain oli unohtunut ja satulakin piti saada sateen suojaan. Min\u00e4 ja Kari valelimme vett\u00e4 Hopon p\u00e4\u00e4lle ja samalla suurimmat hiet ja kurat saatiin pois.Syke laski todella nopeasti aluksi ja hetken olin toiveikas, ett\u00e4 ehk\u00e4 se laskeekin ihan niin kuin kotona. Tulosyke oli 99 ja hetken nurmea mutusteltuaan Hopo oli sen pudottanut jo 70 iskuun. Siihen se sitten j\u00e4m\u00e4hti pitk\u00e4ksi aikaa ja kun 19 minuuttia oli kulunut, syke oli n. 60 ja sahasi siin\u00e4 v\u00e4h\u00e4n yli, v\u00e4h\u00e4n ali. Kari otti kiukkuisesti mittarin irti. Sitten meniv\u00e4t sykemittaukseen. Siin\u00e4 oli viel\u00e4 pieni mahdollisuus, kun el\u00e4inl\u00e4\u00e4k\u00e4rill\u00e4 oli jonoa. Tilanne oli kuitenkin meille kaikille niin j\u00e4nnitt\u00e4v\u00e4 ja ymp\u00e4rill\u00e4 sellainen h\u00e4ss\u00e4kk\u00e4, ett\u00e4 syke ei vaan laskenut riitt\u00e4v\u00e4sti. Mittauksessa piti kuopia ja huiskia v\u00e4h\u00e4n takasellakin, joten pinna oli ukolla kire\u00e4ll\u00e4. Lopullinen mittaus sai tulokseksi 58. Niin l\u00e4hell\u00e4, mutta kuitenkin karvan verran yli (sallittu syke 56). Varsinkin, kun yliaikaakin ehti kulua. Reitti oli ollut j\u00e4rkytt\u00e4v\u00e4n raskas ja ei tosiaankaan mit\u00e4\u00e4n sunnuntaik\u00f6p\u00f6ttely\u00e4. Urku auki olisi pit\u00e4nyt olla kuskilla kanttia menn\u00e4 hiihtoputkista ja kapeista silloista yli ja ali ja painaa liejuisilla poluilla ja hautakivin\u00e4yttelyn lomitse ilman pienint\u00e4k\u00e4\u00e4n ep\u00e4ilyst\u00e4 omista tai hevosen valmiuksista. Loppu oli tultu liian kovaa ja tilanne maalialueella Hopolle liian stressaava. Alussa ei olisi pit\u00e4nyt antaa yht\u00e4\u00e4n muille eteen ja olisi vaan r\u00f6yhke\u00e4sti t\u00e4ytynyt pit\u00e4\u00e4 oma paikka. Rusetti h\u00e4nn\u00e4ss\u00e4 kertoo takana tulevalle sen, ett\u00e4 Hopon h\u00e4nt\u00e4\u00e4n ei parane tulla nuohoamaan ja sen j\u00e4lkeen homma on aika pitk\u00e4lti takana olevan omalla vastuulla. <\/p>\n<p> V\u00e4h\u00e4n apeana vein Hopoa takaisin traikun suuntaan. Jarko kantoi kamoja ja Kari meni vessaan. Kannustusjoukot l\u00e4htiv\u00e4t koteihinsa ja aloimme laittaa Hopoa kuljetusvalmiiksi. Sit\u00e4 ennen se sai ihanan litkun, jossa oli melassisiirappia, pilkottua porkkanaa. lesett\u00e4 ja ripaus kauraa. Hyvin maistui. Hopo oli hyv\u00e4voimainen ja meni reippaasti k\u00e4rryyn mutustamaan hein\u00e4\u00e4. Ly\u00f6tiin kamat kasaan ja l\u00e4hdettiin kotiin suunnittelemaan seuraavia kisoja. Kunhan saav\u00e4t t\u00e4m\u00e4n aloitusluokan l\u00e4pi, niin pidemmill\u00e4 matkoilla on v\u00e4ljemp\u00e4\u00e4, joten ei tule noin \u00e4lytt\u00f6mi\u00e4 massal\u00e4ht\u00f6j\u00e4, kuin t\u00e4m\u00e4 oli. Nyt t\u00e4ytyy vaan totuttaa sit\u00e4 tuohon h\u00e4ss\u00e4kk\u00e4\u00e4n ja opetella itse olemaan rauhallinen. <\/p>\n<p> Hopo p\u00e4\u00e4si suihkuun omalla tallilla ja oli edelleen v\u00e4h\u00e4n hermostuneen oloinen. Huolellinen pesu, kuivaus ja loimi p\u00e4\u00e4lle. Sitten omaan boksiin ison hein\u00e4kasan kanssa. Kun paria tuntia my\u00f6hemmin k\u00e4vimme ottamassa loimet ja pyyhkeet pois, se oli taas oma itsens\u00e4. Rauhallinen m\u00f6llistelij\u00e4. Onneksi se ei itse ollut ollenkaan pettynyt vaan tyytyv\u00e4inen siihen, ett\u00e4 p\u00e4iv\u00e4 oli ollut toimintaa t\u00e4ynn\u00e4 ja hein\u00e4\u00e4 oli tarjoiltu runsaasti. <\/p>\n<p> Seuraavana p\u00e4iv\u00e4n\u00e4 ratsastaja oli ihan poikki ja analysoimme kisaa raivokkaasti. Teimme suunnitelmia tulevien koitosten varalle ja konsultoimme Pauliinaa meit\u00e4 askarruttavissa asioissa. Pauliina oli vakaasti sit\u00e4 mielt\u00e4, ett\u00e4 kunto on kova, mutta hermoissa viel\u00e4 petrattavaa. Aamup\u00e4iv\u00e4ll\u00e4 menimme Hopoa moikkaamaan. Sill\u00e4 oli jaloissa ihan aavistuksen verran nestett\u00e4, mutta puolentoista tunnin k\u00e4velyn j\u00e4lkeen nivelet olivat kuivat. Aluksi askel oli v\u00e4h\u00e4n ter\u00e4v\u00e4 ja lyhyt, mutta hetken k\u00e4velty\u00e4\u00e4n askel venyi ja rentoutui. Ennen liikutusta Kari venytteli jalat ja ennen venyttely\u00e4 min\u00e4 olin hieronut kotona Karin jalat. Jos Hopolla on paikat yht\u00e4 jumissa, kuin is\u00e4nn\u00e4ll\u00e4, niin voi sit\u00e4 raukkaa. <\/p>\n<p> Toinen p\u00e4iv\u00e4 kisan j\u00e4lkeen Hopo vaikuttaa jo t\u00e4ysin palautuneelta. Sen sijaan \u00e4ij\u00e4 on kankea kuin hein\u00e4seivas. Karilla on nilkat turvoksissa ja riisuminen sek\u00e4 pukeminen aiheuttaa kovaa \u00e4hin\u00e4\u00e4. Taitaakin olla niin, ett\u00e4 ennen seuraavia kisoja t\u00e4ytyy Karin treenata kovasti ja Hopo saa ottaa rennommin. Kisasta j\u00e4i kuitenkin kokonaisuudessaan hyv\u00e4 mieli. Tuskin kenell\u00e4k\u00e4\u00e4n muulla kisaajalla on niin v\u00e4h\u00e4ist\u00e4 kokemusta taustalla, kuin Karilla ja tuskin kell\u00e4\u00e4n oli my\u00f6sk\u00e4\u00e4n niin vihre\u00e4\u00e4 huoltotiimi\u00e4 ja silti saimme homman hoidettua aivan hienosti l\u00e4pi. Jos syke j\u00e4\u00e4 kiinni kahdesta ly\u00f6nnist\u00e4, niin ei kanduu vaipua ep\u00e4toivoon, vaan mietti\u00e4, ett\u00e4 mit\u00e4h\u00e4n t\u00e4ss\u00e4 pit\u00e4isi tehd\u00e4 toisin. Saimme jo Pauliinalta paljon vinkkeja ja nyt t\u00e4ytyy vaan alkaa Hopoa totuttamaan h\u00e4ss\u00e4kk\u00e4\u00e4n. Eik\u00f6h\u00e4n alkuvuodesta l\u00f6ydy joku kisa, josta p\u00e4\u00e4st\u00e4\u00e4n pokkaamaan se tavoiteltu hyv\u00e4ksytty suoritus.<\/p>\n<\/div>\n<\/div><\/div><\/div><\/div><\/div>","protected":false},"excerpt":{"rendered":"<p>14.10.06, Espoo 15km (18km) syke 56 L\u00e4ht\u00f6lista 15km 18. Marjut Toivanen \u2013 Rani (sh, ruuna, 11v, Raino \u2013 Resona \u2013 Resori) 19. Riitta Ariluoma \u2013 T.M.Piirto (sh, ruuna, 15v, Hilto \u2013 Pimaska \u2013Jaska) 20. Tiina Vesterinen SuMaRa \u2013 Kiikun-Ajatus (sh, ruuna, 18v, Suikku \u2013 Aivastus \u2013 V.T. Ajatus) 21. Kari K\u00e4rkk\u00e4inen SuMaRa \u2013 Hopo (sh, [&hellip;]<\/p>\n","protected":false},"author":3,"featured_media":0,"parent":750,"menu_order":11,"comment_status":"closed","ping_status":"closed","template":"templates\/template-full-notitle.php","meta":{"footnotes":""},"class_list":["post-688","page","type-page","status-publish","hentry","post"],"_links":{"self":[{"href":"https:\/\/www.suonpaa.net\/index.php?rest_route=\/wp\/v2\/pages\/688","targetHints":{"allow":["GET"]}}],"collection":[{"href":"https:\/\/www.suonpaa.net\/index.php?rest_route=\/wp\/v2\/pages"}],"about":[{"href":"https:\/\/www.suonpaa.net\/index.php?rest_route=\/wp\/v2\/types\/page"}],"author":[{"embeddable":true,"href":"https:\/\/www.suonpaa.net\/index.php?rest_route=\/wp\/v2\/users\/3"}],"replies":[{"embeddable":true,"href":"https:\/\/www.suonpaa.net\/index.php?rest_route=%2Fwp%2Fv2%2Fcomments&post=688"}],"version-history":[{"count":2,"href":"https:\/\/www.suonpaa.net\/index.php?rest_route=\/wp\/v2\/pages\/688\/revisions"}],"predecessor-version":[{"id":757,"href":"https:\/\/www.suonpaa.net\/index.php?rest_route=\/wp\/v2\/pages\/688\/revisions\/757"}],"up":[{"embeddable":true,"href":"https:\/\/www.suonpaa.net\/index.php?rest_route=\/wp\/v2\/pages\/750"}],"wp:attachment":[{"href":"https:\/\/www.suonpaa.net\/index.php?rest_route=%2Fwp%2Fv2%2Fmedia&parent=688"}],"curies":[{"name":"wp","href":"https:\/\/api.w.org\/{rel}","templated":true}]}}