{"id":686,"date":"2016-02-29T17:14:28","date_gmt":"2016-02-29T15:14:28","guid":{"rendered":"http:\/\/suonpaa.net\/wordpress\/?page_id=686"},"modified":"2016-03-08T08:51:46","modified_gmt":"2016-03-08T06:51:46","slug":"kisat-2007","status":"publish","type":"page","link":"https:\/\/www.suonpaa.net\/?page_id=686","title":{"rendered":"Kisat 2007"},"content":{"rendered":"<div id=\"pl-686\"  class=\"panel-layout\" ><div id=\"pg-686-0\"  class=\"panel-grid panel-no-style\" ><div id=\"pgc-686-0-0\"  class=\"panel-grid-cell\" ><div id=\"panel-686-0-0-0\" class=\"so-panel widget widget_sow-editor panel-first-child panel-last-child\" data-index=\"0\" ><div\n\t\t\t\n\t\t\tclass=\"so-widget-sow-editor so-widget-sow-editor-base\"\n\t\t\t\n\t\t>\n<div class=\"siteorigin-widget-tinymce textwidget\">\n\t<p><b><u>Hopon kisakalenteri 2007<\/u><\/b> <\/p>\n<p> <b>21.1.2007<\/b> - Jokikunta, Vihti, alue 15-50 km (15 km kilpailuharjoitusluokka) <br \/><b>26.5.2007<\/b> - Nummela, kansallinen 15-120 km (30 km alue) <br \/><b>1.7.2007<\/b> - Espoo, alue 15-80 km, <u>PERUTTU <\/u>(15 km kilpailuharjoitusluokka) <br \/><b>11.8.2007<\/b> - Mustiala, SM 15-120 km (30 km alue) <br \/><b>30.9.2007<\/b> - Tuusula\/J\u00e4rvenp\u00e4\u00e4, ESRA aluemestaruus 15-120 km (30 km seura) <br \/><b>13.10.2007<\/b> - Vesilahti, seura\/alue 15-80 km (30 km seura)<\/p>\n<\/div>\n<\/div><\/div><\/div><div id=\"pgc-686-0-1\"  class=\"panel-grid-cell\" ><div id=\"panel-686-0-1-0\" class=\"so-panel widget widget_sow-editor panel-first-child panel-last-child\" data-index=\"1\" ><div\n\t\t\t\n\t\t\tclass=\"so-widget-sow-editor so-widget-sow-editor-base\"\n\t\t\t\n\t\t>\n<div class=\"siteorigin-widget-tinymce textwidget\">\n\t<\/div>\n<\/div><\/div><\/div><\/div><div id=\"pg-686-1\"  class=\"panel-grid panel-no-style\" ><div id=\"pgc-686-1-0\"  class=\"panel-grid-cell\" ><div id=\"panel-686-1-0-0\" class=\"so-panel widget widget_sow-editor panel-first-child panel-last-child\" data-index=\"2\" ><div\n\t\t\t\n\t\t\tclass=\"so-widget-sow-editor so-widget-sow-editor-base\"\n\t\t\t\n\t\t>\n<div class=\"siteorigin-widget-tinymce textwidget\">\n\t<p> <b><u>Kauden 2007 yhteenveto<\/u><\/b> <\/p>\n<p> Kauden 2007 p\u00e4\u00e4tavoite Hopolle oli <b>suomenhevos-cup<\/b>. Ihan tavoitteeseen ei p\u00e4\u00e4sty sen vuoksi, ett\u00e4 kyytil\u00e4isell\u00e4 ei p\u00e4\u00e4 toiminut Nummelassa toivotulla tavalla. Ehk\u00e4 tulosta olisi voitu parantaa sill\u00e4, ett\u00e4 olisimme uskaltaneet Pornaisissa jo koittaa 50 kilsan matkaa, kun mit\u00e4 ilmeisimmin Hopo oli tuolloin todella hyv\u00e4ss\u00e4 kunnossa. V\u00e4h\u00e4n j\u00e4i kaihertamaan my\u00f6s se, ett\u00e4 Espoon kisoja ei voitu j\u00e4rjest\u00e4\u00e4, sill\u00e4 siell\u00e4 Hopolaisella olisi ehk\u00e4 ollut v\u00e4h\u00e4n kotikentt\u00e4etu, sill\u00e4 k\u00e4ymmeh\u00e4n Espoon ratsastuspoluilla kohtalaisen usein treenaamassa. <\/p>\n<p> Summa summarum, kisakausi saa kokonaisuudessaan arvosanan hyv\u00e4 ja hevonen teki ehdottomasti parhaansa. Huolto ja matkustaja sen sijaan voivat viel\u00e4 tulevana vuonna petrata. <\/p>\n<p> Hopo sijoittui <b>suomenhevos-cupissa jaetulle kuudennelle sijalle<\/b> viidell\u00e4 pisteell\u00e4. Kaikkineen sille kisakautena kertyi hyv\u00e4ksyttyj\u00e4 kisakilometrej\u00e4 105. Sumaran <b>seura-rankingissa n\u00e4ill\u00e4 kilometreill\u00e4 sijoitutaan 14. sijalle<\/b>. Harjoituskilometrej\u00e4 kaudelta kertyi n. 1841 km. <\/p>\n<p> Seuraavana kautena sek\u00e4 kisakilsoja, ett\u00e4 treenikilsoja on tarkoitus saada enemm\u00e4n kasaan, joten tavoitetta tulevalle kaudelle riitt\u00e4\u00e4. Tulevan vuoden p\u00e4\u00e4tavoite on saada hyv\u00e4ksyttyj\u00e4 suorituksia 50 km luokassa. Ja tietenkin kestotavoitteena on pit\u00e4\u00e4 hevonen ehj\u00e4n\u00e4, hyv\u00e4ss\u00e4 kunnossa ja tyytyv\u00e4isen\u00e4. <\/p>\n<p> Kari haaveilee my\u00f6s pidemmist\u00e4 matkoista, mutta niihin pit\u00e4isi l\u00f6yty\u00e4 lainahevonen alle, tai sitten pit\u00e4\u00e4 k\u00e4yd\u00e4 hevosvalinnassa shoppaamassa kevyempi kisakaveri.<\/p>\n<\/div>\n<\/div><\/div><\/div><\/div><\/div>","protected":false},"excerpt":{"rendered":"<p>Hopon kisakalenteri 2007 21.1.2007 &#8211; Jokikunta, Vihti, alue 15-50 km (15 km kilpailuharjoitusluokka) 26.5.2007 &#8211; Nummela, kansallinen 15-120 km (30 km alue) 1.7.2007 &#8211; Espoo, alue 15-80 km, PERUTTU (15 km kilpailuharjoitusluokka) 11.8.2007 &#8211; Mustiala, SM 15-120 km (30 km alue) 30.9.2007 &#8211; Tuusula\/J\u00e4rvenp\u00e4\u00e4, ESRA aluemestaruus 15-120 km (30 km seura) 13.10.2007 &#8211; Vesilahti, seura\/alue [&hellip;]<\/p>\n","protected":false},"author":3,"featured_media":0,"parent":750,"menu_order":10,"comment_status":"closed","ping_status":"closed","template":"templates\/template-full-notitle.php","meta":{"footnotes":""},"class_list":["post-686","page","type-page","status-publish","hentry","post"],"_links":{"self":[{"href":"https:\/\/www.suonpaa.net\/index.php?rest_route=\/wp\/v2\/pages\/686","targetHints":{"allow":["GET"]}}],"collection":[{"href":"https:\/\/www.suonpaa.net\/index.php?rest_route=\/wp\/v2\/pages"}],"about":[{"href":"https:\/\/www.suonpaa.net\/index.php?rest_route=\/wp\/v2\/types\/page"}],"author":[{"embeddable":true,"href":"https:\/\/www.suonpaa.net\/index.php?rest_route=\/wp\/v2\/users\/3"}],"replies":[{"embeddable":true,"href":"https:\/\/www.suonpaa.net\/index.php?rest_route=%2Fwp%2Fv2%2Fcomments&post=686"}],"version-history":[{"count":1,"href":"https:\/\/www.suonpaa.net\/index.php?rest_route=\/wp\/v2\/pages\/686\/revisions"}],"predecessor-version":[{"id":687,"href":"https:\/\/www.suonpaa.net\/index.php?rest_route=\/wp\/v2\/pages\/686\/revisions\/687"}],"up":[{"embeddable":true,"href":"https:\/\/www.suonpaa.net\/index.php?rest_route=\/wp\/v2\/pages\/750"}],"wp:attachment":[{"href":"https:\/\/www.suonpaa.net\/index.php?rest_route=%2Fwp%2Fv2%2Fmedia&parent=686"}],"curies":[{"name":"wp","href":"https:\/\/api.w.org\/{rel}","templated":true}]}}