{"id":683,"date":"2016-02-29T17:09:43","date_gmt":"2016-02-29T15:09:43","guid":{"rendered":"http:\/\/suonpaa.net\/wordpress\/?page_id=683"},"modified":"2016-03-08T12:05:05","modified_gmt":"2016-03-08T10:05:05","slug":"kisat-2008","status":"publish","type":"page","link":"https:\/\/www.suonpaa.net\/?page_id=683","title":{"rendered":"Kisat 2008"},"content":{"rendered":"<div id=\"pl-683\"  class=\"panel-layout\" ><div id=\"pg-683-0\"  class=\"panel-grid panel-no-style\" ><div id=\"pgc-683-0-0\"  class=\"panel-grid-cell\" ><div id=\"panel-683-0-0-0\" class=\"so-panel widget widget_sow-editor panel-first-child panel-last-child\" data-index=\"0\" ><div\n\t\t\t\n\t\t\tclass=\"so-widget-sow-editor so-widget-sow-editor-base\"\n\t\t\t\n\t\t>\n<div class=\"siteorigin-widget-tinymce textwidget\">\n\t<p><b><u><span style=\"font-size: large;\">Hopon kisakalenteri 2008<\/span><\/u><\/b> <\/p>\n<p> <b>01.03.2008<\/b> Yl\u00f6j\u00e4rvi, Mutala \/ Alue 15-30 km (30km alue, ihanne)<br \/><b>15.03.2008<\/b> VesRa:n kansalliset kilpailut 15-120km, Vesilahti (50km alue, nopeus)<br \/><s><b>19.04.2008<\/b> NBC-katsastus 120 km, muut luokat 15-145 km, Ikaalinen \/ J\u00e4mij\u00e4rvi (50km)<\/s> PERUTTU<br \/><s><b>25.05.2008<\/b> 15-80km alue\/kansallinen, J\u00e4mij\u00e4rvi (30 tai 50km)<\/s> PIKKULUOKAT PERUTTU <br \/><b>14.06.2008<\/b> Matkaratsastuksen aluekilpailut 15-50km, Pornainen (30km alue) <br \/><b>13.07.2008<\/b> VesRa:n 15-80km, Vesilahti (30km seura) <br \/><s><b>28.09.2008<\/b> aluekilpailu 15-80 km, ESRA:n mestaruus (50km), Nummela (30km alue)<\/s> Hevoset sairaina<\/p>\n<\/div>\n<\/div><\/div><\/div><div id=\"pgc-683-0-1\"  class=\"panel-grid-cell\" ><div id=\"panel-683-0-1-0\" class=\"so-panel widget widget_sow-editor panel-first-child panel-last-child\" data-index=\"1\" ><div\n\t\t\t\n\t\t\tclass=\"so-widget-sow-editor so-widget-sow-editor-base\"\n\t\t\t\n\t\t>\n<div class=\"siteorigin-widget-tinymce textwidget\">\n\t<p><b><u><span style=\"font-size: large;\">Sellan kisakalenteri 2008<\/span><\/u><\/b> <\/p>\n<p> <b>13.07.2008<\/b> VesRa:n 15-80km, Vesilahti (30km seura) <br \/><b>09.08.2008<\/b> Matkalaukan 15-80km, Sauvo (30km alue) <br \/><s><b>28.09.2008<\/b> aluekilpailu 15-80 km, ESRA:n mestaruus (50km), Nummela (30km alue)<\/s> Hevoset sairaina<br \/><b>08.11.2008<\/b> 15-120km, Kalvola \/ Pirttikoski (50km alue)<\/p>\n<\/div>\n<\/div><\/div><\/div><\/div><div id=\"pg-683-1\"  class=\"panel-grid panel-no-style\" ><div id=\"pgc-683-1-0\"  class=\"panel-grid-cell\" ><div id=\"panel-683-1-0-0\" class=\"so-panel widget widget_sow-editor panel-first-child panel-last-child\" data-index=\"2\" ><div\n\t\t\t\n\t\t\tclass=\"so-widget-sow-editor so-widget-sow-editor-base\"\n\t\t\t\n\t\t>\n<div class=\"siteorigin-widget-tinymce textwidget\">\n\t<p><b><u>Kauden 2008 yhteenveto<\/u><\/b><\/p>\n<p>Kauteen tulikin v\u00e4h\u00e4n muutoksia sen my\u00f6t\u00e4, ett\u00e4 Sella saapui taloon.<\/p>\n<p>Harjoituskilometrej\u00e4 oli tarkoitus lis\u00e4t\u00e4 ja omassa mieless\u00e4ni pidin tavoitteena 2000 km rajan ylittymist\u00e4. Siihen ei kuitenkaan ihan p\u00e4\u00e4sty, vaan Hopon treenikilometrej\u00e4 karttui 1884 km ja Sellalle toukokuusta eteenp\u00e4in 885 km. T\u00e4ytyy muistaa, ett\u00e4 hevoset olivat syksyll\u00e4 kipein\u00e4 ja Hopollakin oli kuukauden treenitauko ja Sellalla kuuden viikon huili. Eli tavoitteeseen olisi varmaankin p\u00e4\u00e4sty, jos hevoset olisivat pysyneet tervein\u00e4.<\/p>\n<p>Muita terveydellisi\u00e4 vaivoja ei ollut, kuin tuo syksyn flunssailu. Sellan vatsa saatiin ihan loistavaan kuntoon, kun s\u00e4il\u00e4ri muuttui kuivaksi ja kyytipoikana alettiin antaa yrttiseosta. Se on telonut kinttujaan milloin mihinkin, mutta pintanaarmuilla on kuitenkin selvitty. Hopolla on ollut ajoittain takaset v\u00e4h\u00e4n turvoksissa, mutta liikutuksessa kuivahtaneet, joten ei liene mit\u00e4\u00e4n vaarallista.<\/p>\n<p>Molemmat ovat olleet hyv\u00e4ss\u00e4 kunnossa. Pettymys oli luonnollisesti se, ett\u00e4 Hopo otti hylsyn \"kotikisoissaan\" Paippisissa, mutta siihen lienee syyn\u00e4 se, ett\u00e4 olivat juuri siirtyneet laitumella ja hevonen oli yksinkertaisesti riekkunut liikaa ja lev\u00e4nnyt liian v\u00e4h\u00e4n. Jatkossa tiedet\u00e4\u00e4n, ett\u00e4 ennen kisoja on lev\u00e4tt\u00e4v\u00e4 tallissa muutama y\u00f6 - oli sitten kes\u00e4 tai talvi. Sellan kanssa pettymyseksi voidaan sanoa sit\u00e4, ett\u00e4 se ei ekalle kisareissulle l\u00e4htenyt ollenkaan, vaan j\u00e4i temppuilemaan kotiin ja Hopo otti sen paikan Vesilahdella hein\u00e4kuussa.<\/p>\n<p>Hopolle ker\u00e4\u00e4ntyi hyv\u00e4ksyttyj\u00e4 kisakilometrej\u00e4 110 ja Sellalle 80, sill\u00e4 se tepsutteli loppuvuodesta 50 km ja se oli ehk\u00e4 v\u00e4h\u00e4n yll\u00e4tys, ett\u00e4 meni niin helpolla. Kari urakoi k\u00e4sivammastaan huolimatta jo heti alkuvuodesta l\u00e4htien ja kisasi 190 km. Hopon tavoite oli saada hyv\u00e4ksytty 50 alle ja niinh\u00e4n se saikin heti alkuvuodesta ja n\u00e4in ollen ei sit\u00e4 toistamiseen edes yritetty. Talvikausi kun on sille ehdottomasti parempi ja kylm\u00e4 ilma sopii sille pitk\u00e4kestoisempaan suoritukseen.<\/p>\n<p>T\u00e4ytyy olla tyytyv\u00e4inen kuluneeseen kauteen, vaikka Hopon kohdalla tavoitteena oli enemm\u00e4n treenikilsoja ja enemm\u00e4n kisakilsoja, niin p\u00e4\u00e4stiin varsin l\u00e4helle sit\u00e4, mit\u00e4 tavoiteltiin. Sellan kanssa ei suurempia tavoitteita ollut, mutta nyt on jokin k\u00e4sitys siit\u00e4, miten se kuntoutuu ja mink\u00e4laisia asioita sen kanssa pit\u00e4\u00e4 viel\u00e4 paljon treenata. T\u00e4llaisia ovat autoon astelu ja johtohevosena oleminen. Hopon kanssa perussetti on kasassa, mutta sill\u00e4 ei kapasiteetti riit\u00e4 paljon parempaan, kuin mit\u00e4 nyt siit\u00e4 on irti saatu ja ik\u00e4kin alkaa jo painaa. Ensi vuosi t\u00e4ytyy edet\u00e4 ihan Hopedin ehdoilla ja sit\u00e4 koitetaan pit\u00e4\u00e4 kisamatkoilla mukana, ett\u00e4 Sellakin oppisi ottamaan kisareissut rennosti. Ja kivaahan se on, jos yhdess\u00e4 ovan matkassa mukana.<\/p>\n<table border=\"0\">\n<tbody>\n<tr>\n<td><b>Treenikilsat:<\/b><\/td>\n<td width=\"20\">\u00a0<\/td>\n<td><b>Kisakilsat:<\/b><\/td>\n<\/tr>\n<tr>\n<td>Hopo 1884 km<\/td>\n<td>\u00a0<\/td>\n<td>Hopo 110 km<\/td>\n<\/tr>\n<tr>\n<td>Sella 885 km<\/td>\n<td>\u00a0<\/td>\n<td>Sella 80 km<\/td>\n<\/tr>\n<tr>\n<td>\u00a0<\/td>\n<td>\u00a0<\/td>\n<td>Kari 190 km<\/td>\n<\/tr>\n<\/tbody>\n<\/table>\n<p><b>Vuoden 2008 ranking-tilasto<\/b><\/p>\n<p>Hopo sijalla 17. 24 ratsua ylitti sadan kilometrin virstanpylv\u00e4\u00e4n.<br \/> Ratsukko Hopo ja Kari sijalla 18. 23 ratsukkoa ylitti sadan kilometrin rajan.<br \/> Kari sijalla 7. 22 ratsastajaa saavutti 100 hyv\u00e4ksytty\u00e4 kisakilometri\u00e4.<\/p>\n<p>Tulevana vuonna Sellalla koitetaan 80 kilsan kisaa kes\u00e4ll\u00e4 ja Hopon kanssa kisataan ihan vapaamuotoisesti. Treenikilsoja koitetaan kummallekin saada lis\u00e4\u00e4 ja hevoset pit\u00e4\u00e4 tervein\u00e4 ja ehjin\u00e4. Kisakalenteriin on p\u00e4ivitetty mahdolliset kisareissut ja ne taas p\u00e4ivittyv\u00e4t vuoden edetess\u00e4.<\/p>\n<\/div>\n<\/div><\/div><\/div><\/div><\/div>","protected":false},"excerpt":{"rendered":"<p>Hopon kisakalenteri 2008 01.03.2008 Yl\u00f6j\u00e4rvi, Mutala \/ Alue 15-30 km (30km alue, ihanne)15.03.2008 VesRa:n kansalliset kilpailut 15-120km, Vesilahti (50km alue, nopeus)19.04.2008 NBC-katsastus 120 km, muut luokat 15-145 km, Ikaalinen \/ J\u00e4mij\u00e4rvi (50km) PERUTTU25.05.2008 15-80km alue\/kansallinen, J\u00e4mij\u00e4rvi (30 tai 50km) PIKKULUOKAT PERUTTU 14.06.2008 Matkaratsastuksen aluekilpailut 15-50km, Pornainen (30km alue) 13.07.2008 VesRa:n 15-80km, Vesilahti (30km seura) 28.09.2008 [&hellip;]<\/p>\n","protected":false},"author":3,"featured_media":0,"parent":750,"menu_order":9,"comment_status":"closed","ping_status":"closed","template":"templates\/template-full-notitle.php","meta":{"footnotes":""},"class_list":["post-683","page","type-page","status-publish","hentry","post"],"_links":{"self":[{"href":"https:\/\/www.suonpaa.net\/index.php?rest_route=\/wp\/v2\/pages\/683","targetHints":{"allow":["GET"]}}],"collection":[{"href":"https:\/\/www.suonpaa.net\/index.php?rest_route=\/wp\/v2\/pages"}],"about":[{"href":"https:\/\/www.suonpaa.net\/index.php?rest_route=\/wp\/v2\/types\/page"}],"author":[{"embeddable":true,"href":"https:\/\/www.suonpaa.net\/index.php?rest_route=\/wp\/v2\/users\/3"}],"replies":[{"embeddable":true,"href":"https:\/\/www.suonpaa.net\/index.php?rest_route=%2Fwp%2Fv2%2Fcomments&post=683"}],"version-history":[{"count":4,"href":"https:\/\/www.suonpaa.net\/index.php?rest_route=\/wp\/v2\/pages\/683\/revisions"}],"predecessor-version":[{"id":782,"href":"https:\/\/www.suonpaa.net\/index.php?rest_route=\/wp\/v2\/pages\/683\/revisions\/782"}],"up":[{"embeddable":true,"href":"https:\/\/www.suonpaa.net\/index.php?rest_route=\/wp\/v2\/pages\/750"}],"wp:attachment":[{"href":"https:\/\/www.suonpaa.net\/index.php?rest_route=%2Fwp%2Fv2%2Fmedia&parent=683"}],"curies":[{"name":"wp","href":"https:\/\/api.w.org\/{rel}","templated":true}]}}