{"id":681,"date":"2016-02-29T17:04:20","date_gmt":"2016-02-29T15:04:20","guid":{"rendered":"http:\/\/suonpaa.net\/wordpress\/?page_id=681"},"modified":"2016-03-08T08:51:04","modified_gmt":"2016-03-08T06:51:04","slug":"kisat-2009","status":"publish","type":"page","link":"https:\/\/www.suonpaa.net\/?page_id=681","title":{"rendered":"Kisat 2009"},"content":{"rendered":"<div id=\"pl-681\"  class=\"panel-layout\" ><div id=\"pg-681-0\"  class=\"panel-grid panel-no-style\" ><div id=\"pgc-681-0-0\"  class=\"panel-grid-cell\" ><div id=\"panel-681-0-0-0\" class=\"so-panel widget widget_sow-editor panel-first-child panel-last-child\" data-index=\"0\" ><div\n\t\t\t\n\t\t\tclass=\"so-widget-sow-editor so-widget-sow-editor-base\"\n\t\t\t\n\t\t>\n<div class=\"siteorigin-widget-tinymce textwidget\">\n\t<p><b><u><span style=\"font-size: large;\">Hopon kisakalenteri 2009<\/span><\/u><\/b> <\/p>\n<p> <b>17.1.2009<\/b> Vesilahti \/ 15-50 km (30km seura, ihanne) <br \/><s><b>28.2.2009<\/b> Jokioinen \/ 15-50 km (30km alue)<\/s> Sairaslomalla <br \/><s><b>7.3.2009<\/b> Urjala \/ 15- 80 km\u00a0 (30km seura)<\/s> Toipilaana <br \/><b>7.6.2009<\/b> Paippinen (15km kilpailuharjoitus) <br \/><b>20.9.2009<\/b>Espoo, 15-80 km \/ ESRA-Mestaruus (30km seura, ihanne) <br \/><b>17.10.2009<\/b> Vesilahti \/ 15-80 km (30km seura)<\/p>\n<\/div>\n<\/div><\/div><\/div><div id=\"pgc-681-0-1\"  class=\"panel-grid-cell\" ><div id=\"panel-681-0-1-0\" class=\"so-panel widget widget_sow-editor panel-first-child panel-last-child\" data-index=\"1\" ><div\n\t\t\t\n\t\t\tclass=\"so-widget-sow-editor so-widget-sow-editor-base\"\n\t\t\t\n\t\t>\n<div class=\"siteorigin-widget-tinymce textwidget\">\n\t<p><b><u><span style=\"font-size: large;\">Sellan kisakalenteri 2009<\/span><\/u><\/b> <\/p>\n<p> <b>17.1.2009<\/b> Vesilahti \/ 15-50 km (30km seura, ihanne) <br \/><b>28.2.2009<\/b> Jokioinen \/ 15-50 km (30km alue) <br \/><b>28.3.2009<\/b> Jokioinen \/ 15-80 km (50km nopeus) <br \/><s><b>2.5.2009<\/b> Vesilahti \/ 15-80 km (80km)<\/s> Sairaslomalla <br \/><b>21.5.2009<\/b> Urjala \/ Pirttikoski \/ 15-80 km\u00a0 (80km nopeus) <br \/><b>28.6.2009<\/b> Punkalaidun \/ 30-50 km (30km alue) <br \/><b>18.7.2009<\/b> Vesilahti kansallinen \/ 15-120 km (80km nopeus) <br \/><span style=\"color: red;\"><b>20.9.2009<\/b> Espoo, 15-80 km \/ ESRA-Mestaruus (50km alue, nopeus)<\/span> <br \/><b>17.10.2009<\/b> Vesilahti \/ 15-80 km (30km seura)<\/p>\n<\/div>\n<\/div><\/div><\/div><\/div><div id=\"pg-681-1\"  class=\"panel-grid panel-no-style\" ><div id=\"pgc-681-1-0\"  class=\"panel-grid-cell\" ><div id=\"panel-681-1-0-0\" class=\"so-panel widget widget_sow-editor panel-first-child panel-last-child\" data-index=\"2\" ><div\n\t\t\t\n\t\t\tclass=\"so-widget-sow-editor so-widget-sow-editor-base\"\n\t\t\t\n\t\t>\n<div class=\"siteorigin-widget-tinymce textwidget\">\n\t<p><b><u>Kauden 2009 yhteenveto<\/u><\/b> <\/p>\n<p> Alkuvuosi treenattiin kovasti. Hopolla r\u00e4k\u00e4taudin vuoksi v\u00e4h\u00e4n saikkua, mutta muuten ensimm\u00e4inen puolikas tehtiin valtavasti t\u00f6it\u00e4. Harjoittelua muutettiin siten, ett\u00e4 on enemm\u00e4n vapaap\u00e4ivi\u00e4, mutta my\u00f6s vastavuoroisesti enemm\u00e4n pitki\u00e4 ja pitk\u00e4kestoisia lenkkej\u00e4. Kes\u00e4ll\u00e4 kierrettiin kisoja ja laidunnettiin. Pidettiin tallissa ennen kisoja, mutta hein\u00e4n vaihtelu tuotti ongelmia Sellan vatsalle. Tulevana vuonna t\u00e4ytyy jotenkin j\u00e4rkeill\u00e4 laiduntaminen eri tavalla. V\u00e4h\u00e4n vaan vaikeaa, kun hevoset ovat vieraalla ja ei voi ihan niin paljoa veivata asioita, kuin jos olisivat kotona. <\/p>\n<p> Lokakuun puolesta v\u00e4list\u00e4 joulukuun puoleen v\u00e4liin hevoset saivat olla aika kevyell\u00e4 k\u00e4yt\u00f6ll\u00e4. Vapaap\u00e4ivi\u00e4 lis\u00e4ttiin ja lenkit olivat lyhyit\u00e4 sek\u00e4 kilometrim\u00e4\u00e4riss\u00e4, ett\u00e4 ajassa mitattuna. Joulukuun puolessa v\u00e4liss\u00e4 alettiin taas tehd\u00e4 t\u00f6it\u00e4, mutta melkoisen kipakka pakkanen v\u00e4h\u00e4n h\u00e4iritsi treenien aloittamista. <\/p>\n<p> Hevoset pysyiv\u00e4t tervein\u00e4 koko vuoden, jos ei oteta lukuun Hopon ep\u00e4onnista vilustumista heti tammikuussa. Sellan vatsan kanssa oli ongelmia, kun siirryttiin laitumelta kuivalle. Tuotakin asiaa p\u00e4hk\u00e4iltiin ja pohdittiin, mutta mit\u00e4\u00e4n selkoa ei siihen saatu. Jollain tavalla hitaammin siirtymisen pit\u00e4isi tapahtua, ett\u00e4 vatsa ei reagoisi. <\/p>\n<p> Keskikes\u00e4n hellekisa j\u00e4\u00e4 ikuisiksi ajoiksi kummittelemaan takaraivoon, kun tehtiin valmistautuminen ja suoritus liian kepe\u00e4sti ja sen my\u00f6t\u00e4 homma menikin t\u00e4ysin reisille. N\u00e4ytti hyvin toteen sen, ett\u00e4 lyhytkin matka vaatii t\u00e4ydellisen panostuksen onnistuakseen. <br \/> ESRA:n mestaruus oli salainen haave ja se toteutui. L\u00e4hinn\u00e4 l\u00e4hdettiin hakemaan toista sijaa. Hopo teki ehj\u00e4n kauden ja siihenkin t\u00e4ytyy olla eritt\u00e4in tyytyv\u00e4inen. Riitta innostui loppukaudesta kisaamaan sill\u00e4 ja ratsukko tuntuu toimivan hyvin. V\u00e4h\u00e4n harmittaa molempien yksi hylk\u00e4ys, sill\u00e4 kisakilometrikertym\u00e4 olisi n\u00e4ytt\u00e4nyt viel\u00e4 paremmalta, jos hylk\u00e4yksi\u00e4 ei olisi tullut. Vaikka ne kuuluvat lajin luonteeseen, niin kyll\u00e4 vet\u00e4v\u00e4t aina mielen mustaksi ja joka kerta pyh\u00e4sti vannoo, ett\u00e4 n\u00e4in ei tule ikin\u00e4 en\u00e4\u00e4 tapahtumaan. <\/p>\n<p> Loppuvuodesta Sellaa ja Karia palkittiin ja saimme my\u00f6s himoitsemamme hevospatsaan vuodeksi kotiimme. Se onkin eteisess\u00e4 hienolla paikalla niin, ett\u00e4 jokainen, joka meille tulee sen varmasti huomioi. Seuratasolla ja aluetasolla ratsukko putsasi aina tyylikk\u00e4\u00e4sti p\u00f6yd\u00e4n. <\/p>\n<p> Treenikilometrej\u00e4 kertyi Sellalle 2140 ja Hopolle 1700. Niihin voi olla ihan tyytyv\u00e4inen, mutta edelleen toivoisin, ett\u00e4 Hopokin p\u00e4\u00e4sisi 2000km:n rajapyykin yli. Sellallakin kilsoja voisi olla enemm\u00e4n, mutta toisaalta laidunsivat aika pitk\u00e4\u00e4n ja suurella laitumella meno oli varsin vauhdikasta, joten jos sekin liikunta kirjattaisiin, niin kilometrej\u00e4 tulisi reilusti lis\u00e4\u00e4. Olivat nimitt\u00e4in molemmat laidunaikana todella timmiss\u00e4 kunnossa, joten pelk\u00e4ksi sy\u00f6miseksi ei homma ehtinyt menn\u00e4. <\/p>\n<p> Kisakilsoja Sella ker\u00e4si 350 ja sijoittui tuolla m\u00e4\u00e4r\u00e4ll\u00e4 valtakunnallisesti kolmanneksi ja kertym\u00e4 oli vain 10km Dalin kertym\u00e4\u00e4 alhaisempi. Hopolla kisakilsoja saatiin kasaan 75. Kertym\u00e4n perusteella Hopo oli sijalla 30 ja jakoi sijoituksen Aten ja Talantin kanssa. Sellan kisakilometrikertym\u00e4 on komea, mutta Hopolle olisi suonut kolmekymment\u00e4 lis\u00e4\u00e4, niin olisi viel\u00e4 kertaalleen p\u00e4\u00e4ssyt yli sadan kilometrin. <\/p>\n<p> Ratsukkona Kari ja Sella rankattiin vuoden toiseksi eniten kilometrej\u00e4 ker\u00e4nneeksi ja Kari oli ratsastajana kolmanneksi ahkerin. Joten saavutus on aivan erinomainen. <\/p>\n<p> Ulkomaisia kisatuloksia ei viel\u00e4 saatu, mutta saatiin kuitenkin kvaalit kuntoon ja FEI-passi, joten ensi kaudella my\u00f6s kansainv\u00e4lisi\u00e4 tuloksia l\u00e4hdet\u00e4\u00e4n tavoittelemaan. Haasteita ja tavoitteita riitt\u00e4\u00e4 siis tulevillekin kausille. Koitetaan treenata tunnollisesti ja j\u00e4rkev\u00e4sti ja pit\u00e4\u00e4 hevoset ehjin\u00e4. Tehd\u00e4\u00e4n edelleen omaa ty\u00f6t\u00e4 oman osaamisen ja omien tavoitteiden mukaisesti. Valmennusapua haetaan seuravaihdoksen my\u00f6t\u00e4. Sellalla koitetaan saada 120km:n suorituksia ja Hopo h\u00f6lkk\u00e4\u00e4 pikkukisoja mielen virkeyden vuoksi. Katsotaan, mihin tiimill\u00e4 rahkeet riitt\u00e4v\u00e4t. Kev\u00e4\u00e4ll\u00e4 Viroon, kes\u00e4ll\u00e4 yritys 120km:n kilpailusta ja jos se onnistuu, niin loppuvuodesta ihan kokeilumieless\u00e4 SM-kisojen l\u00e4ht\u00f6viivalle. Sinne on pitk\u00e4 matka ja paljon teht\u00e4v\u00e4\u00e4, mutta tavoitteita t\u00e4ytyy uskaltaa asettaa ja niihin pyrki\u00e4, jos jotain haluaa saavuttaa. Tulosta ei varsinaisesti l\u00e4hdet\u00e4 tekem\u00e4\u00e4n, mutta suorituksia kuitenkin. N\u00f6yr\u00e4n\u00e4, mutta ei n\u00f6yristellen, painellaan kokeneempien tekij\u00f6iden sekaan ja taas kohtia uusia ja entist\u00e4 kipakampia haasteita.<\/p>\n<\/div>\n<\/div><\/div><\/div><\/div><\/div>","protected":false},"excerpt":{"rendered":"<p>Hopon kisakalenteri 2009 17.1.2009 Vesilahti \/ 15-50 km (30km seura, ihanne) 28.2.2009 Jokioinen \/ 15-50 km (30km alue) Sairaslomalla 7.3.2009 Urjala \/ 15- 80 km\u00a0 (30km seura) Toipilaana 7.6.2009 Paippinen (15km kilpailuharjoitus) 20.9.2009Espoo, 15-80 km \/ ESRA-Mestaruus (30km seura, ihanne) 17.10.2009 Vesilahti \/ 15-80 km (30km seura) Sellan kisakalenteri 2009 17.1.2009 Vesilahti \/ 15-50 km [&hellip;]<\/p>\n","protected":false},"author":3,"featured_media":0,"parent":750,"menu_order":8,"comment_status":"closed","ping_status":"closed","template":"templates\/template-full-notitle.php","meta":{"footnotes":""},"class_list":["post-681","page","type-page","status-publish","hentry","post"],"_links":{"self":[{"href":"https:\/\/www.suonpaa.net\/index.php?rest_route=\/wp\/v2\/pages\/681","targetHints":{"allow":["GET"]}}],"collection":[{"href":"https:\/\/www.suonpaa.net\/index.php?rest_route=\/wp\/v2\/pages"}],"about":[{"href":"https:\/\/www.suonpaa.net\/index.php?rest_route=\/wp\/v2\/types\/page"}],"author":[{"embeddable":true,"href":"https:\/\/www.suonpaa.net\/index.php?rest_route=\/wp\/v2\/users\/3"}],"replies":[{"embeddable":true,"href":"https:\/\/www.suonpaa.net\/index.php?rest_route=%2Fwp%2Fv2%2Fcomments&post=681"}],"version-history":[{"count":2,"href":"https:\/\/www.suonpaa.net\/index.php?rest_route=\/wp\/v2\/pages\/681\/revisions"}],"predecessor-version":[{"id":755,"href":"https:\/\/www.suonpaa.net\/index.php?rest_route=\/wp\/v2\/pages\/681\/revisions\/755"}],"up":[{"embeddable":true,"href":"https:\/\/www.suonpaa.net\/index.php?rest_route=\/wp\/v2\/pages\/750"}],"wp:attachment":[{"href":"https:\/\/www.suonpaa.net\/index.php?rest_route=%2Fwp%2Fv2%2Fmedia&parent=681"}],"curies":[{"name":"wp","href":"https:\/\/api.w.org\/{rel}","templated":true}]}}