{"id":678,"date":"2016-02-29T16:59:41","date_gmt":"2016-02-29T14:59:41","guid":{"rendered":"http:\/\/suonpaa.net\/wordpress\/?page_id=678"},"modified":"2016-03-08T08:50:40","modified_gmt":"2016-03-08T06:50:40","slug":"kisat-2011-2","status":"publish","type":"page","link":"https:\/\/www.suonpaa.net\/?page_id=678","title":{"rendered":"Kisat 2010"},"content":{"rendered":"<div id=\"pl-678\"  class=\"panel-layout\" ><div id=\"pg-678-0\"  class=\"panel-grid panel-no-style\" ><div id=\"pgc-678-0-0\"  class=\"panel-grid-cell\" ><div id=\"panel-678-0-0-0\" class=\"so-panel widget widget_sow-editor panel-first-child panel-last-child\" data-index=\"0\" ><div\n\t\t\t\n\t\t\tclass=\"so-widget-sow-editor so-widget-sow-editor-base\"\n\t\t\t\n\t\t>\n<div class=\"siteorigin-widget-tinymce textwidget\">\n\t<p><b><u><span style=\"font-size: large;\">Hopon kisakalenteri 2010<\/span><\/u><\/b> <\/p>\n<p> <b>13.5.2010<\/b> Kouvola 15-50 (30km) <br \/><s><b>14.8.2010<\/b> M\u00f6hk\u00f6, 15 - 50 (30km)<\/s> KISAT PERUTTU<\/p>\n<\/div>\n<\/div><\/div><\/div><div id=\"pgc-678-0-1\"  class=\"panel-grid-cell\" ><div id=\"panel-678-0-1-0\" class=\"so-panel widget widget_sow-editor panel-first-child panel-last-child\" data-index=\"1\" ><div\n\t\t\t\n\t\t\tclass=\"so-widget-sow-editor so-widget-sow-editor-base\"\n\t\t\t\n\t\t>\n<div class=\"siteorigin-widget-tinymce textwidget\">\n\t<p><b><u><span style=\"font-size: large;\">Sellan kisakalenteri 2010<\/span><\/u><\/b> <\/p>\n<p> <b>16.1.2010<\/b> Vesilahti, alue 15-80 (30km) <br \/><s><b>21.2.2010<\/b> Jokioinen, alue 15-80 (50km)<\/s> KISAT PERUTTU <br \/><b>20.3.2010<\/b> Sauvo, 15-120 kans (50km) <br \/><b>17.4.2010<\/b> Vesilahti, CEI 80-160 KV (CEI1* 80km) <br \/><b>21-23.5.2010<\/b> Kurgj\u00e4rve, CEI 80-120 KV (CEI1* 80km) <br \/><b>7.8.2010<\/b> Urjala, 15-80 alue, H\u00c4MEEN mestaruus (50km) <br \/><s><b>14.8.2010<\/b> M\u00f6hk\u00f6, 15 - 50 (30km)<\/s> KISAT PERUTTU <br \/><b>4.9.2010<\/b> Vesilahti SM-kilpailut 15-120 km (SM 100km) <br \/><b>19.9.2010<\/b> Paippinen ESRA aluemestaruus, 15-80 (80km) <br \/><b>6.11.2010<\/b> Jokioinen, Halloween, alue 15-50 (50km)<\/p>\n<\/div>\n<\/div><\/div><\/div><\/div><div id=\"pg-678-1\"  class=\"panel-grid panel-no-style\" ><div id=\"pgc-678-1-0\"  class=\"panel-grid-cell\" ><div id=\"panel-678-1-0-0\" class=\"so-panel widget widget_sow-editor panel-first-child panel-last-child\" data-index=\"2\" ><div\n\t\t\t\n\t\t\tclass=\"so-widget-sow-editor so-widget-sow-editor-base\"\n\t\t\t\n\t\t>\n<div class=\"siteorigin-widget-tinymce textwidget\">\n\t<p><b><u>Kauden 2010 yhteenveto<\/u><\/b> <\/p>\n<p> Edellisen kauden tulokset meniv\u00e4t niin yl\u00e4kanttiin, ett\u00e4 t\u00e4lle vuodelle pistettiin aika kovat tavoitteet niin tulosten, kisakilometrien, kuin my\u00f6s treenikilometrien suhteen. Asetettuja tavoitteita ei t\u00e4ysin saavutettu, mutta oli meill\u00e4 huonoa tuuriakin ja vastoink\u00e4ymisi\u00e4kin sen verta, ett\u00e4 kokonaisuutena kauteen t\u00e4ytyy olla tyytyv\u00e4inen, vaikka paljon, paljon j\u00e4i my\u00f6s hampaan koloseen. <\/p>\n<p> Hopon kausi, ura ja el\u00e4m\u00e4 oli v\u00e4h\u00e4ll\u00e4 katketa, kun kev\u00e4\u00e4ll\u00e4 se otti Sellalta potkua vastaan ja sen takia olikin pitk\u00e4ll\u00e4 huililla. Riitta kuitenkin k\u00e4vi h\u00f6lkk\u00e4\u00e4m\u00e4ss\u00e4 sen kanssa Kouvolassa 30km ja se oli ihan mahtava suoritus, kun muutamaa viikkoa aikaisemmin harkittiin jo pulttipyssy\u00e4. Kun hevonen alkoi olla kunnossa, niin otin itse osumaa laitumella ja loppuvuosi olikin Hopon ja itseni osalta kutakuinkin siin\u00e4. <\/p>\n<p> Sellan kunto kohosi kohisemalla kev\u00e4\u00e4ll\u00e4 ja huhtikuussa helppoakin helpompi voitto ensimm\u00e4isiss\u00e4 FEI-kisoissa tuntui jotenkin ihan uskomattoman hyv\u00e4lt\u00e4, vaikka ulkomaiset haastajat loistivat poissaolollaan. Siit\u00e4 oli hyv\u00e4 l\u00e4hte\u00e4 keskittym\u00e4\u00e4n Viron reissuun, joka my\u00f6s oli menestyksek\u00e4s. Varmasti viel\u00e4 monta vuotta muistamme tuon ensimm\u00e4isen reissun hevosen kanssa maan rajojen ulkopuolelle. Noviiseina ja ihan tumpeloina kuitenkin hoidimme oman osuutemme ihan n\u00e4ps\u00e4k\u00e4sti. <\/p>\n<p> Ehk\u00e4 alkuvuosi tehtiin v\u00e4h\u00e4n liikaa kaikkea ja n\u00e4lk\u00e4 kasvoi sy\u00f6dess\u00e4. Lauidunkautena oli ongelmia asioiden j\u00e4rjestelyiss\u00e4 ja sitten kun viel\u00e4 j\u00e4tt\u00e4ydyin saikulle, niin paletti hajosi. Kari koitti omin avuin kuitenkin l\u00e4hte\u00e4 alumestaruuskisoihin ja Sella haettiin kisaan suoraan laitumelta. Valmistautuminen ja p\u00e4\u00e4 eiv\u00e4t kest\u00e4neet kisaa ja lopputuloksena surullinen hylk\u00e4\u00e4minen ekalta paikalta. Siit\u00e4 alkoikin matalalento ja r\u00e4pik\u00f6inti. Sellalla vatsa oireili ja muutenkin asiat eiv\u00e4t menneet, niin kuin olisi toivonut. Tuli paskaa niskaan oikein huolella ja ik\u00e4vi\u00e4 puheita sielt\u00e4 ja t\u00e4\u00e4lt\u00e4. SM-kisat p\u00e4\u00e4ttyiv\u00e4t kummallisesti kakkosijalta ja ikin\u00e4 emme tule nielem\u00e4\u00e4n sit\u00e4, ett\u00e4 hevonen olisi ontunut. Mutta niin kuin sanonta kuuluu, on el\u00e4inl\u00e4\u00e4k\u00e4rin sana laki, joten asian kanssa elet\u00e4\u00e4n. Tavallamme. <\/p>\n<p> Vastoink\u00e4ymisten j\u00e4lkeen Kari halusi ehdottomasti palauttaa tiimin itsetunnon kohdilleen ja p\u00e4\u00e4tti ratsastaa Paippisissa yksin 80km. Homma kaatui jo lastaukseen, sill\u00e4 Sella riehui ja rettel\u00f6i siihen malliin, ett\u00e4 ven\u00e4ytti kankkunsa. Ensimm\u00e4isten 5km:n j\u00e4lkeen Kari jo totesi, ett\u00e4 liike ei tuntunut normaalilta. Homma j\u00e4i kesken. <\/p>\n<p> Hetki jo mietittiin, ett\u00e4 lopetetaan koko touhu. Rahaa ja aikaa menee ihan liikaa ja jos ei kerta hommaa osata hoitaa, niin voisi v\u00e4lill\u00e4 vaikka keskitty\u00e4 johonkin muuhun asiaan. P\u00e4\u00e4tettiin, ett\u00e4 kevennet\u00e4\u00e4n treeni\u00e4 ja unohdetaan ryppyotsaisuus ja lis\u00e4ksi j\u00e4tet\u00e4\u00e4n kisoissa remppaaminen muille. P\u00e4\u00e4t\u00f6s pitikin ihan hyvin, mutta kun kauden vikat kisat l\u00e4hestyiv\u00e4t, niin ajateltiin, ett\u00e4 k\u00e4yd\u00e4\u00e4n viel\u00e4 ottamassa vika hyv\u00e4ksytty suoritus. Sitten voidaan vaikka lopettaa, jos silt\u00e4 tuntuu, mutta hylk\u00e4\u00e4misiin tai keskeytyksiin ei oikein luonne anna my\u00f6den lopettaa. <\/p>\n<p> Hetkellisen r\u00e4hm\u00e4ll\u00e4\u00e4n r\u00e4mpimisen j\u00e4lkeen Kuuman 50km hyv\u00e4ksytty suoritus, joka otettiin varman p\u00e4\u00e4lle, tuntui ihan mahtavalta. Ja keskinopeus 16.5km\/h, muutaman minuutin palautumisineen, tuotti mielihyv\u00e4\u00e4 siin\u00e4 m\u00e4\u00e4rin, ett\u00e4 lyhyelle talvitauolle oli hyv\u00e4 j\u00e4\u00e4d\u00e4. <\/p>\n<p> Kauden p\u00e4\u00e4tytty\u00e4 oli ratsukko kotimaan kilometri-rangingissa sijalla 7. FEI-rankingissa sijalla 1147\/4189. Ihan upeana pid\u00e4mme itse kansainv\u00e4list\u00e4 debytointia. Pid\u00e4mme merkitt\u00e4v\u00e4n\u00e4 sit\u00e4, ett\u00e4 hevonen on itse treenattu, harjoitteluohjelma itse rakennettu ja kaikki muutenkin ihan oman tiimin kesken tehty. Apuja ei ole pyydetty, eik\u00e4 suuremmin saatukaan, joten saavutukset menee ihan kokonaan omaan piikkiin. <\/p>\n<p> Treenikilometrej\u00e4 kertyi Sellalle 2094,1 ja Hopolle 1562,1. J\u00e4imme asetetusta tavoitteesta, mutta kertakaikkiaan aika ei riit\u00e4 parempaan ja sitten oli n\u00e4m\u00e4 pienet sairastelut ja tapaturmat, jotka heti pienent\u00e4v\u00e4t my\u00f6s kilometrikertym\u00e4\u00e4. Samoin laidunkaudeltahan ei kirjattavaa kerry, vaikka liikkuvat melkoisesti. <\/p>\n<p> Tulevana kautena keskityt\u00e4\u00e4n p\u00e4\u00e4asiassa FEI-kisoihin, kolmiin koitetaan p\u00e4\u00e4st\u00e4 mukaan. Matkana ensisijaisesti 80km, mutta jos systeemit sujuvat hyvin, niin ehk\u00e4 on aika kokeilla my\u00f6s 120km:n kisaa. Seuran vaihto ehk\u00e4 antaa uutta taustatukea ja tiet\u00e4myst\u00e4 kaikesta, mik\u00e4 lajiin liittyy. Paljon parempaa osaamista ei kotimaasta l\u00f6ydy. <\/p>\n<p> Hopon kanssa katsotaan, jos parit pikkukisat kierrett\u00e4isiin. Muutoin vaari saa jatkaa sparraajana, jota virkaa se on nytkin hoitanut aivan mahtavasti ja opettanut Sellan liikkumaan oudossakin maastossa reippaasti ja rohkeasti. Mutta kasvatusty\u00f6t\u00e4 Hopollakin viel\u00e4 riitt\u00e4\u00e4, joten yhteislenkit jatkuvat. <\/p>\n<p> Treenikilometrien m\u00e4\u00e4r\u00e4\u00e4 koitetaan edelleenkin lis\u00e4t\u00e4. Sellan olisi hyv\u00e4 p\u00e4\u00e4st\u00e4 kolmeen tonniin ja Hopolle oiva summa olisi parin tonnin tuntumassa. Joten haastetta ja n\u00e4lk\u00e4\u00e4 riitt\u00e4\u00e4, vaikka toiminnan tyyli\u00e4 v\u00e4h\u00e4n muutetaan ja pyrit\u00e4\u00e4n jatkossa olemaan enemm\u00e4n n\u00e4kym\u00e4tt\u00f6miss\u00e4.<\/p>\n<\/div>\n<\/div><\/div><\/div><\/div><\/div>","protected":false},"excerpt":{"rendered":"<p>Hopon kisakalenteri 2010 13.5.2010 Kouvola 15-50 (30km) 14.8.2010 M\u00f6hk\u00f6, 15 &#8211; 50 (30km) KISAT PERUTTU Sellan kisakalenteri 2010 16.1.2010 Vesilahti, alue 15-80 (30km) 21.2.2010 Jokioinen, alue 15-80 (50km) KISAT PERUTTU 20.3.2010 Sauvo, 15-120 kans (50km) 17.4.2010 Vesilahti, CEI 80-160 KV (CEI1* 80km) 21-23.5.2010 Kurgj\u00e4rve, CEI 80-120 KV (CEI1* 80km) 7.8.2010 Urjala, 15-80 alue, H\u00c4MEEN mestaruus [&hellip;]<\/p>\n","protected":false},"author":3,"featured_media":0,"parent":750,"menu_order":7,"comment_status":"closed","ping_status":"closed","template":"templates\/template-full-notitle.php","meta":{"footnotes":""},"class_list":["post-678","page","type-page","status-publish","hentry","post"],"_links":{"self":[{"href":"https:\/\/www.suonpaa.net\/index.php?rest_route=\/wp\/v2\/pages\/678","targetHints":{"allow":["GET"]}}],"collection":[{"href":"https:\/\/www.suonpaa.net\/index.php?rest_route=\/wp\/v2\/pages"}],"about":[{"href":"https:\/\/www.suonpaa.net\/index.php?rest_route=\/wp\/v2\/types\/page"}],"author":[{"embeddable":true,"href":"https:\/\/www.suonpaa.net\/index.php?rest_route=\/wp\/v2\/users\/3"}],"replies":[{"embeddable":true,"href":"https:\/\/www.suonpaa.net\/index.php?rest_route=%2Fwp%2Fv2%2Fcomments&post=678"}],"version-history":[{"count":3,"href":"https:\/\/www.suonpaa.net\/index.php?rest_route=\/wp\/v2\/pages\/678\/revisions"}],"predecessor-version":[{"id":754,"href":"https:\/\/www.suonpaa.net\/index.php?rest_route=\/wp\/v2\/pages\/678\/revisions\/754"}],"up":[{"embeddable":true,"href":"https:\/\/www.suonpaa.net\/index.php?rest_route=\/wp\/v2\/pages\/750"}],"wp:attachment":[{"href":"https:\/\/www.suonpaa.net\/index.php?rest_route=%2Fwp%2Fv2%2Fmedia&parent=678"}],"curies":[{"name":"wp","href":"https:\/\/api.w.org\/{rel}","templated":true}]}}