{"id":673,"date":"2016-02-29T06:05:32","date_gmt":"2016-02-29T04:05:32","guid":{"rendered":"http:\/\/suonpaa.net\/wordpress\/?page_id=673"},"modified":"2017-08-06T14:17:08","modified_gmt":"2017-08-06T11:17:08","slug":"kisat-2011","status":"publish","type":"page","link":"https:\/\/www.suonpaa.net\/?page_id=673","title":{"rendered":"Kisat 2011"},"content":{"rendered":"<div id=\"pl-673\"  class=\"panel-layout\" ><div id=\"pg-673-0\"  class=\"panel-grid panel-no-style\" ><div id=\"pgc-673-0-0\"  class=\"panel-grid-cell\" ><div id=\"panel-673-0-0-0\" class=\"so-panel widget widget_sow-editor panel-first-child panel-last-child\" data-index=\"0\" ><div\n\t\t\t\n\t\t\tclass=\"so-widget-sow-editor so-widget-sow-editor-base\"\n\t\t\t\n\t\t>\n<div class=\"siteorigin-widget-tinymce textwidget\">\n\t<p><span style=\"text-decoration: underline;\"><b><span style=\"font-size: large;\">Hopon kisakalenteri 2011<\/span><\/b><\/span><\/p>\n<p><a href=\"http:\/\/www.suonpaa.net\/?page_id=4869\">6.11.2011 Jokioinen, 15-64km (22km seura)<\/a><\/p>\n<\/div>\n<\/div><\/div><\/div><div id=\"pgc-673-0-1\"  class=\"panel-grid-cell\" ><div id=\"panel-673-0-1-0\" class=\"so-panel widget widget_sow-editor panel-first-child panel-last-child\" data-index=\"1\" ><div\n\t\t\t\n\t\t\tclass=\"so-widget-sow-editor so-widget-sow-editor-base\"\n\t\t\t\n\t\t>\n<div class=\"siteorigin-widget-tinymce textwidget\">\n\t<p><span style=\"text-decoration: underline;\"><b><span style=\"font-size: large;\">Sellan kisakalenteri 2011<\/span><\/b><\/span><\/p>\n<p><a href=\"http:\/\/www.suonpaa.net\/?page_id=4890\">5.3.2011 J\u00e4ms\u00e4, 15-80km (50km alue)<\/a><\/p>\n<p><a href=\"http:\/\/www.suonpaa.net\/?page_id=4900\">2.4.2011 Vesilahti \/ Narva, CEI 80-160 KV (CEI1* 80km)<\/a><\/p>\n<p><a href=\"http:\/\/www.suonpaa.net\/?page_id=4919\">20-22.5.2011 Kurgj\u00e4rve, CEI 80-120 KV (CEI2* 120km)<\/a><\/p>\n<p><a href=\"http:\/\/www.suonpaa.net\/?page_id=4936\">27.8.2011 J\u00e4ms\u00e4nkoski, SM-Kisat 100km<\/a><\/p>\n<p><a href=\"http:\/\/www.suonpaa.net\/?page_id=4948\">24.9.2011 Punkalaidun, 15-80km (80km alue)<\/a><\/p>\n<p><a href=\"http:\/\/www.suonpaa.net\/?page_id=4964\">15.10.2011 Vesilahti, 15-120km (80km kansallinen)<\/a><\/p>\n<p><a href=\"http:\/\/www.suonpaa.net\/?page_id=4869\">6.11.2011 Jokioinen, 15-64km (22km seura)<\/a><\/p>\n<\/div>\n<\/div><\/div><\/div><div id=\"pgc-673-0-2\"  class=\"panel-grid-cell\" ><div id=\"panel-673-0-2-0\" class=\"so-panel widget widget_sow-editor panel-first-child panel-last-child\" data-index=\"2\" ><div\n\t\t\t\n\t\t\tclass=\"so-widget-sow-editor so-widget-sow-editor-base\"\n\t\t\t\n\t\t>\n<div class=\"siteorigin-widget-tinymce textwidget\">\n\t<p><span style=\"text-decoration: underline;\"><b><span style=\"font-size: large;\">Karin kisakalenteri 2011<\/span><\/b><\/span><\/p>\n<p><a href=\"http:\/\/www.suonpaa.net\/?page_id=4978\">6.8.2011 Liesj\u00e4rvi, 15 - 30 (30km seura)<\/a><\/p>\n<\/div>\n<\/div><\/div><\/div><\/div><div id=\"pg-673-1\"  class=\"panel-grid panel-no-style\" ><div id=\"pgc-673-1-0\"  class=\"panel-grid-cell\" ><div id=\"panel-673-1-0-0\" class=\"so-panel widget widget_sow-editor panel-first-child panel-last-child\" data-index=\"3\" ><div\n\t\t\t\n\t\t\tclass=\"so-widget-sow-editor so-widget-sow-editor-base\"\n\t\t\t\n\t\t>\n<div class=\"siteorigin-widget-tinymce textwidget\">\n\t<p><b><u>Kauden 2011 yhteenveto<\/u><\/b> <\/p>\n<p>Odotukset olivat korkealla ja ihan kaikkiin tavoitteisiin ei p\u00e4\u00e4sty. Oppirahoista varmasti viel\u00e4 puhutaan ja osittain my\u00f6s siit\u00e4, ett\u00e4 Kari ei aina adrenaliinip\u00e4iss\u00e4\u00e4n halua n\u00e4hd\u00e4 ja kuulla j\u00e4rke\u00e4. Toisaalta on tietenkin niin, ett\u00e4 varmistelemalla ei mit\u00e4\u00e4n saa, mutta suuruudenhulluuskaan ei tuloksia tuo. Pit\u00e4isi l\u00f6yt\u00e4\u00e4 jokin balanssi hulluuden ja haastamisen, sek\u00e4 varmistelun v\u00e4lilt\u00e4. <\/p>\n<p>Virossa vedettiin Sella ihan liian tiukkaan paikkaan ja varsinkin, kun selvisi, ett\u00e4 se olikin v\u00e4h\u00e4n kipe\u00e4. T\u00e4m\u00e4 menee silloisen asumisj\u00e4rjestelyn piikkiin ja selvisi meille vasta my\u00f6hemmin, ett\u00e4 tallissa oli sairaita hevosia. SM-kisat olivat tallikuvioiden vuoksi pahassa paikassa ja osittain Karin tarve n\u00e4ytt\u00e4\u00e4, johtui siit\u00e4, ett\u00e4 olimme juuri saaneet tallista h\u00e4\u00e4d\u00f6t. Inhoan sit\u00e4, ett\u00e4 ly\u00f6d\u00e4\u00e4n kateuskortti p\u00f6yt\u00e4\u00e4n, mutta en oikein muuta keksi, kun mietin kuluneen kauden tapahtumia vuokratallissa. On vaan ihan selv\u00e4, ett\u00e4 tuon tyyppiset taustatekij\u00e4t t\u00e4ytyy olla kunnossa, jos pitkilt\u00e4 matkoilta koitetaan suorituksia napsia. Se vaatii tallinpit\u00e4j\u00e4lt\u00e4kin ehk\u00e4 v\u00e4h\u00e4n panostusta ja viitseli\u00e4isyytt\u00e4. <\/p>\n<p>Kun hevosten asumiseen liittyv\u00e4 kriisi saatiin ratkottua ja hevoset p\u00e4\u00e4siv\u00e4t asettumaan uuteen talliinsa, niin asiat alkoivat taas sujua. P\u00e4\u00e4stiin treenaamaan ja rauhoittelemaan tilannetta. Ik\u00e4v\u00e4 kyll\u00e4 Hopo kuittasi hylk\u00e4yksen Kuumasta, joten sen t\u00e4ytyy varmasti viel\u00e4 jotkut kisat kiert\u00e4\u00e4. <\/p>\n<p>Treenikilsoja kertyi Hopolle 1838 ja Sellalle 2249. Kisakilsoja Karille 348 ja Sellalle 314. Ratsukkona olivat km-rankingissa sijalla 5. Ihan ei voida olla tyytyv\u00e4isi\u00e4, mutta mit\u00e4\u00e4n romahdustakaan ei tullut, vaikka turhia ja turhauttavia hylk\u00e4yksi\u00e4 saatiinkin. <\/p>\n<p>Kauden aikana kohdatut vastoink\u00e4ymiset toivottavasti opettivat j\u00e4rkev\u00e4mp\u00e4\u00e4 asennoitumista ja varsinkin Karille sit\u00e4, ett\u00e4 tunteella ei menn\u00e4, vaan p\u00e4\u00e4t\u00f6sten pit\u00e4\u00e4 pohjautua tietoon, kokemukseen ja j\u00e4rkeen. Paljonkin j\u00e4in hampaankoloon ja suoritus 120km:n matkalta uupuu edelleen, joten helppo on asettaa seuraavan kauden tavoitteet. <\/p>\n<p>Vuonna 2012 haetaan 120km:n tulosta. Lis\u00e4ksi tavoitteet ovat FEI-kilpailuissa ja tietenkin NBCH-kilpailuissa, jotka j\u00e4rjestet\u00e4\u00e4n J\u00e4ms\u00e4ss\u00e4. SM-kisoista on saatava tulos. Alkuvuoden Sella treenaa itsekseen enimm\u00e4kseen ja pitk\u00e4\u00e4 kertalenkki\u00e4. Kisoihin l\u00e4hdet\u00e4\u00e4n varmaankin vasta Viroon, sill\u00e4 oma leikkaukseni pit\u00e4\u00e4 minut alkuvuonna kaukana hevosista. On siis hyvin aikaa harjoitella ja keskitty\u00e4 henkisestikin kes\u00e4n koviin kisoihin. <\/p>\n<\/div>\n<\/div><\/div><\/div><\/div><\/div>","protected":false},"excerpt":{"rendered":"<p>Hopon kisakalenteri 2011 6.11.2011 Jokioinen, 15-64km (22km seura) Sellan kisakalenteri 2011 5.3.2011 J\u00e4ms\u00e4, 15-80km (50km alue) 2.4.2011 Vesilahti \/ Narva, CEI 80-160 KV (CEI1* 80km) 20-22.5.2011 Kurgj\u00e4rve, CEI 80-120 KV (CEI2* 120km) 27.8.2011 J\u00e4ms\u00e4nkoski, SM-Kisat 100km 24.9.2011 Punkalaidun, 15-80km (80km alue) 15.10.2011 Vesilahti, 15-120km (80km kansallinen) 6.11.2011 Jokioinen, 15-64km (22km seura) Karin kisakalenteri 2011 6.8.2011 [&hellip;]<\/p>\n","protected":false},"author":3,"featured_media":0,"parent":750,"menu_order":6,"comment_status":"closed","ping_status":"closed","template":"templates\/template-full-notitle.php","meta":{"footnotes":""},"class_list":["post-673","page","type-page","status-publish","hentry","post"],"_links":{"self":[{"href":"https:\/\/www.suonpaa.net\/index.php?rest_route=\/wp\/v2\/pages\/673","targetHints":{"allow":["GET"]}}],"collection":[{"href":"https:\/\/www.suonpaa.net\/index.php?rest_route=\/wp\/v2\/pages"}],"about":[{"href":"https:\/\/www.suonpaa.net\/index.php?rest_route=\/wp\/v2\/types\/page"}],"author":[{"embeddable":true,"href":"https:\/\/www.suonpaa.net\/index.php?rest_route=\/wp\/v2\/users\/3"}],"replies":[{"embeddable":true,"href":"https:\/\/www.suonpaa.net\/index.php?rest_route=%2Fwp%2Fv2%2Fcomments&post=673"}],"version-history":[{"count":30,"href":"https:\/\/www.suonpaa.net\/index.php?rest_route=\/wp\/v2\/pages\/673\/revisions"}],"predecessor-version":[{"id":4982,"href":"https:\/\/www.suonpaa.net\/index.php?rest_route=\/wp\/v2\/pages\/673\/revisions\/4982"}],"up":[{"embeddable":true,"href":"https:\/\/www.suonpaa.net\/index.php?rest_route=\/wp\/v2\/pages\/750"}],"wp:attachment":[{"href":"https:\/\/www.suonpaa.net\/index.php?rest_route=%2Fwp%2Fv2%2Fmedia&parent=673"}],"curies":[{"name":"wp","href":"https:\/\/api.w.org\/{rel}","templated":true}]}}