{"id":663,"date":"2016-02-28T22:54:41","date_gmt":"2016-02-28T20:54:41","guid":{"rendered":"http:\/\/suonpaa.net\/wordpress\/?page_id=663"},"modified":"2018-04-08T11:40:15","modified_gmt":"2018-04-08T08:40:15","slug":"kisat-2013","status":"publish","type":"page","link":"https:\/\/www.suonpaa.net\/?page_id=663","title":{"rendered":"Kisat 2013"},"content":{"rendered":"<div id=\"pl-663\"  class=\"panel-layout\" ><div id=\"pg-663-0\"  class=\"panel-grid panel-no-style\" ><div id=\"pgc-663-0-0\"  class=\"panel-grid-cell panel-grid-cell-mobile-last\" ><div id=\"panel-663-0-0-0\" class=\"so-panel widget widget_sow-editor panel-first-child panel-last-child\" data-index=\"0\" ><div\n\t\t\t\n\t\t\tclass=\"so-widget-sow-editor so-widget-sow-editor-base\"\n\t\t\t\n\t\t>\n<div class=\"siteorigin-widget-tinymce textwidget\">\n\t<p><b><span style=\"font-size: large;\"><u>Karin kisakalenteri 2013<\/u><\/span><\/b> <\/p>\n<p> <s><b>19.1.13<\/b> Vesilahti n.50km<\/s> Henk. koht. pakkasraja.<br \/> <a href=\"http:\/\/www.suonpaa.net\/?page_id=5070\"><b>16.2.13<\/b> Sastamala, \u00c4ets\u00e4, taso 1.1 Nopeus, 84,5km<\/a><br \/> <a href=\"http:\/\/www.suonpaa.net\/?page_id=5081\"><b>9.3.13<\/b> Jokioinen, taso 1.1 Nopeus, 83km<\/a><br \/> <a href=\"http:\/\/www.suonpaa.net\/?page_id=5096\"><b>20-21.4.13<\/b> H\u00e4ssleholm, Vedemaritten CEI1*<\/a><br \/> <a href=\"http:\/\/www.suonpaa.net\/?page_id=5125\"><b>3-5.5.13<\/b> Babolna, HUN CEI1*<\/a><br \/> <a href=\"http:\/\/www.suonpaa.net\/?page_id=5167\"><b>11.5.13<\/b> Sastamala n.45km<\/a><br \/> <a href=\"http:\/\/www.suonpaa.net\/?page_id=5178\"><strong>25.5.13<\/strong> NBCH, EST CEI2*<\/a><br \/> <a href=\"http:\/\/www.suonpaa.net\/?page_id=5192\"><b>29.6.2013<\/b> Sastamala n. 45km<\/a><br \/> <a href=\"http:\/\/www.suonpaa.net\/?page_id=5223\"><b>13.7.13<\/b> Kurtuvenai LTU CEI2*<\/a><br \/> <s><b>20.7.13<\/b> Vesilahti n.70km<\/s> KILPAILUT PERUTTU<br \/> <a href=\"http:\/\/www.suonpaa.net\/?page_id=5242\"><b>10.8.13<\/b> Punkalaidun n. 60-70km<\/a><br \/> <a href=\"http:\/\/www.suonpaa.net\/?page_id=6104\"><b>28.9.13<\/b> Morva, aluemestaruus<\/a><br \/> <a href=\"http:\/\/www.suonpaa.net\/?page_id=6126\"><b>2.11.13<\/b> Jokioinen, taso 2.2, ihanne<\/a><\/p>\n<\/div>\n<\/div><\/div><\/div><div id=\"pgc-663-0-1\"  class=\"panel-grid-cell panel-grid-cell-empty\" ><\/div><\/div><div id=\"pg-663-1\"  class=\"panel-grid panel-no-style\" ><div id=\"pgc-663-1-0\"  class=\"panel-grid-cell\" ><div id=\"panel-663-1-0-0\" class=\"so-panel widget widget_sow-editor panel-first-child panel-last-child\" data-index=\"1\" ><div\n\t\t\t\n\t\t\tclass=\"so-widget-sow-editor so-widget-sow-editor-base\"\n\t\t\t\n\t\t>\n<div class=\"siteorigin-widget-tinymce textwidget\">\n\t<p><b><u>Kauden 2013 tavoitteet<\/u><\/b><\/p>\n<p> ERTF tarvitsee kvaalausapua ja olemme k\u00e4ytett\u00e4viss\u00e4 niin paljon, kuin tarvetta on. Vastineeksi Kari saa kilpailukykyisen hevosen ratsastettavaksi ja kisakaveriksi kauden arvokisoihin. Tavoite on hankkia EM-kvaalit pit\u00e4en silm\u00e4ll\u00e4 seuraavia vuosia, jos alkukausi menee menestyksekk\u00e4\u00e4sti ja suorituksia karttuu, niin kokeilemaan l\u00e4hdet\u00e4\u00e4n jo t\u00e4m\u00e4 vuonna. ERTF:n kanssa tehd\u00e4\u00e4n tiivist\u00e4 yhteisty\u00f6t\u00e4. Samalla haetaan rutiinia ulkomaiden kisoihin. <\/p>\n<p> Valedron tavoite on kvaalautua FEI-tasolle ja matkan varrella osallistua aluemestaruuskilpailuihin. Team Hysterian kanssa jatketaan hyvin alkanutta yhteisty\u00f6t\u00e4. <\/p>\n<p> Sellan tavoite on kuntoutua ja ehk\u00e4 kokeilla loppuvuodesta lyhyit\u00e4 matkoja. Hopon tavoite on pysy\u00e4 virke\u00e4n\u00e4 vaarina. <\/p>\n<p> Heidin tavoite on puuhata komiteassa ja SRL:n ty\u00f6ryhmiss\u00e4 sek\u00e4 toimihenkil\u00f6n\u00e4. Karin tavoite on saada tuomariharjoittelut tehty\u00e4 loppuun.<\/p>\n<p><b><u>Kauden 2013 yhteenveto<\/u><\/b><\/p>\n<p> ERTF:n kanssa tehtiin taas edellisen vuoden kaltaista yhteisty\u00f6t\u00e4. Avialiksen kanssa koettiin mahtavia reissuja, jotka eiv\u00e4t kaikki kilpailullisesti ajateltuna tuottaneet toivottua tulosta, mutta jokainen kisa vei asioita eteenp\u00e4in ja mukavassa paikassa, Haanjassa, Kari ratsasti j\u00e4rkev\u00e4sti, tiimi toimi kuin ajatus ja lopputuloksena saatiin poseerata tyylikk\u00e4in\u00e4 hevosen kanssa ruusuke suitsissa. Pyysimme ruusukkeen itsellemme ja se on muistona t\u00e4m\u00e4n kisakauden parhaasta saavutuksesta. Nina ymm\u00e4rsi hyvin, ett\u00e4 ruusukkeen pyysimme. Alkujaan Karin piti ratsastaa ihan toista hevosta ja toista luokkaa, joten mielenkiintoisella valmistautumisella lopputulos oli aivan loistava. Harmittavasti 120km suoritus j\u00e4i edelleen saavuttamatta. Sen olisivat tarvinneet sek\u00e4 hevonen ett\u00e4 ratsastaja. <\/p>\n<p> Valedron kanssa homma eteni v\u00e4h\u00e4n meid\u00e4n ajatuksia hitaammin, mutta kuitenkin herkkis sai kaudelta suorituksen 70km matkalta ja aluemestaruuskilpailuissa hopea olisi ollut otettavissa ja paremmalla tuurilla arpaonni olisi voinut osua kohdalle. Tanjan on hyv\u00e4 t\u00e4st\u00e4 jatkaa ja siirty\u00e4 v\u00e4hitellen kansallisiin luokkiin kummallakin hevosella. Kari ratsasti my\u00f6s Safeerilla, mutta V on V ja sill\u00e4 tulee aina olemaan erityinen paikka meid\u00e4n syd\u00e4miss\u00e4. <\/p>\n<p> Sellan toipuminen on ollut hidasta ja koko kausi meni sit\u00e4 ihmetelless\u00e4 ja odotellessa. Lokakuun lopulla p\u00e4\u00e4dyttiin siihen, ett\u00e4 otetaan tiimiin uusi karvakorva. Princzis debytoi Kuumassa marraskuun alussa. Kari otti v\u00e4h\u00e4n ominaisuuksista selv\u00e4\u00e4 ja paljoa ei l\u00f6yt\u00e4nyt huomautettavaa, joten Prinssi j\u00e4i meille, mutta joutui luopumaan tittelist\u00e4\u00e4n. Sit\u00e4 kutsutaan nyt aika paljon vaatimattomammin Urhoksi. Vuoden loppu keskityttiin Princziksen totuttamiseen talon tavoille. <\/p>\n<p> Paljon tuli n\u00e4hty\u00e4 ja koettua. Moni asia etenee jo omalla painollaan ja meill\u00e4 on hyv\u00e4t rutiinit, joita pit\u00e4isi vaan noudattaa. V\u00e4h\u00e4n risaista ja riipiv\u00e4\u00e4 on hyp\u00e4t\u00e4 tiimist\u00e4 toiseen ja koittaa sulattaa omat toimintatavat alkuper\u00e4isen porukan toimintatapoihin. Aika hyvin ilman suuria t\u00f6rm\u00e4yksi\u00e4 on p\u00e4rj\u00e4tty kuitenkin. Samalla on tullut pohdittua viel\u00e4kin tarkemmin sit\u00e4, miksi jotkut asiat tehd\u00e4\u00e4n niin kuin ne tehd\u00e4\u00e4n. Nyt on niin paljon reissattu, ett\u00e4 varmaan l\u00e4hivuosina emme niin paljoa ulkomailla matkustele koppi per\u00e4ss\u00e4 tai kisaile kotimaassakaan samassa mittakaavassa. <\/p>\n<p> Ei t\u00e4m\u00e4 hohdokas kausi ollut ja tavoitteista j\u00e4\u00e4tiin paljon, mutta jotain hyv\u00e4\u00e4 kuitenkin ja aina aika kultaa onneksi muistot. Eteenp\u00e4in el\u00e4v\u00e4isen mieli ja mik\u00e4 ei tapa, se vahvistaa.<\/p>\n<\/div>\n<\/div><\/div><\/div><\/div><\/div>","protected":false},"excerpt":{"rendered":"<p>Karin kisakalenteri 2013 19.1.13 Vesilahti n.50km Henk. koht. pakkasraja. 16.2.13 Sastamala, \u00c4ets\u00e4, taso 1.1 Nopeus, 84,5km 9.3.13 Jokioinen, taso 1.1 Nopeus, 83km 20-21.4.13 H\u00e4ssleholm, Vedemaritten CEI1* 3-5.5.13 Babolna, HUN CEI1* 11.5.13 Sastamala n.45km 25.5.13 NBCH, EST CEI2* 29.6.2013 Sastamala n. 45km 13.7.13 Kurtuvenai LTU CEI2* 20.7.13 Vesilahti n.70km KILPAILUT PERUTTU 10.8.13 Punkalaidun n. 60-70km 28.9.13 [&hellip;]<\/p>\n","protected":false},"author":3,"featured_media":0,"parent":750,"menu_order":4,"comment_status":"closed","ping_status":"closed","template":"templates\/template-full-notitle.php","meta":{"footnotes":""},"class_list":["post-663","page","type-page","status-publish","hentry","post"],"_links":{"self":[{"href":"https:\/\/www.suonpaa.net\/index.php?rest_route=\/wp\/v2\/pages\/663","targetHints":{"allow":["GET"]}}],"collection":[{"href":"https:\/\/www.suonpaa.net\/index.php?rest_route=\/wp\/v2\/pages"}],"about":[{"href":"https:\/\/www.suonpaa.net\/index.php?rest_route=\/wp\/v2\/types\/page"}],"author":[{"embeddable":true,"href":"https:\/\/www.suonpaa.net\/index.php?rest_route=\/wp\/v2\/users\/3"}],"replies":[{"embeddable":true,"href":"https:\/\/www.suonpaa.net\/index.php?rest_route=%2Fwp%2Fv2%2Fcomments&post=663"}],"version-history":[{"count":25,"href":"https:\/\/www.suonpaa.net\/index.php?rest_route=\/wp\/v2\/pages\/663\/revisions"}],"predecessor-version":[{"id":6130,"href":"https:\/\/www.suonpaa.net\/index.php?rest_route=\/wp\/v2\/pages\/663\/revisions\/6130"}],"up":[{"embeddable":true,"href":"https:\/\/www.suonpaa.net\/index.php?rest_route=\/wp\/v2\/pages\/750"}],"wp:attachment":[{"href":"https:\/\/www.suonpaa.net\/index.php?rest_route=%2Fwp%2Fv2%2Fmedia&parent=663"}],"curies":[{"name":"wp","href":"https:\/\/api.w.org\/{rel}","templated":true}]}}