{"id":660,"date":"2016-02-28T22:46:26","date_gmt":"2016-02-28T20:46:26","guid":{"rendered":"http:\/\/suonpaa.net\/wordpress\/?page_id=660"},"modified":"2017-08-06T15:21:01","modified_gmt":"2017-08-06T12:21:01","slug":"kisat-2014","status":"publish","type":"page","link":"https:\/\/www.suonpaa.net\/?page_id=660","title":{"rendered":"Kisat 2014"},"content":{"rendered":"<div id=\"pl-660\"  class=\"panel-layout\" ><div id=\"pg-660-0\"  class=\"panel-grid panel-no-style\" ><div id=\"pgc-660-0-0\"  class=\"panel-grid-cell panel-grid-cell-mobile-last\" ><div id=\"panel-660-0-0-0\" class=\"so-panel widget widget_sow-editor panel-first-child panel-last-child\" data-index=\"0\" ><div\n\t\t\t\n\t\t\tclass=\"so-widget-sow-editor so-widget-sow-editor-base\"\n\t\t\t\n\t\t>\n<div class=\"siteorigin-widget-tinymce textwidget\">\n\t<p><b><span style=\"font-size: large;\"><u>Tiimin kisakalenteri 2014<\/u><\/span><\/b><\/p>\n<p><a href=\"http:\/\/www.suonpaa.net\/?page_id=2770\">18.1.14 SuMaRa, Jokioinen, n. 50km<\/a><br \/> <a href=\"http:\/\/www.suonpaa.net\/?page_id=2783\">28-30.3.14 SuMaRa, Jokioinen, CEI 80-120 KV (CEI2* 120km ja CEI1* 80km)<\/a><br \/> <a href=\"http:\/\/www.suonpaa.net\/?page_id=3300\">23.-25.5.14 Haanja, 80 km tai 120km<\/a><br \/> <a href=\"http:\/\/www.suonpaa.net\/?page_id=4994\">9.8.14 SuMaRa, Liesj\u00e4rvi, n. 65km<\/a><br \/> <a href=\"http:\/\/www.suonpaa.net\/?page_id=5011\">6.9.14 Matkalaukka, Aluemestaruus n. 50km<\/a><br \/> <a href=\"http:\/\/www.suonpaa.net\/?page_id=5023\">19-21.9.14 Kurtuvenai, 80km tai 120km<\/a><br \/> <a href=\"http:\/\/www.suonpaa.net\/?page_id=5041\">5.10.14 SuMaRa, Paimio, 81km<\/a><br \/> <a href=\"http:\/\/www.suonpaa.net\/?page_id=5059\">1.11.14 SuMaRa, Kuuma, Halloween, 46km<\/a><\/p>\n<\/div>\n<\/div><\/div><\/div><div id=\"pgc-660-0-1\"  class=\"panel-grid-cell panel-grid-cell-empty\" ><\/div><\/div><div id=\"pg-660-1\"  class=\"panel-grid panel-no-style\" ><div id=\"pgc-660-1-0\"  class=\"panel-grid-cell\" ><div id=\"panel-660-1-0-0\" class=\"so-panel widget widget_sow-editor panel-first-child panel-last-child\" data-index=\"1\" ><div\n\t\t\t\n\t\t\tclass=\"so-widget-sow-editor so-widget-sow-editor-base\"\n\t\t\t\n\t\t>\n<div class=\"siteorigin-widget-tinymce textwidget\">\n\t<p> <b>Kauden 2014 tavoitteet<\/b><\/p>\n<p> <b>Ensisijainen tavoite on saada kisoista hyv\u00e4ksyttyj\u00e4 suorituksia.<\/b> <\/p>\n<p> Princzis'in kanssa edet\u00e4\u00e4n kisa kisalta matkaa ja vauhtia suunnitelmallisesti kasvattaen. Tarkoitus on saada sille noviisikvaalit (2 x 40-79km ja 2 x 80-90km) kasaan kauden kuluessa. <\/p>\n<p> ERTF on my\u00f6s t\u00e4ll\u00e4 kaudella yhteisty\u00f6kumppanina. Ty\u00f6skentely Avialiksen kanssa toivottavasti jatkuu ja mahdollisesti on muutakin kvaalattavaa kauden edetess\u00e4. Ulkomaanreissut tehd\u00e4\u00e4n ERTF:n hevosten kanssa, jos ne toteutuvat. Toivottavasti 120km suoritus vihdoin ja viimein tulee. <\/p>\n<p> Valedro alkaa olla nyt omillaan, mutta jos loppukaudesta apua tarvitaan, niin olemme k\u00e4ytett\u00e4viss\u00e4. <\/p>\n<p> Seljankan kuntoutus jatkuu. Jos jalka ei kev\u00e4\u00e4seen menness\u00e4 ole kunnossa, niin astutetaan tamma. Jos jalka kest\u00e4\u00e4 harjoittelun, niin pieni\u00e4 luokkia menn\u00e4\u00e4n pienen ratsastajan kanssa. <\/p>\n<p> Hopon tavoite on pysy\u00e4 hyv\u00e4ss\u00e4 kunnossa ja sen my\u00f6t\u00e4 terveen\u00e4. Princzis'in kanssa on my\u00f6s pient\u00e4 puuhaa, joka pit\u00e4\u00e4 paapan varmasti virke\u00e4n\u00e4. <\/p>\n<p> Karin tavoite on tehd\u00e4 ehji\u00e4, j\u00e4rkevi\u00e4 kilpailuja ja mahdollisesti toimia tuomarina silloin kun ei itse ole kilpailemassa. Heidin tavoite on jatkaa viel\u00e4 yhden kauden verran matkaratsastuskomitean tiedottajana. Tuomarin ja stewardin teht\u00e4v\u00e4t kiinnostavat my\u00f6s. Yhdess\u00e4, tiimin\u00e4, on tavoite pysty\u00e4 suunnitelmalliseen tekemiseen ja analyyttiseen asioiden k\u00e4sittelyyn, joka toivottavasti jalostaa tekemist\u00e4 ja toimintaa. Erilaista tekemist\u00e4 lajin parissa varmasti riitt\u00e4\u00e4, mutta pyrit\u00e4\u00e4n pit\u00e4m\u00e4\u00e4n oman sidosryhm\u00e4n ulkopuoliset puuhat minimiss\u00e4.<\/p>\n<p><b><u>Kauden 2014 yhteenveto<br \/><\/u><\/b><\/p>\n<p>Urholla olikin aika vaihteleva vuosi. Ensi alkuun oltiin ihan liekeiss\u00e4, ett\u00e4 t\u00e4ss\u00e4 vasta peli. Sitten alettiin ounastella, ett\u00e4 jotain feelua hommassa on ja niinh\u00e4n eriparisuudelle l\u00f6yty\u00e4 vika kaviosta. Oikeastaan ly\u00f6tiin hanskat tiskiin, mutta kun poitsu keikkui vaan kuvioissa mukana, niin Kari p\u00e4\u00e4tti ottaa h\u00e4rk\u00e4\u00e4 sarvista kiinni ja alkoi selvitt\u00e4\u00e4, mit\u00e4 asialle olisi teht\u00e4viss\u00e4. Oppi ei kaatanut ojaan ja Urho loppukaudesta pisteli ihan vakuuttavia tuloksia. KV-kvaalit on viitt\u00e4 vaille valmiit ja bonuksena taskussa SM-kvaalit, jotka tuli oikeastaan yksin ratsastettuna kauden p\u00e4\u00e4tteeksi. Muy bien! <\/p>\n<p> ERTF:n kimpassa oli alkukaudesta j\u00e4rkytt\u00e4vi\u00e4 pettymyksi\u00e4. STRIF oli ihan katastrofi, kun kummaltakin p\u00e4iv\u00e4lt\u00e4 tuli hylk\u00e4ys. \u00c4ij\u00e4 keikkui satulassa l\u00e4hes 200km ja sai palkkioksi k\u00e4ns\u00e4t k\u00e4siin. Onneksi jatko sujui paremmin. Haanjasta jo perinteisesti tulos Avialiksella ja Liettuasta Wierusz:lla saavutettiin vihdoinkin haluttu, janottu, kaivattu ja toivottu tulos 120km:n matkalta. Kisa oli eritt\u00e4in vaikea ja vaiherikas, joten lopputulos oli todella pienen juhlimisen arvoinen. Yteisty\u00f6 loppui v\u00e4h\u00e4n nolosti, kun Kuumassa saatiin aika tulinen kvaalattava ja homma meni niin pieleen kuin vain voi. Ei tulosta ja kausi p\u00e4\u00e4ttyi n\u00e4in ollen hylk\u00e4ykseen. Mutta kuten aiemminkin mainitsin, niin olin tyytyv\u00e4inen, kun kukaan ei loukkaantunut. <\/p>\n<p> Turunen teki hyv\u00e4\u00e4 ty\u00f6t\u00e4 omalla tahollaan ja tyytyv\u00e4isen\u00e4 ja v\u00e4h\u00e4n ylpe\u00e4n\u00e4kin sain seurailla vierest\u00e4. R\u00e4\u00e4p\u00e4le on valmis kv-kisoihin. <\/p>\n<p> Valmennettavien m\u00e4\u00e4r\u00e4 kasvoi loppuvuodesta, joten seurattavia alkoi olla enemm\u00e4nkin. <\/p>\n<p> Sella saatiin paksuksi. Jalka voi hyvin ja on liikutettu kevyesti ja yritet\u00e4\u00e4n liikuttaa ihan loppuun asti. <\/p>\n<p> Hopo on voinut vaihtelevasti. Kaadoin sen kes\u00e4ll\u00e4 ja sen j\u00e4lkeen on ollut kaikkea pient\u00e4. Kevyen kevytt\u00e4 liikutusta pidet\u00e4\u00e4n yll\u00e4 ja ihmetell\u00e4\u00e4n erilaisten hoitomuotojen tehoamista. <\/p>\n<p> Yhteenvetona vuosi j\u00e4\u00e4 plussalle. Paljon on tapahtunut ja onnistumiset ja ep\u00e4onnistumiset ovat seuranneet toinen toistaan tasapainoisesti. Pienin askelin on menty eteenp\u00e4in.<\/p>\n<\/div>\n<\/div><\/div><\/div><\/div><\/div>","protected":false},"excerpt":{"rendered":"<p>Tiimin kisakalenteri 2014 18.1.14 SuMaRa, Jokioinen, n. 50km 28-30.3.14 SuMaRa, Jokioinen, CEI 80-120 KV (CEI2* 120km ja CEI1* 80km) 23.-25.5.14 Haanja, 80 km tai 120km 9.8.14 SuMaRa, Liesj\u00e4rvi, n. 65km 6.9.14 Matkalaukka, Aluemestaruus n. 50km 19-21.9.14 Kurtuvenai, 80km tai 120km 5.10.14 SuMaRa, Paimio, 81km 1.11.14 SuMaRa, Kuuma, Halloween, 46km Kauden 2014 tavoitteet Ensisijainen tavoite on [&hellip;]<\/p>\n","protected":false},"author":3,"featured_media":0,"parent":750,"menu_order":3,"comment_status":"closed","ping_status":"closed","template":"templates\/template-full-notitle.php","meta":{"footnotes":""},"class_list":["post-660","page","type-page","status-publish","hentry","post"],"_links":{"self":[{"href":"https:\/\/www.suonpaa.net\/index.php?rest_route=\/wp\/v2\/pages\/660","targetHints":{"allow":["GET"]}}],"collection":[{"href":"https:\/\/www.suonpaa.net\/index.php?rest_route=\/wp\/v2\/pages"}],"about":[{"href":"https:\/\/www.suonpaa.net\/index.php?rest_route=\/wp\/v2\/types\/page"}],"author":[{"embeddable":true,"href":"https:\/\/www.suonpaa.net\/index.php?rest_route=\/wp\/v2\/users\/3"}],"replies":[{"embeddable":true,"href":"https:\/\/www.suonpaa.net\/index.php?rest_route=%2Fwp%2Fv2%2Fcomments&post=660"}],"version-history":[{"count":16,"href":"https:\/\/www.suonpaa.net\/index.php?rest_route=\/wp\/v2\/pages\/660\/revisions"}],"predecessor-version":[{"id":5063,"href":"https:\/\/www.suonpaa.net\/index.php?rest_route=\/wp\/v2\/pages\/660\/revisions\/5063"}],"up":[{"embeddable":true,"href":"https:\/\/www.suonpaa.net\/index.php?rest_route=\/wp\/v2\/pages\/750"}],"wp:attachment":[{"href":"https:\/\/www.suonpaa.net\/index.php?rest_route=%2Fwp%2Fv2%2Fmedia&parent=660"}],"curies":[{"name":"wp","href":"https:\/\/api.w.org\/{rel}","templated":true}]}}