{"id":6104,"date":"2018-04-08T11:22:57","date_gmt":"2018-04-08T08:22:57","guid":{"rendered":"http:\/\/www.suonpaa.net\/?page_id=6104"},"modified":"2018-04-08T11:30:53","modified_gmt":"2018-04-08T08:30:53","slug":"28-9-13-morva-aluemestaruus","status":"publish","type":"page","link":"https:\/\/www.suonpaa.net\/?page_id=6104","title":{"rendered":"28.9.13 Morva, aluemestaruus"},"content":{"rendered":"<div id=\"pl-6104\"  class=\"panel-layout\" ><div id=\"pg-6104-0\"  class=\"panel-grid panel-no-style\" ><div id=\"pgc-6104-0-0\"  class=\"panel-grid-cell\" ><div id=\"panel-6104-0-0-0\" class=\"so-panel widget widget_sow-editor panel-first-child panel-last-child\" data-index=\"0\" ><div\n\t\t\t\n\t\t\tclass=\"so-widget-sow-editor so-widget-sow-editor-base\"\n\t\t\t\n\t\t>\n<div class=\"siteorigin-widget-tinymce textwidget\">\n\t<p><i>L\u00e4ht\u00f6lista taso 2.3 <\/i><\/p>\n<\/div>\n<\/div><\/div><\/div><div id=\"pgc-6104-0-1\"  class=\"panel-grid-cell\" ><div id=\"panel-6104-0-1-0\" class=\"so-panel widget widget_sow-editor panel-first-child panel-last-child\" data-index=\"1\" ><div\n\t\t\t\n\t\t\tclass=\"so-widget-sow-editor so-widget-sow-editor-base\"\n\t\t\t\n\t\t>\n<div class=\"siteorigin-widget-tinymce textwidget\">\n\t<p><i>Tulokset taso 2.3 <\/i><\/p>\n<\/div>\n<\/div><\/div><\/div><\/div><div id=\"pg-6104-1\"  class=\"panel-grid panel-no-style\" ><div id=\"pgc-6104-1-0\"  class=\"panel-grid-cell\" ><div id=\"panel-6104-1-0-0\" class=\"so-panel widget widget_sow-editor panel-first-child panel-last-child\" data-index=\"2\" ><div\n\t\t\t\n\t\t\tclass=\"so-widget-sow-editor so-widget-sow-editor-base\"\n\t\t\t\n\t\t>\n<div class=\"siteorigin-widget-tinymce textwidget\">\n\t<p><img loading=\"lazy\" decoding=\"async\" class=\"alignleft size-full wp-image-6114\" src=\"http:\/\/www.suonpaa.net\/wp-content\/uploads\/2018\/04\/morva2013_02.jpg\" alt=\"\" width=\"188\" height=\"250\" \/>P\u00e4\u00e4dyttiin siihen, ett\u00e4 l\u00e4hdettiin liikkeelle vasta lauantaina. Saatiin nukkua omassa s\u00e4ngyss\u00e4 ja ihan riitt\u00e4v\u00e4t tunnit, her\u00e4tys oli vasta viiden pintaan ja puolelta olimme jo l\u00e4ht\u00f6kuopissa, sill\u00e4 kamat oli kannettu P\u00f6s\u00f6\u00f6n jo illalla. Ei mit\u00e4\u00e4n suuri tunteita ja ihan rauhallisella fiiliksell\u00e4 l\u00e4hdettiin ajelemaan. Hiottiin viel\u00e4 taktiikkaa. Ajatus oli, ett\u00e4 Per\u00e4l\u00e4n per\u00e4\u00e4n ja sitten oikeastaan jo ennen taukoa karistetaan muut kyydist\u00e4.<\/p>\n<p>Tanjalla oli jokseenkin riitt\u00e4v\u00e4sti puuhaa hevosten kanssa aamulla ja ehdittiin taas jo hetki teputella Morvassa tennaria tatamiin ennen kuin traikku ja asuntoauto ilmaantuivat n\u00e4k\u00f6piiriin. Eip\u00e4 muuta, kuin pollet talutukseen ja Tanja juoksi hoitelemaan kansliak\u00e4ynti\u00e4. Sitten Kari ja Tanja veiv\u00e4t hevoset tarkastukseen. V\u00e4h\u00e4n yll\u00e4tt\u00e4en Safeerin liike oli beet\u00e4 ja Valedrokin sai huomautuksen, ett\u00e4 nen\u00e4ss\u00e4 on r\u00e4k\u00e4\u00e4.... okkeeiiii.... syke oli Vallulla my\u00f6s pikkaisen yl\u00e4kanttiin (48), joten se oli jonkin verran kierroksilla. Min\u00e4 menin kuuntelemaan reittiselostusta. Ei mit\u00e4\u00e4n ihmeit\u00e4 ollut tiedossa. Tiukasti nuolitetut reitit, yksi mahdollinen reik\u00e4 ja lukuisa m\u00e4\u00e4r\u00e4 ylikulkuja ja alikulkuja sek\u00e4 m\u00e4ki\u00e4 pirusti. Ei mit\u00e4\u00e4n sellaista, mist\u00e4 pit\u00e4isi olla huolissaan.<\/p>\n<p>Saatiin hevoset mukavasti valmiiksi tiukasta aikataulusta huolimatta. Tanja pysyi yll\u00e4tt\u00e4v\u00e4n hyvin nahoissaan ja keskittyi ihan meid\u00e4n oman tiimin tekemisiin.\u00a0<\/p>\n<p>&nbsp;<\/p>\n<p><img loading=\"lazy\" decoding=\"async\" class=\"alignleft size-full wp-image-6113\" src=\"http:\/\/www.suonpaa.net\/wp-content\/uploads\/2018\/04\/morva2013_01.jpg\" alt=\"\" width=\"250\" height=\"186\" \/><\/p>\n<p>Sykemittaritkin saatiin kiinni ja kuolaimet suuhun. Karin selk\u00e4\u00e4nnousu oli hivenen vauhdikas, mutta kukaan ei j\u00e4\u00e4nyt alle ja ohjailin ratsukot aika nopeasti liukkaalta ja\u00a0<\/p>\n<p>pett\u00e4v\u00e4lt\u00e4 pellolta kovemmalle alustalle. Tekiv\u00e4tkin j\u00e4rkev\u00e4n liikkeen ja tekiv\u00e4t kunniakierroksen Morvan pihapiirin ymp\u00e4ri. Kun tulivat taas n\u00e4kyviin, niin Valedrokin vaikutti j\u00e4lleen selv\u00e4p\u00e4iselt\u00e4. Kipittelin kantamaan v\u00e4h\u00e4n vesi\u00e4 ja tongin Turusen loimivarastoja siin\u00e4 samalla, kun kytt\u00e4ilin kelloa. Kun l\u00e4ht\u00f6\u00f6n oli reilu 5 min aikaa, niin k\u00e4velin ensimm\u00e4isen pienen alikulun luo ja j\u00e4in v\u00e4ijyyn kamerani kanssa. Eip\u00e4 aikaakaan, niin koko konkkaronkka (7 ratsukkoa) kopsutteli oli. Osalla oli pienoisia vaikeuksia pit\u00e4\u00e4 ratsu hanskassa ja osalla oli pienoisia vaikeuksia pysy\u00e4 vauhdissa mukana. Tanjalla oli aika tiukka ilme, mutta ihan oli ratsastaja juonessa mukana. Oltiin v\u00e4h\u00e4n Mickelssonien kanssa jo ehditty puhua, ett\u00e4 pit\u00e4isik\u00f6h\u00e4n laittaa Tanjalle teippi suuhun ja Kari m\u00e4\u00e4r\u00e4isi vauhdin sek\u00e4 suunnan. <\/p>\n<p>Eka huolto oli sovittu kympin kohtaan. Jotain koomailin kartan kanssa ja l\u00e4hdettiin pieni pyr\u00e4hdys v\u00e4\u00e4r\u00e4\u00e4n suuntaan ja eik\u00f6 saatu letkakin per\u00e4\u00e4n. Kiertoajelua siis. Kun paikka l\u00f6ytyi, niin otettiin oma kolkkamme. En oikein suosi noita yhteishuoltopisteit\u00e4 ja ihan jo taktisestikin on j\u00e4rkev\u00e4mp\u00e4\u00e4 kahden oman ratsukon kanssa huoltaa v\u00e4h\u00e4n muualla, kuin muut. Tulivat kympin paikkaan 37 minuutissa. Eli keskinopeus oli 16,22 km\/h. V\u00e4h\u00e4n varoittelin, ett\u00e4 vauhti on kohtalaisen reipasta. Samalla ihmettelin, ett\u00e4 on se nyt kumma, ett\u00e4 koko k\u00f6\u00f6ri oli edelleen kasassa. Kyll\u00e4 ajatus oli, ett\u00e4 tuossa kohtaa ratsukoita olisi nipussa en\u00e4\u00e4 kolme. Eip\u00e4 mit\u00e4\u00e4n. 3-4 min huolto ja matka jatkui.<\/p>\n<p><img loading=\"lazy\" decoding=\"async\" class=\"alignleft size-full wp-image-6112\" src=\"http:\/\/www.suonpaa.net\/wp-content\/uploads\/2018\/04\/morva2013_03.jpg\" alt=\"\" width=\"250\" height=\"186\" \/>Seuraava huolto otettiin 18 km:n kohtaa. Koko huoltoletka p\u00e4\u00e4tyi samaan paikkaan. Hetki siin\u00e4 ehdittiin vaihtaa ajatuksia, kunnes horisontista n\u00e4kyi ratsukkolauma, kuin karjapaimenet konsanaan rintamarivist\u00f6ss\u00e4. Hauskan n\u00e4k\u00f6ist\u00e4 ja tulivat ihan reippaasti. Saavuttivat huoltopisteen ajassa 57 minuuttia. Tarkoitti sit\u00e4, ett\u00e4 vauhti oli entisest\u00e4\u00e4n kiristynyt ja ei vaan porukka alkanut harventua. Valto v\u00e4h\u00e4n h\u00f6rpp\u00e4si melassivett\u00e4. Hivenen kyselin sykkeiden per\u00e4\u00e4n, mutta olivat hyv\u00e4ss\u00e4 haarukassa. Tanjakin oli pysynyt rauhallisena, kun sai seurailla sykkeit\u00e4. Sovittiin, ett\u00e4 emme huolla en\u00e4\u00e4, vaan suuntaamme Morvaan. Siell\u00e4 oli hyvin aikaa laittaa paikat valmiiksi. <\/p>\n<p>Ennen kuin 2 tuntia oli t\u00e4ynn\u00e4, tulivat ratsukot tauolle 31 km:n taipaleeltaan. Yksi oli j\u00e4tt\u00e4ytynyt joukosta kauemmas, mutta muut 6 olivat yhten\u00e4 rypp\u00e4\u00e4n\u00e4. T\u00e4ss\u00e4 tehtiin eka ihan selke\u00e4 virhe. Mutainen pelto olisi pit\u00e4nyt ratsastaa perille asti, mutta Tanja ja Kari p\u00e4\u00e4ttiv\u00e4t taluttaa. T\u00e4ss\u00e4 antoivat 5 minuuttia muille eteen. Sen verran pidemp\u00e4\u00e4n meni, ennen kuin saatiin hevoset tarkastuskuntoon. Sykkeet olivat reippaasti alle, joten nopeamminkin olisi voinut menn\u00e4. Jotain ihmeellist\u00e4 kr\u00e4n\u00e4\u00e4 saatiin aikaiseksi ekan tauon aikana. Kari k\u00e4ytt\u00e4ytyi, kuin olisi v\u00e4hint\u00e4\u00e4n MM-kisasta kyse ja toisella perhekunnalla oli jotain j\u00e4senten v\u00e4list\u00e4 pient\u00e4 neuvonpitoa. Tauko meni nopeasti. Valto sai kuivumisesta beet\u00e4 ja Safeer edelleen liikkeest\u00e4. Molemmat s\u00f6iv\u00e4t tauolla sen, mink\u00e4 ehtiv\u00e4t ja herkkuja tungettiin suuhun. Aika nopeasti oli aika taas satuloida. T\u00e4ll\u00e4 kertaa Kari p\u00e4\u00e4si selk\u00e4\u00e4n helposti ja olivatkin valmiina l\u00e4ht\u00f6\u00f6n 5 minuuttia ennen l\u00e4ht\u00f6lupaa. Annoin viel\u00e4 viimeiset porkkanat ja ajatukset siit\u00e4, ett\u00e4 mielet\u00f6nt\u00e4 vauhtia ei tarvitse l\u00e4hte\u00e4, koska etujoukkojen on pakko hidastaa, sill\u00e4 kukaan ei saa tulla maaliin ennen kuin viisarit ovat asennossa 14:08. <\/p>\n<p>Ihan mielett\u00f6m\u00e4n hitaasti eiv\u00e4t liikkeelle l\u00e4hteneet. Reitti oli ensimm\u00e4iset 4 km tuttua hevosillekin ja sen johdosta p\u00e4\u00e4 veti kummallakin hyvin. Ennen kuin 3 km oli edetty, tulivat karkulaiset selk\u00e4 edell\u00e4 vastaan. Kari oli katsonut jokaisen kurvin ja mutkan tarkkaan ja miettinyt sopivat ajolinjat. Tarkoitus oli joko p\u00e4\u00e4st\u00e4 matkan aikana irti tavalla tai toisella tai ainakin varmistaa, ett\u00e4 tulevat ensimm\u00e4isin\u00e4 maaliin. Tanja ei ollut ihan aina jyv\u00e4ll\u00e4, miten oli tarkoitus edet\u00e4, mutta kulki hyvin mukana ja luotti Karin ohjeisiin.<\/p>\n<p><img loading=\"lazy\" decoding=\"async\" class=\"alignleft size-full wp-image-6111\" src=\"http:\/\/www.suonpaa.net\/wp-content\/uploads\/2018\/04\/morva2013_04.jpg\" alt=\"\" width=\"188\" height=\"250\" \/>Eka huolto oli taas kympin kohdalla ja tarkoitus oli, ett\u00e4 siin\u00e4 porukka on taas kasassa. Ja olikin. Eriytettiin huoltoa v\u00e4h\u00e4n ja saatiin oma rauhamme. Valto joi ja se oli hyv\u00e4. Olivat tulleet fiksusti n. 13km\/h. Hevoset olivat varsin tuoreita ja tehtiin pikainen suunnitelmanmuutos, ett\u00e4 huolletaan toisenkin kerran n. 16 km:n kohdalla. Keskinopeutta oli hilattu eteenp\u00e4in ja nyt kulkivat jo 14km\/h vauhtia. Saatiin hyvin pakkaa sekoitettua, kun otettiin huolto taas toiseen kohtaan. Valedro joi taas hyvin. Sykkeet olivat kohdillaan. Muistutin viel\u00e4 ett\u00e4 maaliin ei saa tulla liian aikaisin. Halukkaasti l\u00e4htiv\u00e4t hevoset jatkamaan matkaa.<\/p>\n<p>Viel\u00e4 yrittiv\u00e4t viimeisten kilsojen aikana p\u00e4\u00e4st\u00e4 irti. Ja ohuen ohut kaula olikin saavutettu, mutta voi S\u00e4mpy\u00e4! Kun nelj\u00e4nnen kerran olivat menossa samasta alikulusta, niin se l\u00f6i jarrut kiinni. Siin\u00e4 ei kauaa mennyt, mutta juuri sopivasti sen verran, ett\u00e4 muu porukka p\u00e4\u00e4si taas kantaan. Se oli sitten aika lailla siin\u00e4. Maaliin oli en\u00e4\u00e4 kilometri matkaa. Karilla oli kuitenkin selv\u00e4, ruotsalaisilta opittu, taktiikka varmistaa maaliintuloj\u00e4rjestys. Tanja ei kuitenkaan ollut ihan hereill\u00e4 ja K\u00e4k\u00f6nen p\u00e4\u00e4si livahtamaan ohi. N\u00e4iss\u00e4 kinkereiss\u00e4 ei tuloj\u00e4rjestyksell\u00e4 juhlittu, mutta tulevaisuuden varalta on t\u00e4rke\u00e4 osata sekin, miten porukka pidet\u00e4\u00e4n takana. Mieleen tuli muutaman vuoden takainen mestaruus, jolloin maalisuoralla huudettiin, ett\u00e4 ei saa ohittaa, tai en pysty pit\u00e4m\u00e4\u00e4n hevostani. T\u00e4h\u00e4n ei kuitenkaan syyllistytty. Ohi tullaan, jos tullaan, mutta helpoksi sit\u00e4 ei tarvitse kenellek\u00e4\u00e4n tehd\u00e4.<\/p>\n<p>Valedro palautui hyvin. Taas piti ensin tarpoa se hemmetin pelto, ett\u00e4 p\u00e4\u00e4stiin palauttelemaan. Sen verta t\u00e4ytyy sanoa, ett\u00e4 jos n\u00e4it\u00e4 ihanneaikakilpailuja j\u00e4rjestet\u00e4\u00e4n, niin k\u00e4yt\u00e4nn\u00f6ss\u00e4 pit\u00e4isi olla mahdollisuus saada tuotua hevonen\u00a0<\/p>\n<p><img loading=\"lazy\" decoding=\"async\" class=\"alignleft size-full wp-image-6110\" src=\"http:\/\/www.suonpaa.net\/wp-content\/uploads\/2018\/04\/morva2013_05.jpg\" alt=\"\" width=\"250\" height=\"186\" \/><\/p>\n<p>tarkastukseen alta minuutin. N\u00e4in pitkill\u00e4 siirtymill\u00e4 se ei ole mahdollista. V\u00e4h\u00e4n taas sykkeet pomppivat, mutta n. 9 minuutin kohdalla Valto oli valmis ja syke tuolloin 60, joten v\u00e4h\u00e4n liian kauan odoteltiin, mutta toivottiin S\u00e4mpy\u00e4 samaan aaltoon ja muutenkin Kari alkoi empi\u00e4 ja muistella vuoden takaista hylk\u00e4yst\u00e4, kun syke oli jo enemm\u00e4nkin kuin kohdillaan, mutta vieraan ihmisen kopeloidessa se pompsahti. T\u00e4m\u00e4 on kyll\u00e4 huono piirre, mutta inhimillist\u00e4 tietenkin, ett\u00e4 kriittisell\u00e4 hetkell\u00e4 ajatukset karkaavat jonnekin vanhoihin ep\u00e4onnistumisiin. Henkist\u00e4 kovuutta ei siis meill\u00e4k\u00e4\u00e4n ole riitt\u00e4v\u00e4sti. Tai kyky\u00e4 nollata kaikki mennyt ja tuleva pois mielest\u00e4 ja keskitty\u00e4 vain hetkeen, jossa olemme. <\/p>\n<p>S\u00e4mpyn kanssa odottelimme viel\u00e4 muutaman minuutin ja sitten mentiin. Kari n\u00e4ytti jo peukkua ja j\u00e4i odottelemaan juoksutusta. Katsoin sen ja totesin, ett\u00e4 mit\u00e4\u00e4n huomautettavaa ei ole. S\u00e4mpy juoksi omalla tyylill\u00e4\u00e4n ja siit\u00e4h\u00e4n oli rokotettu jo alusta asti. Yritin k\u00e4yd\u00e4 kurkkimassa tarkastuspapareita. Ymm\u00e4rr\u00e4n, ett\u00e4 on kiire, mutta jotenkin koen niin, ett\u00e4 tiedot pit\u00e4isi olla heti saatavilla. Luulin n\u00e4hneeni, ett\u00e4 Valedrolla oli kaikki aata ja S\u00e4mpyll\u00e4 kuivuminen beet\u00e4. Olimme kovasti mieliss\u00e4mme. Hevoset ylittiv\u00e4t itsens\u00e4. Taktiikka ei pit\u00e4nyt, kun ei vaan saatu porukkaa hajotettua. Mutta sill\u00e4 ei ollut niin suurta merkityst\u00e4. Harvoin on n\u00e4in kovatasoista mestaruuskisaa n\u00e4hty ja t\u00e4st\u00e4 on selv\u00e4sti viisi ratsukkoa valmiina siirtym\u00e4\u00e4n kansalliselle tasolle. Jos Morvassa tekee tuloksen keskinopeudella 14,8 km\/h, niin ei ole mit\u00e4\u00e4n syyt\u00e4 jatkaa kisaamista n. 50 km ihanneluokissa. Kylm\u00e4\u00e4 oli kyyti sille tiimille, joka oli ekaa kertaa kokeilemassa kyseist\u00e4 matkaa.<\/p>\n<p><img loading=\"lazy\" decoding=\"async\" class=\"alignleft size-full wp-image-6109\" src=\"http:\/\/www.suonpaa.net\/wp-content\/uploads\/2018\/04\/morva2013_06.jpg\" alt=\"\" width=\"250\" height=\"186\" \/>Pettymys luonnollisesti oli se, ett\u00e4 mitalipaikoille ei p\u00e4\u00e4sty. Tuuletuskuvia ei tarvinnut t\u00e4ll\u00e4 kertaa alkaa ottamaan. Ei ollut aihetta. Mahtavaa on, ett\u00e4 aluemestaruuskisa on ponnahduslauta nuorille ja tuoreille ratsukoille ja ehdottomasti suon mitalit niille, joille ne kaulaan ripustettiin. Tosin mielest\u00e4ni sijoja ei pit\u00e4isi jakaa, vaan tasapisteiss\u00e4 maaliintuloj\u00e4rjestyksen pit\u00e4isi ratkaista, niin kuin muistan jostain lukeneenikin. Nyt on mahkuja s\u00e4\u00e4nt\u00f6muutosehdotuksia tehd\u00e4 ja t\u00e4t\u00e4 aion ainakin ehdottaa. Pisteytyskin vaatii rukaamista. Pit\u00e4isi pisteytt\u00e4\u00e4 vain asioita, jotka ovat konkreettisesti mitattavissa. Lopuksi selvisi sekin, ett\u00e4 Valedro oli saanut liikeest\u00e4 lopputarkastuksessa beet\u00e4 ja Safeer ceet\u00e4. Aika uskomatonta. Ymm\u00e4rr\u00e4n sen, ett\u00e4 el\u00e4inl\u00e4\u00e4k\u00e4rill\u00e4 on paineet saada ratsukoihin eroja, mutta eih\u00e4n se ihan reilulta tunnu. Kilpailu oli kuitenkin mit\u00e4 mainioin. Jokainen tiimi teki t\u00f6it\u00e4 tosissaan ja vauhtia pidettiin yll\u00e4. N\u00e4m\u00e4 jos mitk\u00e4 viev\u00e4t lajia eteenp\u00e4in. Morva on loistava paikka j\u00e4rjest\u00e4\u00e4 kisoja ja maastot mahtavat. Kenenk\u00e4\u00e4n en kuullut valittavan. Toivottavasti Morva pysyy kisakalenterissa ja toivottavasti kisaajat l\u00f6yt\u00e4v\u00e4t sinne jatkossa entist\u00e4 sankemmin joukoin.<\/p>\n<p>Meid\u00e4n kausi p\u00e4\u00e4ttyi t\u00e4h\u00e4n. V\u00e4hitellen on aika vet\u00e4\u00e4 vuotta nippuun ja suunnitella uutta.<\/p>\n<\/div>\n<\/div><\/div><\/div><\/div><\/div>","protected":false},"excerpt":{"rendered":"<p>L\u00e4ht\u00f6lista taso 2.3 Tulokset taso 2.3 P\u00e4\u00e4dyttiin siihen, ett\u00e4 l\u00e4hdettiin liikkeelle vasta lauantaina. Saatiin nukkua omassa s\u00e4ngyss\u00e4 ja ihan riitt\u00e4v\u00e4t tunnit, her\u00e4tys oli vasta viiden pintaan ja puolelta olimme jo l\u00e4ht\u00f6kuopissa, sill\u00e4 kamat oli kannettu P\u00f6s\u00f6\u00f6n jo illalla. Ei mit\u00e4\u00e4n suuri tunteita ja ihan rauhallisella fiiliksell\u00e4 l\u00e4hdettiin ajelemaan. Hiottiin viel\u00e4 taktiikkaa. Ajatus oli, ett\u00e4 Per\u00e4l\u00e4n [&hellip;]<\/p>\n","protected":false},"author":3,"featured_media":0,"parent":663,"menu_order":10,"comment_status":"closed","ping_status":"closed","template":"templates\/template-full.php","meta":{"footnotes":""},"class_list":["post-6104","page","type-page","status-publish","hentry","post"],"_links":{"self":[{"href":"https:\/\/www.suonpaa.net\/index.php?rest_route=\/wp\/v2\/pages\/6104","targetHints":{"allow":["GET"]}}],"collection":[{"href":"https:\/\/www.suonpaa.net\/index.php?rest_route=\/wp\/v2\/pages"}],"about":[{"href":"https:\/\/www.suonpaa.net\/index.php?rest_route=\/wp\/v2\/types\/page"}],"author":[{"embeddable":true,"href":"https:\/\/www.suonpaa.net\/index.php?rest_route=\/wp\/v2\/users\/3"}],"replies":[{"embeddable":true,"href":"https:\/\/www.suonpaa.net\/index.php?rest_route=%2Fwp%2Fv2%2Fcomments&post=6104"}],"version-history":[{"count":12,"href":"https:\/\/www.suonpaa.net\/index.php?rest_route=\/wp\/v2\/pages\/6104\/revisions"}],"predecessor-version":[{"id":6124,"href":"https:\/\/www.suonpaa.net\/index.php?rest_route=\/wp\/v2\/pages\/6104\/revisions\/6124"}],"up":[{"embeddable":true,"href":"https:\/\/www.suonpaa.net\/index.php?rest_route=\/wp\/v2\/pages\/663"}],"wp:attachment":[{"href":"https:\/\/www.suonpaa.net\/index.php?rest_route=%2Fwp%2Fv2%2Fmedia&parent=6104"}],"curies":[{"name":"wp","href":"https:\/\/api.w.org\/{rel}","templated":true}]}}