{"id":5635,"date":"2017-11-05T09:28:14","date_gmt":"2017-11-05T07:28:14","guid":{"rendered":"http:\/\/www.suonpaa.net\/?page_id=5635"},"modified":"2017-11-05T13:39:14","modified_gmt":"2017-11-05T11:39:14","slug":"14-10-2017-stewardina-urjalassa-tasot-1-3","status":"publish","type":"page","link":"https:\/\/www.suonpaa.net\/?page_id=5635","title":{"rendered":"14.10.2017  Urjala, tasot 1-3 (Stew)"},"content":{"rendered":"<p>Eine pyyteli stewardiksi jo aikaa sitten ja l\u00e4ht\u00f6kohtaisesti l\u00e4hden aina liikkeelle, kun pyydet\u00e4\u00e4n. Varsinkin kun pienemm\u00e4t seurat apua pyyt\u00e4v\u00e4t, niin yrit\u00e4n sit\u00e4 tarjota. Muutenkin olen sit\u00e4 mielt\u00e4, ett\u00e4 muutaman kerran vuodessa pit\u00e4isi jokaisen olla my\u00f6s toimihenkil\u00f6in\u00e4. Se helpottaisi j\u00e4rjest\u00e4jien taakkaa ja takaisi sen, ett\u00e4 kisoja yleens\u00e4 j\u00e4rjestet\u00e4\u00e4n. Vaikka miten p\u00e4in asiaa tarkastelisi, niin kisoja ei saa aikaiseksi ilman kymment\u00e4 aktiivia vapaaehtoista ja lisenssitoimarit siihen viel\u00e4 p\u00e4\u00e4lle.<\/p>\n<p>Nelj\u00e4lt\u00e4 yl\u00f6s ja puoli viiden hujakoilla l\u00e4hdin liikkeelle. Motarin p\u00e4tk\u00e4 menikin vauhdikkaasti, mutta lopun kiemurat v\u00e4h\u00e4n hidastivat vauhtia. Olin kuitenkin paikalla sovitusti enne puolta seitsem\u00e4\u00e4. Porukkaa alkoi olla kasassa, mutta v\u00e4h\u00e4n itmettelimme, kun luokan 1 ratsukoista ei ollut ilmaantunut kuin puolet. Totesin puoliksi vitsin\u00e4, ett\u00e4 ehk\u00e4 kaikki eiv\u00e4t ole huomanneet l\u00e4ht\u00f6aikojen aikaistuneen.<\/p>\n<p>Luokka l\u00e4hetettiin matkaan ja kaksi viimeist\u00e4 ratsukkoakin enn\u00e4tti samaan aaltoon, vaikka saapuivat pelipaikalle ehk\u00e4 20 minuuttia aikaisemmin. Siin\u00e4 saa jo toimia varsin ripe\u00e4sti ja verkatkin j\u00e4iv\u00e4t aika v\u00e4h\u00e4isiksi. Minttu ja Rita olivat my\u00f6s starttaajien joukossa ja onneksi hyviss\u00e4 ajoin paikalla valmistelemassa kisaa.<\/p>\n<p><img loading=\"lazy\" decoding=\"async\" class=\"alignleft size-medium wp-image-5640\" src=\"http:\/\/www.suonpaa.net\/wp-content\/uploads\/2017\/11\/Urjalan-aamu-17-375x281.jpg\" alt=\"\" width=\"375\" height=\"281\" srcset=\"https:\/\/www.suonpaa.net\/wp-content\/uploads\/2017\/11\/Urjalan-aamu-17-375x281.jpg 375w, https:\/\/www.suonpaa.net\/wp-content\/uploads\/2017\/11\/Urjalan-aamu-17.jpg 960w\" sizes=\"auto, (max-width: 375px) 100vw, 375px\" \/>Aamu oli kaunis, joskin v\u00e4h\u00e4n viile\u00e4, mutta niinh\u00e4n siin\u00e4 k\u00e4vi ett\u00e4 ennen kymment\u00e4 alkoi tihutella vett\u00e4 ja sade jatkui ihan kisan loppuun asti. Saappaat ja sadetakki olivat oikein oivat varusteet. Jos jotain hyv\u00e4\u00e4 halusi asiassa n\u00e4hd\u00e4, niin ainakin oli happirikas ilman ja hevosia ei tarvinnut viilent\u00e4\u00e4 reitill\u00e4.<\/p>\n<p>Kun seuraavan luoka l\u00e4ht\u00f6 alkoi olla ajankohtainen, niin paikalla oli ainoastaan yksi osallistuja. Mietittiin taas porukalla, ett\u00e4 voisiko olla niin, ett\u00e4 ihmiset eiv\u00e4t ole lukenee kilpailijatiedotetta. Ihan koeluontoisesti l\u00e4hdettiin soittelemaan ihmisille ja niinh\u00e4n siin\u00e4 oli k\u00e4ynyt, ett\u00e4 tiedote oli useammalla lukematta ja n\u00e4in ollen l\u00e4ht\u00f6aikojen aikaistaminen ei ollut suurimmalla osalla kisaajista tiedossa. T\u00e4ytyy todeta, ett\u00e4 t\u00e4st\u00e4 seikasta olin aika yll\u00e4ttynyt. Muutama toimihenkil\u00f6kollega tiesi kertoa, ett\u00e4 suuntaus on nyky\u00e4\u00e4n t\u00e4m\u00e4. Ilmoittautumiset hoidetaan ihan viimeisill\u00e4 minuuteilla, tiedotteita ei lueta, reittiselostukseen ei tulla jne. Aika ik\u00e4v\u00e4 ilmi\u00f6. Vaikka kilpailija on ehdottomasti j\u00e4rjest\u00e4j\u00e4m n\u00e4k\u00f6vinkkelist\u00e4 asiakas, niin toki asiakkaallakin on tiettyj\u00e4 velvollisuuksia.<\/p>\n<p>Muutenkin tilanne on lipsahtanut tosi oudoksi. J\u00e4rjest\u00e4v\u00e4t tahot pelk\u00e4\u00e4v\u00e4t paskamyrsky\u00e4, joka l\u00e4hes jokaista kilpailua seuraa, toimihenkil\u00f6t arkailevat tehd\u00e4 p\u00e4\u00e4t\u00f6ksi\u00e4 ja puuttua asioihin, koska pel\u00e4t\u00e4\u00e4n valituksia ynn\u00e4 muuta, ynn\u00e4 muuta. Vaikka kilpailupaikoilla henki on aina ainakin n\u00e4enn\u00e4isesti hyv\u00e4 niin kyll\u00e4 pinnan alla mielett\u00f6m\u00e4sti kuohuu. Skarppaamista olisi jokaisella tasolla.<\/p>\n<p>Tason 2 luokat olivat aika pieni\u00e4, jote ne saatiin helposti liikkeelle. Ell oli j\u00e4lleen mielet\u00f6m\u00e4n hidas. Harmittaa se, ett\u00e4 perehdytyksess\u00e4 ei korosteta nopeutta. Jos ell ymm\u00e4rt\u00e4\u00e4\u00e4 lajin luonteen, niin h\u00e4n varmasti kykenee tarvittavat tutkimukset suorittamaan varsin nopeasti. T\u00e4ll\u00e4 kertaa ell halusi tehd\u00e4 Ridgewayn testin kaikille hevosille kaikissa tarkastuksissa. Seh\u00e4n on ihan ok, mutta jos tarkastusportti ruuhkaantuu, niin ei ehk\u00e4 tarpeellista. Lis\u00e4ksi h\u00e4n kyll\u00e4 tulkitsi testin tulosta v\u00e4h\u00e4n erikoisesti, koska oli kommentoinut ratsastajalle, ett\u00e4 sykkeen pysyess\u00e4 samana ensimm\u00e4isess\u00e4 ja toisessa mittauksessa, niin on kyll\u00e4 huono juttu.<\/p>\n<p>Muutama ensikertalainen taisi olla mukana ja toiminta v\u00e4h\u00e4n sen mukaista. Eik\u00e4 siimn\u00e4 mit\u00e4\u00e4n, mutta kun v\u00e4h\u00e4n ohjeistun nuoria neitokaisia, niin sain osakseni niskan nakkelua. Se pit\u00e4isi my\u00f6s opettaa alkeiskursseilla ja muilla, ett\u00e4 mit\u00e4 ikin\u00e4 toimihenkil\u00f6t sanovat tai ohjeistavat, niin sanomiten otetaan asiallisesti vastaan, kiitet\u00e4\u00e4n ja yritet\u00e4\u00e4n parantaa omaa toimintaa. Se kai kuitenkin on esimerkiksi selv\u00e4, ett\u00e4 tarkastusalueelle ei crockseissa menn\u00e4.<\/p>\n<p>Hevosia tuli ja me<img loading=\"lazy\" decoding=\"async\" class=\"alignleft size-medium wp-image-5573\" src=\"http:\/\/www.suonpaa.net\/wp-content\/uploads\/2017\/10\/Likat-tuulettaa-288x375.jpg\" alt=\"\" width=\"288\" height=\"375\" srcset=\"https:\/\/www.suonpaa.net\/wp-content\/uploads\/2017\/10\/Likat-tuulettaa-288x375.jpg 288w, https:\/\/www.suonpaa.net\/wp-content\/uploads\/2017\/10\/Likat-tuulettaa.jpg 736w\" sizes=\"auto, (max-width: 288px) 100vw, 288px\" \/>ni ja tarkastuksessa ei ilmeisesti ilmennyt mit\u00e4\u00e4n syyt\u00e4 yht\u00e4\u00e4n hevosta hyl\u00e4t\u00e4. Seh\u00e4n on aina kiva, mutta aika l\u00f6yh\u00e4ll\u00e4 arvosteluasteikolla liikett\u00e4 kuitenkin arveltiin. Nopeudet olivat melko reippaita ja kosteat kohdat s\u00f6iv\u00e4t kenki\u00e4. Muuta draamaa ei tainnut olla. Kukaan ei eksynyt, pudonnut, kaatunut tai mit\u00e4\u00e4n muutakaan erikoista. Kisa eteni jouhevasti ja meill\u00e4 oli v\u00e4h\u00e4n tuuriakin siin\u00e4 suhteessa, ett\u00e4 luokat saapuivat tarkastukseen sopivissa aikaikkunoissa niin suuria ruuhkia ei p\u00e4\u00e4ssyt syntym\u00e4\u00e4n.<\/p>\n<p>Kun ensimm\u00e4inen luokka oli valmis, niin toimistossa syntyi pient\u00e4 paniikkia. Aikoja ei oltukaan sy\u00f6tetty suoraan taulukkoon ja taulukon toimivuuskin oli j\u00e4\u00e4nyt tsekkaamatta, mutta tilanne ratkesi nopeasti ja luokat saatiin siedett\u00e4v\u00e4n odotteluajan j\u00e4lkeen jaettua. Tasolla 1 oli paljon kisaajia ja iloisia ilmeit\u00e4 tietenkin jokaisella, kun hyv\u00e4ksytty tulos nasahti plakkariin.<\/p>\n<p>Luokka 1 jakoit etenemist\u00e4\u00e4n ja viimeiselle lenkille l\u00e4hti viisi ratsukkoa. Minttu joutui v\u00e4h\u00e4n hidastelemaan, sill\u00e4 ei saanut tulla maaliin ennen tietty\u00e4 aikarajaa, koska tavoitteli alle 16 km\/h tulosta varmistaakseen kolmannen\u00a0 vaadittavan kvaalin. Nuori ratsastaja ratsasti fiksusti ja rauhallisesti. Aikamarginaalia taisi olla kolme minuuttia. Saana ja Sara h\u00e4\u00e4riv\u00e4t huoltajina ja homma toimi ihan mielett\u00f6m\u00e4n hyvin.<\/p>\n<p>Rita halusi ottaa varman p\u00e4\u00e4lle ja rauhoitti viimeisen lenkin kokonaisuudessaan. Hevosta tymp\u00e4isi kiert\u00e4\u00e4 samaa lenkki\u00e4 kolmatta kertaa, joten sekin v\u00e4h\u00e4n hidasti tahtia. Mutta maalilinjan ylittiv\u00e4t hyv\u00e4voimaisina, painelivat Mintun ja Rollen tavoin l\u00e4hes suoraan tarkkiin ja kuittasivat hyv\u00e4ksytyn suorituksen. Ratsukolla on nyt noviisikvaalit kasassa ja voivat alkaa suunnitella kv-debyytti\u00e4.<\/p>\n<p>Tuomaristo teki p\u00e4\u00e4t\u00f6ksen, ett\u00e4 palkinnot jaetaan, vaikka yksi ratsukko oli viel\u00e4 reitill\u00e4. Ensimm\u00e4isen maaliintulosta oli jo tunti ja keli oli ik\u00e4v\u00e4n kolea. Ratsukot p\u00e4\u00e4siv\u00e4t kotimatkalle. Viimeinen maalintulija palkittiin heti hyv\u00e4ksytyn tarkastuksen j\u00e4lkeen ja v\u00e4hitellen me toimihenkil\u00f6tkin p\u00e4\u00e4simme kotimatkalle. Hyviss\u00e4 ajoin olin kotona ja ilta huipentui kisapitzaan, niin kuin asiaan kuuluu. Juttelin viel\u00e4 illalla Ritan ja Mintun kanssa ja tyytyv\u00e4isi\u00e4 nuoria ratsastajia oli kummassakin leiriss\u00e4.<\/p>\n","protected":false},"excerpt":{"rendered":"<p>Eine pyyteli stewardiksi jo aikaa sitten ja l\u00e4ht\u00f6kohtaisesti l\u00e4hden aina liikkeelle, kun pyydet\u00e4\u00e4n. Varsinkin kun pienemm\u00e4t seurat apua pyyt\u00e4v\u00e4t, niin yrit\u00e4n sit\u00e4 tarjota. Muutenkin olen sit\u00e4 mielt\u00e4, ett\u00e4 muutaman kerran vuodessa pit\u00e4isi jokaisen olla my\u00f6s toimihenkil\u00f6in\u00e4. Se helpottaisi j\u00e4rjest\u00e4jien taakkaa ja takaisi sen, ett\u00e4 kisoja yleens\u00e4 j\u00e4rjestet\u00e4\u00e4n. Vaikka miten p\u00e4in asiaa tarkastelisi, niin kisoja ei [&hellip;]<\/p>\n","protected":false},"author":3,"featured_media":0,"parent":4430,"menu_order":7,"comment_status":"closed","ping_status":"closed","template":"templates\/template-full.php","meta":{"footnotes":""},"class_list":["post-5635","page","type-page","status-publish","hentry","post"],"_links":{"self":[{"href":"https:\/\/www.suonpaa.net\/index.php?rest_route=\/wp\/v2\/pages\/5635","targetHints":{"allow":["GET"]}}],"collection":[{"href":"https:\/\/www.suonpaa.net\/index.php?rest_route=\/wp\/v2\/pages"}],"about":[{"href":"https:\/\/www.suonpaa.net\/index.php?rest_route=\/wp\/v2\/types\/page"}],"author":[{"embeddable":true,"href":"https:\/\/www.suonpaa.net\/index.php?rest_route=\/wp\/v2\/users\/3"}],"replies":[{"embeddable":true,"href":"https:\/\/www.suonpaa.net\/index.php?rest_route=%2Fwp%2Fv2%2Fcomments&post=5635"}],"version-history":[{"count":5,"href":"https:\/\/www.suonpaa.net\/index.php?rest_route=\/wp\/v2\/pages\/5635\/revisions"}],"predecessor-version":[{"id":5643,"href":"https:\/\/www.suonpaa.net\/index.php?rest_route=\/wp\/v2\/pages\/5635\/revisions\/5643"}],"up":[{"embeddable":true,"href":"https:\/\/www.suonpaa.net\/index.php?rest_route=\/wp\/v2\/pages\/4430"}],"wp:attachment":[{"href":"https:\/\/www.suonpaa.net\/index.php?rest_route=%2Fwp%2Fv2%2Fmedia&parent=5635"}],"curies":[{"name":"wp","href":"https:\/\/api.w.org\/{rel}","templated":true}]}}