{"id":5192,"date":"2017-08-06T21:43:25","date_gmt":"2017-08-06T18:43:25","guid":{"rendered":"http:\/\/www.suonpaa.net\/?page_id=5192"},"modified":"2017-08-06T21:53:31","modified_gmt":"2017-08-06T18:53:31","slug":"29-6-13-sastamala-karkku","status":"publish","type":"page","link":"https:\/\/www.suonpaa.net\/?page_id=5192","title":{"rendered":"29.6.13 Sastamala, Karkku"},"content":{"rendered":"<div id=\"pl-5192\"  class=\"panel-layout\" ><div id=\"pg-5192-0\"  class=\"panel-grid panel-no-style\" ><div id=\"pgc-5192-0-0\"  class=\"panel-grid-cell\" ><div id=\"panel-5192-0-0-0\" class=\"so-panel widget widget_sow-editor panel-first-child panel-last-child\" data-index=\"0\" ><div\n\t\t\t\n\t\t\tclass=\"so-widget-sow-editor so-widget-sow-editor-base\"\n\t\t\t\n\t\t>\n<div class=\"siteorigin-widget-tinymce textwidget\">\n\t<p><i>L\u00e4ht\u00f6lista, taso 2.3 <\/i><\/p>\n<\/div>\n<\/div><\/div><\/div><div id=\"pgc-5192-0-1\"  class=\"panel-grid-cell\" ><div id=\"panel-5192-0-1-0\" class=\"so-panel widget widget_sow-editor panel-first-child panel-last-child\" data-index=\"1\" ><div\n\t\t\t\n\t\t\tclass=\"so-widget-sow-editor so-widget-sow-editor-base\"\n\t\t\t\n\t\t>\n<div class=\"siteorigin-widget-tinymce textwidget\">\n\t<p><i>Tulokset, taso 2.3 <\/i><\/p>\n<p>1. Tanja Turunen (RieRat) \u2013 Kuvaharjun Valedro ox 37,66 pist. (12,33 km\/h)<br \/>2. Kari K\u00e4rkk\u00e4inen (RieRat) \u2013 GR Safeer DE ox 37,66 pist. (12,33 km\/h)<br \/>3. Anne Per\u00e4l\u00e4 (RieRat) \u2013 Millionfield's Roadrunner 37,04 pist. (12,02 km\/h)<\/p>\n<p>HYV. Tara Repo (SuMaRa) \u2013 Zodina 12,02 km\/h<br \/>HYV. Maria-Katariina Rahkala (MySeRa) \u2013 Hispano LV 12,01 km\/h<br \/>HYV. Jaana P\u00e4iv\u00e4ranta (SuMaRa) \u2013 Merlin the Magician 11,63 km\/h<br \/>HYV. Emma Siuvo (PIRMA) \u2013 El Sahram 11,63 km\/h<br \/>HYV. Liza Aura (TRS) \u2013 Prizilla 11,07 km\/h<br \/>HYV. Kirsi Oittinen (GWR) \u2013 Ruk Rotrico ox 11,07 km\/h<br \/><i>KESK. Sissi K\u00e4hk\u00f6nen (SuMaRa) \u2013 Apris Shake ox<\/i><\/p>\n<\/div>\n<\/div><\/div><\/div><\/div><div id=\"pg-5192-1\"  class=\"panel-grid panel-no-style\" ><div id=\"pgc-5192-1-0\"  class=\"panel-grid-cell\" ><div id=\"panel-5192-1-0-0\" class=\"so-panel widget widget_sow-editor panel-first-child panel-last-child\" data-index=\"2\" ><div\n\t\t\t\n\t\t\tclass=\"so-widget-sow-editor so-widget-sow-editor-base\"\n\t\t\t\n\t\t>\n<div class=\"siteorigin-widget-tinymce textwidget\">\n\t<p>Raottelin ensimm\u00e4isen kerran silmi\u00e4ni jo viidelt\u00e4 ja ajattelin, ett\u00e4 voisin ehk\u00e4 viel\u00e4 tunnin nukkua. N\u00e4in ei kuitenkaan ollut, vaan 5:30 Kari tuli jo t\u00f6nim\u00e4\u00e4n yl\u00f6s ja oli kuulemma suonut itsellens\u00e4 puolikkaan kupposen kahvia. Se oli juotu ja oli syyt\u00e4 l\u00e4hte\u00e4 liikkeelle. Blueskyl\u00e4 oli valmiudessa ottamaan vieraansa vastaan, mutta me k\u00e4\u00e4nnyimmekin ihan toiseen suuntaan. Aurinko paisteli sen verran, ett\u00e4 aurinkolasit sai kaivaa p\u00e4\u00e4h\u00e4n. Hyvink\u00e4\u00e4ll\u00e4 tuttuun tapaan tankattiin Tebikalla ja m\u00e4 hain meille s\u00e4mpyl\u00e4t ja limut. Kuviot olivat aika selv\u00e4t. Tarkoitus olisi hakea sellainen paikka ratsastaa, ett\u00e4 saisivat olla kesken\u00e4\u00e4n. Huollot olisi helpompi j\u00e4rjest\u00e4\u00e4 ja ratsastajat saisivat keskitty\u00e4 ihan vaan omaan tekemiseens\u00e4.<\/p>\n<p><img decoding=\"async\" class=\"alignleft\" src=\"http:\/\/www.suonpaa.net\/wp-content\/uploads\/2017\/08\/karkku_2013_02.jpg\" \/>Kun m\u00e4\u00e4r\u00e4np\u00e4\u00e4 alkoi l\u00e4hesty\u00e4, niin alkoi my\u00f6s sade. L\u00e4mmint\u00e4 oli kuitenkin n. 20 astetta, joten kosteus ei vaikuttaisi mihink\u00e4\u00e4n mitenk\u00e4\u00e4n, paitsi ehk\u00e4 siihen, ett\u00e4 kasteluun tottumattomat saisivat kastelua suoraan taivaalta. Matka eteni joutuisasta ja oltiinkin paikalla jo puolitoista tuntia ennen starttia. Aika poikkeuksellista. Meit\u00e4 v\u00e4sytti ihan kamalasti ja ajateltiinkin, ett\u00e4 voitaisiin ehk\u00e4 ottaa puolen tunnin tirsat. Tanja torppasi aikeet, sill\u00e4 h\u00e4n laittoi viesti\u00e4 olevansa 5 minuutin p\u00e4\u00e4st\u00e4 kohteessa. Oltiin v\u00e4h\u00e4n ehditty paikkoja katsella, ennen kuin tutut ajopelit tulivat n\u00e4k\u00f6piiriin. Kerrankin oli ruhtinaallisesti aikaa. Tanja ja Kari l\u00e4htiv\u00e4t toimistoon. Me pidettiin Pablon kanssa hevosille seuraa. Tanja oli ne jo aamulla siistinyt ja niill\u00e4 oli kisasuitset valmiina p\u00e4\u00e4ss\u00e4, joten asiat eteniv\u00e4t oikein mukavasti. Kun hevoset otettiin ulos, niin saivat v\u00e4h\u00e4n jaloitella. Min\u00e4 l\u00e4hdin reittiselostukseen ja ratsastajat alkutarkastukseen.<\/p>\n<p>Tarkastuksessa kaikki oli erinomaisesti. Molemmilla kaikki kohteet aata ja k\u00e4ytt\u00e4ytyiv\u00e4t asiallisesti. Reittiselostus oli v\u00e4h\u00e4n hidas, mutta asiat k\u00e4ytiin perinpohjaisesti l\u00e4pi. Muutama mutakko, joissa keng\u00e4t voisivat irrota, useampi junarataan liittyv\u00e4 juttu, yli ja ali ja vieress\u00e4. Ajattelin, ett\u00e4 niihin kannattaa menn\u00e4 v\u00e4ijyyn. Kerroin ajatukseni my\u00f6s molemmille huolto-Mikoille. Mikat jakoivat n\u00e4kemykseni ja todettiin, ett\u00e4 varmaan aika samoissa paikoissa huolletaan. Reittimestari varoitti m\u00e4kisest\u00e4 maastosta. Kun anti oli annettu, niin kiirehdin pit\u00e4m\u00e4\u00e4n oman tiimin reittiselostusta. Samalla aloitettiin jo satulointi. Tuolloin saapui Sissi paikalle ja huuteli vapaita apuk\u00e4si\u00e4. Ei tietenk\u00e4\u00e4n kell\u00e4\u00e4n ollut niit\u00e4 antaa, mutta Team Repoketun Mika auttoi kuitenkin. Kari hypp\u00e4si Safeerin selk\u00e4\u00e4n ja aloitti hoputtamisensa. Tanja kehonkieli kertoi hienoisesta hermostumisesta. Muakin alkoi j\u00e4nnitt\u00e4\u00e4 ja\u00a0<\/p>\n<p><img decoding=\"async\" class=\"alignleft\" src=\"http:\/\/www.suonpaa.net\/wp-content\/uploads\/2017\/08\/karkku_2013_03.jpg\" \/><\/p>\n<p>yritin pysy\u00e4 kauempana. Siin\u00e4 meni ehk\u00e4 5 minuuttia, kun vaaka\u00a0keinui puoleen jos toiseenkin. Piti jo v\u00e4h\u00e4n talutella ja siirty\u00e4 toiseen paikkaan. Mutta niin vain Turtsa v\u00e4\u00e4nsi itsens\u00e4 selk\u00e4\u00e4n. Valto otti muutaman ripe\u00e4mm\u00e4n askeleen, mutta se oli sitten siin\u00e4. Tanjan kasvoille helk\u00e4hti helpottunut hymy. Ei tehty t\u00e4st\u00e4 suurta numeroa, mutta hyv\u00e4lt\u00e4 tuntui meist\u00e4 kaikista nelj\u00e4st\u00e4.<\/p>\n<p>Ehtiv\u00e4t mukavasti verkata ja koska reitti oli auki, niin k\u00e4viv\u00e4t katsomassa lenkin ekat metrit. Helpottaa aina hevosia, kun eiv\u00e4t sukella suureen tuntemattomaan. Oli puhuttu, ett\u00e4 enenev\u00e4t vikana tai ekana, mutta kahdestaan. Sovittiin, ett\u00e4 me j\u00e4\u00e4mme traikkuparkin tuntumaan ja otamme muutaman kuvan, kun l\u00e4htev\u00e4t ja suoriutuvat kahdestaan l\u00e4ht\u00f6tilanteesta. N\u00e4in k\u00e4vikin. L\u00e4ht\u00f6lupa tuli ja ihan v\u00e4litt\u00f6m\u00e4sti ei kukaan l\u00e4htenyt liikkeelle. Ehk\u00e4 pelk\u00e4siv\u00e4t Team Hysterian man\u00f6\u00f6verej\u00e4 ja antoivat v\u00e4h\u00e4n tilaa. N\u00e4in ollen Kari otti annetun tilan ja l\u00e4htiv\u00e4t ensimm\u00e4isin\u00e4 liikkeelle. Sovittu oli, ett\u00e4 n. 13km\/h olisi hyv\u00e4 vauhti. T\u00e4t\u00e4 l\u00e4htiv\u00e4t pit\u00e4m\u00e4\u00e4n yll\u00e4. Hevoset toimivat j\u00e4rkev\u00e4sti.\u00a0<\/p>\n<p>\u00a0<\/p>\n<p><img decoding=\"async\" class=\"alignleft\" src=\"http:\/\/www.suonpaa.net\/wp-content\/uploads\/2017\/08\/karkku_2013_04.jpg\" \/><\/p>\n<p>Selv\u00e4sti niill\u00e4 alkaa olla rutiinia touhuun, joten asioita on tehty oikein, vaikkakin sitkeytt\u00e4 se on vaatinut.<\/p>\n<p>Ajettiin parkkiin mutaosion p\u00e4\u00e4h\u00e4n. Haluttiin vain tarkistaa, ett\u00e4 kaikki on ok ja annettiin kokeeksi pienet pullot vett\u00e4. Molemmat saivat tilkat vett\u00e4 selk\u00e4\u00e4ns\u00e4. Eiv\u00e4t tyk\u00e4nneet siit\u00e4 hyv\u00e4\u00e4, mutta eiv\u00e4t pahaakaan. Parin minuutin kaula oli nyk\u00e4isty t\u00e4ss\u00e4 vaiheessa ja olimme asiasta tyytyv\u00e4isi\u00e4. Annoin v\u00e4liaikatiedot, kun ohitimme ratsukot ja samalla kerroin, ett\u00e4 otetaan oikea huolto parin kilsan p\u00e4\u00e4h\u00e4n, kun ovat alittamassa rataa. Kun n\u00e4imme Pablon kanssa alituksen, niin totesimme, ett\u00e4 se nyt ei ole paha ollenkaan. Alue oli niin laaja, ett\u00e4 tuskin hevoset edes ymm\u00e4rt\u00e4isiv\u00e4t sit\u00e4 sen kummemmin alitukseksi. Jos juna tulisi, nii tilanne saattaisi olla toinen, mutta ihan sellaisenaan ei tulisi aiheuttamaan suuria tunteita. Eik\u00e4 aiheuttanut. H\u00f6lk\u00e4ll\u00e4 tulivat l\u00e4pi. Tehtiin nopea huolto. Kumpikaan ei juonut, omppua ja porkkanaa meni ja pienet sidukkapullot annettiin taas huuteluun. Matkaa huoltoon oli ollut aika tarkkaan 5km ja aikaa olivat k\u00e4ytt\u00e4neet n. 24 minuuttia, joten kulkivat n. 12km\/h vauhtia. Oikein hyv\u00e4. Ker\u00e4ttiin pullot pois ja l\u00e4hdettiin jatkamaan matkaa. Pient\u00e4 ep\u00e4tietoisuutta oli ollut reittimerkkien v\u00e4rist\u00e4, mutta onneksi Jenni ja Sanna opastivat oikealle reitille. Yritin soittaa Tanjalle per\u00e4\u00e4n, ett\u00e4 oikeaan suuntaan l\u00e4htiv\u00e4t, mutta puhelin\u00a0<\/p>\n<p><img decoding=\"async\" class=\"alignleft\" src=\"http:\/\/www.suonpaa.net\/wp-content\/uploads\/2017\/08\/karkku_2013_05.jpg\" \/><\/p>\n<p>oli\u00a0tietenkin \u00e4\u00e4nett\u00f6m\u00e4tt\u00e4. Ajattelin vaan, ett\u00e4 eiv\u00e4t ala turhaan h\u00f6tkyill\u00e4, jos muita ei n\u00e4y, eik\u00e4 huoltojakaan.<\/p>\n<p>Me ajelimme v\u00e4h\u00e4n isompaa v\u00e4yl\u00e4\u00e4 pitkin ja ratsukot pitiv\u00e4t tahollaan hyv\u00e4\u00e4 vauhtia yll\u00e4. Seuraava huolto oli n. 14km kohdalla ja tulivat siihen tuntiin. Juoma ei maistunut, mutta ker\u00e4\u00e4m\u00e4ni massiiviset voikukanlehdet maistuivat, kuten my\u00f6s omenat ja porkkanat. Kun huolto alkoi olla lopuillaan, niin Repoketun huolto ajoi ohi. Kari siit\u00e4 tietenkin h\u00e4t\u00e4\u00e4ntyi, ett\u00e4 nyt on sitten jo kiire, kun muut ovat kannassa. Ottivat huuhtelupullot. Karille sain annettua jo 1,5 litran putilon ja vesi saatiin elikon niskaan. Takajoukkoon ero oli 4 minuuttia ja se on jo t\u00e4m\u00e4n luokan kisoissa aika hyv\u00e4 ero, jos pit\u00e4\u00e4 tasavauhtia alusta loppuun. Ei siis mit\u00e4\u00e4n huolta tai h\u00e4mminki\u00e4, ett\u00e4 saisivat seuraa ja s\u00e4hl\u00e4ily alkaisi.<\/p>\n<p>Ajettiin seuraavaan radan alitukseen. Samalla annoin tiedot takajoukon etenemisest\u00e4. Toinenkin alitus oli lelli, joten ei muuta, kuin pikainen huolto ja matka jatkui. Viel\u00e4 ehdittiin ennen taukoa tehd\u00e4 t\u00e4yden varustelutason huolto. N\u00e4htiin kuitenkin, ett\u00e4 kakkoslenkin ylitys saattaa olla haastava. Keltaisen tiimin Mika oli todennut samaa. J\u00e4imme j\u00e4nnityksell\u00e4 odottamaan tulevaan. Ajeltiin ihan reippaasti kilpailukeskukseen ja kannettiin maalilinjan tuntumaan pari \u00e4mp\u00e4rillist\u00e4 vett\u00e4. Tarkoitus kuitenkin oli, ett\u00e4 hevoset saadaan suoraan tarkastukseen. Kaukaa alkoi jo kuulua Karin komentojenjako. Antoi tiukkoja ohjeita Tanjalle, miten toimitaan. Papatus huvitti meit\u00e4 kaikkia maalipaikalla odottavia. Kun maalilinja ylittyi, niin ratsastajat hypp\u00e4siv\u00e4t alas ja taluteltiin hevosia hiljakseen kohti vet gatea. Sykkeet olivat kohdillaan kummallakin heti. 55 taisi olla omassa mittauksessa S\u00e4mpyll\u00e4 ja 54 Valtolla. L\u00e4hdettiin jatkamaan matkaa. Toppuuttelin k\u00e4velem\u00e4\u00e4n hitaammin, sill\u00e4 tarkastukseen ment\u00e4ess\u00e4 oli ihan pienen pieni yl\u00e4m\u00e4ki. Tanja ei meinannut totella. Tarkastukseen mentiin samalla minuutilla, mutta muutama sekka taisi olla v\u00e4li\u00e4. Hoidettiin homma niin, ett\u00e4 Valto oli ekana. Tietenkin. Valedron syke oli 56 ja kaikki kohteet A. Se lorotteli miehekk\u00e4\u00e4sti isot kuset el\u00e4inl\u00e4\u00e4k\u00e4rin kintuille tarkastuksen kest\u00e4ess\u00e4. Safeerin syke v\u00e4h\u00e4n nyk\u00e4isi ja olikin 60, mutta kaikki kohteet A. Hoidettiin tarkastuskin ihan tyylikk\u00e4\u00e4sti, joten t\u00e4ll\u00e4 kertaa ei t\u00e4h\u00e4n menness\u00e4 oltu saatu mit\u00e4\u00e4n h\u00e4ss\u00e4kk\u00e4\u00e4 aikaiseksi. Ihan rauhassa palailtiin traikun kylkeen ruokkimaan hevosia.<\/p>\n<p>Pidettiin pieni tiimipalaveri ja pohdittiin seuraavan lenkin taktiikkaa. Mun silm\u00e4\u00e4n S\u00e4mpy oli juoksutuksessa v\u00e4h\u00e4n j\u00e4ykk\u00e4. Tanjan mielest\u00e4 kyse oli vain normaalista konkkelehtimisesta. Sit\u00e4 pit\u00e4isi juoksuttaa nopeammin. P\u00e4\u00e4tettiin sitten Karin kanssa, ett\u00e4 annan sille v\u00e4h\u00e4n vauhtia. Sovittiin my\u00f6s, ett\u00e4 samaa vauhtia jatketaan. 12-13 km\/h tuntuisi olevan riitt\u00e4v\u00e4 nopeus siihen, ett\u00e4 hevoset palautuvat suoraan ja saataisiin Valedro ensimm\u00e4isen\u00e4 maalilinjan yli. Puoli tuntia meni nopeasti. Hevoset s\u00f6iv\u00e4t hyvin. Pablo muisti, ett\u00e4 tokalla lenkill\u00e4 laitetaan Vallulle \u00e4mp\u00e4ri maahan.<\/p>\n<p><img decoding=\"async\" class=\"alignleft\" src=\"http:\/\/www.suonpaa.net\/wp-content\/uploads\/2017\/08\/karkku_2013_06.jpg\" \/>Tanja v\u00e4h\u00e4n taas hermoili selk\u00e4\u00e4nnousua, mutta se meni edelt\u00e4j\u00e4\u00e4ns\u00e4kin paremmin. V\u00e4h\u00e4n jouduttiin hoputtamaan ja olemaan tiukkana, ett\u00e4 l\u00e4hd\u00f6st\u00e4 ei vaan my\u00f6h\u00e4styt\u00e4. Se ei kerta kaikkiaan k\u00e4y pirtaan. Tanja kun jotenkin hermostuu, niin h\u00e4n my\u00f6s hidastuu. Toisaalta kest\u00e4\u00e4 kuitenkin pient\u00e4 painostamista. Ainakin pikkaisen vieraammilta ihmisilt\u00e4 ja sit\u00e4 rajakohtaahan t\u00e4ss\u00e4 koko ajan haetaan, ett\u00e4 koska sanoo, ett\u00e4 nyt hiljaa ja h\u00e4n tekee, mit\u00e4 haluaa. Toistaiseksi on viel\u00e4 taipunut kohtalaisen hyvin ja murtumisia ei ole tapahtunut.<\/p>\n<p>Aloittivat toisen lenkin ihan aavistuksen verran rauhallisemmin, jos eka lenkki eteni keskinopeudella 13km\/h, niin nyt olivat 12km\/h vauhdissa. Olimme sillalla odottamassa ja laskeskelin saapumisaikoja. Aika tarkkaan tulivat siihen. Hevoset tekiv\u00e4t sillan alkuun yhden stopin. Kari alkoi heti \u00e4rist\u00e4. Valedro homma kuitenkin otti haltuun ja kuuppa py\u00f6rien tuli sillasta yli. Sitten huollettiin. Kumpikin v\u00e4h\u00e4n joi ja S\u00e4mpy oli juonut my\u00f6s jostain muualta. Kumpikin sai ison vesiastian huuhteluun. Selostin Pablolle, ett\u00e4 kaksipuolinen pullo olisi parempi, kun ei tarvitsisi valuvaa vett\u00e4 v\u00e4istell\u00e4 ja venkoilla, kun sit\u00e4 tulisi symmetrisesti. ja helpompaahan se on ratsastajallekin.<\/p>\n<p>J\u00e4\u00e4tiin odottelemaan seuraavaa ryhm\u00e4\u00e4, sill\u00e4 ajattelin, ett\u00e4 silta saattaa antaa mahdollisuuden mestariotoksiin. Ei antanut. Roope tuli rutiinilla sillasta yli, niin kuin ei olisi edes huomannut sen olemassaoloa. Aika uljasta. Anne v\u00e4h\u00e4n nauraen kyselikin, ett\u00e4 odottelimmeko draamaa ja my\u00f6nsin v\u00e4h\u00e4n odottaneeni. Sitten meill\u00e4 ei en\u00e4\u00e4 ollutkaan aikaa j\u00e4\u00e4d\u00e4 odottelemaan seuraavia, vaan oli kiire\u00a0<\/p>\n<p><img decoding=\"async\" class=\"alignleft\" src=\"http:\/\/www.suonpaa.net\/wp-content\/uploads\/2017\/08\/karkku_2013_07.jpg\" \/><\/p>\n<p>seuraavaan paikkaan. Pablo pisteli aika vauhdilla ja ehdiittiin paikalle juuri ja juuri, ennen kuin ratsukot saapuivat. Tarjosimme viel\u00e4 yhdet isot huuhtelupullot. Kari sen otti ja k\u00e4ytti, Tanjalle ei saatu pulloa annettua. V ei tahtonut. Samalla sain annettua tiedon, ett\u00e4 takaa tullaan lujaa.<\/p>\n<p>Toinen lenkki oli varmasti henkisesti Tanjalle rankka. Kari hoputti koko ajan ja pakotti vaatimaan hevosia v\u00e4h\u00e4n yli niiden mukavuusalueen. Eli ihan joka kerta, kun hevonen ehdottaa k\u00e4ynti\u00e4, ei siihen siirryt\u00e4. Tanja yritti pist\u00e4\u00e4 hanttiin ja h\u00e4nen olonsa oli varmasti ep\u00e4mukavampi kuin hevosten. Kun saivat tiedon, ett\u00e4 takajoukko ottaa kiinni, niin se oli Tanjan mielest\u00e4 ihan ok. Kari sanoi, ett\u00e4 ei miss\u00e4\u00e4n tapauksessa ole ok, vaan Valedro vied\u00e4\u00e4n nyt ensimm\u00e4isen\u00e4 maaliin. Joten pikkaisen joutuivat loppua kohden kirraamaan, ett\u00e4 takaa ei pyyhk\u00e4ist\u00e4 ohi.<\/p>\n<p>Olimme tehneet v\u00e4h\u00e4n huoltopaikan suhteen muutoksia ja j\u00e4timme Lantikan samaan paikkaan, miss\u00e4 muutkin palauttelivat ennen tarkastusta. Heti maalilinjan j\u00e4lkeen annoin kummallekin yhden mehukatillisen vett\u00e4. S\u00e4mpy otti sen vastaan ympyr\u00e4\u00e4 juosten, mutta Kari antoi juosta. Kylm\u00e4n viile\u00e4sti valutti niskaan ja hevonen py\u00f6ri v\u00e4kk\u00e4r\u00e4n\u00e4 ympyr\u00e4\u00e4. Lopuksi \u00e4ij\u00e4 viel\u00e4 heitti t\u00f6nik\u00e4n suoraan mua p\u00e4in. Herrasmies. Tanja kaatoi kauniisti ja ojensi putelin suoraan mulle k\u00e4teen. T\u00e4ss\u00e4 on n\u00e4iden kahden ero! Satulat otettiin pois ja sykkeet oli heti kohdillaan. Nyt ihan hiipim\u00e4ll\u00e4 mentiin loiva yl\u00e4m\u00e4ki tarkastukseen. Valedro ilmoitettiin ensin ja muutama sekka my\u00f6hemmin S\u00e4mpy. Syke Valedrolla 56 ja Safeerilla 52! Aivan erinomaista. Kummallakin kaikki arviointikohteen arvioitiin kirjaimena A. Annoin v\u00e4h\u00e4n vauhtia juoksutukseen ja Heikki tuomarina antoi v\u00e4litt\u00f6m\u00e4n palautteen, mutta totesi, ett\u00e4 mit\u00e4\u00e4n laitonta ei tapahtunut ja hymyili veitikkamaisesti p\u00e4\u00e4lle. Kun lopettelimme tarkastusta, niin palautumisalueella k\u00e4vi kuhina. Juosten siell\u00e4 liikuttiin, mutta meid\u00e4n osalta suoritus oli jo tehty.<\/p>\n<p>Kyll\u00e4 lopussa taas halailtiin. Onneksi Riitta ei ollut en\u00e4\u00e4 paikalla. Olisi oksentanut, sill\u00e4 jo ekan lenkin j\u00e4lkeen k\u00e4ski meid\u00e4n varata hotellihuoneen, jos aiomme sit\u00e4 y\u00f6k\u00f6tt\u00e4v\u00e4\u00e4 kaulailua jatkaa. On siin\u00e4kin kannustava kaveri!! Riitan ja Marjutin kilpailu meni my\u00f6s hyvin ja ruusukkeiden kanssa l\u00e4htiv\u00e4t kotimatkalle. Me viel\u00e4 kokeiltiin uuden uppopumpun toimivuutta ja hyvinh\u00e4n se asiansa ajaa. Molemmat hevoset letkutettiin ja saivat hyv\u00e4\u00e4 sied\u00e4tyst\u00e4 siihenkin.<\/p>\n<p><img decoding=\"async\" class=\"alignleft\" src=\"http:\/\/www.suonpaa.net\/wp-content\/uploads\/2017\/08\/karkku_2013_08.jpg\" \/>Odoteltiin palkintojenjakoa. Pidimme Karin kanssa selv\u00e4n\u00e4, ett\u00e4 nyt t\u00e4ytyy olla Vallun p\u00e4iv\u00e4!! Kari heitti viel\u00e4 mandariinin yhden uuden matkaratsun selk\u00e4\u00e4n ja k\u00e4vi siell\u00e4 itsekin istumassakin. Tuntui aika hyv\u00e4lt\u00e4 ja taidetaan taas saada Podium-perheeseen uusi j\u00e4sen. Tanja oli herkill\u00e4 suoritusten j\u00e4lkeen ja aiheestakin. Kyll\u00e4h\u00e4n meit\u00e4 kaikkia liikutti se, miten mahdottomasta tapauksesta on kuoriutunut alueluokan voittaja. Vaikka matka oli lyhyt, niin maasto oli haastava ja keli rankka. Taakse j\u00e4i aika konkareita ja varmasti ihan kokemattomimmasta p\u00e4\u00e4st\u00e4 olivat Tanjan hevoset. Eik\u00e4 se nyt niin paha ole, jos saman omistajan hevoset ovat ykk\u00f6sen\u00e4 ja kakkosena. Eik\u00e4 seurana Riemuratsukoiden tarvitse h\u00e4peill\u00e4 sit\u00e4, ett\u00e4 saatiin kolmoisvoitto!! Kolmikko kukitettiin ja palkittiin ja iloisia naamoja oli paljon n\u00e4ht\u00e4viss\u00e4. Seuran puheenjohtaja oli my\u00f6s kovasti tyytyv\u00e4inen, kun my\u00f6hemmin illalla h\u00e4nen kanssa juttelin. Ja mietittiin sellaistakin, ett\u00e4 pit\u00e4isik\u00f6h\u00e4n viritell\u00e4 jokin seurajoukkuekilpailukin viel\u00e4 t\u00e4n\u00e4 vuonna.<\/p>\n<p>Hevoset laitettiin traileriin, sy\u00f6tiin makkarat ja letut Tanjan piikkiin ja l\u00e4hdettiin kotimatkalle. Tanja viel\u00e4 soitti per\u00e4\u00e4n vollotuspuhelun ja kiitteli panoksestamme. Vaikka kiittely onkin turhaa, niin tuntuuhan se hyv\u00e4lt\u00e4. Aika usein meillekin tulee kiertotien kautta lokaa niskaan ja paljon puhutaan sel\u00e4n takana pahaa. Mukavaahan se on, ett\u00e4 joku kokee tekemisemme mukavaksi ja apumme tervetulleeksi. Ja puhettahan maailmaan mahtuu. Kai se on niin, ett\u00e4 koirat haukkuu ja karavaani kulkee ja nyt ainakin olemme aika voimamme tunnossa oman tekemisemme kanssa. Liettuassa sitten varmaan taas tulee suolisaavi niskaan, mutta se on sitten sen ajan murhe. Nyt iloitaan t\u00e4st\u00e4. Pienet onnistumiset kuitenkin rakentavat polkua suurempiin onnistumisiin.<\/p>\n<p><img decoding=\"async\" class=\"alignleft\" src=\"http:\/\/www.suonpaa.net\/wp-content\/uploads\/2017\/08\/karkku_2013_09.jpg\" \/>Mit\u00e4\u00e4n sen suurempaa analyysi\u00e4 ei pysty tekem\u00e4\u00e4n. Alusta asti kaikki meni suunnitellusti. Tanja oli valmistellut hevoset erinomaisesti ja niill\u00e4 olisi jo ollut t\u00e4ysi valmius menn\u00e4 20km pidempikin lenkki. Joten ne eiv\u00e4t tosiaankaan joutuneet koville tai edes omille \u00e4\u00e4rirajoilleen. Huoltaminen ja muukin tekeminen sujui rauhallisesti. Meill\u00e4 oli koko ajan aikaa tehd\u00e4 tarvittavat asiat ja kisan l\u00e4pi jatkui hyv\u00e4 ja harmonin ilmapiiri. T\u00e4m\u00e4 kun tulisi tiimin tavaksi toimia, niin hyvin menisi. Viilennys kun alkaa sujua, niin paljoa muuta ei tarvitse en\u00e4\u00e4 hieroa ja hioa. Hienoa Valdro ja Safeer!<\/p>\n<\/div>\n<\/div><\/div><\/div><\/div><\/div>","protected":false},"excerpt":{"rendered":"<p>L\u00e4ht\u00f6lista, taso 2.3 Tulokset, taso 2.3 1. Tanja Turunen (RieRat) \u2013 Kuvaharjun Valedro ox 37,66 pist. (12,33 km\/h)2. Kari K\u00e4rkk\u00e4inen (RieRat) \u2013 GR Safeer DE ox 37,66 pist. (12,33 km\/h)3. Anne Per\u00e4l\u00e4 (RieRat) \u2013 Millionfield&#8217;s Roadrunner 37,04 pist. (12,02 km\/h)HYV. Tara Repo (SuMaRa) \u2013 Zodina 12,02 km\/hHYV. Maria-Katariina Rahkala (MySeRa) \u2013 Hispano LV 12,01 km\/hHYV. [&hellip;]<\/p>\n","protected":false},"author":3,"featured_media":0,"parent":663,"menu_order":8,"comment_status":"closed","ping_status":"closed","template":"templates\/template-full.php","meta":{"footnotes":""},"class_list":["post-5192","page","type-page","status-publish","hentry","post"],"_links":{"self":[{"href":"https:\/\/www.suonpaa.net\/index.php?rest_route=\/wp\/v2\/pages\/5192","targetHints":{"allow":["GET"]}}],"collection":[{"href":"https:\/\/www.suonpaa.net\/index.php?rest_route=\/wp\/v2\/pages"}],"about":[{"href":"https:\/\/www.suonpaa.net\/index.php?rest_route=\/wp\/v2\/types\/page"}],"author":[{"embeddable":true,"href":"https:\/\/www.suonpaa.net\/index.php?rest_route=\/wp\/v2\/users\/3"}],"replies":[{"embeddable":true,"href":"https:\/\/www.suonpaa.net\/index.php?rest_route=%2Fwp%2Fv2%2Fcomments&post=5192"}],"version-history":[{"count":20,"href":"https:\/\/www.suonpaa.net\/index.php?rest_route=\/wp\/v2\/pages\/5192\/revisions"}],"predecessor-version":[{"id":5222,"href":"https:\/\/www.suonpaa.net\/index.php?rest_route=\/wp\/v2\/pages\/5192\/revisions\/5222"}],"up":[{"embeddable":true,"href":"https:\/\/www.suonpaa.net\/index.php?rest_route=\/wp\/v2\/pages\/663"}],"wp:attachment":[{"href":"https:\/\/www.suonpaa.net\/index.php?rest_route=%2Fwp%2Fv2%2Fmedia&parent=5192"}],"curies":[{"name":"wp","href":"https:\/\/api.w.org\/{rel}","templated":true}]}}