{"id":5,"date":"2016-02-16T05:30:50","date_gmt":"2016-02-16T03:30:50","guid":{"rendered":"http:\/\/suonpaa.net\/wordpress\/?page_id=5"},"modified":"2016-05-06T15:53:53","modified_gmt":"2016-05-06T12:53:53","slug":"tervetuloa","status":"publish","type":"page","link":"https:\/\/www.suonpaa.net\/","title":{"rendered":"Tervetuloa"},"content":{"rendered":"<div id=\"pl-5\"  class=\"panel-layout\" ><div id=\"pg-5-0\"  class=\"panel-grid panel-no-style\" ><div id=\"pgc-5-0-0\"  class=\"panel-grid-cell\" ><div id=\"panel-5-0-0-0\" class=\"so-panel widget widget_sow-editor panel-first-child panel-last-child\" data-index=\"0\" ><div\n\t\t\t\n\t\t\tclass=\"so-widget-sow-editor so-widget-sow-editor-base\"\n\t\t\t\n\t\t>\n<div class=\"siteorigin-widget-tinymce textwidget\">\n\t<p>Tervetuloa Team Suonp\u00e4\u00e4n kotisivuille!<\/p>\n<p>Team Suonp\u00e4\u00e4 on riippumaton matkaratsastustiimi, joka kilpailemisen lis\u00e4ksi tuo maahan ja myy matkaratsastusvarusteita. Tarjoamme my\u00f6s pienimuotoisesti koulutusta, valmennusta ja kaviohuoltoa.<\/p>\n<p>N\u00e4ilt\u00e4 sivuilta l\u00f6ytyy tiimin kilpailukalenterit ja raportti jokaisesta kilpailusta, jossa oleme mukana olleet. Sivulta l\u00f6ytyy merkitt\u00e4v\u00e4 m\u00e4\u00e4r\u00e4 matkaratsastukseen liittyv\u00e4\u00e4 asiaa Team Suonp\u00e4\u00e4n silmin n\u00e4htyn\u00e4 ja korvin kuultuna. Lis\u00e4ksi t\u00e4\u00e4lt\u00e4 l\u00f6ytyy uusien tuotteiden esittely\u00e4 ja k\u00e4ytt\u00e4j\u00e4kokemuksia. Koko komeuden kruunaa pian avattava verkkokauppa.<\/p>\n<p>Team Suonp\u00e4\u00e4n l\u00f6ytyy my\u00f6s facebookista.<\/p>\n<\/div>\n<\/div><\/div><\/div><\/div><div id=\"pg-5-1\"  class=\"panel-grid panel-no-style\" ><div id=\"pgc-5-1-0\"  class=\"panel-grid-cell\" ><div id=\"panel-5-1-0-0\" class=\"so-panel widget widget_sow-image panel-first-child panel-last-child\" data-index=\"1\" ><div\n\t\t\t\n\t\t\tclass=\"so-widget-sow-image so-widget-sow-image-default-c67d20f9f743-5\"\n\t\t\t\n\t\t>\n<div class=\"sow-image-container\">\n\t\t\t<a href=\"http:\/\/www.sellepodium.com\/\"\n\t\t\ttarget=\"_blank\" rel=\"noopener noreferrer\" \t\t>\n\t\t\t<img \n\tsrc=\"https:\/\/www.suonpaa.net\/wp-content\/uploads\/2016\/02\/podskulogo_pieni.jpg\" width=\"300\" height=\"88\" sizes=\"(max-width: 300px) 100vw, 300px\" alt=\"\" \t\tclass=\"so-widget-image\"\/>\n\t\t\t<\/a><\/div>\n\n<\/div><\/div><\/div><div id=\"pgc-5-1-1\"  class=\"panel-grid-cell\" ><div id=\"panel-5-1-1-0\" class=\"so-panel widget widget_sow-image panel-first-child panel-last-child\" data-index=\"2\" ><div\n\t\t\t\n\t\t\tclass=\"so-widget-sow-image so-widget-sow-image-default-c67d20f9f743-5\"\n\t\t\t\n\t\t>\n<div class=\"sow-image-container\">\n\t\t\t<a href=\"http:\/\/www.cavalor.fi\/\"\n\t\t\ttarget=\"_blank\" rel=\"noopener noreferrer\" \t\t>\n\t\t\t<img \n\tsrc=\"https:\/\/www.suonpaa.net\/wp-content\/uploads\/2016\/02\/cavalor_logo.jpg\" width=\"196\" height=\"150\" sizes=\"(max-width: 196px) 100vw, 196px\" alt=\"\" \t\tclass=\"so-widget-image\"\/>\n\t\t\t<\/a><\/div>\n\n<\/div><\/div><\/div><div id=\"pgc-5-1-2\"  class=\"panel-grid-cell\" ><div id=\"panel-5-1-2-0\" class=\"so-panel widget widget_sow-image panel-first-child panel-last-child\" data-index=\"3\" ><div\n\t\t\t\n\t\t\tclass=\"so-widget-sow-image so-widget-sow-image-default-c67d20f9f743-5\"\n\t\t\t\n\t\t>\n<div class=\"sow-image-container\">\n\t\t\t<a href=\"http:\/\/www.skotansa.pl\/\"\n\t\t\ttarget=\"_blank\" rel=\"noopener noreferrer\" \t\t>\n\t\t\t<img \n\tsrc=\"https:\/\/www.suonpaa.net\/wp-content\/uploads\/2016\/02\/yarrowia.jpg\" width=\"150\" height=\"100\" sizes=\"(max-width: 150px) 100vw, 150px\" alt=\"\" \t\tclass=\"so-widget-image\"\/>\n\t\t\t<\/a><\/div>\n\n<\/div><\/div><\/div><\/div><\/div>","protected":false},"excerpt":{"rendered":"<p>Tervetuloa Team Suonp\u00e4\u00e4n kotisivuille! Team Suonp\u00e4\u00e4 on riippumaton matkaratsastustiimi, joka kilpailemisen lis\u00e4ksi tuo maahan ja myy matkaratsastusvarusteita. Tarjoamme my\u00f6s pienimuotoisesti koulutusta, valmennusta ja kaviohuoltoa. N\u00e4ilt\u00e4 sivuilta l\u00f6ytyy tiimin kilpailukalenterit ja raportti jokaisesta kilpailusta, jossa oleme mukana olleet. Sivulta l\u00f6ytyy merkitt\u00e4v\u00e4 m\u00e4\u00e4r\u00e4 matkaratsastukseen liittyv\u00e4\u00e4 asiaa Team Suonp\u00e4\u00e4n silmin n\u00e4htyn\u00e4 ja korvin kuultuna. Lis\u00e4ksi t\u00e4\u00e4lt\u00e4 l\u00f6ytyy uusien [&hellip;]<\/p>\n","protected":false},"author":3,"featured_media":0,"parent":0,"menu_order":0,"comment_status":"closed","ping_status":"closed","template":"home-panels.php","meta":{"footnotes":""},"class_list":["post-5","page","type-page","status-publish","hentry","post"],"_links":{"self":[{"href":"https:\/\/www.suonpaa.net\/index.php?rest_route=\/wp\/v2\/pages\/5","targetHints":{"allow":["GET"]}}],"collection":[{"href":"https:\/\/www.suonpaa.net\/index.php?rest_route=\/wp\/v2\/pages"}],"about":[{"href":"https:\/\/www.suonpaa.net\/index.php?rest_route=\/wp\/v2\/types\/page"}],"author":[{"embeddable":true,"href":"https:\/\/www.suonpaa.net\/index.php?rest_route=\/wp\/v2\/users\/3"}],"replies":[{"embeddable":true,"href":"https:\/\/www.suonpaa.net\/index.php?rest_route=%2Fwp%2Fv2%2Fcomments&post=5"}],"version-history":[{"count":11,"href":"https:\/\/www.suonpaa.net\/index.php?rest_route=\/wp\/v2\/pages\/5\/revisions"}],"predecessor-version":[{"id":2593,"href":"https:\/\/www.suonpaa.net\/index.php?rest_route=\/wp\/v2\/pages\/5\/revisions\/2593"}],"wp:attachment":[{"href":"https:\/\/www.suonpaa.net\/index.php?rest_route=%2Fwp%2Fv2%2Fmedia&parent=5"}],"curies":[{"name":"wp","href":"https:\/\/api.w.org\/{rel}","templated":true}]}}