{"id":4994,"date":"2017-08-06T14:26:51","date_gmt":"2017-08-06T11:26:51","guid":{"rendered":"http:\/\/www.suonpaa.net\/?page_id=4994"},"modified":"2017-08-06T14:33:21","modified_gmt":"2017-08-06T11:33:21","slug":"9-8-2014-tammela-taso-2-4-65km","status":"publish","type":"page","link":"https:\/\/www.suonpaa.net\/?page_id=4994","title":{"rendered":"9.8.2014 Tammela, taso 2.4, 65km"},"content":{"rendered":"<div id=\"pl-4994\"  class=\"panel-layout\" ><div id=\"pg-4994-0\"  class=\"panel-grid panel-no-style\" ><div id=\"pgc-4994-0-0\"  class=\"panel-grid-cell\" ><div id=\"panel-4994-0-0-0\" class=\"so-panel widget widget_sow-editor panel-first-child panel-last-child\" data-index=\"0\" ><div\n\t\t\t\n\t\t\tclass=\"so-widget-sow-editor so-widget-sow-editor-base\"\n\t\t\t\n\t\t>\n<div class=\"siteorigin-widget-tinymce textwidget\">\n\t<p><i>L\u00e4ht\u00f6lista<\/i> <\/p>\n<p>5. Jaana P\u00e4iv\u00e4ranta, SuMaRa \u2013 Yasser Jump, 10v, ruuna<br \/>6. Kari K\u00e4rkk\u00e4inen, Rierat - Princzis SE ox, 10v , ruuna<br \/>25. Ines Beilmann, EER \u2013 Vandah el Aryes, 5v, tamma<\/p>\n<\/div>\n<\/div><\/div><\/div><div id=\"pgc-4994-0-1\"  class=\"panel-grid-cell\" ><div id=\"panel-4994-0-1-0\" class=\"so-panel widget widget_sow-editor panel-first-child panel-last-child\" data-index=\"1\" ><div\n\t\t\t\n\t\t\tclass=\"so-widget-sow-editor so-widget-sow-editor-base\"\n\t\t\t\n\t\t>\n<div class=\"siteorigin-widget-tinymce textwidget\">\n\t<p><i>Tulokset<\/i> <\/p>\n<p>1. Kari K\u00e4rkk\u00e4inen, Rierat - Princzis SE ox, 4:22:12h, 14,8km\/h, 43,68 pist<br \/>2. Ines Beilmann, EER \u2013 Vandah el Aryes, 4:51:12h, 13,4km\/h, 40,78 pist<br \/>3. Jaana P\u00e4iv\u00e4ranta, SuMaRa \u2013 Yasser Jump, 4:52:02h, 13,4km\/h, 40,7 pist <\/p>\n<\/div>\n<\/div><\/div><\/div><\/div><div id=\"pg-4994-1\"  class=\"panel-grid panel-no-style\" ><div id=\"pgc-4994-1-0\"  class=\"panel-grid-cell\" ><div id=\"panel-4994-1-0-0\" class=\"so-panel widget widget_sow-editor panel-first-child panel-last-child\" data-index=\"2\" ><div\n\t\t\t\n\t\t\tclass=\"so-widget-sow-editor so-widget-sow-editor-base\"\n\t\t\t\n\t\t>\n<div class=\"siteorigin-widget-tinymce textwidget\">\n\t<p><b>Perjantai<\/b><\/p>\n<p>Tilanne oli tosiaan sellainen, ett\u00e4 monestakin syyst\u00e4 oli p\u00e4\u00e4tetty, ett\u00e4 emme kisoihin osallistu. N\u00e4in ollen olin lupautunut stewardiksi. Kari kuitenkin tavoilleen uskollisina s\u00f6i sanansa ja alkoi kuukausi sitten ehdotella, ett\u00e4 antaisi Urholle viel\u00e4 yhden mahdollisuuden. H\u00e4n kun oli sit\u00e4 mielt\u00e4, ett\u00e4 olemme nyt kehitelleet toimivat systeemit, joilla pienest\u00e4 viallisuudestaan huolimatta Urho voisi kipitell\u00e4 keskipitki\u00e4 matkoja meid\u00e4n tiimiss\u00e4 tulevaisuudessakin. N\u00e4in ollen tuumittiin, ett\u00e4 jos nyt sitten Urho kokeilisi menn\u00e4 tason 2.4 kisan, joka oli mitaltaan 65km. Koska tapanani ei ole perua sovittuja juttuja, niin alettiin haalia tiimi\u00e4. Nopeastihan se l\u00f6ytyi, sill\u00e4 Miva ja Tiina lupautuivat heti ensikysym\u00e4ll\u00e4. Ja meill\u00e4 on jo sit\u00e4 verta yhteist\u00e4 historiaa takana, ett\u00e4 helppo on n\u00e4iden kahden pilkunviilaajan kanssa t\u00f6it\u00e4 tehd\u00e4. Niin pedantteja ja huolellisia huoltajia ei varmasti voi olla. Viel\u00e4 kun saavat kesken\u00e4\u00e4n ty\u00f6skennell\u00e4, niin huollon huolimattomuudesta ei voi menestys j\u00e4\u00e4d\u00e4 uupumaan.<\/p>\n<p>Pakattiin torstaina. Kari oli sit\u00e4 mielt\u00e4, ett\u00e4 l\u00e4hdet\u00e4\u00e4n aika kevyell\u00e4 varustuksella. Tietenk\u00e4\u00e4n n\u00e4in l\u00e4mpimill\u00e4 keleill\u00e4 ei loimia tarvita, mutta pyyhkeit\u00e4 ja vett\u00e4 sit\u00e4kin enemm\u00e4n. Viikko tankattii suoloja ja juomia ja laidunkaudella kun viel\u00e4 ollaan, niin massaa on muutenkin hevosella p\u00e4\u00e4ll\u00e4. Kaikesta huolimatta tavaraa tuli kahteen autoon ihan riitt\u00e4v\u00e4sti ja kaiken kukkuraksi komitean kellot olivat meill\u00e4 rahdattavana.<\/p>\n<p>Perjantaina m\u00e4 l\u00e4hdin Iso-Herttuan suuntaan Espoosta t\u00f6iden j\u00e4lkeen ja Kari l\u00e4hti Urhon kanssa Nuppulinnasta kolmen j\u00e4lkeen. L\u00e4hes samanaikaisesti oltiin pelipaikalla. M\u00e4 v\u00e4h\u00e4n ihmettelin, kun kilpailukeskus ei ollut viel\u00e4 oikein rakentunut, mutta aikataulut olivat pett\u00e4neet muilla viel\u00e4 pahemmin kuin meill\u00e4. Min\u00e4 kipitin tilan is\u00e4nn\u00e4n per\u00e4ss\u00e4 katsomassa paikkoja ja mietittiin erilaisia ratkaisuja toimintojen toteuttamiseen. Kari laittoi Urhon talliin. Kannettiin kamat k\u00e4mpp\u00e4\u00e4n ja asetuttiin taloksi. Pistettiin teltta pystyyn ja mietittiin oman tiimin kisap\u00e4iv\u00e4n toimintamallit. Mulla alkoi toimihenkil\u00f6palaveri ja Kari kanteli vett\u00e4 leiriin. Hiki virtasi ja juomaa kului.<\/p>\n<p><img decoding=\"async\" class=\"alignleft\" src=\"http:\/\/www.suonpaa.net\/wp-content\/uploads\/2017\/08\/tammela2014_01.jpg\" \/>Yhdeks\u00e4lt\u00e4 alkoivat hevostarkastukset. Kaikki saivat l\u00e4ht\u00f6luvat. V\u00e4h\u00e4n oudoksuimme el\u00e4inl\u00e4\u00e4k\u00e4rin hitautta. Yksi tarkastus otti aikaa n. 8 minuuttia. Puhuimme t\u00e4st\u00e4 toimihenkil\u00f6iden kesken ja totesimme, ett\u00e4 ehk\u00e4 alkutarkastukseen nyt vaan k\u00e4ytettiin enemm\u00e4n aikaa. Ell ei juurikaan tutkinut hevosten kuivumista ja siit\u00e4 h\u00e4nelle huomautettiin viel\u00e4 illan h\u00e4m\u00e4rtyess\u00e4, ett\u00e4 helles\u00e4\u00e4n vuoksi kannattaa ehk\u00e4 erityisesti tutkailla sit\u00e4 seikkaa. Kuivuminen tietenkin usein n\u00e4kyy my\u00f6s ep\u00e4puhtaana liikkeen\u00e4, mutta siltikin toivoimme erityist\u00e4 huomiota kuivumisen tarkkailuun. Ja meill\u00e4 oli my\u00f6s valmius nesteytykseen, jos kuivumisia tai l\u00e4mp\u00f6halvauksia n\u00e4ht\u00e4isiin.<\/p>\n<p>Tarkastuksen j\u00e4lkeen toimihenkil\u00f6ille oli viel\u00e4 tarjolla safka, joka h\u00e4visi tuulensuojaan hyv\u00e4ll\u00e4 halulla ja vauhdikkaasti. Karikin sai apetta. Urho sai hein\u00e4pellolta suoraan niitetty\u00e4 tuoretta ja v\u00e4h\u00e4n omaa hein\u00e4\u00e4 kyytipojaksi. Se j\u00e4i kaurojensa kanssa tyytyv\u00e4isen\u00e4 talliin. Se oli muutenkin kuin kotonaan ja hyv\u00e4ss\u00e4 seurassahan se tallissa oli. Talli oli aika pieni ja siell\u00e4 oli viel\u00e4 illalla hivenen l\u00e4mmin, mutta koska ovet olivat y\u00f6n auki, niin v\u00e4h\u00e4n my\u00f6hemmin siell\u00e4 oli hevosilla hyv\u00e4t oltavat ja saivat levolliset unet. Meille olisi ollut rantasauna tarjolla, mutta arvelimme, ett\u00e4 hyv\u00e4 olisi olla p\u00e4\u00e4 tyynyss\u00e4 ennen kuin vuorokausi vaihtuu. Seija viel\u00e4 merkkaili reittej\u00e4 y\u00f6vuorossa, mutta omaan silm\u00e4\u00e4ni kaikki oli hyvin reilassa, kun aamulla her\u00e4ilimme.<\/p>\n<p><b>Lauantai<\/b><\/p>\n<p>Her\u00e4tys oli meid\u00e4n tuvassa 5:30, koska huoltotiimin piti hakea meilt\u00e4 kotoa Karin unohtama muistikortti. Dogsitter ei ollut uskaltanut j\u00e4tt\u00e4\u00e4 sit\u00e4 postilaatikkoon, joten h\u00e4netkin piti her\u00e4tt\u00e4\u00e4 ja show otti taas oman aikansa, mutta lopulta Miva p\u00e4\u00e4si liikenteeseen muistikortin kanssa. H\u00e4n on jo aika tottunut hakemaan meilt\u00e4 kotoa milloin mit\u00e4kin unohtunutta. Historia siis vain j\u00e4lleen kerran toisti itse\u00e4\u00e4n. Tiimi oli siis matkalla. Kari l\u00e4hti ruokkimaan hevosta ja asentamaan kelloja paikoilleen. Kun sain itseni pihalle, niin siell\u00e4 oli jo t\u00e4ysi tohina. Tarkastuksia aloiteltiin taas, reittiselostusta pidettiin ja v\u00e4ke\u00e4 valui suuntaan jos toiseenkin. Kun l\u00e4hd\u00f6n hetki l\u00e4hestyi, niin astelin l\u00e4ht\u00f6paikalle. Homma l\u00e4hti liikkeelle niin kuin sen pit\u00e4\u00e4kin. Aamun kajossa ja usvassa SM-luokan ratsastajat karauttivat maastoon.<\/p>\n<p><img decoding=\"async\" class=\"alignleft\" src=\"http:\/\/www.suonpaa.net\/wp-content\/uploads\/2017\/08\/tammela2014_03.jpg\" \/>Kun palailin tarkastusalueelle, niin n\u00e4in, ett\u00e4 Kari, Miva ja Tiina jo painelivat per\u00e4kk\u00e4in pitkin aluetta. Vaihdettiin muutama sananen ja muistutun huoltajia, ett\u00e4 ensisijainen homma tulee varmasti olemaan toppuuttelu. Ja lis\u00e4ksi olimme jo ennakkoon arvelleet, ett\u00e4 kiirett\u00e4 tulee pit\u00e4m\u00e4\u00e4n. Paneuduin omiin teht\u00e4viini, mutta silm\u00e4kulmasta pidin tietenkin silm\u00e4ll\u00e4, ett\u00e4 Karin hommat l\u00e4htiv\u00e4t rullaamaan. J\u00e4rjesteliv\u00e4t kamat autosta toiseen. Ainut s\u00e4hlinki oli se, ett\u00e4 verkkojen aikana Kari totesi, ett\u00e4 rannetietokoneen patterit olivat lopussa. V\u00e4h\u00e4n tuli kiire niit\u00e4 vaihtamaan, mutta muuten kaikki oli hyvin. Kun l\u00e4ht\u00f6lupa annettiin, niin ratsukko l\u00e4hti heti omille teilleen, niin kuin oli aiottukin. Haluttiin hakea suoritus nopeudella 15km\/h ja koska aamu oli viel\u00e4 mukavan viile\u00e4, niin ensimm\u00e4inen lenkki oli tarkoitus menn\u00e4 nopeasti, mutta kuitenkin siten, ett\u00e4 tarkastukseen p\u00e4\u00e4st\u00e4\u00e4n suoraan.<\/p>\n<p>Eka huolto oli kympin kohdalla. Kari oli todennut jo perjantaina, ett\u00e4 hyvin kulkee, joten antoi menn\u00e4 sen, mit\u00e4 hevonen halusi. Huollossa olivat puolen tunnin j\u00e4lkeen, joten kahtakymppi\u00e4 p\u00e4\u00e4steliv\u00e4t. Sykkeet olivat huoltoon tullessa 86 ja laskivat minuutin huollon aikana 62 ly\u00f6ntiin. Urho sai suuhunsa tupsun tuoretta ja pari pient\u00e4 palaa porkkanaa. Kari otti huikan vett\u00e4, Urho ei, mutta se sai 6 litraa huuhteluvett\u00e4 p\u00e4\u00e4lleen ja sitten matka jatkui taas.<\/p>\n<p>Toinen huolto oli 16 km:n kohdalla. Sinne ratsukko saapui 55 minuutin ratsastuksen j\u00e4lkeen, joten vauhti oli sopivasti hidastunut. Mivalla ja Tiinalla ei ollut havaintoja muista ratsukoista, joten soolona saivat lenkki\u00e4\u00e4n jatkaa. Kari otti v\u00e4h\u00e4n sipsi\u00e4 ja jatkoi matkaansa. Hevonen, ratsastaja ja huolto olivat kaikki hyv\u00e4ll\u00e4 mielell\u00e4. Mik\u00e4\u00e4n ei aiheuttanut huolta.<\/p>\n<p><img decoding=\"async\" class=\"alignleft\" src=\"http:\/\/www.suonpaa.net\/wp-content\/uploads\/2017\/08\/tammela2014_04.jpg\" \/>Kolmas huolto tapahtui 24km:n kohdalla. Aikaa oli k\u00e4ytetty 1:20, joten nopeus py\u00f6ri 18 km\/h tuntumassa. Syke oli tulleessa 86 ja pari minuuttia my\u00f6hemmin 63. Huoltoauto kiirehti kilpailukeskukseen ja Kari jatkoi v\u00e4h\u00e4n rauhallisemmin matkaa, jota oli en\u00e4\u00e4 8km j\u00e4ljell\u00e4. Miva ajoi auton parkkiin ja Tiina kiirehti huuhtelupullojen kanssa loppusuoran varteen. Tauolle Kari tuli talutellen viimeisen kilsan verran. Tiina tarjoili huuhtelupullot ja siin\u00e4 vaiheessa syke oli jo tosi matala. Olin l\u00e4ht\u00f6alueella jo moneen kertaan kiitellyt, ett\u00e4 Kari ei ollut viel\u00e4 tullut. Pelk\u00e4sin, ett\u00e4 huitaisee ensimm\u00e4isen lenkin pitk\u00e4lti alle kahden tunnin. Kun kaksi tuntia alkoi t\u00e4ytty\u00e4, niin aloin itse rentoutua sen suhteen, ett\u00e4 j\u00e4rki oli ollut lenkill\u00e4 mukana. Ja kutakuinkin kahteen tuntiin Kari lenkilt\u00e4 tulikin. Kun p\u00e4\u00e4siv\u00e4t vesikujalle, niin parin minuutin palauttelun j\u00e4lkeen ilmoittautuivat tarkastukseen. Silloin ei ollut jonoa tai ruuhkaa ja p\u00e4\u00e4siv\u00e4tkin heti sis\u00e4lle. Syke oli 55. Ridgewayn testin ell toteutti ihan omalla tavallaan! Syke mitattiin kyll\u00e4 kahdesti, mutta v\u00e4liss\u00e4 ei juoksutettu. Kari oli muljautellut silmi\u00e4\u00e4n, mutta k\u00e4skyist\u00e4ni johtuen pit\u00e4nyt suunsa kiinni. Muutoinkin tarkastus oli kammottavan hidas. Radiopuhelimesta kuulin, ett\u00e4 kutonen oli mennyt sykkeeseen ja jossain vaiheessa kuulin, ett\u00e4 l\u00e4ht\u00f6aika seuraavalle lenkille oli joku. Eli tarkastus oli mennyt l\u00e4pi. Tiina oli tarkastuksessa kaverina ja homma hoitui hyvin. Min\u00e4 mietin mieless\u00e4ni, ett\u00e4 menik\u00f6 uusintaan, kun kesti niin viet\u00e4v\u00e4n kauan aikaa.<\/p>\n<p>Puolen tunnin tauosta oli suuri osa kulunut tarkastuksessa, joten Kari kipaisi k\u00e4mpilt\u00e4 hakemaan j\u00e4\u00e4kaapista sy\u00f6t\u00e4v\u00e4\u00e4 ja juotavan jugurtin. Hevonen oli Tiinan ja Mivan hell\u00e4ss\u00e4 huomassa. Se sai kaura-annoksensa ja s\u00f6i sit\u00e4 tyytyv\u00e4isen\u00e4, kuten my\u00f6s huoltoalueen tuoretta ruohoa. Vesi ei maistunut. Hevonen ei ollut suuremmin hionnut, joten k\u00e4yttiv\u00e4t samaa karvahuopaa ja alkoivat satuloida hevosta. Tiina oli aina l\u00e4hd\u00f6iss\u00e4 mukana ja kiirehti sitten autoon, joka jo putki punaisena odotti liikkeellel\u00e4ht\u00f6\u00e4. Olin menossa 10:30 l\u00e4ht\u00f6\u00f6n, niin n\u00e4in sinivalkoisen ratsukon vilahtavan metsik\u00f6n takaa. Urho l\u00e4hti laukoilla tokalle lenkille, kun luvan sai. Minuuttia my\u00f6hemmin l\u00e4hti 32 km:n seuraluokka, mutta heit\u00e4 eiv\u00e4t tainneet matkalla n\u00e4hd\u00e4.<\/p>\n<p><img decoding=\"async\" class=\"alignleft\" src=\"http:\/\/www.suonpaa.net\/wp-content\/uploads\/2017\/08\/tammela2014_05.jpg\" \/>Noin puolessa v\u00e4liss\u00e4 48km alueluokka liittyi samalle reitille ja ottivat Karista vetoavut. Lyhemm\u00e4n matkan kulkijat harrastivat periteist\u00e4 pumppausta. Kari eteni tasaista vauhtia. N\u00e4in ollen porukka aina v\u00e4lill\u00e4 tuli ohitetuksi ja v\u00e4lill\u00e4 ohitti. Karilla piti hermo hyvin ja piti oman n. 16-17 km\/h vauhtinsa, vaikka ratsukoita viuhahteli v\u00e4lill\u00e4 ohi. Urhoa ei my\u00f6sk\u00e4\u00e4n h\u00e4irinnyt mill\u00e4\u00e4n tapaa se, ett\u00e4 ratsukoita viuhui ohi tai niit\u00e4 piti ohitella. Pitiv\u00e4t kaksi huoltoa. Viilenteliv\u00e4t hevosta hyvin ja tarjosivat kaikkea mahdollista. Kari joi hyvin, Urholla maistui oikeastaan vain tuore ruoho. Tauolle saapuivat viimeisen kilsan taluttaen. Mukana oli alemmin luokan k\u00e4rki, eli Elina, Kaitsu, Annika ja Antti. Samaan aikaan saapuivat tauolle. Tarkastukseen valmistautuminen vei aikaa vajaat kaksi minuuttia. Mutta nyt olikin ell jo helisem\u00e4ss\u00e4. Tai ei kai h\u00e4n ymm\u00e4rt\u00e4nyt olevansa, vaan helisem\u00e4ss\u00e4 olivat kilpailijat, jotka odottivat p\u00e4\u00e4sy\u00e4 tarkastukseen. Kari onneksi oli toisena. Syke oli 45 ja kaikki arviointikohteet edelleen A. Tosin juoksutettiin kahdesti, joten Tiinan arvio oli, ett\u00e4 oliko takaosassa jotain. J\u00e4i ikuiseksi arvoitukseksi. Siit\u00e4 hetkest\u00e4, kun ilmoittautuivat tarkastukseen kului 20 minuuttia siihen hetkeen, kun p\u00e4\u00e4siv\u00e4t oikeasti pit\u00e4m\u00e4\u00e4n taukoa. Ei pojat, ei n\u00e4in! P\u00e4\u00e4tuomari ja p\u00e4\u00e4stewardi olivat luonnollisesti yritt\u00e4neet asiaan jo vaikuttaa, mutta mink\u00e4s teet. N\u00e4ihin asioihin voi vaikuttaa vain el\u00e4inl\u00e4\u00e4k\u00e4rin valinnalla. Ehk\u00e4 t\u00e4ss\u00e4kin tapauksessa t\u00e4m\u00e4 nyt jo lopulta tuli selv\u00e4ksi.<\/p>\n<p>Min\u00e4 touhuilin l\u00e4htevien ja tulevien ratsukoiden parissa, joten Urhon tiimi touhuili mit\u00e4 touhuili. Hevonen pidettiin viile\u00e4n\u00e4\u00a0<\/p>\n<p>m\u00e4rill\u00e4 pyyhkeill\u00e4 ja nyt se meni jo reippaasti telttaan. Urhon juomattomuuden vuoksi antoivat viel\u00e4 jugurttipommin. Kari otti itse\u00a0<\/p>\n<p><img decoding=\"async\" class=\"alignleft\" src=\"http:\/\/www.suonpaa.net\/wp-content\/uploads\/2017\/08\/tammela2014_06.jpg\" \/><\/p>\n<p>my\u00f6s oman jugurttipommin ja toivin, ett\u00e4 Miva ja Tiina olivat p\u00e4iv\u00e4n aikana ehtineet my\u00f6s jotain pist\u00e4\u00e4 suuhunsa. Itse yritin juoda mahdollisimman paljon, sill\u00e4 p\u00e4\u00e4ns\u00e4rky v\u00e4h\u00e4n v\u00e4ijyi jo taka-alalla. Olin l\u00e4hett\u00e4m\u00e4ss\u00e4 luokan 4 ratsukoita, joiden tauko oli Karin taukoa 10 minuuttia lyhyempi. Taisivat kaikki v\u00e4h\u00e4n my\u00f6h\u00e4sty\u00e4 l\u00e4hd\u00f6st\u00e4 ja Karikin my\u00f6h\u00e4styi kymmenisen sekkaa omastaan. Siit\u00e4 p\u00e4\u00e4sin antamaan jopa pienen kuitin, koska yleens\u00e4 ollaan varsin tarkkoja siit\u00e4, ett\u00e4 my\u00f6h\u00e4ss\u00e4 ei l\u00e4hdet\u00e4. Mutta siit\u00e4 vaan l\u00e4hti Urho reippaasti matkaan. Edess\u00e4 n\u00e4kyikin nyt alemman luokan ratsukoiden selki\u00e4 ja niit\u00e4 oli hyv\u00e4 napsia yksi kerrallaan. Vauhtia ei voinut en\u00e4\u00e4 kuitenkaan pit\u00e4\u00e4 yll\u00e4, sill\u00e4 tarkasti oli tiedossa, ett\u00e4 maaliin ei saa tulla aiemmin kuin 13:30. Nyt pitiv\u00e4t pari varsin hidasta taukoa, jotta aika kuluisi. Tiina meni taas loppuviitoitukselle vastaan ja viilensiv\u00e4t siell\u00e4 viel\u00e4. Kaikessa rauhassa Kari sitten k\u00e4pp\u00e4ili maaliin. V\u00e4h\u00e4n taas kalkulointi petti sill\u00e4 ylittiv\u00e4t maaliviivan ajassa 13:32.<\/p>\n<p>Palauttelu Olisi ollut muuten supernopea, mutta sill\u00e4 hetkell\u00e4 Urho p\u00e4\u00e4tti ruveta juomaan. Se joi Karin viilennyskuupan 6 kertaa tyhj\u00e4ksi. T\u00e4m\u00e4n j\u00e4lkeen l\u00e4hti viel\u00e4 uppopumpun saavissakin pinta laskemaan. Kun herra oli janonsa tyydytt\u00e4nyt, niin oli aika menn\u00e4 tarkastukseen. Syke oli 58 ja l\u00e4htiv\u00e4t tarkastukseen. Tarkastus oli yht\u00e4 piinaavan hidas, kuin kaikki muutkin p\u00e4iv\u00e4n tarkastukset. Olin v\u00e4h\u00e4n hermostunut, sill\u00e4 omaan silm\u00e4\u00e4ni hevonen oli takaa v\u00e4h\u00e4n j\u00e4ykk\u00e4. Yksi hevonen oli taas edell\u00e4, joten odotus aika venyi ja venyi. Kun sykett\u00e4 mitattiin, niin joku p\u00e4rin\u00e4laite k\u00e4ynnistettiin jossain ja syke taas pompsahti. T\u00e4st\u00e4 huolimatta se oli 58 ja ell totesi itsekin, ett\u00e4 jokin p\u00e4rin\u00e4 vaikutti sykkeeseen. Kaikki arviointikohteet olivat taas aata, joten t\u00e4ss\u00e4 meill\u00e4 oli luokkansa voittaja. Sill\u00e4 nyt ei ollut niin suurta merkityst\u00e4, mutta toki se on aina mukava bonus. Kari oli todella tyytyv\u00e4inen hevoseen, tiimiins\u00e4 ja itseens\u00e4. Asiat oli tehty j\u00e4rkev\u00e4sti, suunnitelmallisesti ja tuloksena oli 65 km suoritus keskinopeudella 14,84 km\/h.Kyll\u00e4 mulla v\u00e4h\u00e4n alahuuli v\u00e4p\u00e4tti, kun homma oli ohi. Nuo tarkastukset ja sit\u00e4 edelt\u00e4v\u00e4t hetket ovat aika inhottavia, kun olet itse muissa hommissa ja et saa mitenk\u00e4\u00e4n puuttua tilanteen kulkuun. Voit vain stewardin ominaisuudessa katsella vierest\u00e4. Vaikka meill\u00e4 oli tiimi, johon voi luottaa kuin vuoreen, niin silti sivusta seuraaminen on ep\u00e4kiitollista.<\/p>\n<p><img decoding=\"async\" class=\"alignleft\" src=\"http:\/\/www.suonpaa.net\/wp-content\/uploads\/2017\/08\/tammela2014_07.jpg\" \/>Kari pokkasi muikeana palkinnot, jotka olivatkin hulppeat. Iloitsimme jo mukista, jonka sai jo ennen kisaa, mutta palkintokassin sis\u00e4lt\u00f6 oli ihan huomattavan hieno. Tiimi seurasi viel\u00e4 mestaruuskisan loppuun. K\u00e4viv\u00e4t sitten uimassa ja auttoivat Karia lastauksessa. Olin juuri puhunut itseni irti velvollisuuksistani ja harpponut lastauspaikalle, niin hevonen oli jo kyydiss\u00e4. Toiselle yritt\u00e4m\u00e4ll\u00e4 meni sis\u00e4lle. Kari l\u00e4hti matkaan. Juttelin viel\u00e4 Tiinan ja Mivan kanssa hetken ja p\u00e4\u00e4stin heid\u00e4tkin sitten kotimatkalle.<\/p>\n<p>Kannoin v\u00e4h\u00e4n kamaa l\u00e4ht\u00f6alueelta kilpailukeskukseen ja tsekkasin, ett\u00e4 homma alkoi olla pulkassa monilta osin. Sitten pakkailin kamani ja k\u00e4vin pulahtamassa l\u00e4mp\u00f6isess\u00e4 l\u00e4tik\u00f6ss\u00e4 joutsenpariskunnan kanssa. Sitten k\u00e4ttelin tilan is\u00e4nn\u00e4n ja em\u00e4nn\u00e4n, heitin heipat SuMaRan v\u00e4elle ja l\u00e4hdin ajelemaan kotiin. Ajomatka sujui suurelta osin puhelimessa puhuen, sill\u00e4 moni oli jo ehtinyt noteerata Urhon onnistuneen esityksen. Nyth\u00e4n t\u00e4ss\u00e4 ollaan suurien p\u00e4\u00e4t\u00f6sten edess\u00e4.<\/p>\n<p>Kisa meni Urholta hyvin. Monilta osin sill\u00e4 on hyvi\u00e4 ja lajiin soveltuvia ominaisuuksia. On kuitenkin muutama v\u00e4hemm\u00e4n hyv\u00e4 elementti. Suunnitelmat pitiv\u00e4t ja tavoitteeseen p\u00e4\u00e4stiin. Nyt t\u00e4ytyy muutama p\u00e4iv\u00e4 tarkkailla tilannetta. Jos sen suurempaa oireilua ei ole havaittavissa, niin homma vaikuttaa lupaavalta. Kengitt\u00e4misen kanssa on omat haasteensa ja hifistely\u00e4 ja kikkailua t\u00e4ytyy jatkaa loputtomasti. Moni on sanonut, ett\u00e4 t\u00e4ydellist\u00e4 hevosta ei l\u00f6yd\u00e4 koskaan. Niin... mutta onko Urhon ongelma sellainen, jonka kanssa pystyy kuitenkin kilpailemaan? Paljon mietitt\u00e4v\u00e4\u00e4, pohdittavaa ja p\u00e4\u00e4tett\u00e4v\u00e4\u00e4. Ainakaan kisa ei tuonut vakuutta ja varmuutta siihen, ett\u00e4 leikki olisi syyt\u00e4 lopettaa viimeist\u00e4\u00e4n t\u00e4h\u00e4n.<\/p>\n<p>Hyv\u00e4lt\u00e4 tuntui onnistunut suoritus ja viel\u00e4 ehk\u00e4 paremmalta se tuki ja kannustus ja aito my\u00f6t\u00e4el\u00e4minen, mit\u00e4 olemme taas osaksemme saaneet. V\u00e4h\u00e4n harmittaa, ett\u00e4 oman seuran menestys SM-luokassa j\u00e4i ohueksi, mutta ehk\u00e4 ensi vuonna edustajia on enemm\u00e4n ja iskemme taas mitalikantaan. Kaikkinensa kilpailuissa oli mukava ilmapiiri, vaikka radiopuhelimesta kuului v\u00e4lill\u00e4 sivullistenkin korviin kiivashenkist\u00e4 keskustelua ja ell-toiminta oli fiasko. T\u00e4st\u00e4 varmasti alkaa nyt viimeist\u00e4\u00e4n kiivas keskustelu, ett\u00e4 mit\u00e4 voimme asialle tehd\u00e4, kun yksi ihminen voi romuttaa muuten hyvin toteutetun kilpailun.<\/p>\n<\/div>\n<\/div><\/div><\/div><\/div><\/div>","protected":false},"excerpt":{"rendered":"<p>L\u00e4ht\u00f6lista 5. Jaana P\u00e4iv\u00e4ranta, SuMaRa \u2013 Yasser Jump, 10v, ruuna6. Kari K\u00e4rkk\u00e4inen, Rierat &#8211; Princzis SE ox, 10v , ruuna25. Ines Beilmann, EER \u2013 Vandah el Aryes, 5v, tamma Tulokset 1. Kari K\u00e4rkk\u00e4inen, Rierat &#8211; Princzis SE ox, 4:22:12h, 14,8km\/h, 43,68 pist2. Ines Beilmann, EER \u2013 Vandah el Aryes, 4:51:12h, 13,4km\/h, 40,78 pist3. Jaana P\u00e4iv\u00e4ranta, [&hellip;]<\/p>\n","protected":false},"author":3,"featured_media":0,"parent":660,"menu_order":4,"comment_status":"closed","ping_status":"closed","template":"templates\/template-full.php","meta":{"footnotes":""},"class_list":["post-4994","page","type-page","status-publish","hentry","post"],"_links":{"self":[{"href":"https:\/\/www.suonpaa.net\/index.php?rest_route=\/wp\/v2\/pages\/4994","targetHints":{"allow":["GET"]}}],"collection":[{"href":"https:\/\/www.suonpaa.net\/index.php?rest_route=\/wp\/v2\/pages"}],"about":[{"href":"https:\/\/www.suonpaa.net\/index.php?rest_route=\/wp\/v2\/types\/page"}],"author":[{"embeddable":true,"href":"https:\/\/www.suonpaa.net\/index.php?rest_route=\/wp\/v2\/users\/3"}],"replies":[{"embeddable":true,"href":"https:\/\/www.suonpaa.net\/index.php?rest_route=%2Fwp%2Fv2%2Fcomments&post=4994"}],"version-history":[{"count":8,"href":"https:\/\/www.suonpaa.net\/index.php?rest_route=\/wp\/v2\/pages\/4994\/revisions"}],"predecessor-version":[{"id":5010,"href":"https:\/\/www.suonpaa.net\/index.php?rest_route=\/wp\/v2\/pages\/4994\/revisions\/5010"}],"up":[{"embeddable":true,"href":"https:\/\/www.suonpaa.net\/index.php?rest_route=\/wp\/v2\/pages\/660"}],"wp:attachment":[{"href":"https:\/\/www.suonpaa.net\/index.php?rest_route=%2Fwp%2Fv2%2Fmedia&parent=4994"}],"curies":[{"name":"wp","href":"https:\/\/api.w.org\/{rel}","templated":true}]}}