{"id":4978,"date":"2017-08-06T14:16:32","date_gmt":"2017-08-06T11:16:32","guid":{"rendered":"http:\/\/www.suonpaa.net\/?page_id=4978"},"modified":"2017-08-06T14:21:24","modified_gmt":"2017-08-06T11:21:24","slug":"6-8-11-liesjarvi-34km","status":"publish","type":"page","link":"https:\/\/www.suonpaa.net\/?page_id=4978","title":{"rendered":"6.8.11 Liesj\u00e4rvi, 34km"},"content":{"rendered":"<div id=\"pl-4978\"  class=\"panel-layout\" ><div id=\"pg-4978-0\"  class=\"panel-grid panel-no-style\" ><div id=\"pgc-4978-0-0\"  class=\"panel-grid-cell\" ><div id=\"panel-4978-0-0-0\" class=\"so-panel widget widget_sow-editor panel-first-child panel-last-child\" data-index=\"0\" ><div\n\t\t\t\n\t\t\tclass=\"so-widget-sow-editor so-widget-sow-editor-base\"\n\t\t\t\n\t\t>\n<div class=\"siteorigin-widget-tinymce textwidget\">\n\t<p><i>L\u00e4ht\u00f6lista 34km Seura <\/i><\/p>\n<p>1. Tuuli Koskinen (SuMaRa) - Pandora\u00b4s Box, tilastohevonen, tamma, 8 v<br \/>2. Jenni Flinck (SuMaRa) - Alla, torinhevonen, tamma, 16 v<br \/>3. Ronja Valkeala (SuMaRa) - Salmen Pinokkio, suomenhevonen, ruuna, 8 v<br \/>4. Riitta Ariluoma (SuMaRa) - Platino, suomenhevonen, ruuna, 8 v<br \/>5. Marjut Toivanen (SuMaRa) - Export, eestinhevonen, ruuna, 11 v<br \/>6. Kari K\u00e4rkk\u00e4inen (RieRat) - Nettaus, suomenhevonen, tamma, 11 v<br \/>7. Johanna Vehmanen (SuMaRa) - Handsome S, l\u00e4mminverinen ravihevonen, tamma, 8 v<\/p>\n<\/div>\n<\/div><\/div><\/div><div id=\"pgc-4978-0-1\"  class=\"panel-grid-cell\" ><div id=\"panel-4978-0-1-0\" class=\"so-panel widget widget_sow-editor panel-first-child panel-last-child\" data-index=\"1\" ><div\n\t\t\t\n\t\t\tclass=\"so-widget-sow-editor so-widget-sow-editor-base\"\n\t\t\t\n\t\t>\n<div class=\"siteorigin-widget-tinymce textwidget\">\n\t<p><i>Tulokset 34km Seura<\/i> <\/p>\n<p>HYV. Kari K\u00e4rkk\u00e4inen (RieRat) - Nettaus 12,1 km\/h<br \/>HYV. Riitta Ariluoma (SuMaRa) - Platino 11,02 km\/h<br \/>HYV. Marjut Toivanen (SuMaRa) - Export 11,02 km\/h<br \/>HYV. Tuuli Koskinen (SuMaRa) - Pandora's Box 10,5 km\/h<br \/>HYV. Jenni Flinck (SuMaRa) - Alla 10,5 km\/h<br \/>HYV. Ronja Valkeala (SuMaRa) - Salmen Pinokkio 10,5 km\/h<br \/>HYV. Johanna Vehmanen (SuMaRa) - Handsome S 10,5 km\/h<\/p>\n<\/div>\n<\/div><\/div><\/div><\/div><div id=\"pg-4978-1\"  class=\"panel-grid panel-no-style\" ><div id=\"pgc-4978-1-0\"  class=\"panel-grid-cell\" ><div id=\"panel-4978-1-0-0\" class=\"so-panel widget widget_sow-editor panel-first-child panel-last-child\" data-index=\"2\" ><div\n\t\t\t\n\t\t\tclass=\"so-widget-sow-editor so-widget-sow-editor-base\"\n\t\t\t\n\t\t>\n<div class=\"siteorigin-widget-tinymce textwidget\">\n\t<p>Aika pienell\u00e4 pakkaamisella p\u00e4\u00e4stiin perjantaina ja lauantaina ei oikeastaan muuta kuin ev\u00e4\u00e4t autoon ja menoksi. Noh, luonnollisesti Kari oli yll\u00e4tt\u00e4en unohtanut melkoisen t\u00e4rkeit\u00e4 asioita kotiin, joten v\u00e4h\u00e4n kire\u00e4ss\u00e4 ilmapiiriss\u00e4 oltiin jo matkalla, kun navigaattorin piuha puuttui ja lis\u00e4\u00e4 unohduksia tuli vastaan pitkin matkaa. Kun ei viitsinyt edes mun mieliksi tehd\u00e4 varustelistaa, niin niinh\u00e4n siin\u00e4 helposti k\u00e4y, ett\u00e4 puolet j\u00e4\u00e4 kotiin.<\/p>\n<p>Matkalla otettiin traikku koukkuun ja Nettaus traikkuun. Aluksi se v\u00e4h\u00e4n rettel\u00f6i, mutta kun isolle tielle p\u00e4\u00e4stiin, niin matkusti konkarin elkein. Ajomatka sujui nopeasti ja oltiin perill\u00e4 kohteessa jo ennen toimitsijoita. Toimistokaan ei ollut auki, mutta opasteet kuitenkin jo paikalla.<\/p>\n<p>Hoideltiin toimistoasiat, kannettiin maalialueelle vedet ja otettiin hevonen pihalle. Taluttelin sit\u00e4 hetken ja h\u00e4mm\u00e4stelimme Nettiksen kanssa kumpikin sit\u00e4, ett\u00e4 nuori ori temusi tarhassaan ihan tarkastuspaikan tuntumassa. Tarkastukseen mentiin ensimm\u00e4isten joukossa. Nettis-raasu k\u00f6h\u00e4isi pari kertaa juoksutuksessa ja joutui tietenkin erikoissyyniin. Oman arvioni mukaan yskint\u00e4 johtui sikamaisesti p\u00f6lisev\u00e4st\u00e4 kent\u00e4st\u00e4, mutta ell halusi olla tarkka ja muistutti, ett\u00e4 jos lenkill\u00e4 k\u00f6hii, niin pit\u00e4\u00e4 lopettaa.<\/p>\n<p><img decoding=\"async\" class=\"alignleft\" src=\"http:\/\/www.suonpaa.net\/wp-content\/uploads\/2017\/08\/liesjarvi1101.jpg\" \/>Sitten laitettiin hevonen valmiiksi ja K p\u00e4\u00e4si selk\u00e4\u00e4n varttia ennen l\u00e4ht\u00f6\u00e4. Verkkasi vartin ja l\u00e4hti sitten muiden mukana matkaan. K\u00e4rkijoukoissa oli tarkoitus menn\u00e4, mutta tamma l\u00f6ikin yll\u00e4tt\u00e4en jarrut kiinni l\u00e4hes l\u00e4ht\u00f6portilla, joten muiden oli ment\u00e4v\u00e4 edelle.<\/p>\n<p>K\u00e4pp\u00e4sin siit\u00e4 sitten autolle, l\u00f6in luukut kiinni ja nostin kytkint\u00e4. Kolmen kilsan kohdalla saavutin hevoset ja siin\u00e4 vaiheessa oli kolmen ratsukon joukko v\u00e4h\u00e4n ottanut etumatkaa muihin. Siin\u00e4 kulkivat Late. Eppu ja Nettis. Ohitin kolmikon ja j\u00e4in ottamaan muutaman kuvan ja koitin samalla komentaa Karia, ett\u00e4 keskittyisi nyt kisaan, eik\u00e4 l\u00f6pisem\u00e4\u00e4n meid\u00e4n omista ihanista hevosista ja niiden tulevaisuudesta.<\/p>\n<p>Viiden kilsan kohdalla n\u00e4in Marikan \u00e4itins\u00e4 kera ja pistin heid\u00e4t heti hommiin. Eli vahtimaan, ett\u00e4 ratsukot eiv\u00e4t ratsasta harhaan. Ep\u00e4ilin, ett\u00e4 jos se juoruaminen jatkuu, niin eiv\u00e4t takuulla huomaa risteyst\u00e4. Olivat omien juttujensa mukaan kuitenkin olleet hereill\u00e4, joten huoleni oli aiheeton.<\/p>\n<p>Otettiin huolto n. 7km:n kohtaan. Nettis oli juonut elektrolyytill\u00e4 ter\u00e4stetty\u00e4 melassivett\u00e4 jo l\u00e4ht\u00f6paikalla 10l ja yht\u00e4 hyv\u00e4ll\u00e4 halulla se joi nytkin. Muutaman litran ehti h\u00f6rppi\u00e4 ja ottaa kuivaa leip\u00e4\u00e4 suuhunsa ja sitten l\u00e4hti laukkaamaan pitkin leve\u00e4\u00e4 varalaskeutumispaikkaa.<\/p>\n<p>Seuraava huolto olikin jo yli 20km:n p\u00e4\u00e4ss\u00e4 ja sinne sain odottaa ratsukoita aika hartaasti. Olen ehk\u00e4 tottunut v\u00e4h\u00e4n kiivaampaan tahtiin, niin lopulta jo\u00a0<\/p>\n<p>soitin Riitalle, ett\u00e4 onko kaikki ok. Oli muuten, mutta heit\u00e4 ei oltu huollettu,\u00a0<\/p>\n<p><img decoding=\"async\" class=\"alignleft\" src=\"http:\/\/www.suonpaa.net\/wp-content\/uploads\/2017\/08\/liesjarvi1102.jpg\" \/><\/p>\n<p>koska huoltoauto ei voinut menn\u00e4 sovittuun kohtaan huoltokieltoalueen johdosta. Ikuisuudelta tuntuneen ajan j\u00e4lkeen saapuivat huoltoon. Olin asetellut \u00e4mp\u00e4reit\u00e4 pitkin l\u00e4\u00e4ni\u00e4, ett\u00e4 kolme hevosta mahtuisi juomaan. Lis\u00e4ksi ratsastajat saivat myslipatukat ja jatkoivat matkaansa. Kari vinkui suolaista, joten otettiin huolto muutaman kilsan p\u00e4\u00e4h\u00e4n, ett\u00e4 sain kaivettua minipasteijan \u00e4ij\u00e4lle suuhun.<\/p>\n<p>Matkakumppaneiden huolto tuli hyvin nopeasti meid\u00e4n ison huollon j\u00e4lkeen, joten Kari otti siin\u00e4 kohtaa pienen irtioton. Nettaus ei kuulemma yleens\u00e4 ved\u00e4, eik\u00e4 se varsinkaan l\u00e4hde omille teilleen. matkaratsun pit\u00e4\u00e4 kuitenkin molempiin kyet\u00e4, niin oli v\u00e4h\u00e4n otettu agendaksi kumpaakin kokeilla. V\u00e4h\u00e4n Nettis oli vet\u00e4nytkin, mutta irtautuminen sujui kohtuullisen hyvin. Aika nopeasti oli eroa jo muutama minuutti ja sitten polle kulkikin ihan tyytyv\u00e4isen\u00e4 kohti maalia.<\/p>\n<p>Otettiin viel\u00e4 yksi huolto ennen loppup\u00e4tk\u00e4n huoltokieltoaluetta. Tamma joi taas oikein kivasti ja otti herkkuja vastaan mieliss\u00e4\u00e4n. Kovasti el\u00e4\u00e4 kiitoksella, joten kehumalla Kari sai sen hyvin liikkumaan ja tekem\u00e4\u00e4n t\u00f6it\u00e4. Kun huollot oli huollettu otin viel\u00e4 v\u00e4h\u00e4n kuvia ja videota ja kaahasin takaisin maalialueelle. Ehdin ker\u00e4t\u00e4 kamat kasaan ja harppoa maalilinjalle kyselem\u00e4\u00e4n virallista aikaa, niin ratsukko vilahti jo ohi \"l\u00e4hestymisrastin\". Aika tarkasti minimiajassa ylittiv\u00e4t maaliviivan.<\/p>\n<p>Meill\u00e4 taas v\u00e4h\u00e4n linjat rakoilivat, kun Karin mielest\u00e4 oli pakko mitata sykett\u00e4 minuutin v\u00e4lein ja mun mielest\u00e4 olisi voitu rauhassa\u00a0<\/p>\n<p><img decoding=\"async\" class=\"alignleft\" src=\"http:\/\/www.suonpaa.net\/wp-content\/uploads\/2017\/08\/liesjarvi1103.jpg\" \/><\/p>\n<p>odottaa vartti ja viilennell\u00e4 hevosta ja vasta sitten alkaa mittailla. Noh, kinahan siin\u00e4kin sitten tuli. Kaikesta huolimatta syke oli sovittu 50 reilun 10 minuutin j\u00e4lkeen. Siirryttiin vetgaten tuntumaan ja mitattiin uudelleen sama syke. Sitten ilmoittauduttiin. Ell:n mittaamana syke oli 52. Mit\u00e4\u00e4n huomautettavaa ei ollut ja koska sade oli kastellut kent\u00e4n, ei k\u00f6histely\u00e4k\u00e4\u00e4n tarvinnut kenenk\u00e4\u00e4n kuunnella.<\/p>\n<p>Heitettiin tammuskalle loimi p\u00e4\u00e4lle. Kari alkoi kantaa kamoja ja min\u00e4 taluttelin hevosta ja annoin sen nappailla tuoretta. Vikan 1.5 km olivat jo tulleet k\u00e4ynniss\u00e4, joten verkattiin viel\u00e4 hetki ja sitten laitettiin hevonen koppiin pois sateesta. Sy\u00f6tiin autossa ev\u00e4it\u00e4 ja odoteltiin palkintojenjakoa. Palkinnoksi saatiin arvotavaraa, jota itse olin seuralle joskus lahjoittanut, joten pistettiin palkinnot lyhent\u00e4m\u00e4tt\u00f6min\u00e4 hevosen omistajalle. Meille riitti se, ett\u00e4 saatiin taas hiottua muutamaa juttua ja se, ett\u00e4 polle sai 34km:n lenkin taitettua keskinopeudella 12.1km\/h.<\/p>\n<p>Kotimatka sujui nopeasti ja nakattiin tamma hein\u00e4kasan kanssa tarhaan ja painettiin kotiin vaihtamaan vaatteita omaa tallireissua varten. Kiva kokemus ja kivat kisat, vaikka olisi toki toivonut isompaa osallistujam\u00e4\u00e4r\u00e4\u00e4, sill\u00e4 Liesj\u00e4rven maastot ovat aika kivat. Mutta ainakin kannoimme oman kortemme kekoon, kun lainah\u00f6yheniss\u00e4 edustimme.<\/p>\n<\/div>\n<\/div><\/div><\/div><\/div><\/div>","protected":false},"excerpt":{"rendered":"<p>L\u00e4ht\u00f6lista 34km Seura 1. Tuuli Koskinen (SuMaRa) &#8211; Pandora\u00b4s Box, tilastohevonen, tamma, 8 v2. Jenni Flinck (SuMaRa) &#8211; Alla, torinhevonen, tamma, 16 v3. Ronja Valkeala (SuMaRa) &#8211; Salmen Pinokkio, suomenhevonen, ruuna, 8 v4. Riitta Ariluoma (SuMaRa) &#8211; Platino, suomenhevonen, ruuna, 8 v5. Marjut Toivanen (SuMaRa) &#8211; Export, eestinhevonen, ruuna, 11 v6. Kari K\u00e4rkk\u00e4inen (RieRat) &#8211; [&hellip;]<\/p>\n","protected":false},"author":3,"featured_media":0,"parent":673,"menu_order":8,"comment_status":"closed","ping_status":"closed","template":"templates\/template-full.php","meta":{"footnotes":""},"class_list":["post-4978","page","type-page","status-publish","hentry","post"],"_links":{"self":[{"href":"https:\/\/www.suonpaa.net\/index.php?rest_route=\/wp\/v2\/pages\/4978","targetHints":{"allow":["GET"]}}],"collection":[{"href":"https:\/\/www.suonpaa.net\/index.php?rest_route=\/wp\/v2\/pages"}],"about":[{"href":"https:\/\/www.suonpaa.net\/index.php?rest_route=\/wp\/v2\/types\/page"}],"author":[{"embeddable":true,"href":"https:\/\/www.suonpaa.net\/index.php?rest_route=\/wp\/v2\/users\/3"}],"replies":[{"embeddable":true,"href":"https:\/\/www.suonpaa.net\/index.php?rest_route=%2Fwp%2Fv2%2Fcomments&post=4978"}],"version-history":[{"count":10,"href":"https:\/\/www.suonpaa.net\/index.php?rest_route=\/wp\/v2\/pages\/4978\/revisions"}],"predecessor-version":[{"id":4993,"href":"https:\/\/www.suonpaa.net\/index.php?rest_route=\/wp\/v2\/pages\/4978\/revisions\/4993"}],"up":[{"embeddable":true,"href":"https:\/\/www.suonpaa.net\/index.php?rest_route=\/wp\/v2\/pages\/673"}],"wp:attachment":[{"href":"https:\/\/www.suonpaa.net\/index.php?rest_route=%2Fwp%2Fv2%2Fmedia&parent=4978"}],"curies":[{"name":"wp","href":"https:\/\/api.w.org\/{rel}","templated":true}]}}