{"id":4869,"date":"2017-08-06T09:50:46","date_gmt":"2017-08-06T06:50:46","guid":{"rendered":"http:\/\/www.suonpaa.net\/?page_id=4869"},"modified":"2017-08-06T10:01:04","modified_gmt":"2017-08-06T07:01:04","slug":"6-11-11-jokioinen-22km-syke-56","status":"publish","type":"page","link":"https:\/\/www.suonpaa.net\/?page_id=4869","title":{"rendered":"6.11.11 Jokioinen, 22km, syke 56"},"content":{"rendered":"<div id=\"pl-4869\"  class=\"panel-layout\" ><div id=\"pg-4869-0\"  class=\"panel-grid panel-no-style\" ><div id=\"pgc-4869-0-0\"  class=\"panel-grid-cell\" ><div id=\"panel-4869-0-0-0\" class=\"so-panel widget widget_sow-editor panel-first-child panel-last-child\" data-index=\"0\" ><div\n\t\t\t\n\t\t\tclass=\"so-widget-sow-editor so-widget-sow-editor-base\"\n\t\t\t\n\t\t>\n<div class=\"siteorigin-widget-tinymce textwidget\">\n\t<p><i>L\u00e4ht\u00f6lista 22km seura<\/i> <\/p>\n<p>17. Janita Kukkonen (SRS) - Nellan Salama, suomenhevonen, ruuna, 9v.<br \/>18. Jannica Olonen (SuoRa) - Veivin Kemu, suomenhevonen, ruuna, 22v.<br \/>19. Nella Vuorinen (SomRa) - Pia\u00b4s Bukefelos, l\u00e4mminverinen ravihevonen, ruuna, 11v.<br \/>20. Ronja Valkeala (SuMaRa) - Salmen Pinokkio, suomenhevonen, ruuna, 8v.<br \/>21. Eveliina Talka (KOR) - Prunella SE, Gotlannin russ, tamma, 8v.<br \/>22. Minka Kontunen (SiRU) - Oliver Hobby, l\u00e4mminverinen ravihevonen, ruuna, 12v.<br \/>23. Rauni Lintula (SuMaRa) - Hello Mary Lou, l\u00e4mminverinen ravihevonen, tamma, 19v.<br \/>24. Kaj Torp (LAR) - Breget, puoliverinen, ruuna, 7v.<br \/>25. Elina Kuusela (M\u00e4nRa) - Karu Neito, suomenhevonen, tamma, 5v.<br \/>26. Heidi Laurinen (RieRat) - Hopo, suomenhevonen, ruuna, 20v.<br \/>27. Kari K\u00e4rkk\u00e4inen (RieRat) - Seljanka, ratsuponi, tamma, 9v.<br \/>28. Helvi Nikkil\u00e4 (SuMaRa) - Akviliina, suomenhevonen, tamma, 5v.<br \/>34. Kirsi Sepp\u00e4l\u00e4 (NPR) - Welkko, suomenhevonen, ruuna, 10v.<\/p>\n<\/div>\n<\/div><\/div><\/div><div id=\"pgc-4869-0-1\"  class=\"panel-grid-cell\" ><div id=\"panel-4869-0-1-0\" class=\"so-panel widget widget_sow-editor panel-first-child panel-last-child\" data-index=\"1\" ><div\n\t\t\t\n\t\t\tclass=\"so-widget-sow-editor so-widget-sow-editor-base\"\n\t\t\t\n\t\t>\n<div class=\"siteorigin-widget-tinymce textwidget\">\n\t<p><i>Tulokset 22km seura<\/i><\/p>\n<\/div>\n<\/div><\/div><\/div><\/div><div id=\"pg-4869-1\"  class=\"panel-grid panel-no-style\" ><div id=\"pgc-4869-1-0\"  class=\"panel-grid-cell\" ><div id=\"panel-4869-1-0-0\" class=\"so-panel widget widget_sow-editor panel-first-child panel-last-child\" data-index=\"2\" ><div\n\t\t\t\n\t\t\tclass=\"so-widget-sow-editor so-widget-sow-editor-base\"\n\t\t\t\n\t\t>\n<div class=\"siteorigin-widget-tinymce textwidget\">\n\t<p>Vaikka oltiin niin onnellisia, ett\u00e4 l\u00e4ht\u00f6 tapahtuisi vasta iltap\u00e4iv\u00e4ll\u00e4, niin her\u00e4tys oli silti puoli seitsem\u00e4lt\u00e4. V\u00e4h\u00e4n viel\u00e4 pakkailtiin ja hoidettiin kotihommat ja sitten oltiinkin jo yhdeks\u00e4lt\u00e4 nykim\u00e4ss\u00e4 Siwan kahvaa, sill\u00e4 ev\u00e4\u00e4t oli ostamatta sek\u00e4 ratsastajille, ett\u00e4 ratsuille.<\/p>\n<p>Kipakan ostosreissun j\u00e4lkeen suoriuduttiin tallille aika nopeasti ja kamalan kauaa ei my\u00f6sk\u00e4\u00e4n hevosia valmisteltu. Sellan takasessa oli edelleen v\u00e4h\u00e4n huomautettavaa, mutta koska patti on ollut oireeton, niin ajateltiin katsoa, mit\u00e4 se lenkist\u00e4 tykk\u00e4\u00e4. Hopolla oli my\u00f6s takaset v\u00e4h\u00e4n pehme\u00e4t, mutta yleens\u00e4 liikutus turvotuksen poistaa, joten p\u00e4\u00e4tettiin, ett\u00e4 molemmat l\u00e4htev\u00e4t reissuun. V\u00e4h\u00e4n j\u00e4lkeen kymmenen oltiin jo liikkeell\u00e4 ja todettiin, ett\u00e4 ekat siell\u00e4 parhaillaan starttailivat p\u00e4iv\u00e4\u00e4ns\u00e4.<\/p>\n<p>Parissa tunnissa olimme Kuumassa ja ei oikeastaan ehditty kuin avata luukut, niin Susannakin saapui paikalle. Oltiin ajateltu, ett\u00e4 p\u00e4rj\u00e4\u00e4mme ilman huoltoa, mutta sitten kuitenkin p\u00e4\u00e4dyttiin siihen, ett\u00e4 otetaan likka avuksi. Samalla h\u00e4n saa treeni\u00e4 huoltohommiin ja onhan se nyt kivempi matkaa taittaa, kun joku v\u00e4h\u00e4n huoltaa. Ja ihan k\u00e4yt\u00e4nn\u00f6n jutut on noiden h\u00f6yryp\u00e4iden kanssa aika haastavia, jos ei apuk\u00e4si\u00e4 ole. Joten kaikin tavoin j\u00e4rkev\u00e4\u00e4 oli Susanna ottaa matkaan mukaan.<\/p>\n<p>Kari k\u00e4vi hoitelemassa paperiasiat ja reittiselostus tietenkin skipattiin, niin kuin hyviin tapoihin kuuluu. Tyypit k\u00e4ytt\u00e4ytyiv\u00e4t tarkastuksessa kuin \u00e4lyk\u00e4\u00e4pi\u00f6t. Sella k\u00e4vi kamalilla kierroksilla ja Hopo spennasi siin\u00e4 mittakaavassa, ett\u00e4 alkutarkastuksen syke oli 56!! Lupasi siis oikein hyv\u00e4\u00e4.<\/p>\n<p><img decoding=\"async\" class=\"alignleft\" src=\"http:\/\/www.suonpaa.net\/wp-content\/uploads\/2017\/08\/kuuma2011_1.jpg\" \/><\/p>\n<p>S\u00e4\u00e4 oli kangistavan kamala. Arvottiin siin\u00e4 tovi, ett\u00e4 mill\u00e4 varustuksella liikkeelle l\u00e4hdett\u00e4isiin. Tuuli tuntui menev\u00e4n luihin asti. Hevosilla ei suurempaa huolta s\u00e4\u00e4st\u00e4 ollut, mutta ei keli ainakaan hellinyt. Hopo oli hikeentynyt matkan aikana, joten v\u00e4h\u00e4n olin huolissani, ettei se kylmetyt\u00e4 itse\u00e4\u00e4n.<\/p>\n<p>Satulat heitettiin selk\u00e4\u00e4n ja annettiin likalle toimintaohjeet. Sitten v\u00e4\u00e4nnettiin itsemme selk\u00e4\u00e4n noin kymment\u00e4 vaille l\u00e4ht\u00f6k\u00e4skyn. Varmaan ihan hyv\u00e4 idea, ett\u00e4 ratsukot pistettiin kiert\u00e4m\u00e4\u00e4n issikoiden ovaalia, mutta kun mukana porukassa oli kuumakallea ihan jokaiseen l\u00e4ht\u00f6\u00f6n, niin muutaman pukkisarjan ja tasajalkapompun j\u00e4lkeen p\u00e4\u00e4tettiin, ett\u00e4 on parempi siirty\u00e4 syrj\u00e4\u00e4n. Kun kauhukaksikko p\u00e4\u00e4si syrjemm\u00e4lle ja sai turvan maahan, niin kaikki olikin hyvin. L\u00e4ht\u00f6hetken l\u00e4hestyess\u00e4 todettiin, ett\u00e4 suurin osa on ovaalilla, joten p\u00e4\u00e4tettiin l\u00e4hte\u00e4 ihan alkup\u00e4\u00e4n mukana. Sellalle ei tietenk\u00e4\u00e4n olisi kelvannut mik\u00e4\u00e4n muu kuin k\u00e4rkipaikka ja se olikin aivan raivona, kun himmailtiin ensimm\u00e4iset kilometrit.<\/p>\n<p>Kun p\u00e4\u00e4stin asfaltilta pois, niin p\u00e4\u00e4stettiin hevoset h\u00f6lk\u00e4lle. Sep\u00e4 ei tietenk\u00e4\u00e4n riitt\u00e4nyt Sellalle, vaan tamma jatkoi temppuiluaan. Kun 5 km oli edetty, niin Hopo oli jo pitk\u00e4ll\u00e4 ohjalla ja se olisi saattanut voida jopa k\u00e4vell\u00e4, mutta Sella teputti edelleen tasajalkahyppyj\u00e4\u00e4n.<\/p>\n<p><img decoding=\"async\" class=\"alignleft\" src=\"http:\/\/www.suonpaa.net\/wp-content\/uploads\/2017\/08\/kuuma2011_2.jpg\" \/>Eka huolto meill\u00e4 oli n. 9km:n kohdalla. Oltiin menty v\u00e4h\u00e4n liian kovaa, sill\u00e4 keskinopeus oli piirun verran yli 12 km\/h. Puusillan ylitys otti ehk\u00e4 minuutin, kun kumpikaan ei olisi voinut menn\u00e4 ensin yli. Sella homman sitten kuitenkin hoiti tyylill\u00e4. Huolto tehtiin kaikessa rauhassa. Susanna oli l\u00f6yt\u00e4nyt paikan hyvin ja tarjoilut olivat valmiina. Sen verta meill\u00e4 huolto otti aikaa, ett\u00e4 seuraava letka pyyhk\u00e4isi ohi. Muahan tuo seikka ei haitannut mill\u00e4\u00e4n tavalla, mutta Karille tuntuu olevan tavattoman t\u00e4rke\u00e4\u00e4 se, miss\u00e4 muut menev\u00e4t ja mit\u00e4 tekev\u00e4t. Kuuppa py\u00f6rii ja suu k\u00e4y koko ajan siihen liittyen. Entisen\u00e4 kilpaurheilijana itse olen kuitenkin sit\u00e4 mielt\u00e4, ett\u00e4 pit\u00e4isi keskitty\u00e4 omaan tekemiseen ja ulkoistaa muut. Kun asettaa omat tavoitteet, niin niiden saavuttaminen ei sitten liity mitenk\u00e4\u00e4n muiden menemiseen tai tekemiseen. Karin ratsastustyyliin kuitenkin kuulemma kuuluu kyt\u00e4t\u00e4 kaikkien muiden tekemisi\u00e4. Kehotin vaihtamaan tyyli\u00e4.<\/p>\n<p>Muutoin matka meni aika hyvin ilman tappelua ja selkkauksia. Kun puolimatka oli ohitettu, niin oltiin n. 11km\/h vauhdissa ja mielest\u00e4ni siit\u00e4 oli viel\u00e4 varaa pudottaa. J\u00e4\u00e4tiinkin rauhallisen letkan h\u00e4nnille. Pikkaisen vaan pumppasivat, joten olisi ollut parempi menn\u00e4 omaa vauhtia, mutta toisaalta saatiin helppo paikka porukan per\u00e4lt\u00e4. T\u00e4ss\u00e4 vaiheessa Sellakin oli jo j\u00e4rjiss\u00e4\u00e4n. Se oikeastaan rauhoittui ekassa huollossa ja radan ylikin mentiin ihan nikottelematta.<\/p>\n<p><img decoding=\"async\" class=\"alignleft\" src=\"http:\/\/www.suonpaa.net\/wp-content\/uploads\/2017\/08\/kuuma2011_6.jpg\" \/>Toinen huolto oli n. 14 km:n kohdalla ja radan ylitys meni toistamiseenkin hyvin. Herkut maistuivat ja Kari otti v\u00e4h\u00e4n huikkaakin. Sitten jatkettiin matkaa. Hevoset kulkivat ihan reippaina. Niit\u00e4 ei kumpaakaan en\u00e4\u00e4 suuremmin surettaneet muut hevoset ja meininki oli muutenkin leppoisaa. Mun jalkap\u00f6yt\u00e4 ja olkap\u00e4\u00e4 toki muistuttelivat olemassaolostaan, mutta mit\u00e4\u00e4n siet\u00e4m\u00e4t\u00f6nt\u00e4 ei ollut ilmoilla.<\/p>\n<p>Olin esitt\u00e4nyt aika selv\u00e4n n\u00e4kemyksen, ett\u00e4 vika 5 km voitaisiin k\u00e4vell\u00e4 kaikessa rauhassa. Karin moinen ajatus teki kuitenkin rauhattomaksi. Meinasi taas tulla pient\u00e4 sanomista, mutta ajattelin sitten, ett\u00e4 pit\u00e4k\u00f6\u00f6t tunkkinsa. K\u00e4ynti\u00e4kin on niin monenmoista. Olin ehk\u00e4 ajatellut sellaista 5-6 km\/h, mutta Karin ja Sellan mielest\u00e4 8 km\/h oli sopiva tahti. Aika petollinen oli my\u00f6s paluureitti, sill\u00e4 vaikka nosuja ja laskuja ei ollut paljon, niin ne olivat kuitenkin aika pitki\u00e4 ja Hopo kyll\u00e4 puuskutti, vaikka askellaji oli k\u00e4ynti. Eip\u00e4 silti, jos se ei olisi pullistellut ja esitt\u00e4nyt jotain kovista, niin varmaan sykkeet olisivat olleet ihan toista maata, sill\u00e4 viikko aikaisemmin tehtiin paljon kovempi lenkki ja sykkeet putosivat heti. Mutta mink\u00e4s teet, kun on h\u00f6yryp\u00e4\u00e4, niin sitten vaan on.<\/p>\n<p><img decoding=\"async\" class=\"alignleft\" src=\"http:\/\/www.suonpaa.net\/wp-content\/uploads\/2017\/08\/kuuma2011_7.jpg\" \/>Maaliviiva ylitettiin ihan tyytyv\u00e4isin\u00e4. 2:20 k\u00e4ytettiin aikaa. Eli aika lailla se, mit\u00e4 olin ajatellut, jopa v\u00e4h\u00e4n enemm\u00e4n. Sella meni sykkeeseen heti ja sykkeeksi saatiin 45. My\u00f6s sill\u00e4 oli ihan k\u00e4sitt\u00e4m\u00e4tt\u00f6mi\u00e4 mittauksia alkutarkastuksessa, mutta ainakin lopputarkastuksessa syke oli tavanomainen, mutta hengitystiheys ihan hurjinta tasoa, mit\u00e4 se on t\u00e4m\u00e4n vuoden aikana ollut. Alkutarkastuksessa Sellan hengitystiheys oli 42, kun se yleens\u00e4 on 8-14. Mutta kai se t\u00e4ll\u00e4 kertaa hyperventiloi oikein huolella.<\/p>\n<p>Hopon syke oli 10 minuutin j\u00e4lkeen 62 ja siit\u00e4 sen olisi ilman muuta pit\u00e4nyt laskea sallitun rajan alle. Odoteltiin rauhassa koko 30 min. Karin mielest\u00e4 mit\u00e4\u00e4n viilent\u00e4mist\u00e4 ei en\u00e4\u00e4 tarvittu, kun s\u00e4\u00e4 oli jo aika kalsa. Ja el\u00e4inl\u00e4\u00e4k\u00e4rin mittauksessa herra Hoon syke oli 58 iskua minuutissa. Kovasti ell oli pahoillaan, mutta mink\u00e4s h\u00e4n sille olisi voinut. Paitsi ehk\u00e4 tietenkin kuunnella toisen minuutin. Mutta Hopopa ei tuollaisesta tiedosta ollut moksiskaan, vaan ihan terhakkaana se asteli traikun tuntumaan ja otti miehekk\u00e4\u00e4sti vastaan hoitotoimenpiteen, joita tarjottiin ja sitten pistettiin parivaljakko koppiin ja ly\u00f6tiin kamat nippuun.<\/p>\n<p>Kari ehti viel\u00e4 palkintojenjakoonkin ja p\u00e4\u00e4si pokkaamaan ruusukkeen. Itse seurailin tapahtumaa v\u00e4h\u00e4n syrjemm\u00e4lt\u00e4 ja meinasin saada lampusta p\u00e4\u00e4h\u00e4n, kun pihavalo p\u00e4\u00e4tti antautua juuri sill\u00e4 hetkell\u00e4. Se olisi ollut jo melkoinenn show-stopperi. Hopokin sai sinnikk\u00e4\u00e4st\u00e4 yrityksest\u00e4 lohdutuspalkinnoksi s\u00e4kin porkkanaa ja Tyrni Hirnu-nameja. Niit\u00e4 se osaa arvostaa paljon enemm\u00e4n, kuin hyv\u00e4ksytty\u00e4 suoritusta tai ruusuketta. Ja m\u00e4 sain syyllistetty\u00e4 Kari sen verran, ett\u00e4 sain hienon joulukalenterin, joita SuMaRa oli myyntiin ottanut. Hienostunut loppu siis kilpailuille.<\/p>\n<p>Muiden tekemisi\u00e4 ei oikein taaskaan ehtinyt seurata. Se havaittiin, ett\u00e4 Nettis pistettiin kotiin puoliv\u00e4liss\u00e4, mutta Late ja Emppu saivat hienot suoritukset, vaikka Riitta my\u00f6hemmin manaili, ett\u00e4 heill\u00e4 t\u00e4ytyy olla maailmakaikkeuden menohaluttomimmat hevoset. Alea joutui my\u00f6s j\u00e4tt\u00e4m\u00e4\u00e4n leikin kesken, koska k\u00e4rsi ilmeisesti kovasti kylm\u00e4st\u00e4 kelist\u00e4. Joe sen sijaan lopetti kauden hienoon suoritukseen.<\/p>\n<p>Kotimatkalla totesin, ett\u00e4 paljon rankempia on huoltokeikat. Voisin siis jatkossa keskitty\u00e4 ratsastamiseen, sill\u00e4 siin\u00e4 ei tarvitse hosua, eik\u00e4 j\u00e4nnitt\u00e4\u00e4, eik\u00e4 p\u00e4hk\u00e4ill\u00e4 koko ajan jotakin. Eik\u00e4 varsinkaan ottaa jatkuvaa haukkumista vastaan. Mik\u00e4p\u00e4s tuossa on reittimerkkej\u00e4 seuraillessa ja maisemista nauttiessa. Tarvittaisiin vaan se oma talli, jossa niit\u00e4 kisahevosia voisi pit\u00e4\u00e4 v\u00e4h\u00e4n useampaakin. N\u00e4ill\u00e4 palkoilla ei kovin montaa hevosta vieraalla pidet\u00e4.<\/p>\n<p>Kun p\u00e4\u00e4stiin tallille, niin taluteltiin tyyppej\u00e4 hetki ja annettiin niiden piehtaroida kent\u00e4ll\u00e4. Sitten ylimalkainen harjaus, hein\u00e4\u00e4 taas melkoiset setit turvan eteen ja y\u00f6puulle. Tyytyv\u00e4isilt\u00e4 vaikuttivat ja k\u00e4vin viel\u00e4 tipauttamassa pari porkkanaa kummankin kuppiin ennen kuin ly\u00f6tiin valot pois ja ovet s\u00e4ppiin.<\/p>\n<\/div>\n<\/div><\/div><\/div><\/div><\/div>","protected":false},"excerpt":{"rendered":"<p>L\u00e4ht\u00f6lista 22km seura 17. Janita Kukkonen (SRS) &#8211; Nellan Salama, suomenhevonen, ruuna, 9v.18. Jannica Olonen (SuoRa) &#8211; Veivin Kemu, suomenhevonen, ruuna, 22v.19. Nella Vuorinen (SomRa) &#8211; Pia\u00b4s Bukefelos, l\u00e4mminverinen ravihevonen, ruuna, 11v.20. Ronja Valkeala (SuMaRa) &#8211; Salmen Pinokkio, suomenhevonen, ruuna, 8v.21. Eveliina Talka (KOR) &#8211; Prunella SE, Gotlannin russ, tamma, 8v.22. Minka Kontunen (SiRU) &#8211; [&hellip;]<\/p>\n","protected":false},"author":3,"featured_media":0,"parent":673,"menu_order":0,"comment_status":"closed","ping_status":"closed","template":"templates\/template-full.php","meta":{"footnotes":""},"class_list":["post-4869","page","type-page","status-publish","hentry","post"],"_links":{"self":[{"href":"https:\/\/www.suonpaa.net\/index.php?rest_route=\/wp\/v2\/pages\/4869","targetHints":{"allow":["GET"]}}],"collection":[{"href":"https:\/\/www.suonpaa.net\/index.php?rest_route=\/wp\/v2\/pages"}],"about":[{"href":"https:\/\/www.suonpaa.net\/index.php?rest_route=\/wp\/v2\/types\/page"}],"author":[{"embeddable":true,"href":"https:\/\/www.suonpaa.net\/index.php?rest_route=\/wp\/v2\/users\/3"}],"replies":[{"embeddable":true,"href":"https:\/\/www.suonpaa.net\/index.php?rest_route=%2Fwp%2Fv2%2Fcomments&post=4869"}],"version-history":[{"count":6,"href":"https:\/\/www.suonpaa.net\/index.php?rest_route=\/wp\/v2\/pages\/4869\/revisions"}],"predecessor-version":[{"id":4881,"href":"https:\/\/www.suonpaa.net\/index.php?rest_route=\/wp\/v2\/pages\/4869\/revisions\/4881"}],"up":[{"embeddable":true,"href":"https:\/\/www.suonpaa.net\/index.php?rest_route=\/wp\/v2\/pages\/673"}],"wp:attachment":[{"href":"https:\/\/www.suonpaa.net\/index.php?rest_route=%2Fwp%2Fv2%2Fmedia&parent=4869"}],"curies":[{"name":"wp","href":"https:\/\/api.w.org\/{rel}","templated":true}]}}