{"id":46,"date":"2016-02-16T08:10:45","date_gmt":"2016-02-16T08:10:45","guid":{"rendered":"http:\/\/suonpaa.net\/wordpress\/?page_id=46"},"modified":"2016-03-23T18:04:52","modified_gmt":"2016-03-23T16:04:52","slug":"matkaratsastus","status":"publish","type":"page","link":"https:\/\/www.suonpaa.net\/?page_id=46","title":{"rendered":"Matkaratsastus"},"content":{"rendered":"<p>Matkaratsastus on yksi vanhimmista hevoskilpailumuodoista ja pohjautuu armeijan kest\u00e4vyyskokeisiin. Suomessa sit\u00e4 on kuitenkin harrastettu vasta 1990-luvulta asti. Nykyaikaisena kilpailuna se on mit\u00e4 parhain koko perheen harrastusmuoto, sill\u00e4 yhden tai useamman perheenj\u00e4senen kilpaillessa muilla voi olla l\u00e4hes yht\u00e4 t\u00e4rke\u00e4 rooli huoltajina. Kilpailu on tiimity\u00f6t\u00e4 parhaimmillaan. Kilpailussa menestyminen vaativat saumatonta yhteisty\u00f6t\u00e4 ratsastajan, hevosen ja huoltotiimin kesken. Hevonen tarjoaa vauhdin, ratsastaja turvaa hevosen etenemisen ja huolto tyydytt\u00e4\u00e4 ratsukon fyysiset ja psyykkiset tarpeet. Huoltoauto saa seurata reitin varrella ja huoltaa ratsukkoa tarvittaessa. T\u00e4rke\u00e4\u00e4 on, ett\u00e4 hevonen ja ratsastaja saavan juotavaa tasaisin v\u00e4liajoin matkan edetess\u00e4. Varsinkin kes\u00e4ll\u00e4 on kuivumisen vaara helposti olemassa. Kuumalla kelill\u00e4 hevosta koetetaan my\u00f6s viilent\u00e4\u00e4 matkan varrella ja joskus ratsastajakin kaipaa viilennyst\u00e4 tai muuta helpotusta.<\/p>\n<p><img loading=\"lazy\" decoding=\"async\" class=\"alignleft size-full wp-image-2208\" src=\"http:\/\/www.suonpaa.net\/wp-content\/uploads\/2016\/02\/hamealue.jpg\" alt=\"\" width=\"375\" height=\"375\" srcset=\"https:\/\/www.suonpaa.net\/wp-content\/uploads\/2016\/02\/hamealue.jpg 375w, https:\/\/www.suonpaa.net\/wp-content\/uploads\/2016\/02\/hamealue-150x150.jpg 150w, https:\/\/www.suonpaa.net\/wp-content\/uploads\/2016\/02\/hamealue-300x300.jpg 300w, https:\/\/www.suonpaa.net\/wp-content\/uploads\/2016\/02\/hamealue-180x180.jpg 180w\" sizes=\"auto, (max-width: 375px) 100vw, 375px\" \/>Jokaisella tiimin j\u00e4senell\u00e4 on t\u00e4rke\u00e4 rooli kisassa ja siihen valmistauduttaessa, sill\u00e4 ratkaisevaa voi olla hevosen jokap\u00e4iv\u00e4inen liikutus, ruokinta ja yleiskunto. Kisaan valmistautuminen on pitk\u00e4j\u00e4nteist\u00e4 ja vaatii tarkkaa s\u00e4\u00e4t\u00f6\u00e4 ihan arkisiinkin puuhiin. Sek\u00e4 ratsulta, ett\u00e4 ratsastajalta vaaditaan erinomaista ja pitk\u00e4\u00e4n rakennettua kuntoa. My\u00f6s huoltaja saa liikuttaa luitaan ripe\u00e4sti. Kaikilta vaaditaan rauhallisuutta ja stressisietokyky\u00e4, sill\u00e4 kellon ja sykkeen kanssa pelaaminen voi olla melkoisen raastavaa. Jos hevonen ei ala juoda, tai kenk\u00e4 irtoaa, tai tapahtuu jotain muuta tavallisesta poikkeavaa, niin hermon t\u00e4ytyisi silti pit\u00e4\u00e4. Kilpailuhenkisyys ja kiivas temperamentti kuuluvat usein yhteen, joten huoltajan pit\u00e4isi olla rauhoittava ja tasoittava elementti. Kun tiimin koostuu pariskunnasta, niin joskus tulee sanailtua kovastikin, mutta kilpailutilanteen tiuskimiset t\u00e4ytyy koettaa unohtaa ja keskitty\u00e4 siihen, ett\u00e4 homma pelaa ja kukin tekee osuutensa.<\/p>\n<p>Matkaratsastus on hevosen nopeus- ja kest\u00e4vyyskilpailu, jossa samalla testataan ratsastajan hevosmies- ja maastoratsastustaitoja. Tarkoituksena on, ett\u00e4 ratsastaja tuo hevosensa maaliin parhaassa mahdollisessa kunnossa. El\u00e4inl\u00e4\u00e4k\u00e4ri valvoo hevosen kuntoa kisan edetess\u00e4. Kaikki hevoset tarkistetaan ennen kilpailua ja kilpailun j\u00e4lkeen. L\u00e4\u00e4k\u00e4ri kuuntelee hevosen keuhkot ja syd\u00e4men ja tarkistaa, ett\u00e4 liikkeet ovat puhtaat. Jotta el\u00e4inl\u00e4\u00e4k\u00e4rin tarkastuksen l\u00e4p\u00e4isee, on hevosen oltava virke\u00e4 ja kaikin puolin hyv\u00e4ss\u00e4 kunnossa. Mik\u00e4li huomautettavaa on, kilpailu loppuu siihen. Pitkill\u00e4 matkoilla tarkistuksia tehd\u00e4\u00e4n my\u00f6s matkan edetess\u00e4 n. 40 kilometrin v\u00e4lein ja samassa yhteydess\u00e4 pidet\u00e4\u00e4n pakolliset tauot. On varsin tavanomaista, ett\u00e4 ratsukon suoritus hyl\u00e4t\u00e4\u00e4n maalissa, tai matkanteko keskeytyy el\u00e4inl\u00e4\u00e4k\u00e4rin m\u00e4\u00e4r\u00e4yksell\u00e4. Ehk\u00e4 yleisin syy hylk\u00e4\u00e4miseen on liian korkea syke, eli pulssin huono palautuminen. My\u00f6s ep\u00e4puhtaat liikkeet juoksutuksessa tuottavat usein p\u00e4\u00e4nvaivaa ratsastajalle kisan edetess\u00e4. Kes\u00e4keleill\u00e4 kuivumisen vuoksi voi my\u00f6s matka tyss\u00e4t\u00e4, tai lopputuloksena olla hylk\u00e4\u00e4minen.<\/p>\n<p><img loading=\"lazy\" decoding=\"async\" class=\"alignleft size-full wp-image-659\" src=\"http:\/\/www.suonpaa.net\/wp-content\/uploads\/2016\/02\/sellaslider03.jpg\" alt=\"\" width=\"375\" height=\"375\" srcset=\"https:\/\/www.suonpaa.net\/wp-content\/uploads\/2016\/02\/sellaslider03.jpg 375w, https:\/\/www.suonpaa.net\/wp-content\/uploads\/2016\/02\/sellaslider03-150x150.jpg 150w, https:\/\/www.suonpaa.net\/wp-content\/uploads\/2016\/02\/sellaslider03-300x300.jpg 300w, https:\/\/www.suonpaa.net\/wp-content\/uploads\/2016\/02\/sellaslider03-180x180.jpg 180w\" sizes=\"auto, (max-width: 375px) 100vw, 375px\" \/>Suomessa kilpailumatkan pituus vaihtelee 15-120 kilometrin v\u00e4lill\u00e4. Jokainen ratsukko joutuu aloittamaan lyhyist\u00e4 matkoista (15 tai 30) ja vasta hyv\u00e4ksytty suoritus tuo luvan siirty\u00e4 pidemm\u00e4lle matkalle. Virallisissa kilpailussa on aina yhteisl\u00e4ht\u00f6. Reitti on merkitty maastoon ja kilpailija saa maastomerkint\u00f6jen lis\u00e4ksi kartan, johon reitti on piirretty. My\u00f6s huoltaja saa reittikartan. Reitill\u00e4 voi olla maaston aiheuttamia esteit\u00e4, kuten kaatuneita puita tai ojien ylityksi\u00e4. Maaston on tarkoitus olla mahdollisimman vaihtelevaa ja vastaan voi tulla hyvinkin erikoisia ja yll\u00e4tt\u00e4vi\u00e4 asioita, kuten kapeita siltoja tai hiihtoputkia, joista ratsukon tulee suoriutua.<\/p>\n<p>Matkaratsastuksen pukeutumis- ja varustes\u00e4\u00e4nn\u00f6t ovat l\u00f6yhemm\u00e4t kuin muissa ratsastuksen lajeissa. Hevosen varusteilta ei edellytet\u00e4 muuta kuin sit\u00e4, ett\u00e4 ne ovat hevoselle sopivat, eiv\u00e4tk\u00e4 tuota kipua. Apuohjista sallitaan ainoastaan vapaajuoksuiset martingaalit. Ratsastusasun on oltava asiallinen ja tarkoitukseen sopiva. S\u00e4\u00e4nn\u00f6iss\u00e4 kehotetaan koko tiimi\u00e4 pukeutumaan samaan tyyliin. Paidoissa tulee olla hihat ja kaulukset. Kyp\u00e4r\u00e4n k\u00e4ytt\u00f6 on pakollista ja kenkien tulee olla kannalliset. Tasapohjaisten kenkien kanssa tulee k\u00e4ytt\u00e4\u00e4 kopallisia turvajalustimia. Kannukset ja raippa ovat kiellettyj\u00e4. Yh\u00e4 enemm\u00e4n ovat yleistyneet matkaratsastukseen erityisesti suunnitellut satulat, suitset ja ratsastusvaatteet. Niit\u00e4 valmistaa mm. yhteisty\u00f6kumppanimme Podium. Autamme mielell\u00e4mme hankinnoissa. Tavallaan t\u00e4m\u00e4kin on v\u00e4lineurheilua. Niin kuin miss\u00e4 lajissa tahansa, hyv\u00e4t varusteet tekev\u00e4t harrastamisesta nautinnollisen.<\/p>\n<p>Matkaratsastuksessa parhaiten menestyv\u00e4t arabianhevoset, mutta lyhyemmill\u00e4 matkoilla suomenhevonenkin voi p\u00e4rj\u00e4t\u00e4 varsin hyvin. Suomenhevosella on saatu jopa hyv\u00e4ksytty tulos pitk\u00e4ll\u00e4 matkalla MM-kilpailuissa, kun Ritva Lampinen ja jo el\u00e4kkeelle siirtynyt Uusi-Helin\u00e4 tulivat sijalle 27 Tukholmassa 1990. Ritva kilpailee edelleen aktiivisesti.<\/p>\n<p><i>Linkkej\u00e4:<\/i><br \/>\n<a href=\"http:\/\/www.ratsastus.fi\/kilpailusaannot\" target=\"new\">Matkaratsastuss\u00e4\u00e4nn\u00f6t<\/a><br \/>\n<a href=\"http:\/\/www.riemuratsukot.wordpress.com\/\" target=\"new\">Riemuratsukot<\/a><br \/>\n<a href=\"http:\/\/www.matkaratsastus.fi\/\" target=\"new\">Suomen Matkaratsastusseura<\/a><br \/>\n<a href=\"http:\/\/www.ratsastuspolut.fi\/\" target=\"new\">Espoon ratsastuspolut<\/a><\/p>\n","protected":false},"excerpt":{"rendered":"<p>Matkaratsastus on yksi vanhimmista hevoskilpailumuodoista ja pohjautuu armeijan kest\u00e4vyyskokeisiin. Suomessa sit\u00e4 on kuitenkin harrastettu vasta 1990-luvulta asti. Nykyaikaisena kilpailuna se on mit\u00e4 parhain koko perheen harrastusmuoto, sill\u00e4 yhden tai useamman perheenj\u00e4senen kilpaillessa muilla voi olla l\u00e4hes yht\u00e4 t\u00e4rke\u00e4 rooli huoltajina. Kilpailu on tiimity\u00f6t\u00e4 parhaimmillaan. Kilpailussa menestyminen vaativat saumatonta yhteisty\u00f6t\u00e4 ratsastajan, hevosen ja huoltotiimin kesken. Hevonen [&hellip;]<\/p>\n","protected":false},"author":3,"featured_media":0,"parent":0,"menu_order":1,"comment_status":"closed","ping_status":"closed","template":"templates\/template-full-notitle.php","meta":{"footnotes":""},"class_list":["post-46","page","type-page","status-publish","hentry","post"],"_links":{"self":[{"href":"https:\/\/www.suonpaa.net\/index.php?rest_route=\/wp\/v2\/pages\/46","targetHints":{"allow":["GET"]}}],"collection":[{"href":"https:\/\/www.suonpaa.net\/index.php?rest_route=\/wp\/v2\/pages"}],"about":[{"href":"https:\/\/www.suonpaa.net\/index.php?rest_route=\/wp\/v2\/types\/page"}],"author":[{"embeddable":true,"href":"https:\/\/www.suonpaa.net\/index.php?rest_route=\/wp\/v2\/users\/3"}],"replies":[{"embeddable":true,"href":"https:\/\/www.suonpaa.net\/index.php?rest_route=%2Fwp%2Fv2%2Fcomments&post=46"}],"version-history":[{"count":8,"href":"https:\/\/www.suonpaa.net\/index.php?rest_route=\/wp\/v2\/pages\/46\/revisions"}],"predecessor-version":[{"id":2210,"href":"https:\/\/www.suonpaa.net\/index.php?rest_route=\/wp\/v2\/pages\/46\/revisions\/2210"}],"wp:attachment":[{"href":"https:\/\/www.suonpaa.net\/index.php?rest_route=%2Fwp%2Fv2%2Fmedia&parent=46"}],"curies":[{"name":"wp","href":"https:\/\/api.w.org\/{rel}","templated":true}]}}