{"id":4578,"date":"2017-06-18T12:51:10","date_gmt":"2017-06-18T09:51:10","guid":{"rendered":"http:\/\/www.suonpaa.net\/?page_id=4578"},"modified":"2017-06-21T18:00:35","modified_gmt":"2017-06-21T15:00:35","slug":"17-6-2017-lieto","status":"publish","type":"page","link":"https:\/\/www.suonpaa.net\/?page_id=4578","title":{"rendered":"17.06.2017 Lieto, Midnight Ride"},"content":{"rendered":"<p>Luokka 2.1 n. 30 km ihanneaika<\/p>\n<p>L\u00e4ht\u00f6lista:<\/p>\n<p>Tulokset:<\/p>\n<p>&nbsp;<\/p>\n<p>Viikko aiemmin py\u00f6rittelin silm\u00e4ni Pietarissa ja nyt oli tarjolla jotain aivan muuta. Koska ihan poikkeuksellisesti kyseess\u00e4 oli iltap\u00e4iv\u00e4\u00e4n ja iltaan painottuva keskiy\u00f6n ratsastus, niin kilpailut vihellettiin alkavaksi vasta iltap\u00e4iv\u00e4ll\u00e4. Me l\u00e4hdettiin kisaan mukaan varsin l\u00f6ysin rantein ja oman k\u00f6p\u00f6ttelyluokkamme startti oli ajankohtainen klo 16:00. Eli tallille mentiin l\u00e4hemp\u00e4n\u00e4 yht\u00e4toista. Laiteltiin viel\u00e4 viimeiset jutut kuntoon ja koska en ollut itse pakkamassa, niin kyselin, ett\u00e4 onko se tai se tai se mukana. Kaikki kuulemma oli. Pieni yll\u00e4tys oli, ett\u00e4 Kari ei ollut kuitenkaan traikkua laittanut edellisen\u00e4 iltana kuntoon ja siell\u00e4 oli jonkun verta vanhaa hein\u00e4\u00e4 ja osittain sateen kastelemaa kuiviketta. Olis kyll\u00e4 hirveen kiva, jos jaksasi aina laittaa kaikki kamat paikoilleen ja kaluston kuntoon reissujen j\u00e4lkeen. Kari siin\u00e4 n\u00e4ytteli mulle kurkunleikkausmerkkej\u00e4, kun \u00e4\u00e4neen ihmettelin, ett\u00e4 homman olisi voinut hoita aiemminkin. Pestiin hevoset ennen matkaa ja n\u00e4in my\u00f6s taattiin niille v\u00e4h\u00e4n viile\u00e4mpi kyyti, sill\u00e4 mittari oli noussut jo hellelukemiin ja iltakisan ollessa kyseess\u00e4 kuljetus tapahtuikin kaikista kuumimpaan aikaan p\u00e4iv\u00e4st\u00e4.<\/p>\n<p><img loading=\"lazy\" decoding=\"async\" class=\"alignleft size-medium wp-image-4606\" src=\"http:\/\/www.suonpaa.net\/wp-content\/uploads\/2017\/06\/Traikussa-375x281.jpg\" alt=\"\" width=\"375\" height=\"281\" srcset=\"https:\/\/www.suonpaa.net\/wp-content\/uploads\/2017\/06\/Traikussa-375x281.jpg 375w, https:\/\/www.suonpaa.net\/wp-content\/uploads\/2017\/06\/Traikussa.jpg 640w\" sizes=\"auto, (max-width: 375px) 100vw, 375px\" \/>Lastaus sujui hyvin. Vein Sellan kurkkimaan takaovesta ja Urho k\u00e4veli suoraan l\u00e4hetettyn\u00e4 sis\u00e4\u00e4n, sitten hypp\u00e4sin kiinnittelem\u00e4\u00e4n sit\u00e4 ja ojensin Sellan Karille, joka l\u00e4hetti seuraavaksi sen ja tamma k\u00e4veli ykk\u00f6sell\u00e4 sis\u00e4lle. Taakse on j\u00e4\u00e4neet hirvitt\u00e4v\u00e4t kikkailut ja taistelut. Tosin, jos t\u00e4m\u00e4n nyt uskaltaa sanoa \u00e4\u00e4neen, niin onko seuraava l\u00e4ht\u00f6 taas ihan kaoottinen.\u00a0 Kyll\u00e4 mulla on eritt\u00e4in hyvin muistissa sekin kerta, kun Sellan piti l\u00e4hte\u00e4 kisoihin ja ei suostunut menem\u00e4\u00e4n koppiin, niin haettiin Hopo pellosta ja se k\u00e4vi sitten kipaisemassa kisan menestyksekk\u00e4\u00e4sti l\u00e4pi. Ja oli se toinenkin kerta, kun kisareissu peruttiin ja lastattiin tammaa 6h. Eli ei se aina vaan kulje.\u00a0 Eik\u00e4 Urhonkaan kanssa niin helppoa ole ollut, kun heti ekassa lastauksessa kaadettiin se, kun alkoi hyppi\u00e4 pystyyn. Joten n\u00e4ihin muistoihin peilailtuna on menty valovuosia eteenp\u00e4in, vaikka v\u00e4lill\u00e4 tuntuu ettei homma jalostu ollenkaan. Ja pit\u00e4\u00e4 n\u00f6yr\u00e4n\u00e4, kun n\u00e4m\u00e4 kommellukset pit\u00e4\u00e4 mieless\u00e4.<\/p>\n<p>V\u00e4h\u00e4n ennen kahtatoista l\u00e4hti siis traileriyhdistelm\u00e4 kymppitiet\u00e4 pitkin Lietoon. Min\u00e4 pakkasin piskin kyytiin ja kaasuttelin kiiresti kotiin. Koira j\u00e4i sinne ja mukaan piti kaapata mm. kameran muistikortti ja Karin Polar. Kun p\u00e4\u00e4sin lentokent\u00e4n kohdalle, niin helteinen keli muuttui rankkasateeksi. H\u00e4mm\u00e4stelin v\u00e4h\u00e4n, kun sadetta ei pit\u00e4nyt olla tiedossa. Pyyhkimet viuhtoivat villin\u00e4 ja t\u00e4t\u00e4 jatkui melkein Veikkolaan asti. Sen j\u00e4lkeen taivas taas kirkastui. Soittelin Karille ja Lauralle v\u00e4liaikatietoja. Olivat sit\u00e4 verta hyv\u00e4ll\u00e4 etumatkalla, ett\u00e4 vaikka painoin putki punaisena, niin mulla ei ollut mahkuja enn\u00e4tt\u00e4\u00e4 paikalle ennen heit\u00e4. Kari ehti siis hoitaa kansliarutiinit ja ehtiv\u00e4t my\u00f6s laittaa hevoset tarhaan ennen kuin p\u00f6ll\u00e4hdin pihaan. Majatallilaiset olivat laittaneet paikat tosi tyylikk\u00e4\u00e4seen kuntoon. Olin iloinen, ett\u00e4 olin varannut tarhapaikan ja ett\u00e4 kisan tuomaristo oli hyv\u00e4ksynyt sen, ett\u00e4 hevosia voitiin niiss\u00e4 pit\u00e4\u00e4. Pullerot p\u00e4ivystiv\u00e4t jo tarhassa ja kannettiin kiireell\u00e4 kaikki kamat autosta huoltoalueelle. Kun kari l\u00e4hti viem\u00e4\u00e4n traikkua parkkiin, niin Laura kantoi hevosille tarhaan vett\u00e4 ja m\u00e4 laskin kaikki viilennysvedet valmiiksi. Oltiin muka hyviss\u00e4 ajoin, mutta mit\u00e4\u00e4nh\u00e4n ei ehditty taas ajoissa tehd\u00e4, vaikka niin pyh\u00e4sti olin p\u00e4\u00e4tt\u00e4nyt, ett\u00e4 annetaan Lauralle malli kisatoiminnasta siten, ett\u00e4 kaikki tapahtuu ajallaan ja hoituu jouhevasti.<\/p>\n<p>Kun Kari tuli takaisin traikkuparkista, niin laitettiin Sellalle tossut jalkaan ja Kari juoksutti kumpaakin hevosta tallin edess\u00e4 muutaman metrin. Kaikki oli kunnossa ja siirryttiin tarkastukseen. Kari meni ensin Urhon kanssa ja odotimme Lauran ja Sellan kanssa odotusalueella. Menin hetkeksi auttamaan Karia ja kun homma oli hoidettu, niin Laura otti Urhon ja Sella tuli tarkastukseen. Kari esitti my\u00f6s sen. Koska kukaan ei ajanut Urhoa pois juoksutusalueen tuntumasta, niin j\u00e4iv\u00e4t siihen odottelemaan. Tosin Sella ei yleens\u00e4 ole kovinkaan riippuvainen toisten hevosten l\u00e4sn\u00e4olosta. Kumpikin sai l\u00e4ht\u00f6luvan ilman mit\u00e4\u00e4n ihmettelemist\u00e4. Aikaa oli kulunutkin sit\u00e4 verta, ett\u00e4 oltiin taas kamalassa kiireess\u00e4. Ja niin kuin aina, Karin piti p\u00e4\u00e4st\u00e4 paskalle. Meh\u00e4n ei oikein Lauran kanssa pystytty tekem\u00e4\u00e4n mit\u00e4\u00e4n, kun kummallakin oli hevonen k\u00e4siss\u00e4. Taluteltiin kaksikkoa hetki ja annettiin niiden nappalla tuoretta. Edellinen startti tapahtui ja Urholla napsahti kisamoodi p\u00e4\u00e4h\u00e4n. Se alkoi py\u00f6ri ja hy\u00f6ri\u00e4 ja oli v\u00e4h\u00e4ll\u00e4 jyr\u00e4t\u00e4 l\u00e4hist\u00f6ll\u00e4 olevat alleen. Juoksenteli sitten pient\u00e4 ympyr\u00e4\u00e4 riimunarun p\u00e4\u00e4ss\u00e4 ja fiilis oli ihan katossa. Sella katseli tyynesti ruunan touhuja. Laura sai heitetty\u00e4 tammalle satulankin selk\u00e4\u00e4n, mutta kun Kari tuli paikalle niin siirdi tietenkin satulaa edemm\u00e4s ynn\u00e4 muuta sellaista.<\/p>\n<p><img loading=\"lazy\" decoding=\"async\" class=\"alignleft size-medium wp-image-4595\" src=\"http:\/\/www.suonpaa.net\/wp-content\/uploads\/2017\/06\/L\u00e4hd\u00f6ss\u00e4-Lieto-17-281x375.jpg\" alt=\"\" width=\"281\" height=\"375\" srcset=\"https:\/\/www.suonpaa.net\/wp-content\/uploads\/2017\/06\/L\u00e4hd\u00f6ss\u00e4-Lieto-17-281x375.jpg 281w, https:\/\/www.suonpaa.net\/wp-content\/uploads\/2017\/06\/L\u00e4hd\u00f6ss\u00e4-Lieto-17.jpg 480w\" sizes=\"auto, (max-width: 281px) 100vw, 281px\" \/>Saatiin kuin saatiinkin hevoset ratsastukuntoon n. varttia vaille startti. Ilmoitin Karille, ett\u00e4 Urho k\u00e4y sitten tosi kovilla kierroksilla. Ja kun is\u00e4nt\u00e4 hypp\u00e4si selk\u00e4\u00e4n, niin alkoi er\u00e4\u00e4n sortin rodea. Siin\u00e4 h\u00e4ss\u00e4k\u00e4ss\u00e4 satula keikahti sivulle ja se oli sitten uljaalle ratsulle ihan liikaa. Mukavasti py\u00f6riv\u00e4t koko kisa-alueen ahtaimmassa paikassa s\u00e4hk\u00f6isen rodeah\u00e4r\u00e4n lailla. Sella k\u00e4ytt\u00e4ytyi edelleekin tyynesti. Laura p\u00e4\u00e4si hyvin selk\u00e4\u00e4n ja saatiin kiristetty\u00e4 satulavy\u00f6kin sopivaksi ja tamma oli muutenkin ihan cool. Toisin kuin yst\u00e4v\u00e4ns\u00e4 Priczis. Ilman osumia kuitenkin selvittiin ja p\u00e4\u00e4siv\u00e4t viralliselle verkka-alueelle verkkaamaan. Siin\u00e4 kohtaa varoitettiin kanssakilpailijoita, ett\u00e4 Sella saattaa potkia, vaikka ei sill\u00e4 punaista rusettia nyt h\u00e4nn\u00e4ss\u00e4 ollutkaan. Eli kokonaisuudessaan melkoista s\u00e4\u00e4t\u00e4mist\u00e4. Lauraa j\u00e4nnitti ja roikkui v\u00e4h\u00e4n ohjassa. Kari huikkasi mulle aidan yli, ett\u00e4 taitav\u00e4t l\u00e4hte\u00e4 ekoina. Vastasin siihen, ett\u00e4 tietenkin. Mit\u00e4p\u00e4 sit\u00e4 muutakaan kannattaa tehd\u00e4, jos hevoset eiv\u00e4t ole oikein mink\u00e4\u00e4n m\u00e4\u00e4ritelm\u00e4n mukaan kontrollissa. V\u00e4hemmill\u00e4 vaurioilla p\u00e4\u00e4st\u00e4\u00e4n, kun menev\u00e4t alta pois.<\/p>\n<p>L\u00e4ht\u00f6 ei kuitenkaan ollut mitenk\u00e4\u00e4n r\u00e4j\u00e4ht\u00e4v\u00e4 ja ilmeisesti muille oli tullut jo selv\u00e4ksi, ett\u00e4 n\u00e4ille kahdella kannattaa antaa riitt\u00e4v\u00e4sti tilaa, jos oma turvallisuus on t\u00e4rke\u00e4.\u00a0 Lauralle oli annettu miljoona kertaa sama ohje, ett\u00e4 jos Sella tuntuu haastavalta, niin ohjaa sen turvan Urhon takapuoleen. Niin kuin aikanaan tehtiin Hoponkin kanssa. Vaikka Hopo potkia kaikkea muuta maailmassa, niin ikin\u00e4 se ei olisi Sellaa potkinut. Eik\u00e4 Urhokaan sit\u00e4 tee. Aluksi Laura olikin aika j\u00e4nnittynyt, mutta ihmeen hyvin Sella sieti sit\u00e4kin. Ekat viisi kilsaa Laura v\u00e4h\u00e4n roikkui ohjassa, mutta sitten rentutui, korjasi istuntansa, antoi ohjaa ja alkoi matkaratsastaa.<\/p>\n<p>M\u00e4 p\u00e4r\u00e4ytin auton k\u00e4yntiin v\u00e4litt\u00f6m\u00e4sti kun l\u00e4ht\u00f6linja oli ylitetty. Nopeasti olin kiihdytt\u00e4nyt itseni tielle ja napsinut ratsukot kiinni yksi kerrallaan. Taas omat kaksi olivat ehtineet yll\u00e4tt\u00e4v\u00e4n pitk\u00e4lle. Se on aina sama juttu. Yht\u00e4\u00e4n ei voi antaa etumatkaa. Ehdin kuin ehdinkin alikululle tarkoitus oli tehd\u00e4 nopea viilennyshuolto, sill\u00e4 vaikka hevosten kaulat oli kasteltu jo ennen l\u00e4ht\u00f6, niin keli oli kuuma ja kaulatkin olivat l\u00e4hes kuivat jo l\u00e4hd\u00f6n hetkell\u00e4. Nopea stoppi ja sitten ratsukot jatkoivat matkaa. Koska ei oltu kuunneltu reittiselostusta kukaan, niin en ihan tarkkaan tiennyt kuviota, mutta sen tiesin, ett\u00e4 huoltokieltoalueet oli merkitty karttaan ja ne k\u00e4sittiv\u00e4t oikeastaan vain pikkutiet. Trackereitahan ei oltu saatu k\u00e4ytt\u00f6\u00f6n, koska komitean olisi pit\u00e4nyt suorittaa pieni p\u00e4ivitys. Viikko olisi ollut aikaa, mutta se ei sitten riitt\u00e4nyt. Harmillista, mutta kertonee my\u00f6s jotain siit\u00e4, miten nykykomitea on laitteisiin sitoutunut. Kun illalla seurailin Jukolan viesti\u00e4, niin mietin, ett\u00e4 suunnistuksen l\u00e4pimurto tapahtui juurikin seurantalaitteiden kautta. Miten voi olla niin vaikeaa hyv\u00e4ksy\u00e4 sit\u00e4, ett\u00e4 samaa n\u00e4kyvyytt\u00e4 tarvitesee my\u00f6s mr-kilpailu!!?? Noh, ensi vuonna PM-kisoissa seurataan sek\u00e4 matkaratsastajia ett\u00e4 y\u00f6ll\u00e4 suunnistajia. Pit\u00e4\u00e4 viritt\u00e4\u00e4 sinne joku kisakatsomo!<\/p>\n<p>Toinen huoltotiimi kyseli siin\u00e4 jotain tien nime\u00e4. Totesin, ett\u00e4 mulla ei ole harmainta aavistusta teiden nimist\u00e4, kun en ollut ehtinyt viel\u00e4 karttaa tutkia tai tosiaan reittiselostuksessa olla. Vetelin ns. fiilispohjalta. Ennakkoon en oikein muistanut, miten reitti meni, mutta paikan p\u00e4\u00e4ll\u00e4 jotain muistikuvia tuli ja reittimerkit olivat hyvin havaittavissa. Hevoset pujahtivat tunneliin ja l\u00e4hdin kovalla tohinalla kohti seuraavaa pikahuoltopaikkaa, joka oli n. 10 kilsan kohdalla. Ratsukot eteniv\u00e4t aika hyvin 16 km\/h vauhtia, joten ihan reippaasti sain ajella ehti\u00e4kseni taas paikasta toiseen. Ehdin iske\u00e4 auton pientareelle ja kaapata kaksi rinse\u00e4 k\u00e4siini. Seisoin keskell\u00e4 tiet\u00e4 ja toinen ratsukko otti pullonsa vasemmalta ja toinen oikealta ja sitten pujahtivat metsikk\u00f6\u00f6n. Ker\u00e4sin purkit pois, l\u00f6in luukut kiinni ja kaasutin seuraavaan paikkaan.<\/p>\n<div id=\"attachment_4604\" style=\"width: 385px\" class=\"wp-caption alignleft\"><img loading=\"lazy\" decoding=\"async\" aria-describedby=\"caption-attachment-4604\" class=\"size-medium wp-image-4604\" src=\"http:\/\/www.suonpaa.net\/wp-content\/uploads\/2017\/06\/Laura-ja-Kari-Liedon-reitill\u00e4-375x281.jpg\" alt=\"\" width=\"375\" height=\"281\" srcset=\"https:\/\/www.suonpaa.net\/wp-content\/uploads\/2017\/06\/Laura-ja-Kari-Liedon-reitill\u00e4-375x281.jpg 375w, https:\/\/www.suonpaa.net\/wp-content\/uploads\/2017\/06\/Laura-ja-Kari-Liedon-reitill\u00e4.jpg 640w\" sizes=\"auto, (max-width: 375px) 100vw, 375px\" \/><p id=\"caption-attachment-4604\" class=\"wp-caption-text\">Kuva OP Salop\u00e4\u00e4<\/p><\/div>\n<p>Seuraava huolto meill\u00e4 oli v\u00e4h\u00e4n reilun kympin kohdalla. Hevoset eteniv\u00e4t edelleen sellaista sopivaa 16 kilsaa tunnissa. Sella ravaili t\u00f6pp\u00f6siss\u00e4\u00e4n ja Urho laukkasi. Sella oli muutaman kerran antanut mit\u00e4 lie sivupotkuja uhitellaakseen Urholle, mutta muuten matka sujui sopuisasti. Sellalla on kilpailuvietti\u00e4 sen verran, ett\u00e4 aina pit\u00e4\u00e4 v\u00e4h\u00e4n uhitella. Puiden varjossa ei ollut niin kuumakaan, mutta kyll\u00e4 keli oli silti helteinen ja se ei ole koskaan ollut oikeastaan meille kellek\u00e4\u00e4n paras mahdollinen s\u00e4\u00e4olosuhde. Kun tulivat huoltoon, niin viilennettiin rauhassa, ratsastajat joivat ja pudotin Sellalta kuolaimet pois, ett\u00e4 sekin sai juotua. Se ei ole t\u00e4h\u00e4n p\u00e4iv\u00e4\u00e4n menness\u00e4 oppinut juomaan kuolaimet sussa. Mik\u00e4 lie rakenteellinen juttu, mutta siit\u00e4 ei vaan tule yht\u00e4\u00e4n mit\u00e4\u00e4n. Urho ryysti tyytyv\u00e4isen\u00e4 kuolaimettomillaan, mutta Sellaa ei voinut Lauran k\u00e4siin laittaa ilman kuolainta, joten pelailtiin sitten kuolaimia pois suusta ja takaisin. Meneeh\u00e4n se niinkin, mutta aikaa tietenkin menisi, jos oikeasti kisata pit\u00e4isi. Annoin viel\u00e4 toisen huuhtelusetin kummallekin ja l\u00e4htiv\u00e4t h\u00f6lk\u00f6tellen jatkamaan matkaa. Itse sain j\u00e4\u00e4d\u00e4 aika lailla samoille sijoille. V\u00e4h\u00e4n siirsin autoa ja k\u00e4vin pummimmassa T\u00f6ppersseilt\u00e4 lis\u00e4\u00e4 vett\u00e4, sill\u00e4 omat vesivarantoni olivat ehtym\u00e4ss\u00e4. Reitin varrella ratsukot n\u00e4kiv\u00e4t my\u00f6s Salop\u00e4\u00e4n huollon ja rauhalliselta n\u00e4ytt\u00e4\u00e4 meno siin\u00e4kin kohdassa. Siit\u00e4 olin tosi tyytyv\u00e4inen, ett\u00e4 eteniv\u00e4t ihan tosi tasaista vauhtia.<\/p>\n<p>Katselin omasta paikastani 50 km:n luokan huoltoa. Olimme Saran kanssa muutamasta jutusta keskustelleet ennen kisaa. Olin ilahtunut siit\u00e4, ett\u00e4 Sara oli j\u00e4lleen kerran edenyt sovitulla tavalla ja teki taktisen siirtonsa juuri t\u00e4ss\u00e4 huollossa. H\u00e4n tuli huoltoon ryhm\u00e4n viimeisen\u00e4, otti nopeasti huuhtelupullot, pujotteli muiden huollettavien v\u00e4list\u00e4 selvemmille vesille ja nosti kytkimen. Pieni nyk\u00e4isi ja lopun kisaa ratsukko sai edet\u00e4 omaan tahtiinsa omassa rauhassa. Eritt\u00e4in tyylik\u00e4st\u00e4. Tied\u00e4n, ett\u00e4 Saralla on jokaisessa kilpailussa kovat paineet ja nyt kun hyvi\u00e4 tuloksiakin on tullut, niin todenn\u00e4k\u00f6isyys romahdukselle kasvaa. Se on v\u00e4\u00e4j\u00e4\u00e4m\u00e4t\u00f6nt\u00e4. El\u00e4m\u00e4 on yht\u00e4 aaltoliikett\u00e4 ja niin on my\u00f6s matkaratsastus. Mutta turha sit\u00e4 hylk\u00e4yst\u00e4 tai muuta mutkaa on ennakkoon pel\u00e4t\u00e4. Joskus vaan t\u00e4hdet eiv\u00e4t ole kohdillaan ja siin\u00e4 se. Onnella ja monella muulla tekij\u00e4ll\u00e4 on niin iso rooli n\u00e4iss\u00e4kin hommissa. Hylk\u00e4yksi\u00e4 ja takapakkeja tulee ja silloin on tietenkin hyv\u00e4, ett\u00e4 on onnistumisia pohjalla. Helpottaa my\u00f6s p\u00e4\u00e4sem\u00e4\u00e4n harmituksesta yli. Ja samalla kokemus kasvattaa ja opettaa n\u00f6yryytt\u00e4. Homma pit\u00e4\u00e4 sitten vaan analysoida, tehd\u00e4 korjausliikkeet ja jatkaa eteenp\u00e4in. T\u00e4n\u00e4\u00e4n ei ollut kuitenkaan Saran harmituksen p\u00e4iv\u00e4, vaan maalissa tytt\u00f6 sai taas hymyill\u00e4 voittajana. Eik\u00e4 se nyt varsinaisesti ollut mielet\u00f6n yll\u00e4tys, sill\u00e4 ratsukko valmistautuu jo t\u00e4ytt\u00e4 p\u00e4\u00e4t\u00e4 Padisen 120 km kisaan. Se tulee olemaan kova kisa, mutta kaikki edellytykset on, ett\u00e4 maltillisella ratsastuksella ja rahtusella onnea tulos napsahtaa plakkariin ja se olisi jo jotakin.<\/p>\n<p>Kun 50 km:n menij\u00e4t siirtyiv\u00e4t huoltoineen muualle, niin siirsin auton. Yritin itsekin juoda, sill\u00e4 p\u00e4\u00e4t\u00e4 meinasi v\u00e4h\u00e4n alkaa s\u00e4rkem\u00e4\u00e4n. Ehdin laitella tarjoilut valmiiksi, niin ratsukot ilmaantuivatkin n\u00e4k\u00f6piiriin. Matkaa oli taittunut joku 24 km. Tehtiin taas ihan kunnollinen huolto. Sellalta kuolaimet pois, molemmat joivat, viilennettiin kahdella setill\u00e4, ratsastajat joivat ja vaihdettiin kuulumiset. Niit\u00e4 nyt ei paljoa ollut. Aiut huoli oli, ett\u00e4 eiv\u00e4t mene liian aikaisin maaliin. Se on nyky\u00e4\u00e4n melkoista kikkailua, sill\u00e4 reittien pituuksien vaihdellessa rastukot eiv\u00e4t voi t\u00e4ysin luottaa omiin sporttikelloihinsa yms. Todellinen matka ja nopeus ei ole aina sama kuin j\u00e4rjest\u00e4j\u00e4n antama matka ja nopeus. Joten tarkkana saa olla, jos tavoittelee ylitt\u00e4v\u00e4ns\u00e4 maalilinjan maksiminopeudessa ja minimiajassa. Lupasin tarkistaa aikaisimman ajan tulla maaliin ja sovittiin, ett\u00e4 viilennet\u00e4\u00e4n viel\u00e4 tunnelilla, joka on n. 3 km:n p\u00e4\u00e4ss\u00e4 maalista. N\u00e4in tehtiin. Olin soittanut ja varmistanut maaliintuloajan, joten sen suhteen oltiin selvill\u00e4 vesill\u00e4. Ratsukot l\u00e4htiv\u00e4t taittamaan viimeisi\u00e4 kilsoa, Sella karkasi hetkellisesti laukoillekin ja kun olin ohittamassa niit\u00e4, niin jostain syyst\u00e4 meinasi pompahtaa auton eteen. Se ei ole ikin\u00e4 tehnyt sellaista, joten v\u00e4h\u00e4n jo ehdin pel\u00e4sty\u00e4, mutta v\u00e4ltettiin kontaktia. Luulen, ett\u00e4 Lauralla ei ollut pohje kiinni ohitustilanteessa.<\/p>\n<p>Vikan kilsan tulivat k\u00e4vellen ja ylittiv\u00e4t maalilinjan Sellan johdolla vajaan minuutin alle kahdessa tunnissa. Tavoite oli tulla 16km\/h, mutta kuten edell\u00e4 mainitsin, niin se on aika vaikeaa kalkuloida, kun ilmoitetut matkat ja ajat eiv\u00e4t ole aina ihan samat kuin oman mittauksen mukaan. Sielt\u00e4 kuitenkin tulivat ja kaikessa rauhassa saapuivat palauttelupisteeseemme. Urho oli heti valmis ja suureksi yll\u00e4tykseksemme Sellan syke olikin v\u00e4h\u00e4n korkealla. Saatiin hetki siin\u00e4 palautella (7 minsaa) , mutta sitten olivat molemmat alle 60. Mentiin tarkastusportista sis\u00e4lle ja Sella p\u00e4\u00e4ttikin sitten kusaista siihen melkoisen l\u00e4t\u00e4k\u00f6n. Sill\u00e4 selittyi v\u00e4h\u00e4n yl\u00f6s j\u00e4\u00e4nyt syke. Ja my\u00f6hemmin samainen l\u00e4t\u00e4kk\u00f6 aiheutti kohonneen sykkeen my\u00f6s muutamalle muulle taholle. Nimitt\u00e4in kun Dali tuli aikanaa lopputarkastukseen, niin se otti hyv\u00e4t hatsit ja sen j\u00e4lkeen peli oli enemm\u00e4n tai v\u00e4hemm\u00e4n menetetty. Tarkastuksessa meid\u00e4n kummallakin kaikki kohteet oli aata ja se oli siin\u00e4 sitten, sijat 1 ja 2. V\u00e4h\u00e4n tavoitenopeudesta j\u00e4\u00e4tiin, mutta se liittyi aiemmin mainitsemiini matka\/nopeusongelmiin. Vaikea tulla juuri oikeaa vauhtia, kun matkat ja ajat eiv\u00e4t ole t\u00e4ysin synkassa.<\/p>\n<p><img loading=\"lazy\" decoding=\"async\" class=\"alignleft size-medium wp-image-4613\" src=\"http:\/\/www.suonpaa.net\/wp-content\/uploads\/2017\/06\/P6177775-281x375.jpg\" alt=\"\" width=\"281\" height=\"375\" srcset=\"https:\/\/www.suonpaa.net\/wp-content\/uploads\/2017\/06\/P6177775-281x375.jpg 281w, https:\/\/www.suonpaa.net\/wp-content\/uploads\/2017\/06\/P6177775.jpg 480w\" sizes=\"auto, (max-width: 281px) 100vw, 281px\" \/>Hevoset p\u00e4\u00e4siv\u00e4t tarhaan heinille ja juomille, me ly\u00f6tiin kamat nippuun ja oltiin sosiaalisia. Sella piehtaroi tarhassa oikein pieteetill\u00e4 ja Laura p\u00e4\u00e4si sit\u00e4 harjailemaan ennen palkintojenjakoa. Seraavat luokan ratsukot tulivat yli 20 min my\u00f6hemmin maaliin, joten sijoituksissa ei ollut ep\u00e4selv\u00e4\u00e4, vaikka pisteytykill\u00e4 mentiin. Taputeltiin siin\u00e4 Sara maaliin ja l\u00e4hettiin p\u00e4\u00e4luokka vikalle lenkille. Sitten oli aika meid\u00e4n luokan palkintojenjaon ja sen j\u00e4lkeen otettiin Lauran kanssa hevoset talutteluun ja Kari l\u00e4hti hakemaan traileria.<\/p>\n<p>Kun koppi saapui, niin hevoset k\u00e4pp\u00e4iliv\u00e4t sis\u00e4\u00e4n samalla metodilla kuin l\u00e4htiess\u00e4kin. Muut kamat oli jo taputeltu. Sara oli juuri saamassa palkntoaan ja taputeltiin vel\u00e4 h\u00e4nelle. Sitten oli Karin aika l\u00e4hte\u00e4 ajelemaan kotiin. Me hengattiin viel\u00e4 Lauran kanssa hetki paikalla. Kiittelin vuolaasti kisaj\u00e4rjest\u00e4ji\u00e4. Olivat tehneet mielett\u00f6m\u00e4n ty\u00f6n ja vaivautuneet visuaaliseen puoleen merkitt\u00e4v\u00e4sti. Kaitsun tuoma Matkaratsastus-plakaati sopi kokonaisuuteen kuin nyrkki silm\u00e4\u00e4n. Ihmiset paikan p\u00e4\u00e4ll\u00e4 olivat iloisia ja porukka jopa istuskeli juhla-alueella viett\u00e4m\u00e4ss\u00e4 aikaa. T\u00e4t\u00e4 harvoin meill\u00e4 n\u00e4kee, vaikka se muualla kuuluu asiaan. Palkintojenjakoon tultiin hevosten kera ja muutenkin homma n\u00e4ytti eritt\u00e4in hyv\u00e4lt\u00e4.<\/p>\n<p>Kun l\u00e4hdettiin ajelemaan kotiin, niin viel\u00e4 odoteltiin p\u00e4\u00e4luokan ratsukoita maaliin. Toivoin todella Dalille tulosta, koska sen ymp\u00e4rill\u00e4 on k\u00e4ynyt aivan k\u00e4sitt\u00e4m\u00f6t\u00e4n kohina kuluneen viikon aikana. Olin hirvitt\u00e4v\u00e4n pahoillani kun kuulin, ett\u00e4 tarkastualeelle ment\u00e4ess\u00e4 oli orilta l\u00e4htenyt homma lapasesta. Se oli tanssinut kaula kaarella ja nuuhkinut Sellan lorauttamaa l\u00e4takk\u00f6\u00e4. Kun tammaa pakattiin autoon, niin totesin\u00a0 jo, ett\u00e4 kiimahan sill\u00e4 oli. Mink\u00e4s n\u00e4ille tekee, luonnon lainalaisuuksille. Mutta silti olen tosi pahoillani juuri t\u00e4m\u00e4n hevoset hy\u00f6lk\u00e4yksest\u00e4. Muutoin ell-linja oli aika l\u00f6ys\u00e4 ja juoksutusalueen pehmeys antaa my\u00f6s paljon anteeksi, joten ontumia ei varmaankaan paljoa liputettu ulos, sill\u00e4 mit\u00e4 itse muutaman juoksutuksen n\u00e4in, niin ei kovinkaan priimaa liikett\u00e4 vaadittu.<\/p>\n<p>Pikkutyt\u00f6t saivat my\u00f6s taisaiset tulokset pikkuluokasta suokeillaan. Tyt\u00f6t olivat panostaneet teemaan ja niin l\u00f6ytyi flanellipaitaa ja bootsia ja kisan j\u00e4lkeen stetsonia. Iloisilla ilmeill\u00e4 siell\u00e4 taas touhuilivat ja Minttu-Maaria on suokki-rankingin k\u00e4rjess\u00e4. On upea juttu, ett\u00e4 Teija Kojo on oma-aloitteisesti ottanut hoitaakseen suokki-rankingin. Tuon tyyppiset asiat kannustavat ihmisi\u00e4 k\u00e4ym\u00e4\u00e4n kisoissa. Suokki cup on jo vuosia sitten hyv\u00e4ksi koettu juttu ja s kannattaisi ehdottomasti pit\u00e4\u00e4 vuotuisena, jos suokkeja oikeasti lajin pariin halutaan. Sopii edelleen vain ihmetell\u00e4, ett\u00e4 eik\u00f6 komitea ole t\u00e4st\u00e4 suokki-ranking- innostuksesta hoksannut, ett\u00e4 kilometriseuranta itsess\u00e4\u00e4n on t\u00e4rke\u00e4 juttu ja ehdottomasta yksi komitean perusteht\u00e4v\u00e4, sill\u00e4 se jos mik\u00e4 kertoo niin kilpailutoiminnan kuin valmennustoiminnan onnistumisesta. Jos ranking p\u00e4ivittyisi jokaisen kisan j\u00e4lkeen, niin se ehdottomasti lis\u00e4isi ihmisten innokkuutta kisata ja pyrki\u00e4 listauksen k\u00e4rkip\u00e4\u00e4h\u00e4n. Sen pohjalta moni my\u00f6s suunnittelisi loppukauden kisoja.<\/p>\n<p>Halistelujen ja ylisanojen vuodatuksen j\u00e4lkeen hyp\u00e4ttiin autoon. Laura oli v\u00e4syksiss\u00e4 ja olimekin kotona joskus yhdentoista j\u00e4lkeen. Napattiin Pedro meilt\u00e4 kyytiin, sill\u00e4 olihan r\u00e4\u00e4p\u00e4leell\u00e4kin ollut pitk\u00e4 p\u00e4iv\u00e4 takana yksin\u00e4\u00e4n. Tiputin likan kotiin, onnellisena ja v\u00e4syneen\u00e4. Sitten kiirehdin kotiin ja melkein samoihin akoihin ajoi Karikin pihaan. Hevoset olivat tyytyv\u00e4isin\u00e4 j\u00e4\u00e4neet y\u00f6ksi tarhoihin tallin pihaan. Saavat tehd\u00e4 riitt\u00e4v\u00e4t loppuverkat siell\u00e4. Majatallilaiset olivat l\u00e4hett\u00e4neet Karille yhden oluen. \u00c4ij\u00e4 otti kuuman pitk\u00e4n suihkun, niin kuin meil\u00e4 nyky\u00e4\u00e4n tehd\u00e4\u00e4n (uusi maal\u00e4mp\u00e4) ja h\u00f6rppi oluensa ja se oli sitten siina. Uni tuli v\u00e4litt\u00f6m\u00e4sti. Eik\u00e4 munkaan tarvinnut kauaa unta odotella. Mukava p\u00e4iv\u00e4, helppoa ja vaivatonta. Upeaa, ett\u00e4 jotkut jaksavat kisoja j\u00e4rk\u00e4t\u00e4 ja jotkut jaksavat viel\u00e4 viritell\u00e4 kisojen yhteyteen kaikkea muuta mukavaa, joiden avulla tapahtumista tehd\u00e4\u00e4n ainutkertaisia ja ikimuistettevia.<\/p>\n<p>&nbsp;<\/p>\n","protected":false},"excerpt":{"rendered":"<p>Luokka 2.1 n. 30 km ihanneaika L\u00e4ht\u00f6lista: Tulokset: &nbsp; Viikko aiemmin py\u00f6rittelin silm\u00e4ni Pietarissa ja nyt oli tarjolla jotain aivan muuta. Koska ihan poikkeuksellisesti kyseess\u00e4 oli iltap\u00e4iv\u00e4\u00e4n ja iltaan painottuva keskiy\u00f6n ratsastus, niin kilpailut vihellettiin alkavaksi vasta iltap\u00e4iv\u00e4ll\u00e4. Me l\u00e4hdettiin kisaan mukaan varsin l\u00f6ysin rantein ja oman k\u00f6p\u00f6ttelyluokkamme startti oli ajankohtainen klo 16:00. Eli tallille [&hellip;]<\/p>\n","protected":false},"author":3,"featured_media":0,"parent":4430,"menu_order":3,"comment_status":"closed","ping_status":"closed","template":"templates\/template-full.php","meta":{"footnotes":""},"class_list":["post-4578","page","type-page","status-publish","hentry","post"],"_links":{"self":[{"href":"https:\/\/www.suonpaa.net\/index.php?rest_route=\/wp\/v2\/pages\/4578","targetHints":{"allow":["GET"]}}],"collection":[{"href":"https:\/\/www.suonpaa.net\/index.php?rest_route=\/wp\/v2\/pages"}],"about":[{"href":"https:\/\/www.suonpaa.net\/index.php?rest_route=\/wp\/v2\/types\/page"}],"author":[{"embeddable":true,"href":"https:\/\/www.suonpaa.net\/index.php?rest_route=\/wp\/v2\/users\/3"}],"replies":[{"embeddable":true,"href":"https:\/\/www.suonpaa.net\/index.php?rest_route=%2Fwp%2Fv2%2Fcomments&post=4578"}],"version-history":[{"count":28,"href":"https:\/\/www.suonpaa.net\/index.php?rest_route=\/wp\/v2\/pages\/4578\/revisions"}],"predecessor-version":[{"id":4618,"href":"https:\/\/www.suonpaa.net\/index.php?rest_route=\/wp\/v2\/pages\/4578\/revisions\/4618"}],"up":[{"embeddable":true,"href":"https:\/\/www.suonpaa.net\/index.php?rest_route=\/wp\/v2\/pages\/4430"}],"wp:attachment":[{"href":"https:\/\/www.suonpaa.net\/index.php?rest_route=%2Fwp%2Fv2%2Fmedia&parent=4578"}],"curies":[{"name":"wp","href":"https:\/\/api.w.org\/{rel}","templated":true}]}}