{"id":382,"date":"2016-02-17T21:04:34","date_gmt":"2016-02-17T21:04:34","guid":{"rendered":"http:\/\/suonpaa.net\/wordpress\/?page_id=382"},"modified":"2016-03-21T00:38:44","modified_gmt":"2016-03-20T22:38:44","slug":"kisat-urjala-2-5-2015","status":"publish","type":"page","link":"https:\/\/www.suonpaa.net\/?page_id=382","title":{"rendered":"Urjala 2.5.2015"},"content":{"rendered":"<div id=\"pl-382\"  class=\"panel-layout\" ><div id=\"pg-382-0\"  class=\"panel-grid panel-no-style\" ><div id=\"pgc-382-0-0\"  class=\"panel-grid-cell\" ><div id=\"panel-382-0-0-0\" class=\"so-panel widget widget_sow-editor panel-first-child panel-last-child\" data-index=\"0\" ><div\n\t\t\t\n\t\t\tclass=\"so-widget-sow-editor so-widget-sow-editor-base\"\n\t\t\t\n\t\t>\n<div class=\"siteorigin-widget-tinymce textwidget\">\n\t<p><strong><i>L\u00e4ht\u00f6listat<\/i><\/strong> <\/p>\n<p> 11. Heidi Kohtala, SuMaRa \u2013 Ablaze In My Heart<br \/> 12. Laura Puolam\u00e4ki, SISU \u2013 Inspirit Diamant<br \/> 13. Heidi Ahlgren, Jazz \u2013 Huima Hilke<br \/> 14. Hanna Ulmanen, Ratsastusseura DC \u2013 Princzis<br \/> 15. Nina Kallunki, RieRat \u2013 Dali ox<br \/> 16. Sara T\u00f6pp\u00e4r\u00e4, JolHy \u2013 Hypnoze<br \/> 17. Sari Lipponen, SISU \u2013 Senaattori<br \/> 18. Kari K\u00e4rkk\u00e4inen, RieRat \u2013 Kuvaharjun Valedro ox<br \/> 19. Satu Salonen, SuMaRa - Breget<br \/> 20. Annika Tienhaara, Yp\u00e4j\u00e4n Ratsastajat \u2013 Marvel Apt<\/p>\n<\/div>\n<\/div><\/div><\/div><div id=\"pgc-382-0-1\"  class=\"panel-grid-cell\" ><div id=\"panel-382-0-1-0\" class=\"so-panel widget widget_sow-editor panel-first-child panel-last-child\" data-index=\"1\" ><div\n\t\t\t\n\t\t\tclass=\"so-widget-sow-editor so-widget-sow-editor-base\"\n\t\t\t\n\t\t>\n<div class=\"siteorigin-widget-tinymce textwidget\">\n\t<p><strong><i>Tulokset<\/i><\/strong> <\/p>\n<p> 11. Heidi Kohtala, SuMaRa \u2013 Ablaze In My Heart ei startannut -<br \/> 12. Laura Puolam\u00e4ki, SISU \u2013 Inspirit Diamant hyv\u00e4ksytty 16,09<br \/> 13. Heidi Ahlgren, Jazz \u2013 Huima Hilke hyv\u00e4ksytty 13,88<br \/> 14. Hanna Ulmanen, Ratsastusseura DC \u2013 Princzis hyv\u00e4ksytty 16,09<br \/> 15. Nina Kallunki, RieRat \u2013 Dali ox keskeytti -<br \/> 16. Sara T\u00f6pp\u00e4r\u00e4, JolHy \u2013 Hypnoze hyv\u00e4ksytty 15,41<br \/> 17. Sari Lipponen, SISU \u2013 Senaattori hyv\u00e4ksytty 13,88<br \/> 18. Kari K\u00e4rkk\u00e4inen, RieRat \u2013 Kuvaharjun Valedro ox hyv\u00e4ksytty 16,09<br \/> 19. Satu Salonen, SuMaRa - Breget hyv\u00e4ksytty 13,88<br \/> 20. Annika Tienhaara, Yp\u00e4j\u00e4n Ratsastajat \u2013 Marvel Apt hyv\u00e4ksytty 15,28<\/p>\n<\/div>\n<\/div><\/div><\/div><\/div><div id=\"pg-382-1\"  class=\"panel-grid panel-no-style\" ><div id=\"pgc-382-1-0\"  class=\"panel-grid-cell\" ><div id=\"panel-382-1-0-0\" class=\"so-panel widget widget_sow-editor panel-first-child panel-last-child\" data-index=\"2\" ><div\n\t\t\t\n\t\t\tclass=\"so-widget-sow-editor so-widget-sow-editor-base\"\n\t\t\t\n\t\t>\n<div class=\"siteorigin-widget-tinymce textwidget\">\n\t<p><strong>Taso 2.1, 30km ihanne<\/strong><\/p>\n<p><img loading=\"lazy\" decoding=\"async\" class=\"alignleft wp-image-385 size-full\" src=\"http:\/\/www.suonpaa.net\/wp-content\/uploads\/2016\/02\/urjala020515_01.jpg\" alt=\"\" width=\"250\" height=\"186\" \/>Alkujaan oli tarkoitus, ett\u00e4 Kari k\u00e4y Valedrolla v\u00e4h\u00e4n herkistelem\u00e4ss\u00e4 matkalla kohti Haanjaa. Jossain vaiheessa matkan varrella keksittiin, ett\u00e4 Hanna voisi l\u00e4hte\u00e4 Urholla kaveriksi. Saataisiin Urholle hyv\u00e4 treenilenkki ja Hannalle ensimm\u00e4inen kisakokemus. Tanja on tehnyt Valton kanssa jo pitk\u00e4\u00e4n valmisteluja ajatellen Viron kisaa, mutta Urho l\u00e4hti kisaan aika kylmilteen. Viimeinen viikko toki trimmattiin niin kuin tapana on.<\/p>\n<p>Ennustettiin sades\u00e4\u00e4t\u00e4 aamusta iltaan ja meid\u00e4nkin kisavarustus oli sen mukainen: saapasta, sadetakkia ja sadeloimea oli merkitt\u00e4v\u00e4sti pakattu mukaan. Ehk\u00e4 n\u00e4m\u00e4 ennakoinnit kannattivat, sill\u00e4 sade alkoi vasta, kun olimme jo tyytyv\u00e4isin\u00e4 kotimatkalla. Keli oli oikeastaan ihan ihanteellinen. Ei liian kuuma ei liian kylm\u00e4 ja tuultakin oli vain nimeksi. Pohjat olivat hyv\u00e4ss\u00e4 kunnossa ja Rekolan pihapiiri kesti hevosten painon. Toisin olisi ollut, jos vett\u00e4 olisi satanut aamusta iltaan.<\/p>\n<p>P\u00e4\u00e4stiin kivuttomasti ajoissa liikkeelle ja matka eteni joutuisasti. Tankkauksen yhteydess\u00e4 tavoitettiin Senaattorin kalusto. Loppumatka taivallettiin yhdess\u00e4. Hanna ilmoitteli, ett\u00e4 duunit oli mennyt snaidsti pitk\u00e4ksi, mutta h\u00e4nkin oli matkalla ja kohtapuoliin kohteessa. Ajettiin traikku parkkiin, purettiin Urho maltillisesti ulos pieneen p\u00f6pelikk\u00f6\u00f6n ja l\u00e4hdin taluttamaan sit\u00e4 puolen kilsan p\u00e4\u00e4ss\u00e4 olevaan kilpailukeskukseen. Otin muutaman juoksutusp\u00e4tk\u00e4n ja olin kohtalaisen tyytyv\u00e4inen. Ei ihan priimaa, mutta riitt\u00e4v\u00e4\u00e4 kuitenkin. Hanna liittyi joukkoon ja k\u00e4ytiin viel\u00e4 juoksutusta ja tarkastuspaikan toimintaa l\u00e4pi. Oli suunniteltu, ett\u00e4 Hanna esitt\u00e4\u00e4 hevosen alkutarkastuksessa ja jos Urho juoksee yht\u00e4\u00e4n laiskasti, niin sitten lopputarkastuksessa Kari juoksuttaa. En enn\u00e4tt\u00e4nyt tarkastusalueelle ollenkaan, kun j\u00e4in toimihenkil\u00f6iden kanssa juttelemaan siit\u00e4, mahtaako joku valittaa jostain p\u00e4iv\u00e4nselv\u00e4st\u00e4 asiasta. Kari ja Hanna kuitenkin hoitelivat homman. Ei mit\u00e4\u00e4n huolestuttavaa, mutta ell oli kuullut syd\u00e4mess\u00e4 sivu\u00e4\u00e4nen. Se pit\u00e4\u00e4 tutkia paremmalla ajalla. Vastaavasta ei ole aiemmin tullut mainintaa ja Urhoakin on jonkin verran tutkittu ja kuunneltu.<\/p>\n<p>Turusen karavaani oli luonnollisesti v\u00e4h\u00e4n my\u00f6h\u00e4ss\u00e4 ja \u00f6kytraikussa oli ly\u00f6nyt jarrut p\u00e4\u00e4lle. Ehtiv\u00e4t kuitenkin paikalle siin\u00e4 vaiheessa, kun reittiselostus alkoi. Kari liftasi Mikan kyydiss\u00e4 traikkuparkkiin ja me mentiin Hannan kanssa reittiselostukseen. Urho j\u00e4i toimihenkil\u00f6n haltuun. Kun reittiselostus oli pidetty, niin Valtokin ehti paikalle. Veiv\u00e4t sen tarkastukseen ja v\u00e4hitellen aloimme laittaa hevosia kuntoon. Kiire tietenkin seuranamme, niin kuin aina. Jotain pient\u00e4 s\u00e4hlinki\u00e4 siin\u00e4 oli, mutta oli sovittu, ett\u00e4 Hanna heitet\u00e4\u00e4n ensin selk\u00e4\u00e4n. N\u00e4in tapahtui. Varttia vaille kymmenen iski jalan jalustimelle. Urholla siin\u00e4 muutama pieni kyykk\u00e4ys oli ennen t\u00e4t\u00e4, mutta ei mit\u00e4\u00e4n mainittavaa. On vaan p\u00e4\u00e4st\u00e4\u00e4n ja suustaan niin herkk\u00e4. Kun ratsastaja oli sel\u00e4ss\u00e4, niin ehk\u00e4 minuuttia my\u00f6hemmin my\u00f6s Kari oli sel\u00e4ss\u00e4. V k\u00e4vi kuumana. Tarjolla oli aika vauhdikkaita avoja ja sulkuja huolimatta siit\u00e4, oliko joku edess\u00e4 tai alla. Hetken kuluttua Kari vei Valedron bondamaan Urhon kanssa ja lapanen rauhoitti viriilimm\u00e4n kaverinsa. T\u00e4ss\u00e4 vaiheessa siirryin v\u00e4h\u00e4n kauemmas napsimaan l\u00e4hd\u00f6st\u00e4 muutaman kuvan.<\/p>\n<p>Oli v\u00e4h\u00e4n kaavailtu, ett\u00e4 annetaan joukon l\u00e4hte\u00e4 ja sitten harjoitusmieless\u00e4 Kari ja Hanna voivat napsia kilpailukumppaneita, ohittaa ja j\u00e4tt\u00e4\u00e4 taakseen. Olisi ollut molemmille hyv\u00e4\u00e4 treeni\u00e4. Porukat l\u00e4hti kuitenkin niin rauhallisesti liikkeelle, ett\u00e4 hommasta ei tullut mit\u00e4\u00e4n. Ja Karin kilpailuviettik\u00e4\u00e4n ei sitten ananut my\u00f6den j\u00e4\u00e4d\u00e4 pidemm\u00e4ksi ajaksi odottamaan. Ja muut meniv\u00e4t kuulemma liian hiljaa. Se varmasti my\u00f6s oli mahdollista, sill\u00e4 tavoite oli menn\u00e4 32 km:n lenkki l\u00e4hes tarkalleen 16km\/h ja n\u00e4in ollen tavoitteena oli, ett\u00e4 ovat maalissa kutakuinkin 12:00. Mun mielest\u00e4 olisivat voineet vaikka antaa muille 10 min eteen, mutta Karille se ei ilmeisesti ole ollenkaan mahdollista. Lis\u00e4ksi k\u00e4vi ilmi, ett\u00e4 Hanna on my\u00f6s niin kovalla kilpailuvietill\u00e4 varustettu, ett\u00e4 h\u00e4nell\u00e4 ei ole samaa pid\u00e4ttelyefekti\u00e4 kuin Turusella. Kauhulla kuvittelen sellaisia ihan oikeita kilpailuja, miss\u00e4 Hanna ja Kari olisivat yhdess\u00e4! Kari sanoi toteuttaneensa tavoitteen ekan puolen kilsan aikana ja oli kovasti tyytyv\u00e4inen itseens\u00e4. N\u00e4kemyksemme erosivat hivenen toisistaan.<\/p>\n<p><img loading=\"lazy\" decoding=\"async\" class=\"alignleft wp-image-386 size-full\" src=\"http:\/\/www.suonpaa.net\/wp-content\/uploads\/2016\/02\/urjala020515_02.jpg\" alt=\"\" width=\"188\" height=\"250\" \/>Kun startti oli tapahtunut, niin l\u00e4hdin etsiskelem\u00e4\u00e4n Harjua ja P\u00f6ntist\u00e4. Kahvituvasta tietenkin l\u00f6ysin ja heill\u00e4 ei ollut kiireen h\u00e4iv\u00e4\u00e4. Mulla oli joukkueen ainut kartta, joten olivat meik\u00e4l\u00e4isest\u00e4 snadisti riippuvaisia. L\u00e4hdettiin huoltorundille n. 9 km:n kohdalle. Mulla alkoi jo hiki kihota hiusmartoon, kun asfalttiosuuden pientareella n\u00e4kyi vain lukuisia kavionj\u00e4lki\u00e4, mutta hevosista ei tietoakaan. Pressu vaan lepatti, kun yritin tavoittaa ratsukoita. Lopulta ensimm\u00e4inen joukko oli saavutettu, mutta arvelin, ett\u00e4 omat ratsukot olivat varmaan k\u00e4rkip\u00e4\u00e4ss\u00e4. Juuri ja juuri tavoitimme heid\u00e4t ennen huoltopistett\u00e4. Aika nopea huolto, l\u00e4hinn\u00e4 kikkailtiin Hannan kanssa huuhtelupullon k\u00e4yt\u00f6ss\u00e4. Kaikki jutut pit\u00e4\u00e4 opetella ja t\u00e4m\u00e4 on yksi niist\u00e4.<\/p>\n<p>Ratsukot jatkoivat matkaa v\u00e4h\u00e4n maltillisemmin, sill\u00e4 edess\u00e4 oli reitin vuoristorataosuus. Hivenen himmasivat siten, ett\u00e4 pitk\u00e4n yl\u00e4m\u00e4et meniv\u00e4t ravissa ja jyrk\u00e4t alam\u00e4et k\u00e4ynniss\u00e4. Pakollinen k\u00e4yntip\u00e4tk\u00e4 hidasti vauhtia ja palasivat huoltopaikalle n. puolen tunnin ratsastuksen j\u00e4lkeen. Kokonaisaikaa oli tuolloin k\u00e4ytetty tunti ja keskinopeus oli 17km\/h. Kari oli h\u00e4mmentynyt, ett\u00e4 joku tuli kiekalta heit\u00e4 nopeammin ja pyyhk\u00e4isi ohi. Ei meinannut p\u00e4\u00e4st\u00e4 asiasta mill\u00e4\u00e4n yli, kehotuksista huolimatta. Eik\u00e4 p\u00e4\u00e4ssytk\u00e4\u00e4n ennen kuin olivat taas keulilla. Lapsellinen \u00e4ij\u00e4.<\/p>\n<p>Huollossa todettiin, ett\u00e4 TT oli noudattanut oivasti vanhaa viidakon mr-sanontaa. Oli l\u00f6yt\u00e4nyt mahtavat suojat ja ottanut ne koek\u00e4ytt\u00f6\u00f6n kisoihin. V\u00e4\u00e4rin! Hiertym\u00e4 oli jo tosiasia ja pikaisesti Tanja teki tassupyykin, mutta todettiin hevosen liikkuvat puhtaasti ja eritoten innokkaasti, joten matka jatkui. Ja jatkuikin vauhdikkaasti. Hanna keikkui mukana parhaan kykyns\u00e4 mukaan ja tykk\u00e4si touhusta kuin hullu puurosta. Sykevy\u00f6 n\u00e4ytteli mit\u00e4 sattuu, joten ihan hyv\u00e4n fiiliksen varassa mentiin.<\/p>\n<p>Min\u00e4 l\u00e4hdin takaisin kilpailukeskukseen. Matkalla vastaan tuli Salop\u00e4\u00e4n traileri, joten totesin harmissani, ett\u00e4 heid\u00e4n hommansa oli loppunut kesken. My\u00f6hemmin kuulin, ett\u00e4 perheell\u00e4 oli muutakin mielipahaa. Nyt kun n\u00e4it\u00e4 valituksia on tullut ja itsekin sain ep\u00e4asiallisesta k\u00e4yt\u00f6ksest\u00e4 syytteit\u00e4, niin jokaisen kannattaisi tietenkin mietti\u00e4, miten kilpailupaikalla k\u00e4ytt\u00e4ytyy. My\u00f6s kilpailijoita ja huoltajia koskee s\u00e4\u00e4d\u00f6s ep\u00e4urheilijamaisesta k\u00e4yt\u00f6ksest\u00e4. Toimihenkil\u00f6iden s\u00e4ttiminen on asia erikseen, mutta ei toki sovi toista kilpailijaa tai kilpailijan huoltajiakaan kilpailutilanteessa h\u00e4irit\u00e4. Soisin kuitenkin, ett\u00e4 mihink\u00e4\u00e4n valituskierteeseen ei l\u00e4hdett\u00e4isi, vaan jokainen katsoisi peiliin ja miettisi ihan vaan sit\u00e4 omaa k\u00e4yt\u00f6st\u00e4\u00e4n kilpailutilanteessa ja suorituspaikoilla. Mulla yleens\u00e4 p\u00e4\u00e4 pysyy viile\u00e4n\u00e4, mutta Karilla saattaa hirtt\u00e4\u00e4 kiinni ja t\u00e4st\u00e4kin on puhuttu. Silloin kun sapettaa, niin kannattaisi vaan purra hampaat yhteen ja poistua paikalta.<\/p>\n<p> <img loading=\"lazy\" decoding=\"async\" class=\"alignleft wp-image-387 size-full\" src=\"http:\/\/www.suonpaa.net\/wp-content\/uploads\/2016\/02\/urjala020515_03.jpg\" alt=\"\" width=\"188\" height=\"250\" \/>Paluumatkalla n\u00e4in my\u00f6s alimman luokan ratsukoita. Huhuilin tutuilta kuulumisia ja reippaina olivat. Nuorissa on ihana into ja hinku eteenp\u00e4in. V\u00e4h\u00e4n kypsemmiss\u00e4 on suunnaton ilo siit\u00e4, ett\u00e4 ylitt\u00e4\u00e4 itsens\u00e4 ja tekee jotain ihan uutta ja jopa v\u00e4h\u00e4n uskomatonta. Mahtavaa sakkia ja t\u00e4m\u00e4n lajin pariin eiv\u00e4t ihan lapaset l\u00e4hde. Jokainen, joka l\u00e4ht\u00f6linjan ylitt\u00e4\u00e4 saa olla \u00e4\u00e4rett\u00f6m\u00e4n ylpe\u00e4 itsest\u00e4\u00e4n! Se on jo jotain sellaista, mist\u00e4 moni vain haaveilee.<\/p>\n<p>Tanja ja Pasi ehtiv\u00e4t viel\u00e4 eksy\u00e4, kun heill\u00e4 ei ollut karttaa. Huolsivat kertaalleen. Olivat ratsastajille ilmoittaneet, ett\u00e4 maaliin on noin kilsa. Kari ja Hanna eiv\u00e4t noteeranneet huoltajan julistusta, koska heid\u00e4n elektronisten laitteidensa mukaan matkaa oli taitettu h\u00e4th\u00e4t\u00e4\u00e4 28 km. Maalipaikalla huomioitiin, ett\u00e4 ratsukoita on tulossa. Vilkaisin maalikelloa ja totesin, ett\u00e4 no can do, aikaa oli l\u00e4hemm\u00e4s 20 minsaa j\u00e4ljell\u00e4. L\u00e4hdin k\u00e4velem\u00e4\u00e4n ratsukoita vastaan merkki p\u00e4\u00e4ll\u00e4. Kun kurvasivat mutkan takaa, niin samalla tajusivat olevansa maalisuoralla. Annoin aika reippaasti palautetta. Inisiv\u00e4t vastaan, ett\u00e4 ovat tulleet tasan sit\u00e4 vauhtia, mit\u00e4 sovittiin. Tanja saapui paikalle ja tekiv\u00e4t viel\u00e4 yhden huollon. Urhon syke oli 67 ja Valton jotain samaa luokkaa. Urho oli tyyni, mutta Valedroa alkoi hermostuttaa, kun mit\u00e4\u00e4n ei tapahtunut. K\u00e4velin takaisin maaliin ja kerroin kilpailujen johtajalle, ett\u00e4 terveisi\u00e4 ratsastajilta, reitist\u00e4 puuttuu pari kilsaa. N\u00e4in saattoi ollakin, joten ei sen suurempaa sanktiota tiedossa. M\u00e4\u00e4r\u00e4tyss\u00e4 ajassa ylittiv\u00e4t maalilinjan ja hevoset vietiin suoraan tarkastukseen. Pient\u00e4 huomautettavaa oli. Lievi\u00e4 kuivumisen merkkej\u00e4 ja jo aiemmin mainittu sivu\u00e4\u00e4ni oli edelleen l\u00e4sn\u00e4. Valtolla my\u00f6s jotain pient\u00e4. Kari juoksutti molemmat ja huoltoalueella saimme juhlia toisen ratsukon onnistunutta debyytti\u00e4 ja toisen viimeistelytreeni\u00e4 ennen hevosen ensimm\u00e4ist\u00e4 kv-kisaa. Luonnollisesti otimme ilon irti.<\/p>\n<p><img loading=\"lazy\" decoding=\"async\" class=\"alignleft wp-image-388 size-full\" src=\"http:\/\/www.suonpaa.net\/wp-content\/uploads\/2016\/02\/urjala020515_04.jpg\" alt=\"\" width=\"250\" height=\"186\" \/>Palkintojenjako odotettiin ja sitten kiirehdimme kotimatkalle. Mit\u00e4\u00e4n suurta analyysi\u00e4 ei tarvinnut tehd\u00e4. Hyv\u00e4\u00e4 treeni\u00e4. Pient\u00e4 huolta ja mietitt\u00e4v\u00e4\u00e4 jatkoon, tietenkin. Karin ylti\u00f6p\u00e4isyytt\u00e4 k\u00e4ytiin luonnollisesti l\u00e4pi ja sit\u00e4, ett\u00e4 tietyss\u00e4 tilanteessa puhe ei vaan tunnu menev\u00e4n l\u00e4pi. Moni juttu muuttuu ja asioita tietoisesti muutetaan, mutta vaikea on p\u00e4\u00e4st\u00e4 \u00e4ij\u00e4n p\u00e4\u00e4n sis\u00e4lle silloin, kun joku tunne l\u00e4ik\u00e4ht\u00e4\u00e4 vahvasti yli. Niin tai n\u00e4in. Kotimatka meni joutuisasti, Urho p\u00e4\u00e4si viel\u00e4 tarhaan k\u00e4pp\u00e4\u00e4m\u00e4\u00e4n ja me saatiin valoisan aikaan pitsaa p\u00f6yt\u00e4\u00e4n.<\/p>\n<\/div>\n<\/div><\/div><\/div><\/div><\/div>","protected":false},"excerpt":{"rendered":"<p>L\u00e4ht\u00f6listat 11. Heidi Kohtala, SuMaRa \u2013 Ablaze In My Heart 12. Laura Puolam\u00e4ki, SISU \u2013 Inspirit Diamant 13. Heidi Ahlgren, Jazz \u2013 Huima Hilke 14. Hanna Ulmanen, Ratsastusseura DC \u2013 Princzis 15. Nina Kallunki, RieRat \u2013 Dali ox 16. Sara T\u00f6pp\u00e4r\u00e4, JolHy \u2013 Hypnoze 17. Sari Lipponen, SISU \u2013 Senaattori 18. Kari K\u00e4rkk\u00e4inen, RieRat \u2013 [&hellip;]<\/p>\n","protected":false},"author":3,"featured_media":0,"parent":369,"menu_order":6,"comment_status":"closed","ping_status":"closed","template":"templates\/template-full.php","meta":{"footnotes":""},"class_list":["post-382","page","type-page","status-publish","hentry","post"],"_links":{"self":[{"href":"https:\/\/www.suonpaa.net\/index.php?rest_route=\/wp\/v2\/pages\/382","targetHints":{"allow":["GET"]}}],"collection":[{"href":"https:\/\/www.suonpaa.net\/index.php?rest_route=\/wp\/v2\/pages"}],"about":[{"href":"https:\/\/www.suonpaa.net\/index.php?rest_route=\/wp\/v2\/types\/page"}],"author":[{"embeddable":true,"href":"https:\/\/www.suonpaa.net\/index.php?rest_route=\/wp\/v2\/users\/3"}],"replies":[{"embeddable":true,"href":"https:\/\/www.suonpaa.net\/index.php?rest_route=%2Fwp%2Fv2%2Fcomments&post=382"}],"version-history":[{"count":12,"href":"https:\/\/www.suonpaa.net\/index.php?rest_route=\/wp\/v2\/pages\/382\/revisions"}],"predecessor-version":[{"id":2070,"href":"https:\/\/www.suonpaa.net\/index.php?rest_route=\/wp\/v2\/pages\/382\/revisions\/2070"}],"up":[{"embeddable":true,"href":"https:\/\/www.suonpaa.net\/index.php?rest_route=\/wp\/v2\/pages\/369"}],"wp:attachment":[{"href":"https:\/\/www.suonpaa.net\/index.php?rest_route=%2Fwp%2Fv2%2Fmedia&parent=382"}],"curies":[{"name":"wp","href":"https:\/\/api.w.org\/{rel}","templated":true}]}}