{"id":371,"date":"2016-02-17T20:44:20","date_gmt":"2016-02-17T20:44:20","guid":{"rendered":"http:\/\/suonpaa.net\/wordpress\/?page_id=371"},"modified":"2016-03-21T00:34:05","modified_gmt":"2016-03-20T22:34:05","slug":"kisat-jamsa-7-3-2015","status":"publish","type":"page","link":"https:\/\/www.suonpaa.net\/?page_id=371","title":{"rendered":"J\u00e4ms\u00e4nkoski 7.3.2015"},"content":{"rendered":"<div id=\"pl-371\"  class=\"panel-layout\" ><div id=\"pg-371-0\"  class=\"panel-grid panel-no-style\" ><div id=\"pgc-371-0-0\"  class=\"panel-grid-cell\" ><div id=\"panel-371-0-0-0\" class=\"so-panel widget widget_sow-editor panel-first-child panel-last-child\" data-index=\"0\" ><div\n\t\t\t\n\t\t\tclass=\"so-widget-sow-editor so-widget-sow-editor-base\"\n\t\t\t\n\t\t>\n<div class=\"siteorigin-widget-tinymce textwidget\">\n\t<p><strong><i>L\u00e4ht\u00f6lista<\/i><\/strong><\/p>\n<p>1. Anne Per\u00e4l\u00e4 \u2013 Millionfield\u2019s Roadrunner<br \/> 2. Mari Marjatsalo \u2013 Al Namar IL ox<br \/> 3. Kari K\u00e4rkk\u00e4inen \u2013 Princzis SE ox<br \/> 4. Elina L\u00e5ngvik \u2013 Prins Henrik<br \/> 5. Vera Keitaanranta \u2013 Triippops Phantom<br \/> 6. Antti Komulainen \u2013 American Pie W<br \/> 7. Ines Beilman \u2013 Vandah El Aryes<\/p>\n<\/div>\n<\/div><\/div><\/div><div id=\"pgc-371-0-1\"  class=\"panel-grid-cell\" ><div id=\"panel-371-0-1-0\" class=\"so-panel widget widget_sow-editor panel-first-child panel-last-child\" data-index=\"1\" ><div\n\t\t\t\n\t\t\tclass=\"so-widget-sow-editor so-widget-sow-editor-base\"\n\t\t\t\n\t\t>\n<div class=\"siteorigin-widget-tinymce textwidget\">\n\t<p><strong><i>Tulokset<\/i><\/strong><\/p>\n<p>1. Anne Per\u00e4l\u00e4 \u2013 Millionfield\u2019s Roadrunner, 15,46km\/h<br \/> 2. Kari K\u00e4rkk\u00e4inen \u2013 Princzis SE ox, 15,46km\/h<br \/> 3. Ines Beilman \u2013 Vandah El Aryes, 14,99km\/h<br \/> 4. Mari Marjatsalo \u2013 Al Namar IL ox, 14,92km\/h<br \/> 5. Vera Keitaanranta \u2013 Triippops Phantom, 14,92km\/h<br \/> 6. Elina L\u00e5ngvik \u2013 Prins Henrik, 13,47km\/h<br \/> 7. Antti Komulainen \u2013 American Pie W, 11,95km\/h<\/p>\n<\/div>\n<\/div><\/div><\/div><\/div><div id=\"pg-371-1\"  class=\"panel-grid panel-no-style\" ><div id=\"pgc-371-1-0\"  class=\"panel-grid-cell\" ><div id=\"panel-371-1-0-0\" class=\"so-panel widget widget_sow-editor panel-first-child panel-last-child\" data-index=\"2\" ><div\n\t\t\t\n\t\t\tclass=\"so-widget-sow-editor so-widget-sow-editor-base\"\n\t\t\t\n\t\t>\n<div class=\"siteorigin-widget-tinymce textwidget\">\n\t<p><strong>Taso 3<\/strong><\/p>\n<p><b>Iltatoimet<\/b><\/p>\n<p>Perjantaina tehtiin se virhe, ett\u00e4 tehtiin kumpikin l\u00e4hes normaali ty\u00f6p\u00e4iv\u00e4 ennen reissua. T\u00e4ss\u00e4 tapauksessa se tarkoitti sit\u00e4, ett\u00e4 kamat oli pakkaamatta, aikaa kului ja p\u00e4\u00e4stiin vasta viidelt\u00e4 liikenteeseen. Urho meni hyvin koppiin, joten aikaa ei suttaantunut siihen. Jotain pient\u00e4 oli hukassa ja j\u00e4i kokonaan reissusta pois ja jotain s\u00e4nt\u00e4ily\u00e4 siin\u00e4 oli viel\u00e4 ihan loppumetreill\u00e4, mutta liikenteeseen kuitenkin p\u00e4\u00e4stiin ihan hyv\u00e4ll\u00e4 meiningill\u00e4. Hein\u00e4hommien suhteen meill\u00e4 oli ollut v\u00e4\u00e4rink\u00e4sityksi\u00e4, mutta onneksi Turunen tuli j\u00e4lleen turvaksi ja toimitti paalillisen hein\u00e4\u00e4 urhon nakerrettavaksi kisapaikalle.<\/p>\n<p><img loading=\"lazy\" decoding=\"async\" class=\"alignleft wp-image-372 size-full\" src=\"http:\/\/www.suonpaa.net\/wp-content\/uploads\/2016\/02\/jamsa_daybefore.jpg\" alt=\"\" width=\"188\" height=\"250\" \/>Muistelin, ett\u00e4 matka J\u00e4ms\u00e4\u00e4n olisi ollut pidempi, mutta aika kivuttomasti se eteni. K\u00e4ytiin l\u00e4pi tavoitteita ja sit\u00e4, miten siihen pyrit\u00e4\u00e4n. Meilt\u00e4 puuttuu kv-kvaaleista toinen 80km suoritus ja sit\u00e4 nyt l\u00e4hdett\u00e4isiin hakemaan. Lis\u00e4ksi tietenkin on halua saada tiet\u00e4\u00e4 hevosen nykytila, koska syksyn j\u00e4lkeen on tehty paljon ja ainakin toiveissani olisi, ett\u00e4 80km olisi helpompi, kuin Paimiossa, jossa hevonen oli selv\u00e4sti kisan j\u00e4lkeen v\u00e4synyt ja viimeinen 20km olivat vaikeita sek\u00e4 ratsastajalle ett\u00e4 hevoselle. Kahdeksalta oltiin perill\u00e4 Savion tallilla. Urho p\u00e4\u00e4si ulos ja k\u00e4velin sen kanssa sohjoisella kent\u00e4ll\u00e4 sen aikaa, kun Kari kanteli kamaa ja laitteli karsinaa kuntoon. Turunen tupsahti paikalle ja oli apuk\u00e4sin\u00e4 j\u00e4lleen korvaamaton. Min\u00e4 hinkutin taluttelun j\u00e4lkeen hevosta puhtaaksi, sen mink\u00e4 pystyin. Olisi tehnyt mieli pest\u00e4 koko otus, mutta j\u00e4tettiin se nyt kuitenkin tekem\u00e4tt\u00e4. Urho sai valtavan kasan hein\u00e4\u00e4, kuivaa ja kosteaa. Palan painikkeeksi melassivett\u00e4 ja tavallista vett\u00e4. V\u00e4kk\u00e4reihin runsaasti suoloja ja boostereista boostia. Sitten oli aika sanoa hyv\u00e4\u00e4 y\u00f6t\u00e4 ja k\u00e4\u00e4nt\u00e4\u00e4 nokka kohti vanhaa mylly\u00e4, jossa toimi saman niminen ravitsemusliike. Pitsaa haettiin, mutta burgereita saatiin. Hyv\u00e4 setti hiilareita alle ja viel\u00e4 colaa p\u00e4\u00e4lle. Kiva hetki intiimill\u00e4 porukalla \"perheen\" kesken.<\/p>\n<p>Kymmenen j\u00e4lkeen tungettiin tavaroinemme Mummelin tupaan. Linda kekkuloi hereill\u00e4, koska oli ilmoittanut, ett\u00e4 ei mene nukkumaan, ennen kuin n\u00e4kee meid\u00e4t. Einekin oli stewardin ominaisuudessa paikalla. Siirryttiin suoraan ravintolan p\u00f6yd\u00e4st\u00e4 Mummelin p\u00f6yt\u00e4\u00e4n ja juotiin viel\u00e4 valtaisat kupposet eksoottista teet\u00e4, josta v\u00e4h\u00e4n kaikki ep\u00e4ilimme, ett\u00e4 ei ollut teet\u00e4 ollenkaan. Kuulumisia tietenkin vaihdettiin ja Kari meinasi menn\u00e4 Markun viereen k\u00f6ll\u00f6tt\u00e4m\u00e4\u00e4n, mutta lopulta l\u00f6ysimme omaan huoneeseemme, jossa olemme aiemminkin y\u00f6pyneet. Uni tuli hetkess\u00e4, tosin Karilla se tarkoittaa kamalaa kuorsausta, niin oma uneni oli v\u00e4h\u00e4n katkonaisempaa.<\/p>\n<p><b>Aamutoimet<\/b><\/p>\n<p>Viidelt\u00e4 Karin puhelin p\u00e4ivitti itse itsens\u00e4 ja mun y\u00f6 olikin sitten siin\u00e4. Tarkistin facebookista, miten uuttulaiset olivat matkansa aloittaneet. J\u00e4nn\u00e4 paikka heill\u00e4kin, kun kuljetusmatkaa on jonkun verran ja aiempaa pidempi matka ratsastettavanakin. Eik\u00e4 asiaa helpota, ett\u00e4 ovat itse nimenneet aluemestaruuskilpialut tavoitteeksi, joten kvaalit t\u00e4ytyy hankkia ja kisoissa rempata. Varaa ei ole hylk\u00e4yksi\u00e4 ottaa, joten oikeastaan kaiken t\u00e4ytyy onnistua valmentautumisessa ja kilpailutilanteessa. Aika paljon vaativat itselt\u00e4\u00e4n.<\/p>\n<p>Kari alkoi touhuta kuudelta. H\u00e4n k\u00e4vi varaamassa paalupaikan huoltoalueelta. Sitten l\u00e4hdettiinkin tallin suuntaan. Hevonen oli sy\u00f6nyt valtavan hein\u00e4kasansa ja juonut hyvin. Otettiin varman p\u00e4\u00e4lle ja vietiin se v\u00e4kk\u00e4reiden avulla koppiin ja sai sy\u00f6d\u00e4 aamupalaansa siell\u00e4, kun Kari kantoi tavarat autoon. Tallissa oli aamutoimien ansiosta v\u00e4h\u00e4n rauhatonta. Urhokin juoksenteli ymp\u00e4ri karsinaansa, kun kavereita vietiin ulos. Ineksen hevonen oli viel\u00e4 enemm\u00e4n hermona, joten ajattelinkin, ett\u00e4 parasta ottaa poitsu pihalle tallista. Kopissa se keskittyi p\u00e4\u00e4asiassa sy\u00f6miseen. Kari oli hermostunut, mutta muuten kaikki oli hyvin.<\/p>\n<p>Hevonen purettiin kilpailukeskukseen ja traikku vietiin takapellolle, jonne se sitten upposikin oikein huolella. Min\u00e4 taluttelin hevosta ja se oli ihan oma tyyni itsens\u00e4. Kentt\u00e4 oli vaan aika upottava paikkapaikoin ja Urho v\u00e4h\u00e4n kompuroi. Meille tuli pieni\u00e4 ongelmia kun hevosen kanssa ei saanutkaan kulkea parkkialueelle. Olin ajatellut kantavani kamaa samalla, kun talutan hevosta. Kari oli hukannut toisetkin hanskansa ja k\u00e4ytti aikansa siihen. Eli tavaroiden ja vesien kantamiseen ei oikein ollutkaan ket\u00e4\u00e4n tarjolla. Toki heti ilmaantui vapaaehtoisia, kun tilanne huomattiin, mutta suoriuduttiin kyll\u00e4. Samalla paikalle tulikin Laura, joka oli lupautunut apuhuoltajaksi ja Tanja, joka my\u00f6s oli lupautunut joka paikan h\u00f6yl\u00e4ksi. Kun porukka oli kasassa, niin homma alkoi toimia.<\/p>\n<p>Kiirehdittiin hevosen kanssa tarkastukseen. Se v\u00e4h\u00e4n liikehti kylm\u00e4n stetoskoopin alla, niin ell totesi sen olevan varsin hermostunut. Meit\u00e4 v\u00e4h\u00e4n huvitti, sill\u00e4 on sit\u00e4 n\u00e4hty aika paljon hermostuneempiakin hevosia. Tuli mieleen esimerkiksi Hapsu ja Babolna. Juoksutus meni hyvin ja tasaisesti. Ninakin enn\u00e4tti antamaan palautetta, ett\u00e4 juoksutus on parantunut. Kaikki oli aata, paitsi se hermostuneisuus ja syke 48, joka oli ell:n mielest\u00e4 korkea. P\u00e4\u00e4stiin kuitenkin tekem\u00e4\u00e4n viimeisi\u00e4 hommeleita ja laittamaan ratsastajaa selk\u00e4\u00e4n.<\/p>\n<p><b>Kilpailun hurmaa<\/b><\/p>\n<p>P\u00e4\u00e4tettiin, ett\u00e4 otetaan varmaan p\u00e4\u00e4lle huollon kanssa ja l\u00e4hdimme Lauran kanssa v\u00e4h\u00e4n ennen starttia jo kohti 7 km:n kohtaan. Arvelin, ett\u00e4 saattavat l\u00e4hte\u00e4 reippaasti. Turunen lupasi l\u00e4hett\u00e4\u00e4 ratsukon matkaan. Kari j\u00e4i startissa viimeiseksi ja tarkoitus oli sellaista 15 km\/h vauhtia l\u00e4hte\u00e4, mutta syyst\u00e4 tai toisesta l\u00e4htiv\u00e4t sitten kuitenkin v\u00e4h\u00e4n reippaammin, eli 17km\/h vauhtia. Piti kuitenkin tarkasti kiinni siit\u00e4, ett\u00e4 vauhti on tasaista ja sykkeet hyv\u00e4ll\u00e4 tasolla. Hetken p\u00e4\u00e4st\u00e4 Kari huomasi olevansa yksin. ihmetteli v\u00e4h\u00e4n, mist\u00e4 mahtaa olla kyse, mutta jatkoi sitten matkaansa. Mit\u00e4\u00e4n pelottavia laitteita, koneita tai rekkoja ei n\u00e4kynyt, ja ennakkoon jo tiedettiin, ett\u00e4 ne eiv\u00e4t aiheuta meille huolta.<\/p>\n<p><img loading=\"lazy\" decoding=\"async\" class=\"alignleft wp-image-373 size-full\" src=\"http:\/\/www.suonpaa.net\/wp-content\/uploads\/2016\/02\/jamsa2015_01.jpg\" alt=\"\" width=\"188\" height=\"250\" \/>Hetken p\u00e4\u00e4st\u00e4 alkoi kuulua laukkaavan hevosen \u00e4\u00e4nt\u00e4 ja Antti liittyi seuraan. V\u00e4h\u00e4n ajan p\u00e4\u00e4st\u00e4 kuului taas hevosen askelten l\u00e4hestyv\u00e4\u00e4 \u00e4\u00e4nt\u00e4 ja t\u00e4ll\u00e4 kertaan porukoihin liittyi Anne. T\u00e4ll\u00e4 kokoonpanolla trio ratsasti seuraavat 20km. Tulivat ensimm\u00e4iseen huoltoon 25 minuutissa. Eih\u00e4n siin\u00e4 suuremmin huollettu, mutta todettiin, ett\u00e4 vauhti on sen 17km\/h ja lujempaa ei ainakaan tarvitsisi menn\u00e4. Pient\u00e4 pumppaamista oli havaittavissa, mutta Urhoa ei onneksi haittaa, vaikka matkakumppani pumppailisikin. Aina ei askeleet sovi yksiin ja silloin tietenkin erilaisia pyr\u00e4hdyksi\u00e4 tulee. Takalenkill\u00e4 oli aika sohjoista ja Kari arveli ottavansa jyrk\u00e4t nousut ja laskut k\u00e4ynniss\u00e4. Se ei oikein ollut hevosen mieleen, mutta p\u00e4\u00e4siv\u00e4t kuitenkin asiassa yhteisymm\u00e4rrykseen. Takajoukko oli reilun 4 min per\u00e4ss\u00e4.<\/p>\n<p>Toinen huolto pidettiin n. 20km:n kohdalla. Antti oli j\u00e4\u00e4nyt pidemp\u00e4\u00e4n huoltoon ja Anne kiirehti Karin kiinni. T\u00e4m\u00e4 kaksikko etenikin loppuun asti yhdess\u00e4. Hevoset tulivat hyvin juttuun kesken\u00e4\u00e4n ja askelluskin oli yhteensopiva. Keskinopeus oli tipahtanut kuuteentoista ja huutelin per\u00e4\u00e4n, ett\u00e4 v\u00e4h\u00e4n voisi viel\u00e4kin hidastaa. Urho s\u00f6i mielell\u00e4\u00e4n kaiken, mit\u00e4 annettiin, mutta juoma ei maistunut. Se oli my\u00f6s saanut pienen skraadun oikeaan etujalkaansa, mutta ei tuntunut etenemist\u00e4 haittaavan. Toivottelimme hyv\u00e4t loppumatkat ja muistutun lopun pitkist\u00e4 ja loivista nousuista.<\/p>\n<p>Kiirehdimme Lauran kanssa kilpailukeskukseen. K\u00e4vin vaihtamassa uuttulaisen kanssa muutaman sanasen. Olivat yll\u00e4tt\u00e4v\u00e4n rauhallisia ja keskittyneit\u00e4. Kari ehtikin juuri tulla tauolle, ennen kuin luokka 3. starttasi. Urho ja Roope k\u00e4yttiv\u00e4t ensimm\u00e4iseen 27km:n lenkkiin aikaa 1:40. Palautuminen vei aikaa kolmisen minuuttia. Digitaalisten kellojen ansiosta jokainen ratsukko sai sekunnilleen tarkat ajat tekemisist\u00e4\u00e4n ja gps-seuranta oli kahdessa ylimm\u00e4ss\u00e4 luokassa k\u00e4yt\u00f6ss\u00e4. El\u00e4inl\u00e4\u00e4k\u00e4ri toimi rivakasti ja kun tarkastuksessa oli enemm\u00e4n v\u00e4ke\u00e4, niin mittasi todella vauhdikkaasti sykkeet ja hoiteli muutenkin hommat kiitett\u00e4v\u00e4sti. Aina ei p\u00e4\u00e4se elli\u00e4 kehumaan, mutta t\u00e4ll\u00e4 kertaa ei keksitty kyll\u00e4 kamalasti huomautettavaa. Kaikki arviointikohteet olivat A ja syke 60. Kiire oli tauolle.<\/p>\n<p>Ei siin\u00e4 ihmeit\u00e4 ehditty tehd\u00e4, mutta \u00e4kki\u00e4 puettiin hevonen ja ratsastajallekin kelpasi untuvatakki. Juotavat jugurtit ja smoothiet tekiv\u00e4t kauppansa. Hevonen s\u00f6i halukkaasti ja taluteltiin sit\u00e4 pari kertaa huoltoaluetta ymp\u00e4ri, sill\u00e4 tuuli oli todella raakaa ja puuskittaista. Pelk\u00e4sin v\u00e4h\u00e4n, ett\u00e4 hevonen j\u00e4ykistyy. Ja huolihan se on aina siit\u00e4kin, jos ei rastsu juo, vaikka tiedossa jo on, ett\u00e4 hyv\u00e4n tankkauksen turvin Urhokin menee melkoisen pitk\u00e4n matkaa ilman mainittavaa nestehukkaa. Mukavaa se kuitenkin olisi, ett\u00e4 se joisi ensimm\u00e4isest\u00e4 huollosta l\u00e4htien muutaman huikan kerrallaan.<\/p>\n<p><b>Toinen 27 km<\/b><\/p>\n<p>Tauko vilahti ohi ja taas oli aika laittaa ratsu matkaan. Luettelin Karille sekuntteja ja Annen kanssa l\u00e4htiv\u00e4t yht\u00e4 matkaa toiselle 27km:n lenkille. Nyt reitill\u00e4 olikin jo paljon v\u00e4ke\u00e4, sill\u00e4 luokka 3 starttasi tosiaan 10 minuuttia aiemmin ja olin aika varma, ett\u00e4 Roope ja Urho napsivat matkalaisia kiinni. Kiirehdittiin huoltopaikalle ja ehdittiin paikalle jo seurailemaan alemman luokan saapumista. Olin mieliss\u00e4ni, ett\u00e4 Uuttulaiset olivat j\u00e4tt\u00e4ytyneet kipakasta alkuvauhdista ja tekiv\u00e4t omaa ty\u00f6t\u00e4\u00e4n sovitulla aikataululla. Ilmeet olivat v\u00e4h\u00e4n kire\u00e4t, mutta onneksi huoltajalla juttu luisti ihan tavanomaiseen tahtiin.<\/p>\n<p><img loading=\"lazy\" decoding=\"async\" class=\"alignleft wp-image-374 size-full\" src=\"http:\/\/www.suonpaa.net\/wp-content\/uploads\/2016\/02\/jamsa2015_02.jpg\" alt=\"\" width=\"188\" height=\"250\" \/>Hetken sain odotella, niin Kari ja Anne tulivat huoltopaikalle. Kulkivat ihan maltillisesti. Meininki oli hyv\u00e4\u00e4, mutta juoma ei hevoselle mainittavasti maittanut. Samat s\u00e4velet olivat Roopella, mutta muuten kaikki oli ok. Me j\u00e4imme odottamaan takalenkin taittumista ja Sami l\u00e4hti viel\u00e4 toiseen paikkaan huoltamaan. Saman luokan seuraavat ratsukot olivat turvallisen v\u00e4limatkan p\u00e4\u00e4ss\u00e4. Hevonen kulki reitill\u00e4 ilman mit\u00e4\u00e4n ongelmia. Radan ylitykset ja alitukset meniv\u00e4t kuin vett\u00e4 vaan. Kari tavoitti uuttulaiset takalenkill\u00e4 ja n\u00e4m\u00e4 ly\u00f6tt\u00e4ytyiv\u00e4t porukoihin.<\/p>\n<p>Kun ryhm\u00e4 palaili meid\u00e4n huoltopisteeseen, niin olin v\u00e4h\u00e4n ihmeiss\u00e4ni, ett\u00e4 Anne ja Kari eiv\u00e4t olleet saaneet luokan 3 ratsukoita kiinni, eli pitiv\u00e4t hekin reipasta vauhtia yll\u00e4. Olin my\u00f6s yll\u00e4ttynyt, kun Mari ja Heidi olivat samassa porukassa. Toisaalta se olikin hyv\u00e4 paikka menn\u00e4, niin oli sopivaa vetoa tarjolla. Loppulenkill\u00e4k\u00e4\u00e4n ei ollut mit\u00e4\u00e4n ihmeellist\u00e4. Kari tuli taas hyviss\u00e4 ajoin alas ratsailta ja talutti hevosen yli taukolinjan. Katselin kauhuissani, kun uuttulaiset tulivat hymyss\u00e4 suin ja h\u00f6lkill\u00e4 tauolle. Mietin mieless\u00e4ni, ett\u00e4 saa n\u00e4hd\u00e4 kannattiko. Keskityin kuitenkin oman ratsukon vastaanottoon.<\/p>\n<p>Hevonen saatiin valmiiksi muutamassa minuutissa. Huljuttelin v\u00e4h\u00e4n oikean jalan skraadua ja l\u00e4hdettiin tarkastukseen. Anne ja Roope olivat samaan aikaan portilla. Huomasin, ett\u00e4 uuttulaiset olivat jo tarkastuksessa, joten kaikesta p\u00e4\u00e4tellen homma oli hanskassa. Urhon syke oli reippaasti alle 60 ja kaikki arviointikohteet olivat aata. Lis\u00e4huomautuksena tuli, ett\u00e4 suolisto\u00e4\u00e4net olivat erinomaiset. Reippaasti suunnattiin tauolle. Urho s\u00f6i ja s\u00f6i ja v\u00e4lill\u00e4 v\u00e4h\u00e4n taluteltiin. Loimia oli reippaasti p\u00e4\u00e4ll\u00e4 ja BoT tietenkin alimmaisena. Markku houkutteli meid\u00e4t makkaralle ja alkoi samalla hieroa hevoskauppoja. Olisi kuulemma sellainen tapaus tarjolla, ett\u00e4 oksat pois ja pokaalit kotiin. Ei ollenkaan naisten ratsastettava, vaan just ja prikulleen Karille sopiva. Onneksi piti kiirehti\u00e4 uusintatarkastukseen, tai olisi palailtu kotiin kahden hevosen kanssa.<\/p>\n<p>Uusintatarkastuksessa kaikki oli hyvin. Ell totesi, ett\u00e4 mit\u00e4\u00e4n j\u00e4ykistymisen oireita ei ollut havaittavissa. Urho juoksi hyvin ja siit\u00e4 olin kyll\u00e4 tyytyv\u00e4inen. Se oli muutenkin koko ajan kartalla siit\u00e4, mit\u00e4 tapahtuu. Huikkasin l\u00e4ht\u00f6kannustukset Marille ja Heidille ja alettiin laittaa Karia selk\u00e4\u00e4n. Tanja ja Laura olivat apuna, joten homman soljuivat jouhevasti. Toinen lenkki mentiin jo kuolaimettomilla ja kolmannelle lenkill\u00e4 l\u00e4hdettiin samalla varustuksella. Kari oli leppoisalla mielell\u00e4. L\u00e4htiv\u00e4t Annen kanssa yht\u00e4 matkaa liikkeelle. Etumatka oli turvallinen ja n\u00e4in ollen sijoittuminen oletettavissa oleva asia.<\/p>\n<p><b>Kolmas le<\/b><b>nkki<\/b><\/p>\n<p><img loading=\"lazy\" decoding=\"async\" class=\"alignleft wp-image-375 size-full\" src=\"http:\/\/www.suonpaa.net\/wp-content\/uploads\/2016\/02\/jamsa2015_03.jpg\" alt=\"\" width=\"250\" height=\"186\" \/>Aloittelivat viimeisen 27km:n lenkin rauhallisesti. Pidettiin huollot samassa paikassa. Olin toivonut, ett\u00e4 vikalle lenkille l\u00e4hdett\u00e4ess\u00e4 olisi ratsukoiden v\u00e4lill\u00e4 ollut jokin ero suuntaan tai toiseen. Koska n\u00e4in ei ollut, niin otin jo tauolla puheeksi, ett\u00e4 meh\u00e4n olimme sopineet tavoitteeksi hyv\u00e4ksytyn suorituksen. N\u00e4in ollen mink\u00e4\u00e4n sortin maalilaukkoihin tms. ei ollut tarkoitus l\u00e4hte\u00e4. Varmistin viel\u00e4 huollossa, ett\u00e4 olimmehan edelleen asiasta samaa mielt\u00e4. Olimme.<\/p>\n<p>Molemmat hevoset ottivat v\u00e4h\u00e4n huikkaa ja ratsukot jatkoivat rentoina matkaansa. Sami siirtyi taas toiseenkin paikkaan huoltamaan ja me j\u00e4imme Lauran kanssa paikoillemme. Siin\u00e4 ihmetelless\u00e4 huomasinkin ett\u00e4 takajoukot olivat kirist\u00e4neet vauhtia ja v\u00e4h\u00e4n saavuttaneet k\u00e4rkikaksikkoa. Ilmoitin Karille, ett\u00e4 ei kannata j\u00e4\u00e4d\u00e4 k\u00e4velem\u00e4\u00e4n, vaan voisivat edelleen pist\u00e4\u00e4 kaviota toisen eteen. Kari kiitti ja kuittasi ja jatkoivat astetta reippaammalla h\u00f6lk\u00e4ll\u00e4.<\/p>\n<p>Kun n\u00e4imme taas huollossa, niin hevoset joivat j\u00e4lleen ja Karikin otti huikkaa. Mielialat olivat hyv\u00e4t ja hevonen vaikutti my\u00f6s todella pirte\u00e4lt\u00e4 ja kulki innokkaasti ja pyyt\u00e4m\u00e4tt\u00e4. Olin hyvill\u00e4ni, sill\u00e4 eka 80km oli sille kuitenkin selke\u00e4sti ollut raskas teht\u00e4v\u00e4. Toki silloin ratsukko taivalsi soolona koko matkan ja nyt oli k\u00e4yt\u00e4nn\u00f6ss\u00e4 koko ajan seuraa. Ja toki on my\u00f6s tehty\u00e4 valmennuksellisia juttuja kuluneen puolen vuoden aikana. Kaikesta p\u00e4\u00e4tellen onnistuneesti.<\/p>\n<p><img loading=\"lazy\" decoding=\"async\" class=\"alignleft wp-image-376 size-full\" src=\"http:\/\/www.suonpaa.net\/wp-content\/uploads\/2016\/02\/jamsa2015_04.jpg\" alt=\"\" width=\"188\" height=\"250\" \/>Ratsastajat pohtivat viel\u00e4 hetken, onko takajoukkojen mahdollista heit\u00e4 tavoittaa. Olivat yksimielisi\u00e4, ett\u00e4 ei ole. Jatkoivat viimeiselle 7 kilometrille ja me huoltajat l\u00e4hdimme levollisin mielin kohti kilpailukeskusta. Ehdittiin perusrutiinit tehd\u00e4 ja l\u00e4hdettiin maalilinjalle odottamaan loimen kanssa. Maalimiehitys m\u00f6nki ulos autostaan ja arvuuteltiin, kumpi tulee ekana. Sari sanoi ihanasti, ett\u00e4 eih\u00e4n sill\u00e4 niin ole v\u00e4li\u00e4, kun ovat samaa tiimi\u00e4. Ja niinh\u00e4n se olikin. Meill\u00e4 on seurassa kyll\u00e4 hyv\u00e4 henki, mutta kuitenkin kilpailullinen meininki. Muutama sata metri\u00e4 ennen maalilinjaa Anne siirtyi laukkaan. Kari antoi ratsukolle pienen etumatkan ja sitten ihan rennosti tulivat per\u00e4ss\u00e4. Maalilinjalla eroa oli 5 sekkaa. Eiv\u00e4t ottaneet loimeakaan vaan h\u00f6lk\u00f6ttiv\u00e4t kiepin huoltoalueelle. Hevonen oli heti valmis. Toisiamme taputellen siirryimme tarkastusalueelle.<\/p>\n<p>Ell kuunteli sykkeen ja alkoi onnitella. Todettiin, ett\u00e4 katsotaan se juoksutus nyt kuitenkin ensin. Urho otti pari askelta ja ell totesi, ett\u00e4 no nyt voi onnitella. Mukavalta tuntui. Anne ja Roope seurasivat per\u00e4ss\u00e4 ja sama juttu hell\u00e4. Kaikki oli kunnossa ja hyvin ja j\u00e4rkev\u00e4sti tehdyst\u00e4 ty\u00f6st\u00e4 saivat kumpikin tiimi palkinnon. Maalilinjalla K viel\u00e4 ehti huikata, ett\u00e4 hevonen on aivan loistava. Nyt se kyll\u00e4 olikin Urho urhea ja v\u00e4symyksest\u00e4 ei ollut tietoakaan. Jos tarve olisi ollut, niin nyt se olis viel\u00e4 yhden lenkin pystynyt helposti jatkamaan. Turunen palkitsi meid\u00e4n lettusilla ja olihan siin\u00e4 juhlan tuntua!<\/p>\n<p>Urhoa v\u00e4h\u00e4n taluteltiin ja lurutin kinttuja j\u00e4isell\u00e4 vedell\u00e4. Vedettiin nuttua nutun p\u00e4\u00e4lle ja todettiin, ett\u00e4 laitetaan hevonen aika nopeasti koppiin, sill\u00e4 tuuli oli aukealla hyyt\u00e4v\u00e4. Mietittiin v\u00e4h\u00e4n, ett\u00e4 l\u00e4hdet\u00e4\u00e4nk\u00f6 kotimatkalle, mutta sitten ajateltiin, ett\u00e4 kyll\u00e4 me nyt oman seuran kisoissa odotetaan palkintojenjakoa. N\u00e4yt\u00f6lt\u00e4 seurattiin, kun puolitoista tuntia my\u00f6hemmin viimeinen ratsastaja alkoi l\u00e4hesty\u00e4 maalia. Mainio juttu oli, ett\u00e4 kaikki kansallisen luokat ratsukot saivat hyv\u00e4ksytyn suorituksen. 80km ei ole todellakaan mik\u00e4\u00e4n l\u00e4ll\u00e4rijuttu ja hyyt\u00e4v\u00e4ss\u00e4 tuulessa, J\u00e4ms\u00e4n j\u00e4\u00e4t\u00e4viss\u00e4 maastoissa tehtyn\u00e4 tulos on ihan timanttia.<\/p>\n<p>Kiittelimme Mummelin ja muun j\u00e4rjestelyporukan, sek\u00e4 tietenkin Lauran ja Tanjan, joiden apu oli korvaamatonta. Kotimatka alkoi ja niin kauan kun oli valoisaa, niin oli muutenkin leppoisaa. Mutta kun aurinko laski, niin tuuli muuttui ihan karmeaksi. Karilla takoi takaraivossa mielikuvat talvisesta kaadosta. Ajomatka ei ollut h\u00e4nelle kovinkaan miellytt\u00e4v\u00e4. Hyv\u00e4 juttu t\u00e4ss\u00e4 oli se, ett\u00e4 t\u00e4ll\u00e4 kertaa koppi pysyi pystyss\u00e4, joten kuskikin sai positiivisen kokemuksen. Tallin pihassa oltiin puoli yhdeks\u00e4lt\u00e4. Kyll\u00e4 p\u00e4iv\u00e4n t\u00e4ytyi olla hevoselle todella raskas. Ensin kuusi tuntia kisailua, sitten kolme tuntia matkustusta p\u00e4\u00e4lle. Taluttelin sit\u00e4 umpipime\u00e4ss\u00e4 hetken. Kompuroitiin loskassa ja totesin, ett\u00e4 ehk\u00e4 t\u00e4m\u00e4 oli t\u00e4ss\u00e4. Hevonen j\u00e4i talliin heinille ja me kiirehdimme kotiin. Ripustelin kaikista m\u00e4rimm\u00e4t kamat kuivumaan, Kari kiirehti hakemaan pizzaa ja sen j\u00e4lkeen oli nukkumatti jo ovella.<\/p>\n<p><b>Sunnuntain palauttelut<\/b><\/p>\n<p>Kuten arvelimmekin, niin aamulla Urho liikkui vaisusti ja jaloissakin oli turvotusta. Meille tuli aamun h\u00e4m\u00e4riss\u00e4 yll\u00e4tysvieras, joten Kari ei p\u00e4\u00e4ssyt ihan heti liikkeelle, mutta meni hyviss\u00e4 ajoin ja talutteli Urhoa reilu puolisen tuntia. Turvotus laski ja hevonen liikkui vetre\u00e4mmin. Se sai taas bottiloimen p\u00e4lleen, vaikka sel\u00e4ss\u00e4 tai takalistossa ei mit\u00e4\u00e4n huomautettavaa ollutkaan. IP-l\u00e4mmitin olisi kyll\u00e4 kiva. Ihmisille my\u00f6s. Urho j\u00e4i tarhaan m\u00f6ll\u00f6ttelem\u00e4\u00e4n ja Kari k\u00e4vi viel\u00e4 illalla sit\u00e4 taluttelemassa. M\u00e4 py\u00f6ritin pyykkikonetta aamusta iltaan. Kari oli saanut kylm\u00e4\u00e4 selk\u00e4\u00e4ns\u00e4 ja oli my\u00f6s v\u00e4h\u00e4n j\u00e4ykk\u00e4n\u00e4, mutta iltaa kohde h\u00e4nkin vetreytyi. N\u00e4in sit\u00e4 oli taas yksi kisareissu takana ja Urholla kv-kvaalit nipussa.<\/p>\n<\/div>\n<\/div><\/div><\/div><\/div><\/div>","protected":false},"excerpt":{"rendered":"<p>L\u00e4ht\u00f6lista1. Anne Per\u00e4l\u00e4 \u2013 Millionfield\u2019s Roadrunner 2. Mari Marjatsalo \u2013 Al Namar IL ox 3. Kari K\u00e4rkk\u00e4inen \u2013 Princzis SE ox 4. Elina L\u00e5ngvik \u2013 Prins Henrik 5. Vera Keitaanranta \u2013 Triippops Phantom 6. Antti Komulainen \u2013 American Pie W 7. Ines Beilman \u2013 Vandah El Aryes Tulokset1. Anne Per\u00e4l\u00e4 \u2013 Millionfield\u2019s Roadrunner, 15,46km\/h 2. [&hellip;]<\/p>\n","protected":false},"author":3,"featured_media":0,"parent":369,"menu_order":0,"comment_status":"closed","ping_status":"closed","template":"templates\/template-full.php","meta":{"footnotes":""},"class_list":["post-371","page","type-page","status-publish","hentry","post"],"_links":{"self":[{"href":"https:\/\/www.suonpaa.net\/index.php?rest_route=\/wp\/v2\/pages\/371","targetHints":{"allow":["GET"]}}],"collection":[{"href":"https:\/\/www.suonpaa.net\/index.php?rest_route=\/wp\/v2\/pages"}],"about":[{"href":"https:\/\/www.suonpaa.net\/index.php?rest_route=\/wp\/v2\/types\/page"}],"author":[{"embeddable":true,"href":"https:\/\/www.suonpaa.net\/index.php?rest_route=\/wp\/v2\/users\/3"}],"replies":[{"embeddable":true,"href":"https:\/\/www.suonpaa.net\/index.php?rest_route=%2Fwp%2Fv2%2Fcomments&post=371"}],"version-history":[{"count":6,"href":"https:\/\/www.suonpaa.net\/index.php?rest_route=\/wp\/v2\/pages\/371\/revisions"}],"predecessor-version":[{"id":2068,"href":"https:\/\/www.suonpaa.net\/index.php?rest_route=\/wp\/v2\/pages\/371\/revisions\/2068"}],"up":[{"embeddable":true,"href":"https:\/\/www.suonpaa.net\/index.php?rest_route=\/wp\/v2\/pages\/369"}],"wp:attachment":[{"href":"https:\/\/www.suonpaa.net\/index.php?rest_route=%2Fwp%2Fv2%2Fmedia&parent=371"}],"curies":[{"name":"wp","href":"https:\/\/api.w.org\/{rel}","templated":true}]}}