{"id":369,"date":"2016-02-17T20:43:00","date_gmt":"2016-02-17T20:43:00","guid":{"rendered":"http:\/\/suonpaa.net\/wordpress\/?page_id=369"},"modified":"2016-08-02T16:43:36","modified_gmt":"2016-08-02T13:43:36","slug":"kisat-2015","status":"publish","type":"page","link":"https:\/\/www.suonpaa.net\/?page_id=369","title":{"rendered":"Kisat 2015"},"content":{"rendered":"<div id=\"pl-369\"  class=\"panel-layout\" ><div id=\"pg-369-0\"  class=\"panel-grid panel-no-style\" ><div id=\"pgc-369-0-0\"  class=\"panel-grid-cell\" ><div id=\"panel-369-0-0-0\" class=\"so-panel widget widget_sow-editor panel-first-child panel-last-child\" data-index=\"0\" ><div\n\t\t\t\n\t\t\tclass=\"so-widget-sow-editor so-widget-sow-editor-base\"\n\t\t\t\n\t\t>\n<div class=\"siteorigin-widget-tinymce textwidget\">\n\t<p><b><span style=\"font-size: large;\"><u>Urhon kisakalenteri 2015<\/u><\/span><\/b><\/p>\n<p><strong><a href=\"http:\/\/suonpaa.net\/?page_id=371\">7.3. RieRat, J\u00e4ms\u00e4, taso 3<\/a><\/strong><br \/> <strong><a href=\"http:\/\/suonpaa.net\/?page_id=382\">2.5. Matkalaukka, Urjala, Taso 2<\/a><\/strong><br \/> <strong><a href=\"http:\/\/suonpaa.net\/?page_id=1906\">4.7. SuMaRa, Tammela, Taso 2<\/a><\/strong><br \/> <strong><a href=\"http:\/\/suonpaa.net\/?page_id=1913\">8.8.SM-kilpailut, taso 3<\/a><\/strong><br \/> <strong><s>26.9. SuMaRa, Laitila, taso 3<\/s><\/strong><\/p>\n<\/div>\n<\/div><\/div><\/div><div id=\"pgc-369-0-1\"  class=\"panel-grid-cell\" ><div id=\"panel-369-0-1-0\" class=\"so-panel widget widget_sow-editor panel-first-child panel-last-child\" data-index=\"1\" ><div\n\t\t\t\n\t\t\tclass=\"so-widget-sow-editor so-widget-sow-editor-base\"\n\t\t\t\n\t\t>\n<div class=\"siteorigin-widget-tinymce textwidget\">\n\t<p><b><span style=\"font-size: large;\"><u>Tiimin kisakalenteri 2015<\/u><\/span><\/b><\/p>\n<p><strong><a href=\"http:\/\/suonpaa.net\/?page_id=1921\">4.4. RieRat\/Majatalli, Lieto, tasot 1 ja 2<\/a><\/strong><br \/> <strong><a href=\"http:\/\/suonpaa.net\/?page_id=382\">2.5. Matkalaukka, Urjala, Taso 2<\/a><\/strong><br \/> <strong><a href=\"http:\/\/suonpaa.net\/?page_id=1942\">22-24.5. Kurgj\u00e4rve - Haanjamaa, FEI CEI 1*<\/a><\/strong><br \/> <a href=\"http:\/\/www.suonpaa.net\/?page_id=2601\"><strong>18-20.9. Kurtvenai - Liettua, FEI CEI 2*<\/strong><\/a><\/p>\n<\/div>\n<\/div><\/div><\/div><\/div><div id=\"pg-369-1\"  class=\"panel-grid panel-no-style\" ><div id=\"pgc-369-1-0\"  class=\"panel-grid-cell\" ><div id=\"panel-369-1-0-0\" class=\"so-panel widget widget_sow-editor panel-first-child panel-last-child\" data-index=\"2\" ><div\n\t\t\t\n\t\t\tclass=\"so-widget-sow-editor so-widget-sow-editor-base\"\n\t\t\t\n\t\t>\n<div class=\"siteorigin-widget-tinymce textwidget\">\n\t<p><b>Tavoitteet:<\/b><\/p>\n<p>Kaudelle ei asetettu ihmeellisi\u00e4 tavoitteita. Urhon noviisikvaalit on yksi selv\u00e4 tavoite ja kestotavoite on saada vihdoin ja viimein Hapsulle 120km tulos. Sellan tavoite on punnertaa hieno varsa maailmaan ja Hopon tavoite on pysy\u00e4 pirte\u00e4n\u00e4 vaarina.<\/p>\n<p><b>Yhteenveto<\/b><\/p>\n<p>Ehk\u00e4 vuoden hienoin kokemus ja saavutus oli Sellan synnytt\u00e4m\u00e4 tammavarsa Tatanka, joka syntyi 22.6.15. Varsan kehittyminen on ollut kokemus vertaansa vailla. Vuoden karmein kokemus oli Hopon hurja \u00e4hky lokakuun lopulla. Olimme jo varmoja, ett\u00e4 vanha herra siirtyy ajasta ikuisuuteen, mutta toisin k\u00e4vi. Syksy oli muutenkin menetysten ja murheiden t\u00e4ytt\u00e4m\u00e4.<\/p>\n<p>Kilpailullisesti kaudest\u00e4 j\u00e4\u00e4 k\u00e4teen kolme kohokohtaa. Kev\u00e4\u00e4ll\u00e4 Valedro starttasi Karin alla ensimm\u00e4isess\u00e4 FEI-kilpailussaan ja helposti suoritti Haanjan FEI CEI 1* 80km lenkin. Saumat olisi ollut tavoitella jopa voittoa, mutta tehtiin j\u00e4rkip\u00e4\u00e4t\u00f6s ja varmistettiin tiimin\u00e4 toinen sija. Hyv\u00e4\u00e4 ja tasapainoista tekemist\u00e4 ja Tanja oli tehnyt mielett\u00f6m\u00e4sti t\u00f6it\u00e4 ja huoltoporukkaa oli paljon mukana ja hommahan toimi kuin junan vessa. Meille oli luonnollisesti merkitt\u00e4v\u00e4 juttu, ett\u00e4 saatiin olla mukana Valedron ensimm\u00e4isess\u00e4 kv-startissa. Tunteikasta oli, sill\u00e4 monttuun tuomittu ruma ankanpoika oli kehittynyt kv-tason matkaratsuksi.<\/p>\n<p>Toinen virstanpylv\u00e4s oli Avialiksen ensimm\u00e4inen tulos FEI CEI 2* 120-tasolla, joka vihdoin ja viimein useamman vuoden yritt\u00e4misen j\u00e4lkeen toteutui Liettuan Kurtuvenaissa. T\u00e4st\u00e4kin kiitos menee oman tiimin ulkopuolelle, sill\u00e4 ilman Team Lampisen kanssa tehty\u00e4 yhteisty\u00f6t\u00e4 tulosta ei olisi tullut. Tanjan vetoapu vei \u00e4ij\u00e4n l\u00e4pi h\u00e4nelle m\u00f6r\u00f6ksi kasvaneen punaisen lenkin. Viimeisell\u00e4 lenkill\u00e4 Hapsu oli ihan liitokavio ja loppu menikin helposti. Tunteikas oli t\u00e4m\u00e4kin juttu, sill\u00e4 Hapsun lupasimme Ninalle kvaalata ja matka on ollut pitk\u00e4 sek\u00e4 ehdottomasti my\u00f6s kivinen. Kun lopulta ty\u00f6 oli tehty, niin olihan se helpottava ja hieno tunne.<\/p>\n<p>Kolmas ja ehk\u00e4 merkitt\u00e4vin juttu oli Princzisen SM pronssi. Kisasta l\u00e4hdettiin hakemaan suoritusta. Noviisikvaalit oli saatu kasaan jo aiemmin, joten kokeilumieless\u00e4 l\u00e4hdettiin katsomaan, miten sujuu 100km. Ennakkoasetelmat olivat sellaiset, ett\u00e4 tulos oli mahdollinen, mutta mit\u00e4\u00e4n sijoitusta ei odotettu. Kun kilpailu alkoi saada sellaisia k\u00e4\u00e4nteit\u00e4, ett\u00e4 mitali oli otettavissa, niin puristettiin se sielt\u00e4. Kisa ei ollut helppo, eik\u00e4 mitenk\u00e4\u00e4n h\u00e4ik\u00e4isev\u00e4\u00e4 tekemist\u00e4, mutta valkoisen ruusukkeen kanssa oli hieno palata kotiin. Ajatuksissa mitali tuli vuotta odotettua aiemmin, sill\u00e4 menestymistavoitteet oli asetettu vasta vuodella 2016.<\/p>\n<p>Tilastollisesti kausi p\u00e4\u00e4ttyi alla oleviin numeroihin:<br \/> FEIn ratsastajarankingissa Kari oli 115 pisteell\u00e4 sijalla 774\/3367. Suomalaisia listalta l\u00f6ytyi 10 ja heist\u00e4 \u00e4ij\u00e4 oli suomalaisista kolmas.<\/p>\n<p>Kotimaan rankingissa Kari oli 65 pistell\u00e4 toinen.<\/p>\n<p>Kotimaan km-rankingissa Kari oli 411,3 suoritetulla kilometrill\u00e4 kuudes ja Princzis 241,3 kilometrill\u00e4 yhdeks\u00e4s. Ykk\u00f6seksi pyrit\u00e4\u00e4n, totesi is\u00e4nt\u00e4, kun kyselin mit\u00e4 vuodesta meille nyt oikeastaan j\u00e4i k\u00e4teen. Joten viel\u00e4 on teht\u00e4v\u00e4\u00e4, jos aika, into ja raha vaan riitt\u00e4v\u00e4t.<\/p>\n<\/div>\n<\/div><\/div><\/div><\/div><\/div>","protected":false},"excerpt":{"rendered":"<p>Urhon kisakalenteri 20157.3. RieRat, J\u00e4ms\u00e4, taso 3 2.5. Matkalaukka, Urjala, Taso 2 4.7. SuMaRa, Tammela, Taso 2 8.8.SM-kilpailut, taso 3 26.9. SuMaRa, Laitila, taso 3 Tiimin kisakalenteri 20154.4. RieRat\/Majatalli, Lieto, tasot 1 ja 2 2.5. Matkalaukka, Urjala, Taso 2 22-24.5. Kurgj\u00e4rve &#8211; Haanjamaa, FEI CEI 1* 18-20.9. Kurtvenai &#8211; Liettua, FEI CEI 2* Tavoitteet:Kaudelle ei [&hellip;]<\/p>\n","protected":false},"author":3,"featured_media":0,"parent":750,"menu_order":1,"comment_status":"closed","ping_status":"closed","template":"templates\/template-full-notitle.php","meta":{"footnotes":""},"class_list":["post-369","page","type-page","status-publish","hentry","post"],"_links":{"self":[{"href":"https:\/\/www.suonpaa.net\/index.php?rest_route=\/wp\/v2\/pages\/369","targetHints":{"allow":["GET"]}}],"collection":[{"href":"https:\/\/www.suonpaa.net\/index.php?rest_route=\/wp\/v2\/pages"}],"about":[{"href":"https:\/\/www.suonpaa.net\/index.php?rest_route=\/wp\/v2\/types\/page"}],"author":[{"embeddable":true,"href":"https:\/\/www.suonpaa.net\/index.php?rest_route=\/wp\/v2\/users\/3"}],"replies":[{"embeddable":true,"href":"https:\/\/www.suonpaa.net\/index.php?rest_route=%2Fwp%2Fv2%2Fcomments&post=369"}],"version-history":[{"count":15,"href":"https:\/\/www.suonpaa.net\/index.php?rest_route=\/wp\/v2\/pages\/369\/revisions"}],"predecessor-version":[{"id":3396,"href":"https:\/\/www.suonpaa.net\/index.php?rest_route=\/wp\/v2\/pages\/369\/revisions\/3396"}],"up":[{"embeddable":true,"href":"https:\/\/www.suonpaa.net\/index.php?rest_route=\/wp\/v2\/pages\/750"}],"wp:attachment":[{"href":"https:\/\/www.suonpaa.net\/index.php?rest_route=%2Fwp%2Fv2%2Fmedia&parent=369"}],"curies":[{"name":"wp","href":"https:\/\/api.w.org\/{rel}","templated":true}]}}