{"id":366,"date":"2016-02-17T18:01:21","date_gmt":"2016-02-17T18:01:21","guid":{"rendered":"http:\/\/suonpaa.net\/wordpress\/?page_id=366"},"modified":"2016-10-06T21:02:10","modified_gmt":"2016-10-06T18:02:10","slug":"taustaa","status":"publish","type":"page","link":"https:\/\/www.suonpaa.net\/?page_id=366","title":{"rendered":"Mist\u00e4 kaikki alkoi"},"content":{"rendered":"<p>Lokakuussa 2005 Espoolaisessa paikallislehdess\u00e4 oli pienen pieni ilmoitus matkaratsastuskisoista. Ihan spontaanisti p\u00e4\u00e4timme l\u00e4hte\u00e4\u00a0 tutustumassa mielenkiintoiseen lajiin, josta emme tienneet yht\u00e4\u00e4n mit\u00e4\u00e4n, mutta homma vaikutti mielenkiintoiselta. Kilpailukeskuksessa j\u00e4rjest\u00e4v\u00e4 taho, taisi olla SuMaRa, oli v\u00e4h\u00e4n ihmeiss\u00e4\u00e4n, kun kinusimme reittikarttoja, jotta p\u00e4\u00e4sisimme seuraamaan ratsukoiden etenemist\u00e4. Hiippailimme reitin varressa ja ihmettelimme touhua. P\u00e4ivittelimme silm\u00e4t py\u00f6rein\u00e4 sit\u00e4, ett\u00e4 ratsukot painoivat kurakossa, kivikossa, juurikossa ja m\u00e4kisess\u00e4 maastossa kuin viimeist\u00e4 p\u00e4iv\u00e4\u00e4 ilman mit\u00e4\u00e4n arkailua tai varmistelua. Kiehtovaa, todella kiehtovaa!<\/p>\n<p>V\u00e4h\u00e4n leikkimielisesti aloimme muka treenata Hopolle matkakest\u00e4vyytt\u00e4. Teimme muka pitki\u00e4 lenkkej\u00e4 ja samoilimme omituisissa maastoissa. Hopo vaikutti rohkealta ja luottavaiselta, joten alkoi vahvistua uskoa siihen, ett\u00e4 se tosiaan saattaisi voida startata matkakisoissa. Samaan aikaan hankimme lajista tietoa niin paljon, kuin oli mahdollista l\u00f6yt\u00e4\u00e4. Kerran kirjanoppinut on aina kirjanoppinut ja meid\u00e4n tyyliimme on aika kuulunut tehd\u00e4 taustaty\u00f6 huolellisesti.<\/p>\n<p>Kev\u00e4\u00e4ll\u00e4 2006 Kari k\u00e4vi J\u00e4rvenp\u00e4\u00e4ss\u00e4 strattikurssin ja suoritti hyv\u00e4ksytysti my\u00f6s silloisen aluelupakokeen, jonka j\u00e4lkeen h\u00e4n oli oikeutettu kilpailulupaan. Samalla istumalla Kari liittyi SuMaRan j\u00e4seneksi ja alkoi ihan oikeasti mietti\u00e4 kisaamista. Hopoa alettiin juoksuttaa entist\u00e4 pidempi\u00e4 lenkkej\u00e4 ja kivikkoisilta mets\u00e4poluilta haettiin varmuutta askellukseen. Osana t\u00e4t\u00e4 &#8221;treeni\u00e4&#8221; Hopoa k\u00e4ytettiin kes\u00e4ll\u00e4 koululeirill\u00e4kin niin, ett\u00e4 se ensin k\u00e4p\u00f6tteli Rajakulmaan, sitten teki koulutreeni\u00e4 kaksi tuntia ja sen j\u00e4lkeen viel\u00e4 ravaili kotiin.<\/p>\n<p>Ensimm\u00e4isen startin oli tarkoitus olla hein\u00e4kuussa 2006 Nummelassa. Kaiken piti olla valmista, kun tajusimme, ett\u00e4 Hopolla olikin rokotusketjussa tuplan ment\u00e4v\u00e4 aukko. Tyypillinen aloittelijan virhe, sattuuhan n\u00e4it\u00e4. Armotonta puhelinrumbaa ja el\u00e4inl\u00e4\u00e4k\u00e4rien mets\u00e4stely\u00e4, mutta emme saaneet v\u00e4\u00e4j\u00e4\u00e4m\u00e4t\u00f6nt\u00e4 dokumenttia annetuista rokotuksista, joten kisat muuttuivat meille katselukisoiksi. Opettavaista oli tosin k\u00e4yd\u00e4 n\u00e4it\u00e4kin kilpailuja katsomassa. N\u00e4imme taas erilaisen kisakeskuksen, erilaisen maapohjan ja erilaisen tavan tehd\u00e4 rata. Muutaman harrastusvuoden j\u00e4lkeen t\u00e4ytyy sanoa, ett\u00e4 ennen ensimm\u00e4ist\u00e4 starttia kannattaa jokaisen k\u00e4yd\u00e4 ainakin kerran kisoja seuraamassa tai vaikka olla toimihenkil\u00f6n\u00e4 mukana, niin tiet\u00e4\u00e4 v\u00e4h\u00e4n paremmin, mit\u00e4 kisap\u00e4iv\u00e4n aikana oikeasti tapahtuu. Ja v\u00e4hint\u00e4\u00e4nkin kannattaa joku lajiesittelykurssi k\u00e4yd\u00e4 istumassa.<\/p>\n<p>Nummelan keikan j\u00e4lkeen Kari hankki sykekahvan ja aloimme mittailemaan sykett\u00e4 ja etsi\u00e4 maksimisykett\u00e4, leposykett\u00e4 ja kaikkea silt\u00e4 v\u00e4lilt\u00e4. Hevoselta ja itselt\u00e4mmekin. Ensimm\u00e4iseen starttiin valmistauduttiin pitkill\u00e4 peltolenkeill\u00e4 ja palautuminen vaikutti k\u00e4sitt\u00e4m\u00e4tt\u00f6m\u00e4n nopealta. Niin kuin mill\u00e4 tahansa hevosella aina kotona.\u00a0 Kaikki tuntui olevan mallillaan. Ensimm\u00e4inen startti tapahtui 14.10.06 Espoossa. Hylsyh\u00e4n sielt\u00e4 tuli ja homma oli aivan j\u00e4rkytt\u00e4v\u00e4\u00e4 s\u00e4\u00e4t\u00e4mist\u00e4 ja sohlaamista, mutta kipin\u00e4 oli syttynyt ja samalla tiell\u00e4 olemme.<\/p>\n","protected":false},"excerpt":{"rendered":"<p>Lokakuussa 2005 Espoolaisessa paikallislehdess\u00e4 oli pienen pieni ilmoitus matkaratsastuskisoista. Ihan spontaanisti p\u00e4\u00e4timme l\u00e4hte\u00e4\u00a0 tutustumassa mielenkiintoiseen lajiin, josta emme tienneet yht\u00e4\u00e4n mit\u00e4\u00e4n, mutta homma vaikutti mielenkiintoiselta. Kilpailukeskuksessa j\u00e4rjest\u00e4v\u00e4 taho, taisi olla SuMaRa, oli v\u00e4h\u00e4n ihmeiss\u00e4\u00e4n, kun kinusimme reittikarttoja, jotta p\u00e4\u00e4sisimme seuraamaan ratsukoiden etenemist\u00e4. Hiippailimme reitin varressa ja ihmettelimme touhua. P\u00e4ivittelimme silm\u00e4t py\u00f6rein\u00e4 sit\u00e4, ett\u00e4 ratsukot painoivat [&hellip;]<\/p>\n","protected":false},"author":3,"featured_media":0,"parent":46,"menu_order":0,"comment_status":"closed","ping_status":"closed","template":"templates\/template-full-notitle.php","meta":{"footnotes":""},"class_list":["post-366","page","type-page","status-publish","hentry","post"],"_links":{"self":[{"href":"https:\/\/www.suonpaa.net\/index.php?rest_route=\/wp\/v2\/pages\/366","targetHints":{"allow":["GET"]}}],"collection":[{"href":"https:\/\/www.suonpaa.net\/index.php?rest_route=\/wp\/v2\/pages"}],"about":[{"href":"https:\/\/www.suonpaa.net\/index.php?rest_route=\/wp\/v2\/types\/page"}],"author":[{"embeddable":true,"href":"https:\/\/www.suonpaa.net\/index.php?rest_route=\/wp\/v2\/users\/3"}],"replies":[{"embeddable":true,"href":"https:\/\/www.suonpaa.net\/index.php?rest_route=%2Fwp%2Fv2%2Fcomments&post=366"}],"version-history":[{"count":6,"href":"https:\/\/www.suonpaa.net\/index.php?rest_route=\/wp\/v2\/pages\/366\/revisions"}],"predecessor-version":[{"id":3696,"href":"https:\/\/www.suonpaa.net\/index.php?rest_route=\/wp\/v2\/pages\/366\/revisions\/3696"}],"up":[{"embeddable":true,"href":"https:\/\/www.suonpaa.net\/index.php?rest_route=\/wp\/v2\/pages\/46"}],"wp:attachment":[{"href":"https:\/\/www.suonpaa.net\/index.php?rest_route=%2Fwp%2Fv2%2Fmedia&parent=366"}],"curies":[{"name":"wp","href":"https:\/\/api.w.org\/{rel}","templated":true}]}}