{"id":325,"date":"2016-02-17T11:44:16","date_gmt":"2016-02-17T09:44:16","guid":{"rendered":"http:\/\/suonpaa.net\/wordpress\/?page_id=325"},"modified":"2020-05-17T14:05:05","modified_gmt":"2020-05-17T11:05:05","slug":"tatanka-s","status":"publish","type":"page","link":"https:\/\/www.suonpaa.net\/?page_id=325","title":{"rendered":"Tatanka S"},"content":{"rendered":"<div id=\"pl-325\"  class=\"panel-layout\" ><div id=\"pg-325-0\"  class=\"panel-grid panel-no-style\" ><div id=\"pgc-325-0-0\"  class=\"panel-grid-cell\" ><div id=\"panel-325-0-0-0\" class=\"so-panel widget widget_metaslider_widget panel-first-child panel-last-child\" data-index=\"0\" ><div id=\"metaslider-id-651\" style=\"max-width: 1080px;\" class=\"ml-slider-3-108-0 ml-slider-pro-2-56-0 metaslider metaslider-flex metaslider-651 ml-slider ms-theme-default nav-hidden\" role=\"region\" aria-label=\"Talla\" data-height=\"375\" data-width=\"1080\">\n    <div id=\"metaslider_container_651\">\n        <div id=\"metaslider_651\">\n            <ul class='slides'>\n                <li style=\"display: block; width: 100%;\" class=\"slide-279 ms-image \" aria-roledescription=\"slide\" data-date=\"2016-02-18 07:12:02\" data-filename=\"tatankaetusivu.jpg\" data-slide-type=\"image\"><img loading=\"lazy\" decoding=\"async\" width=\"375\" height=\"375\" src=\"https:\/\/www.suonpaa.net\/wp-content\/uploads\/2016\/02\/tatankaetusivu.jpg\" class=\"slider-651 slide-279 msDefaultImage\" alt=\"\" rel=\"\" title=\"\" srcset=\"https:\/\/www.suonpaa.net\/wp-content\/uploads\/2016\/02\/tatankaetusivu.jpg 375w, https:\/\/www.suonpaa.net\/wp-content\/uploads\/2016\/02\/tatankaetusivu-150x150.jpg 150w, https:\/\/www.suonpaa.net\/wp-content\/uploads\/2016\/02\/tatankaetusivu-300x300.jpg 300w, https:\/\/www.suonpaa.net\/wp-content\/uploads\/2016\/02\/tatankaetusivu-180x180.jpg 180w\" sizes=\"auto, (max-width: 375px) 100vw, 375px\" \/><\/li>\n                <li style=\"display: none; width: 100%;\" class=\"slide-675 ms-image \" aria-roledescription=\"slide\" data-date=\"2016-02-29 16:18:49\" data-filename=\"tallaslider02.jpg\" data-slide-type=\"image\"><img loading=\"lazy\" decoding=\"async\" width=\"375\" height=\"375\" src=\"https:\/\/www.suonpaa.net\/wp-content\/uploads\/2016\/02\/tallaslider02.jpg\" class=\"slider-651 slide-675 msDefaultImage\" alt=\"\" rel=\"\" title=\"\" srcset=\"https:\/\/www.suonpaa.net\/wp-content\/uploads\/2016\/02\/tallaslider02.jpg 375w, https:\/\/www.suonpaa.net\/wp-content\/uploads\/2016\/02\/tallaslider02-150x150.jpg 150w, https:\/\/www.suonpaa.net\/wp-content\/uploads\/2016\/02\/tallaslider02-300x300.jpg 300w, https:\/\/www.suonpaa.net\/wp-content\/uploads\/2016\/02\/tallaslider02-180x180.jpg 180w\" sizes=\"auto, (max-width: 375px) 100vw, 375px\" \/><\/li>\n                <li style=\"display: none; width: 100%;\" class=\"slide-676 ms-image \" aria-roledescription=\"slide\" data-date=\"2016-02-29 16:21:21\" data-filename=\"tallaslider03.jpg\" data-slide-type=\"image\"><img loading=\"lazy\" decoding=\"async\" width=\"375\" height=\"375\" src=\"https:\/\/www.suonpaa.net\/wp-content\/uploads\/2016\/02\/tallaslider03.jpg\" class=\"slider-651 slide-676 msDefaultImage\" alt=\"\" rel=\"\" title=\"\" srcset=\"https:\/\/www.suonpaa.net\/wp-content\/uploads\/2016\/02\/tallaslider03.jpg 375w, https:\/\/www.suonpaa.net\/wp-content\/uploads\/2016\/02\/tallaslider03-150x150.jpg 150w, https:\/\/www.suonpaa.net\/wp-content\/uploads\/2016\/02\/tallaslider03-300x300.jpg 300w, https:\/\/www.suonpaa.net\/wp-content\/uploads\/2016\/02\/tallaslider03-180x180.jpg 180w\" sizes=\"auto, (max-width: 375px) 100vw, 375px\" \/><\/li>\n                <li style=\"display: none; width: 100%;\" class=\"slide-1904 ms-image \" aria-roledescription=\"slide\" data-date=\"2016-03-19 11:23:29\" data-filename=\"tallaslider05.jpg\" data-slide-type=\"image\"><img loading=\"lazy\" decoding=\"async\" width=\"375\" height=\"375\" src=\"https:\/\/www.suonpaa.net\/wp-content\/uploads\/2016\/03\/tallaslider05.jpg\" class=\"slider-651 slide-1904 msDefaultImage\" alt=\"\" rel=\"\" title=\"\" srcset=\"https:\/\/www.suonpaa.net\/wp-content\/uploads\/2016\/03\/tallaslider05.jpg 375w, https:\/\/www.suonpaa.net\/wp-content\/uploads\/2016\/03\/tallaslider05-150x150.jpg 150w, https:\/\/www.suonpaa.net\/wp-content\/uploads\/2016\/03\/tallaslider05-300x300.jpg 300w, https:\/\/www.suonpaa.net\/wp-content\/uploads\/2016\/03\/tallaslider05-180x180.jpg 180w\" sizes=\"auto, (max-width: 375px) 100vw, 375px\" \/><\/li>\n                <li style=\"display: none; width: 100%;\" class=\"slide-2671 ms-image \" aria-roledescription=\"slide\" data-date=\"2016-05-27 23:10:28\" data-filename=\"talla06.jpg\" data-slide-type=\"image\"><img loading=\"lazy\" decoding=\"async\" width=\"375\" height=\"375\" src=\"https:\/\/www.suonpaa.net\/wp-content\/uploads\/2016\/05\/talla06.jpg\" class=\"slider-651 slide-2671 msDefaultImage\" alt=\"\" rel=\"\" title=\"\" srcset=\"https:\/\/www.suonpaa.net\/wp-content\/uploads\/2016\/05\/talla06.jpg 375w, https:\/\/www.suonpaa.net\/wp-content\/uploads\/2016\/05\/talla06-150x150.jpg 150w, https:\/\/www.suonpaa.net\/wp-content\/uploads\/2016\/05\/talla06-180x180.jpg 180w, https:\/\/www.suonpaa.net\/wp-content\/uploads\/2016\/05\/talla06-300x300.jpg 300w\" sizes=\"auto, (max-width: 375px) 100vw, 375px\" \/><\/li>\n                <li style=\"display: none; width: 100%;\" class=\"slide-8018 ms-image \" aria-roledescription=\"slide\" data-date=\"2020-05-17 14:22:37\" data-filename=\"IMG_9905.jpeg\" data-slide-type=\"image\"><img loading=\"lazy\" decoding=\"async\" width=\"1024\" height=\"1024\" src=\"https:\/\/www.suonpaa.net\/wp-content\/uploads\/2020\/05\/IMG_9905.jpeg\" class=\"slider-651 slide-8018 msDefaultImage\" alt=\"\" rel=\"\" title=\"\" srcset=\"https:\/\/www.suonpaa.net\/wp-content\/uploads\/2020\/05\/IMG_9905.jpeg 1024w, https:\/\/www.suonpaa.net\/wp-content\/uploads\/2020\/05\/IMG_9905-375x375.jpeg 375w, https:\/\/www.suonpaa.net\/wp-content\/uploads\/2020\/05\/IMG_9905-150x150.jpeg 150w, https:\/\/www.suonpaa.net\/wp-content\/uploads\/2020\/05\/IMG_9905-300x300.jpeg 300w, https:\/\/www.suonpaa.net\/wp-content\/uploads\/2020\/05\/IMG_9905-600x600.jpeg 600w, https:\/\/www.suonpaa.net\/wp-content\/uploads\/2020\/05\/IMG_9905-100x100.jpeg 100w\" sizes=\"auto, (max-width: 1024px) 100vw, 1024px\" \/><\/li>\n                <li style=\"display: none; width: 100%;\" class=\"slide-8175 ms-image \" aria-roledescription=\"slide\" data-date=\"2021-01-21 11:14:13\" data-filename=\"tata001.jpg\" data-slide-type=\"image\"><img loading=\"lazy\" decoding=\"async\" width=\"1024\" height=\"1024\" src=\"https:\/\/www.suonpaa.net\/wp-content\/uploads\/2021\/01\/tata001.jpg\" class=\"slider-651 slide-8175 msDefaultImage\" alt=\"\" rel=\"\" title=\"tata001\" srcset=\"https:\/\/www.suonpaa.net\/wp-content\/uploads\/2021\/01\/tata001.jpg 1024w, https:\/\/www.suonpaa.net\/wp-content\/uploads\/2021\/01\/tata001-375x375.jpg 375w, https:\/\/www.suonpaa.net\/wp-content\/uploads\/2021\/01\/tata001-150x150.jpg 150w, https:\/\/www.suonpaa.net\/wp-content\/uploads\/2021\/01\/tata001-300x300.jpg 300w, https:\/\/www.suonpaa.net\/wp-content\/uploads\/2021\/01\/tata001-600x600.jpg 600w, https:\/\/www.suonpaa.net\/wp-content\/uploads\/2021\/01\/tata001-100x100.jpg 100w\" sizes=\"auto, (max-width: 1024px) 100vw, 1024px\" \/><\/li>\n                <li style=\"display: none; width: 100%;\" class=\"slide-8177 ms-image \" aria-roledescription=\"slide\" data-date=\"2021-01-21 11:16:04\" data-filename=\"tata002.jpg\" data-slide-type=\"image\"><img loading=\"lazy\" decoding=\"async\" width=\"1024\" height=\"1024\" src=\"https:\/\/www.suonpaa.net\/wp-content\/uploads\/2021\/01\/tata002.jpg\" class=\"slider-651 slide-8177 msDefaultImage\" alt=\"\" rel=\"\" title=\"tata002\" srcset=\"https:\/\/www.suonpaa.net\/wp-content\/uploads\/2021\/01\/tata002.jpg 1024w, https:\/\/www.suonpaa.net\/wp-content\/uploads\/2021\/01\/tata002-375x375.jpg 375w, https:\/\/www.suonpaa.net\/wp-content\/uploads\/2021\/01\/tata002-150x150.jpg 150w, https:\/\/www.suonpaa.net\/wp-content\/uploads\/2021\/01\/tata002-300x300.jpg 300w, https:\/\/www.suonpaa.net\/wp-content\/uploads\/2021\/01\/tata002-600x600.jpg 600w, https:\/\/www.suonpaa.net\/wp-content\/uploads\/2021\/01\/tata002-100x100.jpg 100w\" sizes=\"auto, (max-width: 1024px) 100vw, 1024px\" \/><\/li>\n            <\/ul>\n        <\/div>\n        \n    <\/div>\n<\/div><\/div><\/div><div id=\"pgc-325-0-1\"  class=\"panel-grid-cell\" ><div id=\"panel-325-0-1-0\" class=\"so-panel widget widget_sow-editor panel-first-child panel-last-child\" data-index=\"1\" ><div\n\t\t\t\n\t\t\tclass=\"so-widget-sow-editor so-widget-sow-editor-base\"\n\t\t\t\n\t\t>\n<div class=\"siteorigin-widget-tinymce textwidget\">\n\t<table style=\"border: 2px solid #000000;\" width=\"500\">\n<tbody>\n<tr align=\"center\">\n<td style=\"border: 2px solid #000000; text-align: center; vertical-align: middle;\" rowspan=\"4\"><b>Wytok PL ox STS<\/b><\/td>\n<td style=\"border: 2px solid #000000; text-align: center; vertical-align: middle;\" rowspan=\"2\"><b>Ecaho PL ox<\/b><\/td>\n<td style=\"border: 2px solid #000000; text-align: center; vertical-align: middle;\"><b>Pepton PL ox<\/b><\/td>\n<\/tr>\n<tr>\n<td style=\"border: 2px solid #000000; text-align: center; vertical-align: middle;\"><b>Etruria PL ox<\/b><\/td>\n<\/tr>\n<tr>\n<td style=\"border: 2px solid #000000; text-align: center; vertical-align: middle;\" rowspan=\"2\"><b>Warszula PL ox<\/b><\/td>\n<td style=\"border: 2px solid #000000; text-align: center; vertical-align: middle;\"><b>Palas SU ox<\/b><\/td>\n<\/tr>\n<tr>\n<td style=\"border: 2px solid #000000; text-align: center; vertical-align: middle;\"><b>Wacpanna PL ox<\/b><\/td>\n<\/tr>\n<tr>\n<td style=\"border: 2px solid #000000; text-align: center; vertical-align: middle;\" rowspan=\"4\"><b>Seljanka<\/b><\/td>\n<td style=\"border: 2px solid #000000; text-align: center; vertical-align: middle;\" rowspan=\"2\"><b>Evkalipt SU ox<\/b><\/td>\n<td style=\"border: 2px solid #000000; text-align: center; vertical-align: middle;\"><b>Esplendor GB ox<\/b><\/td>\n<\/tr>\n<tr>\n<td style=\"border: 2px solid #000000; text-align: center; vertical-align: middle;\"><b>Viuga ox<\/b><\/td>\n<\/tr>\n<tr>\n<td style=\"border: 2px solid #000000; text-align: center; vertical-align: middle;\" rowspan=\"2\"><b>SW Canella 7 WPB<\/b><\/td>\n<td style=\"border: 2px solid #000000; text-align: center; vertical-align: middle;\"><b>Primo SE ox STS<\/b><\/td>\n<\/tr>\n<tr>\n<td style=\"border: 2px solid #000000; text-align: center; vertical-align: middle;\"><b>Melli II 2 WPB<\/b><\/td>\n<\/tr>\n<\/tbody>\n<\/table>\n<p>* 22.6.2015<br \/> Arabiristeytys 246001H00151430<\/p>\n<\/div>\n<\/div><\/div><\/div><\/div><div id=\"pg-325-1\"  class=\"panel-grid panel-no-style\" ><div id=\"pgc-325-1-0\"  class=\"panel-grid-cell\" ><div id=\"panel-325-1-0-0\" class=\"so-panel widget widget_sow-editor panel-first-child panel-last-child\" data-index=\"2\" ><div\n\t\t\t\n\t\t\tclass=\"so-widget-sow-editor so-widget-sow-editor-base\"\n\t\t\t\n\t\t>\n<div class=\"siteorigin-widget-tinymce textwidget\">\n\t<p>Varsa sai nimens\u00e4 puolalaisesta drinkist\u00e4. Vinkki saatiin l\u00e4hipiiristi ja tartuimme nimeen heti. S\u00e4p\u00e4kk\u00e4 tamma on nimen takana ja sen varalle meill\u00e4 on suuria suunnitelmia.\u00a0 Ty\u00f6nimen\u00e4 oli vuoden 2025 maailmanmestari.<\/p>\n<p>Tatanka on antanut meille ihan ainutlaatuisen kokemuksen l\u00e4hte\u00e4 ty\u00f6st\u00e4m\u00e4\u00e4n hevosta sen syntym\u00e4st\u00e4 asti. J\u00e4lleen olemme saaneet paljon neuvoja ja apua l\u00e4heisilt\u00e4 ihmisilt\u00e4 ja toivottavasti saamme kasvatettua tasapainoisen, rohkean ja luottavaisen hevosen. Silm\u00e4m\u00e4\u00e4r\u00e4isesti pikkutamma on juuri sit\u00e4, mit\u00e4 tilattiinkin ja se on luonteeltaan aivan unelma.<\/p>\n<p>Olemme edenneet tarkoituksellisesti varsin hitaasti ja toistaiseksi Tatankan kanssa on onnistuttu hyvin. Se on valloittava nuori hevonen. Kaikkien kaveri ja varsin mutkaton olemisessaan ja el\u00e4misess\u00e4\u00e4n vaikka luonnettakin l\u00f6ytyy. Toivottavasti se debytoi matkakisoissa kaudella 2020.<\/p>\n<\/div>\n<\/div><\/div><\/div><\/div><\/div>","protected":false},"excerpt":{"rendered":"<p>Wytok PL ox STSEcaho PL oxPepton PL oxEtruria PL oxWarszula PL oxPalas SU oxWacpanna PL oxSeljankaEvkalipt SU oxEsplendor GB oxViuga oxSW Canella 7 WPBPrimo SE ox STSMelli II 2 WPB* 22.6.2015 Arabiristeytys 246001H00151430 Varsa sai nimens\u00e4 puolalaisesta drinkist\u00e4. Vinkki saatiin l\u00e4hipiiristi ja tartuimme nimeen heti. S\u00e4p\u00e4kk\u00e4 tamma on nimen takana ja sen varalle meill\u00e4 on [&hellip;]<\/p>\n","protected":false},"author":3,"featured_media":0,"parent":7,"menu_order":4,"comment_status":"closed","ping_status":"closed","template":"templates\/template-full.php","meta":{"footnotes":""},"class_list":["post-325","page","type-page","status-publish","hentry","post"],"_links":{"self":[{"href":"https:\/\/www.suonpaa.net\/index.php?rest_route=\/wp\/v2\/pages\/325","targetHints":{"allow":["GET"]}}],"collection":[{"href":"https:\/\/www.suonpaa.net\/index.php?rest_route=\/wp\/v2\/pages"}],"about":[{"href":"https:\/\/www.suonpaa.net\/index.php?rest_route=\/wp\/v2\/types\/page"}],"author":[{"embeddable":true,"href":"https:\/\/www.suonpaa.net\/index.php?rest_route=\/wp\/v2\/users\/3"}],"replies":[{"embeddable":true,"href":"https:\/\/www.suonpaa.net\/index.php?rest_route=%2Fwp%2Fv2%2Fcomments&post=325"}],"version-history":[{"count":15,"href":"https:\/\/www.suonpaa.net\/index.php?rest_route=\/wp\/v2\/pages\/325\/revisions"}],"predecessor-version":[{"id":8008,"href":"https:\/\/www.suonpaa.net\/index.php?rest_route=\/wp\/v2\/pages\/325\/revisions\/8008"}],"up":[{"embeddable":true,"href":"https:\/\/www.suonpaa.net\/index.php?rest_route=\/wp\/v2\/pages\/7"}],"wp:attachment":[{"href":"https:\/\/www.suonpaa.net\/index.php?rest_route=%2Fwp%2Fv2%2Fmedia&parent=325"}],"curies":[{"name":"wp","href":"https:\/\/api.w.org\/{rel}","templated":true}]}}