{"id":318,"date":"2016-02-17T11:40:52","date_gmt":"2016-02-17T09:40:52","guid":{"rendered":"http:\/\/suonpaa.net\/wordpress\/?page_id=318"},"modified":"2020-05-16T09:40:08","modified_gmt":"2020-05-16T06:40:08","slug":"hopo","status":"publish","type":"page","link":"https:\/\/www.suonpaa.net\/?page_id=318","title":{"rendered":"Hopo"},"content":{"rendered":"<div id=\"pl-318\"  class=\"panel-layout\" ><div id=\"pg-318-0\"  class=\"panel-grid panel-no-style\" ><div id=\"pgc-318-0-0\"  class=\"panel-grid-cell\" ><div id=\"panel-318-0-0-0\" class=\"so-panel widget widget_metaslider_widget panel-first-child panel-last-child\" data-index=\"0\" ><div id=\"metaslider-id-648\" style=\"max-width: 1080px;\" class=\"ml-slider-3-108-0 ml-slider-pro-2-56-0 metaslider metaslider-flex metaslider-648 ml-slider ms-theme-default nav-hidden\" role=\"region\" aria-label=\"Hopo\" data-height=\"375\" data-width=\"1080\">\n    <div id=\"metaslider_container_648\">\n        <div id=\"metaslider_648\">\n            <ul class='slides'>\n                <li style=\"display: block; width: 100%;\" class=\"slide-1962 ms-image \" aria-roledescription=\"slide\" data-date=\"2016-03-20 10:19:15\" data-filename=\"P5062142.jpg\" data-slide-type=\"image\"><img loading=\"lazy\" decoding=\"async\" width=\"375\" height=\"375\" src=\"https:\/\/www.suonpaa.net\/wp-content\/uploads\/2016\/03\/P5062142.jpg\" class=\"slider-648 slide-1962 msDefaultImage\" alt=\"\" rel=\"\" title=\"\" srcset=\"https:\/\/www.suonpaa.net\/wp-content\/uploads\/2016\/03\/P5062142.jpg 375w, https:\/\/www.suonpaa.net\/wp-content\/uploads\/2016\/03\/P5062142-150x150.jpg 150w, https:\/\/www.suonpaa.net\/wp-content\/uploads\/2016\/03\/P5062142-300x300.jpg 300w, https:\/\/www.suonpaa.net\/wp-content\/uploads\/2016\/03\/P5062142-180x180.jpg 180w\" sizes=\"auto, (max-width: 375px) 100vw, 375px\" \/><\/li>\n                <li style=\"display: none; width: 100%;\" class=\"slide-1963 ms-image \" aria-roledescription=\"slide\" data-date=\"2016-03-20 10:30:05\" data-filename=\"Hopo-hein\u00e4pedill\u00e4.jpg\" data-slide-type=\"image\"><img loading=\"lazy\" decoding=\"async\" width=\"375\" height=\"375\" src=\"https:\/\/www.suonpaa.net\/wp-content\/uploads\/2016\/03\/Hopo-hein\u00e4pedill\u00e4.jpg\" class=\"slider-648 slide-1963 msDefaultImage\" alt=\"\" rel=\"\" title=\"\" srcset=\"https:\/\/www.suonpaa.net\/wp-content\/uploads\/2016\/03\/Hopo-hein\u00e4pedill\u00e4.jpg 375w, https:\/\/www.suonpaa.net\/wp-content\/uploads\/2016\/03\/Hopo-hein\u00e4pedill\u00e4-150x150.jpg 150w, https:\/\/www.suonpaa.net\/wp-content\/uploads\/2016\/03\/Hopo-hein\u00e4pedill\u00e4-300x300.jpg 300w, https:\/\/www.suonpaa.net\/wp-content\/uploads\/2016\/03\/Hopo-hein\u00e4pedill\u00e4-180x180.jpg 180w\" sizes=\"auto, (max-width: 375px) 100vw, 375px\" \/><\/li>\n                <li style=\"display: none; width: 100%;\" class=\"slide-1958 ms-image \" aria-roledescription=\"slide\" data-date=\"2016-03-20 10:19:09\" data-filename=\"1513-HH.jpg\" data-slide-type=\"image\"><img loading=\"lazy\" decoding=\"async\" width=\"375\" height=\"375\" src=\"https:\/\/www.suonpaa.net\/wp-content\/uploads\/2016\/03\/1513-HH.jpg\" class=\"slider-648 slide-1958 msDefaultImage\" alt=\"\" rel=\"\" title=\"\" srcset=\"https:\/\/www.suonpaa.net\/wp-content\/uploads\/2016\/03\/1513-HH.jpg 375w, https:\/\/www.suonpaa.net\/wp-content\/uploads\/2016\/03\/1513-HH-150x150.jpg 150w, https:\/\/www.suonpaa.net\/wp-content\/uploads\/2016\/03\/1513-HH-300x300.jpg 300w, https:\/\/www.suonpaa.net\/wp-content\/uploads\/2016\/03\/1513-HH-180x180.jpg 180w\" sizes=\"auto, (max-width: 375px) 100vw, 375px\" \/><\/li>\n                <li style=\"display: none; width: 100%;\" class=\"slide-1902 ms-image \" aria-roledescription=\"slide\" data-date=\"2016-03-18 18:07:29\" data-filename=\"hoposlider01.jpg\" data-slide-type=\"image\"><img loading=\"lazy\" decoding=\"async\" width=\"375\" height=\"375\" src=\"https:\/\/www.suonpaa.net\/wp-content\/uploads\/2016\/03\/hoposlider01.jpg\" class=\"slider-648 slide-1902 msDefaultImage\" alt=\"\" rel=\"\" title=\"\" srcset=\"https:\/\/www.suonpaa.net\/wp-content\/uploads\/2016\/03\/hoposlider01.jpg 375w, https:\/\/www.suonpaa.net\/wp-content\/uploads\/2016\/03\/hoposlider01-150x150.jpg 150w, https:\/\/www.suonpaa.net\/wp-content\/uploads\/2016\/03\/hoposlider01-300x300.jpg 300w, https:\/\/www.suonpaa.net\/wp-content\/uploads\/2016\/03\/hoposlider01-180x180.jpg 180w\" sizes=\"auto, (max-width: 375px) 100vw, 375px\" \/><\/li>\n                <li style=\"display: none; width: 100%;\" class=\"slide-1959 ms-image \" aria-roledescription=\"slide\" data-date=\"2016-03-20 10:19:11\" data-filename=\"H-ja-H-elokuussa-13.jpg\" data-slide-type=\"image\"><img loading=\"lazy\" decoding=\"async\" width=\"375\" height=\"375\" src=\"https:\/\/www.suonpaa.net\/wp-content\/uploads\/2016\/03\/H-ja-H-elokuussa-13.jpg\" class=\"slider-648 slide-1959 msDefaultImage\" alt=\"\" rel=\"\" title=\"\" srcset=\"https:\/\/www.suonpaa.net\/wp-content\/uploads\/2016\/03\/H-ja-H-elokuussa-13.jpg 375w, https:\/\/www.suonpaa.net\/wp-content\/uploads\/2016\/03\/H-ja-H-elokuussa-13-150x150.jpg 150w, https:\/\/www.suonpaa.net\/wp-content\/uploads\/2016\/03\/H-ja-H-elokuussa-13-300x300.jpg 300w, https:\/\/www.suonpaa.net\/wp-content\/uploads\/2016\/03\/H-ja-H-elokuussa-13-180x180.jpg 180w\" sizes=\"auto, (max-width: 375px) 100vw, 375px\" \/><\/li>\n                <li style=\"display: none; width: 100%;\" class=\"slide-1961 ms-image \" aria-roledescription=\"slide\" data-date=\"2016-03-20 10:19:14\" data-filename=\"Hopo-Hyypp\u00e4r\u00e4n-klinikalla.jpg\" data-slide-type=\"image\"><img loading=\"lazy\" decoding=\"async\" width=\"375\" height=\"375\" src=\"https:\/\/www.suonpaa.net\/wp-content\/uploads\/2016\/03\/Hopo-Hyypp\u00e4r\u00e4n-klinikalla.jpg\" class=\"slider-648 slide-1961 msDefaultImage\" alt=\"\" rel=\"\" title=\"\" srcset=\"https:\/\/www.suonpaa.net\/wp-content\/uploads\/2016\/03\/Hopo-Hyypp\u00e4r\u00e4n-klinikalla.jpg 375w, https:\/\/www.suonpaa.net\/wp-content\/uploads\/2016\/03\/Hopo-Hyypp\u00e4r\u00e4n-klinikalla-150x150.jpg 150w, https:\/\/www.suonpaa.net\/wp-content\/uploads\/2016\/03\/Hopo-Hyypp\u00e4r\u00e4n-klinikalla-300x300.jpg 300w, https:\/\/www.suonpaa.net\/wp-content\/uploads\/2016\/03\/Hopo-Hyypp\u00e4r\u00e4n-klinikalla-180x180.jpg 180w\" sizes=\"auto, (max-width: 375px) 100vw, 375px\" \/><\/li>\n                <li style=\"display: none; width: 100%;\" class=\"slide-1960 ms-image \" aria-roledescription=\"slide\" data-date=\"2016-03-20 10:19:12\" data-filename=\"hh-5.5.jpg\" data-slide-type=\"image\"><img loading=\"lazy\" decoding=\"async\" width=\"375\" height=\"375\" src=\"https:\/\/www.suonpaa.net\/wp-content\/uploads\/2016\/03\/hh-5.5.jpg\" class=\"slider-648 slide-1960 msDefaultImage\" alt=\"\" rel=\"\" title=\"\" srcset=\"https:\/\/www.suonpaa.net\/wp-content\/uploads\/2016\/03\/hh-5.5.jpg 375w, https:\/\/www.suonpaa.net\/wp-content\/uploads\/2016\/03\/hh-5.5-150x150.jpg 150w, https:\/\/www.suonpaa.net\/wp-content\/uploads\/2016\/03\/hh-5.5-300x300.jpg 300w, https:\/\/www.suonpaa.net\/wp-content\/uploads\/2016\/03\/hh-5.5-180x180.jpg 180w\" sizes=\"auto, (max-width: 375px) 100vw, 375px\" \/><\/li>\n            <\/ul>\n        <\/div>\n        \n    <\/div>\n<\/div><\/div><\/div><div id=\"pgc-318-0-1\"  class=\"panel-grid-cell\" ><div id=\"panel-318-0-1-0\" class=\"so-panel widget widget_sow-editor panel-first-child panel-last-child\" data-index=\"1\" ><div\n\t\t\t\n\t\t\tclass=\"so-widget-sow-editor so-widget-sow-editor-base\"\n\t\t\t\n\t\t>\n<div class=\"siteorigin-widget-tinymce textwidget\">\n\t<table style=\"border: 2px solid #000000;\" width=\"500\">\n<tbody>\n<tr align=\"center\">\n<td style=\"border: 2px solid #000000; text-align: center; vertical-align: middle;\" rowspan=\"4\"><b>J\u00e4\u00e4vin-Poika<\/b><\/td>\n<td style=\"border: 2px solid #000000; text-align: center; vertical-align: middle;\" rowspan=\"2\"><b>J\u00e4\u00e4vin-Jylh\u00e4<\/b><\/td>\n<td style=\"border: 2px solid #000000; text-align: center; vertical-align: middle;\"><b>Uskoton<\/b><\/td>\n<\/tr>\n<tr>\n<td style=\"border: 2px solid #000000; text-align: center; vertical-align: middle;\"><b>J\u00e4\u00e4vi<\/b><\/td>\n<\/tr>\n<tr>\n<td style=\"border: 2px solid #000000; text-align: center; vertical-align: middle;\" rowspan=\"2\"><b>Suviposti<\/b><\/td>\n<td style=\"border: 2px solid #000000; text-align: center; vertical-align: middle;\"><b>Hovi-Posti<\/b><\/td>\n<\/tr>\n<tr>\n<td style=\"border: 2px solid #000000; text-align: center; vertical-align: middle;\"><b>Suvituuli<\/b><\/td>\n<\/tr>\n<tr>\n<td style=\"border: 2px solid #000000; text-align: center; vertical-align: middle;\" rowspan=\"4\"><b>Narina<\/b><\/td>\n<td style=\"border: 2px solid #000000; text-align: center; vertical-align: middle;\" rowspan=\"2\"><b>Vieteri<\/b><\/td>\n<td style=\"border: 2px solid #000000; text-align: center; vertical-align: middle;\"><b>Vilperi<\/b><\/td>\n<\/tr>\n<tr>\n<td style=\"border: 2px solid #000000; text-align: center; vertical-align: middle;\"><b>Vekkuli<\/b><\/td>\n<\/tr>\n<tr>\n<td style=\"border: 2px solid #000000; text-align: center; vertical-align: middle;\" rowspan=\"2\"><b>Lelu<\/b><\/td>\n<td style=\"border: 2px solid #000000; text-align: center; vertical-align: middle;\"><b>Naksu<\/b><\/td>\n<\/tr>\n<tr>\n<td style=\"border: 2px solid #000000; text-align: center; vertical-align: middle;\"><b>T\u00e4hti<\/b><\/td>\n<\/tr>\n<\/tbody>\n<\/table>\n<p>29.5.1991 - 13.11.2016<br \/> Suomenhevonen 1351-91<br \/> S\u00e4k\u00e4 n. 165cm<\/p>\n<\/div>\n<\/div><\/div><\/div><\/div><div id=\"pg-318-1\"  class=\"panel-grid panel-no-style\" ><div id=\"pgc-318-1-0\"  class=\"panel-grid-cell\" ><div id=\"panel-318-1-0-0\" class=\"so-panel widget widget_sow-editor panel-first-child panel-last-child\" data-index=\"2\" ><div\n\t\t\t\n\t\t\tclass=\"so-widget-sow-editor so-widget-sow-editor-base\"\n\t\t\t\n\t\t>\n<div class=\"siteorigin-widget-tinymce textwidget\">\n\t<p>Hopo oli meid\u00e4n ensimm\u00e4inen hevosemme, joka Pohjanmaalta haettiin 2005 aprillip\u00e4iv\u00e4n\u00e4.\u00a0 T\u00e4m\u00e4 ei ollut kuitenkaan mik\u00e4\u00e4n vitsi tai pila, vaan Hopolle kuiskasin tuolloin, ett\u00e4 se ei l\u00e4hde meilt\u00e4 en\u00e4\u00e4 ikin\u00e4 mihink\u00e4\u00e4n. Olin sen seitsem\u00e4s omistaja. Ja meill\u00e4 Iso H sitten viettikin seuraavat 11 vuotta. Hyvi\u00e4 vuosia!<\/p>\n<p>Alku ei ollut helppo ja ruuna n\u00e4ytti meille v\u00e4litt\u00f6m\u00e4sti kaapin paikan. V\u00e4lill\u00e4 otettiin osumaa ja yksi t\u00e4ystyrm\u00e4yskin sattui kohdelle ja viikon sairaalareissu ja olkap\u00e4\u00e4n leikkaus v\u00e4h\u00e4n my\u00f6hemmin. Se ei suhdettamme heikent\u00e4nyt, ehk\u00e4 jopa vahvisti, sill\u00e4 pohjalaisen tapaan periksi ei annettu. Opimme elem\u00e4\u00e4n rinnakkain toinen toisemme hyv\u00e4ksyen ja toisiamme kunnioittaen. Viimeisin\u00e4 vuosina ei tarvittu sanoja ei suuria eleit\u00e4, ajatus riitti.<\/p>\n<p>Hopon ylivertaisuus ei ollut nopeus tai tuulen kepe\u00e4 askel, vaan kylm\u00e4 p\u00e4\u00e4 ja kova luonne. Hopo oli opetusmestari, luotettava yst\u00e4v\u00e4, el\u00e4m\u00e4mme hevonen. Hevosia tulee ja menee ja ne voivat olla korskeampia, nopeampia tai kauniimpia, mutta mik\u00e4\u00e4n hevonen ei voi koskaan vied\u00e4 Hopon paikkaa syd\u00e4mist\u00e4mme. Hopo tulee olemaan aina ykk\u00f6nen, kaiken alku ja perusta. Se oli tallin ykk\u00f6nen ja kaikki mit\u00e4 tehtiin tai j\u00e4tettiin tekem\u00e4tt\u00e4 tapahtui Hopon ehdoilla.<\/p>\n<p>Parhaat saavutukset:<\/p>\n<p>ESRA:n 2008 alueranking II Matkaratsastus<\/p>\n<p>\"Jos niin k\u00e4y, ett\u00e4 minusta tulee hauras ja heikko ja kivut h\u00e4iritsev\u00e4t untani, niin sinun on teht\u00e4v\u00e4 mit\u00e4 on teht\u00e4v\u00e4 sill\u00e4 viimeist\u00e4 matkaa ei kukaan ole est\u00e4v\u00e4. Sin\u00e4 tulet surulliseksi - min\u00e4 ymm\u00e4rr\u00e4n. Al\u00e4 anna surusi est\u00e4\u00e4 sinua,sill\u00e4 t\u00e4n\u00e4 p\u00e4iv\u00e4n\u00e4, enemm\u00e4n kuin koskaan ennen, rakkaute<span class=\"text_exposed_show\">si ja yst\u00e4vyytesi punnitaan.<\/span><\/p>\n<p><span class=\"text_exposed_show\">Meill\u00e4 on ollut niin monta hyv\u00e4\u00e4 vuotta. Tulevaa ei kannata surra. Et haluaisi minun k\u00e4rsiv\u00e4n, kun aika koittaa, anna minun menn\u00e4. Vie minut sinne miss\u00e4 he auttavat minua mutta, pysy luonani loppuun. Ja pid\u00e4 minua lujasti ja puhu minulle, kunnes silm\u00e4ni ovat sulkeutuneet. Tied\u00e4n, ett\u00e4 aikanaan sin\u00e4kin huomaat, se on yst\u00e4vyytt\u00e4, jota minulle osoitat. Vaikka h\u00e4nt\u00e4ni on viimeisen kerran heilahtanut, niin kivulta ja k\u00e4rsimykselt\u00e4 olen s\u00e4\u00e4stynyt. \u00c4l\u00e4 sure sit\u00e4 ett\u00e4 sen t\u00e4ytyy olla sin\u00e4, jonka t\u00e4ytyy tehd\u00e4 p\u00e4\u00e4t\u00f6s. Olemme olleet niin l\u00e4heisi\u00e4 - me kaksi n\u00e4in\u00e4 vuosina \u00e4l\u00e4 anna turhaan syd\u00e4mesi itke\u00e4\" <br \/>(Kirjoittaja tuntematon)<\/span><\/p>\n<\/div>\n<\/div><\/div><\/div><\/div><\/div>","protected":false},"excerpt":{"rendered":"<p>J\u00e4\u00e4vin-Poika J\u00e4\u00e4vin-Jylh\u00e4 Uskoton J\u00e4\u00e4vi Suviposti Hovi-Posti Suvituuli Narina Vieteri Vilperi Vekkuli Lelu Naksu T\u00e4hti 29.5.1991 &#8211; 13.11.2016 Suomenhevonen 1351-91 S\u00e4k\u00e4 n. 165cm Hopo oli meid\u00e4n ensimm\u00e4inen hevosemme, joka Pohjanmaalta haettiin 2005 aprillip\u00e4iv\u00e4n\u00e4.\u00a0 T\u00e4m\u00e4 ei ollut kuitenkaan mik\u00e4\u00e4n vitsi tai pila, vaan Hopolle kuiskasin tuolloin, ett\u00e4 se ei l\u00e4hde meilt\u00e4 en\u00e4\u00e4 ikin\u00e4 mihink\u00e4\u00e4n. Olin sen seitsem\u00e4s [&hellip;]<\/p>\n","protected":false},"author":3,"featured_media":0,"parent":7,"menu_order":1,"comment_status":"closed","ping_status":"closed","template":"templates\/template-full.php","meta":{"footnotes":""},"class_list":["post-318","page","type-page","status-publish","hentry","post"],"_links":{"self":[{"href":"https:\/\/www.suonpaa.net\/index.php?rest_route=\/wp\/v2\/pages\/318","targetHints":{"allow":["GET"]}}],"collection":[{"href":"https:\/\/www.suonpaa.net\/index.php?rest_route=\/wp\/v2\/pages"}],"about":[{"href":"https:\/\/www.suonpaa.net\/index.php?rest_route=\/wp\/v2\/types\/page"}],"author":[{"embeddable":true,"href":"https:\/\/www.suonpaa.net\/index.php?rest_route=\/wp\/v2\/users\/3"}],"replies":[{"embeddable":true,"href":"https:\/\/www.suonpaa.net\/index.php?rest_route=%2Fwp%2Fv2%2Fcomments&post=318"}],"version-history":[{"count":41,"href":"https:\/\/www.suonpaa.net\/index.php?rest_route=\/wp\/v2\/pages\/318\/revisions"}],"predecessor-version":[{"id":6159,"href":"https:\/\/www.suonpaa.net\/index.php?rest_route=\/wp\/v2\/pages\/318\/revisions\/6159"}],"up":[{"embeddable":true,"href":"https:\/\/www.suonpaa.net\/index.php?rest_route=\/wp\/v2\/pages\/7"}],"wp:attachment":[{"href":"https:\/\/www.suonpaa.net\/index.php?rest_route=%2Fwp%2Fv2%2Fmedia&parent=318"}],"curies":[{"name":"wp","href":"https:\/\/api.w.org\/{rel}","templated":true}]}}