{"id":2770,"date":"2016-06-07T20:35:53","date_gmt":"2016-06-07T17:35:53","guid":{"rendered":"http:\/\/www.suonpaa.net\/?page_id=2770"},"modified":"2016-06-07T20:38:00","modified_gmt":"2016-06-07T17:38:00","slug":"jokioinen-18-1-2014","status":"publish","type":"page","link":"https:\/\/www.suonpaa.net\/?page_id=2770","title":{"rendered":"Jokioinen 18.1.2014"},"content":{"rendered":"<div id=\"pl-2770\"  class=\"panel-layout\" ><div id=\"pg-2770-0\"  class=\"panel-grid panel-no-style\" ><div id=\"pgc-2770-0-0\"  class=\"panel-grid-cell\" ><div id=\"panel-2770-0-0-0\" class=\"so-panel widget widget_sow-editor panel-first-child panel-last-child\" data-index=\"0\" ><div\n\t\t\t\n\t\t\tclass=\"so-widget-sow-editor so-widget-sow-editor-base\"\n\t\t\t\n\t\t>\n<div class=\"siteorigin-widget-tinymce textwidget\">\n\t<p><strong><i>L\u00e4ht\u00f6lista<\/i><\/strong> <\/p>\n<p> 6. Kari K\u00e4rkk\u00e4inen (RieRat) - Princzis SE ox, arabialainen t\u00e4ysverinen, ruuna<br \/> 7. Tanja Lampinen (RieRat) - El Pedro, Tilastohevonen, ruuna<\/p>\n<\/div>\n<\/div><\/div><\/div><div id=\"pgc-2770-0-1\"  class=\"panel-grid-cell\" ><div id=\"panel-2770-0-1-0\" class=\"so-panel widget widget_sow-editor panel-first-child panel-last-child\" data-index=\"1\" ><div\n\t\t\t\n\t\t\tclass=\"so-widget-sow-editor so-widget-sow-editor-base\"\n\t\t\t\n\t\t>\n<div class=\"siteorigin-widget-tinymce textwidget\">\n\t<p><strong><i>Tulokset<\/i><\/strong> <\/p>\n<p> HYV, Kari K\u00e4rkk\u00e4inen, Princzis SE ox, 2h56min, 15,0km\/h<br \/> HYV. Tanja Lampinen, El Pedro, 3h00min, 14,6km\/h<\/p>\n<\/div>\n<\/div><\/div><\/div><\/div><div id=\"pg-2770-1\"  class=\"panel-grid panel-no-style\" ><div id=\"pgc-2770-1-0\"  class=\"panel-grid-cell\" ><div id=\"panel-2770-1-0-0\" class=\"so-panel widget widget_sow-editor panel-first-child panel-last-child\" data-index=\"2\" ><div\n\t\t\t\n\t\t\tclass=\"so-widget-sow-editor so-widget-sow-editor-base\"\n\t\t\t\n\t\t>\n<div class=\"siteorigin-widget-tinymce textwidget\">\n\t<p>Kello alkoi valottaa ja liverrell\u00e4 5:00. Pakkasta oli reippaasti 20 astetta, mutta elettiin toivossa, ett\u00e4 sis\u00e4maassa on leudompaa ja ett\u00e4 l\u00e4mp\u00f6 lis\u00e4\u00e4ntyy, kun aurinko nousee. Kuudelta oltiin liikenteess\u00e4. Jotain pient\u00e4 piti talliltakin viel\u00e4 ottaa ja saada hevonen autoon. Hedu tarjoutui auttamaan ja varsin nopeasti Urho oli kyydiss\u00e4 ja auton nokka osoitti 3-tiet\u00e4. Parin tunnin k\u00f6r\u00f6ttely oli taas edess\u00e4. Juteltiin matkalla, ett\u00e4 on todella harmi kun kukaan ei ottanut Paippisten kisaa haltuun, eik\u00e4 p\u00e4\u00e4kaupungin tuntumassa ole alkavalla kaudella yksi\u00e4k\u00e4\u00e4n kisoja. Siin\u00e4kin mieless\u00e4 harmillista, kun t\u00e4\u00e4ll\u00e4 asuu kuitenkin m\u00e4\u00e4r\u00e4llisesti paljon hevosihmisi\u00e4 ja Paippisissa on aina ollut hyv\u00e4t osallistujam\u00e4\u00e4r\u00e4t.<\/p>\n<p>Mukavasti aurinko alkoi luoda kuulakasta valoa ja pitki\u00e4 varjoja, kun m\u00e4\u00e4r\u00e4np\u00e4\u00e4 l\u00e4hestyi. Urho matkusti hyvin. Kohteessa olimme p\u00e4\u00e4tteneet ottaa sen s\u00e4\u00e4nt\u00f6jen vastaisesti heti ulos, sill\u00e4 viimeksi se hermostui, kun joutui odottelemaan pys\u00e4htyneess\u00e4 k\u00e4rryss\u00e4\u00e4n. Purettiin se tallin edess\u00e4 ja tilanne meni kohtalaisen kivasti ilman mit\u00e4\u00e4n \u00e4lyt\u00f6nt\u00e4 tunnekuohua. Otin hevosen talutukseen, juoksutin pienen p\u00e4tk\u00e4 ja Kari varmisti liikkeen. Sitten l\u00e4hdimme jaloittelemaan ja \u00e4ij\u00e4 meni hoitamaan kansliaan perusasiat. Kaikki vaadittavat maksut oli hoidettu ajallaan ja kaikkien taiteen s\u00e4\u00e4nt\u00f6jen mukaan. Sit\u00e4 t\u00e4ss\u00e4 kuitenkin odotellaan, ett\u00e4 saadaan yhteinen k\u00e4yt\u00e4nt\u00f6, joka ainakin tuo tulleessaan KIPAn ja sen m\u00e4\u00e4r\u00e4\u00e4m\u00e4n maksupolitiikan.<\/p>\n<p>Jouduin toteamaan heti alkuunsa, ett\u00e4 pakkasta oli mun makuun liikaa. Enk\u00e4 pid\u00e4 hyv\u00e4n\u00e4 ajatuksena sit\u00e4, ett\u00e4 yli -15 l\u00e4mp\u00f6tiloissa hevosia juoksutetaan kymmeni\u00e4 kilometrej\u00e4. On siin\u00e4 riskins\u00e4. Tai oikeastaan siin\u00e4, ett\u00e4 hikinen hevonen kylmettyy tauoilla tai kisan j\u00e4lkeen. Olinkin erityisen tyytyv\u00e4inen tallipaikkaan. Meill\u00e4 ei olisi mit\u00e4\u00e4n mielenkiintoa l\u00e4hte\u00e4 kisareissuun n\u00e4iss\u00e4 keleiss\u00e4 ilman mahdollisuutta viett\u00e4\u00e4 tauot tallissa. Tietenkin t\u00e4st\u00e4kin asiasta oli ollut j\u00e4lleen jotain ep\u00e4selvyytt\u00e4. Mielest\u00e4ni kutsussa kuitenkin tallipaikkamahdollisuus kaikille tarjottiin ja ihmettelen, ett\u00e4 sit\u00e4 eiv\u00e4t kilpailijat sen enemp\u00e4\u00e4 hy\u00f6dynt\u00e4neet. Totesinkin, ett\u00e4 me emme olisi vaivautuneet, jos ei tallipaikkaa olisi ollut tarjolla. Noh, n\u00e4m\u00e4 on n\u00e4it\u00e4.<\/p>\n<p><img loading=\"lazy\" decoding=\"async\" class=\"alignleft size-full wp-image-2771\" src=\"http:\/\/www.suonpaa.net\/wp-content\/uploads\/2016\/06\/kuuma2014_01.jpg\" alt=\"\" width=\"188\" height=\"250\" \/>Hevonen laitettiin valmiiksi ja sain heti palautetta, ett\u00e4 olin laittanut juoma-astian v\u00e4\u00e4r\u00e4\u00e4n paikkaan, sill\u00e4 Kari astui sinne. Lis\u00e4ksi olin syyllinen siihen, ett\u00e4 hevonen liikehti, kun karsinanaapuri palasi talliin. En kuulemma seissyt oikeassa paikassa. Samaa yst\u00e4v\u00e4llist\u00e4 huomauttelua kuuntelin jo heti aamusta oman tallin pihalla. Urholla oli omenamehuvett\u00e4 tarjolla, mutta ei se suuremmin maistunut. Kaikessa rauhassa valmisteltiin hevosta, sill\u00e4 oli valmiiksi ajateltu, ett\u00e4 startti tapahtuu k\u00e4ynniss\u00e4 ja alkuverkat tulevat aika hyvin sen my\u00f6t\u00e4. Selk\u00e4\u00e4nnousu oli rauhallinen, mutta Urho k\u00e4vi kuitenkin aavistuksen kuumana. Viitisen minuuttia ehtiv\u00e4t verkkailla ja sitten saivat l\u00e4ht\u00f6luvan. Urho ja Pedro bondasivat heti, joten matka taittui leppoisasti. Aurinko paistoi, mutta pakkanen pysytteli edelleen 20 asteen tuntumassa.<\/p>\n<p>Olin jo taluttelulenkill\u00e4 todennut, ett\u00e4 pohjat olivat hyv\u00e4ss\u00e4 kunnossa. T\u00e4m\u00e4n vahvisti se, ett\u00e4 pitk\u00e4n matkan ratsukot tupsahtivat tauolle alle kahteen tuntiin, joten vauhtia oli pidetty yll\u00e4. Kun Kari ja Tanja p\u00e4\u00e4siv\u00e4t Sirontielle, niin totesivat saman. Pohjat olivat oikein hyv\u00e4t, joten minimiaikaan l\u00e4hdettiin ratsastelemaan. Hevoset kulkivat tapojensa mukaan reippaasti. Kumpikin veti vuorollaan ja matka eteni joutuisasti. Olin parkissa tutussa huoltopaikassa n. 10 km:n kohdalla. Arviolta tulisivat siihen 40 minuutissa ja n\u00e4in oli. Huomasin ik\u00e4v\u00e4kseni liian my\u00f6h\u00e4\u00e4n, ett\u00e4 \u00e4mp\u00e4rini olivat j\u00e4\u00e4tyneet kiinni. Karia ei sitten kiinnostanut edes pys\u00e4hty\u00e4, vaan paineli radan yli Lampisten huoltoon ja pokkana juotti hevosensa siell\u00e4. No eip\u00e4 siin\u00e4 mit\u00e4\u00e4n.<\/p>\n<p>L\u00e4hdin ajamaan totuttuun tapaan seuraavaan huoltoon, mutta kun p\u00e4\u00e4sin sinne, niin vilkaisin reittikarttaa ja totesin, ett\u00e4 olenkin huoltokieltoalueella. My\u00f6hemmin selvisi, ett\u00e4 huoltokielto koski vain lyhyempien luokkien kulkijoita. No eip\u00e4 mit\u00e4\u00e4n. K\u00e4\u00e4nsin auton ja l\u00e4hdin ajamaan pois. Napsin ratsukoista viel\u00e4 muutamia kuvia ja ilmoitin, ett\u00e4 ei ole mahkuja huoltaa, sill\u00e4 alueella on huoltokielto. Katselin hetken ratsukoiden menoa. Hyvin kulki. Palailin takaisin Kuumaan. Ratsukot eteniv\u00e4t v\u00e4h\u00e4n reilua 15km\/h vauhtia ja sykkeet olivat 110-120 tuntumassa. Vastaan tulivat Nea ja Anna tuulen nopeudella ja kevyesti kuin h\u00f6yhen. V\u00e4h\u00e4n matkaa per\u00e4ss\u00e4 eteniv\u00e4t Azartas ja Sonja aavistuksen verran raskaammin. Kovaa kyyti\u00e4 kuitenkin hekin.<\/p>\n<p><img loading=\"lazy\" decoding=\"async\" class=\"alignleft size-full wp-image-2772\" src=\"http:\/\/www.suonpaa.net\/wp-content\/uploads\/2016\/06\/kuuma2014_02.jpg\" alt=\"\" width=\"188\" height=\"250\" \/>Enn\u00e4tin oikeastaan laittaa vain pienen palauttelupisteemme pystyyn, kun ratsukot jo tulivat. Kari kertoi heti arvelevansa, ett\u00e4 syke on. Niinh\u00e4n se olikin. Riisuttiin hevonen, heitettiin loimi p\u00e4\u00e4lle ja l\u00e4hdettiin k\u00e4velem\u00e4\u00e4n tarkkiin. Syke oli 52 ja kaikki kohteet A\/0. Pedro ilmoittautui paria minuuttia my\u00f6hemmin ja kaikki oli kohdillaan my\u00f6s sill\u00e4. Vietiin hevonen talliin. Pidettiin se l\u00e4mpim\u00e4n\u00e4 ja tarjottiin sy\u00f6t\u00e4v\u00e4\u00e4 sek\u00e4 juotavaa. Princzis nyhti tyytyv\u00e4isen\u00e4 hein\u00e4\u00e4, mutta juoma ei maittanut. Kari oli tyytyv\u00e4inen varustukseensa. Ei ollut tullut kylm\u00e4.<\/p>\n<p>Tauolla todettiin, ett\u00e4 suojat j\u00e4\u00e4v\u00e4t toiselta kiekalta pois. Selv\u00e4sti massiiviset suojat h\u00e4iritsiv\u00e4t hevosta. Olin v\u00e4h\u00e4n pel\u00e4nnyt hivutusta tai muuta k\u00f6ps\u00e4htely\u00e4. Oli kuitenkin liikkunut varsin suoralinjaisesti. Kuolaimeton oli toiminut hyvin. Ekat 5km oli saanut pid\u00e4tell\u00e4, mutta sitten sai antaa ohjaa pois. Tosin ei ollut kovin kummoista alkurysist\u00e4 ja kiihdytysvaihdetta kahden ratsukon kesken. Ratsastusloimi oli kostunut. Pakkasta oli edelleen liikaa, joten p\u00e4\u00e4tettiin jatkaa ratsastusloimen kera ja ottaa vaihtokappale k\u00e4ytt\u00f6\u00f6n. Hevonen saatiin valmiiksi ja ratsastaja selk\u00e4\u00e4n paria minuuttia ennen starttia. Tosi rauhallisesti uusi hevonen otti sen, ett\u00e4 laiteltiin uudelleen l\u00e4ht\u00f6kuntoon ja viivalle. Kun lupa annettiin, niin se l\u00e4hti reippaasti ja halukkaasti liikkeelle. Oli sovittu, ett\u00e4 Kari ei j\u00e4\u00e4 odottelemaan, mutta jos Tanja ottaa kiinni, niin sitten jatketaan taas yhdess\u00e4. On tosi hyv\u00e4\u00e4 oppia Urholle, ett\u00e4 se l\u00e4htee yksin\u00e4\u00e4n liikkeelle, kuten my\u00f6s se, ett\u00e4 se ottaa jonkun kiinni, ohittaa tai tulee ohitetuksi. Kaikkea pit\u00e4\u00e4 treenata ja paljon on jo asioita saatu opetettua. Ruotsissa on varmasti tottunut asteen verran suurempiin urheilujuhliin, joten startit joissa on 1-10 kanssakilpailijaa eiv\u00e4t sen sielunel\u00e4m\u00e4\u00e4 j\u00e4rkyt\u00e4. Se ottaa my\u00f6s vieraat paikat hyvin vastaan. Vieraisiin ihmisiin se v\u00e4h\u00e4n suhtautuu ennakkoluuloisesti, mutta pienen neuvottelun j\u00e4lkeen sai my\u00f6s t\u00e4m\u00e4 el\u00e4inl\u00e4\u00e4k\u00e4ri suuhun katsoa.<\/p>\n<p>Vahingosta viisastuneena aloin kierr\u00e4tt\u00e4\u00e4 \u00e4mp\u00e4reit\u00e4 auton sis\u00e4tiloissa. Hetkess\u00e4 j\u00e4\u00e4tyiv\u00e4t kannet kiinni ja juoman pintaan kehittyi ihan paksu j\u00e4\u00e4. Omenat ja porkkana j\u00e4\u00e4tyiv\u00e4t oikeastaan 10 minuutissa, jos niit\u00e4 laitteli yht\u00e4\u00e4n valmiiksi. Kiirehdin sovittuun paikkaan 10km:n kohdalle. Enn\u00e4tin siin\u00e4 huvittuneena katsella, miten pari ratsukkoa ylitti radan pakittamalla. Ilmeisesti sit\u00e4 h\u00e4mm\u00e4stelless\u00e4ni olin muuttanut kameran asetuksia ja reissun loput kuvat ylivalottuivat. Harmi, sill\u00e4 otin tohkeissani viel\u00e4 hyvi\u00e4 maastokuvia ja siltakuvia, joita olisi voinut lis\u00e4ill\u00e4 Springtime Riden fb-ryhm\u00e4\u00e4n. Luonnollisesti sain my\u00f6hemmin palautetta t\u00e4st\u00e4kin.<\/p>\n<p>Kari tuli n. 35 minuutissa huoltoon. Pidettiin ihan rauhallinen pys\u00e4hdys. Kari kitisi, kun ei ollut juotavaa tarjolla. Urho v\u00e4h\u00e4n uitteli turpaansa juomassa, jonka oli saanut k\u00e4den l\u00e4mp\u00f6iseksi l\u00e4mp\u00f6laukussa kuskatun kuuman veden ansioista. Olin varmistanut, ett\u00e4 saan huoltaa viel\u00e4 toisen kerran reitill\u00e4, joten laittelin kamat nippuun ja l\u00e4hdin ratsukon per\u00e4\u00e4n. Peppuloimi oli ihan kierroksella, koska kyseess\u00e4 oli Sellalta lainattu ja Urholle v\u00e4h\u00e4n liian pieni loimi. Otettiin pikainen pys\u00e4hdys, jossa oiottiin loimi ja tarkistettiin aikaisin maaliintuloaika. Meill\u00e4 oli kaikki kellot eri ajassa, joten v\u00e4h\u00e4n meni kikkailuksi. Pidettiin ihan rauhallinen huolto viel\u00e4 Kuuman risteyksess\u00e4. Kari joi ja Urho s\u00f6i ja sitten jatkoivat matkaa. Kaikki hyvin ja sykkeet laskivat taas tauon aikana 70 iskun tuntumaan. Tuurikin oli mukana, sill\u00e4 heti kun olivat ylitt\u00e4neet radan, niin tuli juna. Urhoahan ei junat haittaa, sill\u00e4 niit\u00e4 n\u00e4kev\u00e4t monta kertaa tunnissa p\u00e4ivitt\u00e4in. Vaihdoin viel\u00e4 muutaman sanan seuraluokan kilpailijoiden kanssa ja sitten palailin tuloreitti\u00e4ni pitkin takaisin. Tanja tuli hetken p\u00e4\u00e4st\u00e4 vastaan rauhalliseen tahtiin. Kiirett\u00e4 ei oikein ollut, koska yli 15km\/h ei voinut kumpikaan maaliin menn\u00e4.<\/p>\n<p>Enn\u00e4tin viel\u00e4 paluumatkalla soittaa Tiinalle, sill\u00e4 h\u00e4n oli ottanut dogsitter-vuoron. Mukavaa oli ollut Dottien kanssa katsella heppakuvia sohvalla. Mihink\u00e4\u00e4n lenkille D ei ollut suostunut, enk\u00e4 kyll\u00e4 ihmettele ollenkaan! Maalipaikalla tivasin maalilinjalla kisa-aikaa ja sainkin sen tuomarilta ihan reaaliajassa ja sekunnilleen ja pystyin ilmoittamaan Karille kuumaa linjaa pitkin puhelimitse. T\u00e4ll\u00e4 kertaa osattiin ajoittaa maaliintulo jo nappiin. Kari oli n\u00e4kyviss\u00e4, kun aikaa oli 2 min ja sain sen ilmoitettua ihan huutamalla. Ratsukko ylitti maalilinjan 16 sekkaa minimiajan j\u00e4lkeen.<\/p>\n<p><img loading=\"lazy\" decoding=\"async\" class=\"alignleft size-full wp-image-2773\" src=\"http:\/\/www.suonpaa.net\/wp-content\/uploads\/2016\/06\/kuuma2014_03.jpg\" alt=\"\" width=\"250\" height=\"186\" \/>Syke oli taas heti valmis, mutta Kari alkoi mamoilemaan. K\u00e4ytettiin lopulta aikaa varmaakin joku 4 min. Oman mittauksen mukaan syke 53, mutta tarkastuksessa se olikin pomsahtanut 60 iskuun. Samaan aikaan tosin sel\u00e4n takana starttasi maasturi m\u00f6r\u00e4ht\u00e4en ja alkoi peruutella itse\u00e4\u00e4n ulos parkista. Juoksutuksessa tai muissa arviointikohteissa ei ollut huomautettavaa. Mukavalta tuntui. Ei mit\u00e4\u00e4n siis tajutonta huumaa, varsinkin, kun olin aika paljon saanut noottia pitkin p\u00e4iv\u00e4\u00e4. Mutta kisassa ei ollut mukana mit\u00e4\u00e4n draamaa tai vaikeuksia, vaan homma rullasi helposti ja rutiinilla, niin silloin ei toivottu lopputulos ole mik\u00e4\u00e4n taivaita aukaiseva. Se on rutiinisuoritus.<\/p>\n<p>Vietiin hevonen talliin ja tehtiin loppuhoitelut. Annettiin sen sy\u00f6d\u00e4 ja huilailla. Ennen palkintojenjakoa otin sen viel\u00e4 talutteluun ja juoksutin pieni\u00e4 p\u00e4tki\u00e4. Liikkui ihan normaalisti. K\u00e4ytiin pokkaamassa ruusuke ja alettiin valmistautua kotimatkaan. Riitelyn merkeiss\u00e4 meni lastaaminen ja ottikin hetken aikaa. Kotimatka meni rauhallisesti, Urho matkustaa hyvin, mutta mukavampaa sen mielest\u00e4 tietenkin olisi matkustaa kaverin kanssa. Mietittiin, ett\u00e4 suojat ovat etusissa ihan ok, mutta t\u00e4ytyy tilata Podiumilta v\u00e4h\u00e4n kevyemm\u00e4t versiot ja varmasti my\u00f6s vaihtokappaleet. Urho tarvitsee my\u00f6s omia loimia, sill\u00e4 kun matkat pitenev\u00e4t, niin vaihtovaatteita tarvitaan enemm\u00e4n. Ja Kari tarvitsee uuden huoltajan. P\u00e4iv\u00e4n paras ehdotus oli, ett\u00e4 jos m\u00e4 saan noottia ja kritiikki\u00e4 asioista, joihin en voi edes mitenk\u00e4\u00e4n vaikuttaa, niin mun pit\u00e4\u00e4 se vaan kest\u00e4\u00e4. Noh, illalla sy\u00f6tiin kuitenkin pizzaa ja m\u00e4 kippistelin sille, ett\u00e4 oli mun vika huoltokeikka Karin apuna. Maailmassa on aika paljon helpompiakin huollettavia ja varmaan ahkerampia huoltajiakin.<\/p>\n<p>Urho teki kuitenkin hienon ty\u00f6n ja t\u00e4st\u00e4 sen on hyv\u00e4 jatkaa kev\u00e4\u00e4n mittaan.<\/p>\n<\/div>\n<\/div><\/div><\/div><\/div><\/div>","protected":false},"excerpt":{"rendered":"<p>L\u00e4ht\u00f6lista 6. Kari K\u00e4rkk\u00e4inen (RieRat) &#8211; Princzis SE ox, arabialainen t\u00e4ysverinen, ruuna 7. Tanja Lampinen (RieRat) &#8211; El Pedro, Tilastohevonen, ruuna Tulokset HYV, Kari K\u00e4rkk\u00e4inen, Princzis SE ox, 2h56min, 15,0km\/h HYV. Tanja Lampinen, El Pedro, 3h00min, 14,6km\/h Kello alkoi valottaa ja liverrell\u00e4 5:00. Pakkasta oli reippaasti 20 astetta, mutta elettiin toivossa, ett\u00e4 sis\u00e4maassa on leudompaa [&hellip;]<\/p>\n","protected":false},"author":3,"featured_media":0,"parent":660,"menu_order":0,"comment_status":"closed","ping_status":"closed","template":"templates\/template-full.php","meta":{"footnotes":""},"class_list":["post-2770","page","type-page","status-publish","hentry","post"],"_links":{"self":[{"href":"https:\/\/www.suonpaa.net\/index.php?rest_route=\/wp\/v2\/pages\/2770","targetHints":{"allow":["GET"]}}],"collection":[{"href":"https:\/\/www.suonpaa.net\/index.php?rest_route=\/wp\/v2\/pages"}],"about":[{"href":"https:\/\/www.suonpaa.net\/index.php?rest_route=\/wp\/v2\/types\/page"}],"author":[{"embeddable":true,"href":"https:\/\/www.suonpaa.net\/index.php?rest_route=\/wp\/v2\/users\/3"}],"replies":[{"embeddable":true,"href":"https:\/\/www.suonpaa.net\/index.php?rest_route=%2Fwp%2Fv2%2Fcomments&post=2770"}],"version-history":[{"count":2,"href":"https:\/\/www.suonpaa.net\/index.php?rest_route=\/wp\/v2\/pages\/2770\/revisions"}],"predecessor-version":[{"id":2776,"href":"https:\/\/www.suonpaa.net\/index.php?rest_route=\/wp\/v2\/pages\/2770\/revisions\/2776"}],"up":[{"embeddable":true,"href":"https:\/\/www.suonpaa.net\/index.php?rest_route=\/wp\/v2\/pages\/660"}],"wp:attachment":[{"href":"https:\/\/www.suonpaa.net\/index.php?rest_route=%2Fwp%2Fv2%2Fmedia&parent=2770"}],"curies":[{"name":"wp","href":"https:\/\/api.w.org\/{rel}","templated":true}]}}