{"id":1921,"date":"2016-03-20T08:30:32","date_gmt":"2016-03-20T06:30:32","guid":{"rendered":"http:\/\/suonpaa.net\/wordpress\/?page_id=1921"},"modified":"2016-03-21T00:28:21","modified_gmt":"2016-03-20T22:28:21","slug":"4-5-4-2015-majatalli-lieto","status":"publish","type":"page","link":"https:\/\/www.suonpaa.net\/?page_id=1921","title":{"rendered":"4-5.4.2015 Majatalli, Lieto"},"content":{"rendered":"<div id=\"pl-1921\"  class=\"panel-layout\" ><div id=\"pg-1921-0\"  class=\"panel-grid panel-no-style\" ><div id=\"pgc-1921-0-0\"  class=\"panel-grid-cell\" ><div id=\"panel-1921-0-0-0\" class=\"so-panel widget widget_sow-editor panel-first-child panel-last-child\" data-index=\"0\" ><div\n\t\t\t\n\t\t\tclass=\"so-widget-sow-editor so-widget-sow-editor-base\"\n\t\t\t\n\t\t>\n<div class=\"siteorigin-widget-tinymce textwidget\">\n\t<p style=\"text-align: left;\">Taso 1 ja 2<\/p>\n<p>Projekti l\u00e4hti liikkeelle oikeastaan jo tammikuussa, kun k\u00e4vin pit\u00e4m\u00e4ss\u00e4 matkaratsastuksen ns. starttikurssin Majatallilla. Kuulijoita oli hyvin paikalla, mutta omaan makuuni fiilis luennolla oli aavistuksen vaisu. Ilmeisesti tuolla suunnalla porukka on hitaasti l\u00e4mpenev\u00e4\u00e4, tai suhtautuvat ulkopaikkakuntalaiseen j\u00e4hme\u00e4sti, sill\u00e4 Matkalla matkaratsastajaksi osa II sai ihmiset kyselem\u00e4\u00e4n ja osallistumaan jo paljon aktiivisemmin. N\u00e4ille alkuvuoden koulutuksille\/valmennuksille oli luonteva jatko ottaa koppi Sisuratsukoiden luovuttamasta kisap\u00e4iv\u00e4m\u00e4\u00e4r\u00e4st\u00e4 ja j\u00e4rjest\u00e4\u00e4 Majatallin ensimm\u00e4iset mr-kilpailut.<\/p>\n<p>Kuukauden verran varmaan annettiin mielipiteit\u00e4 ja n\u00e4kemyksi\u00e4 siit\u00e4, miten kisat kannattaisi toteuttaa. Mari ja Jari tekiv\u00e4t vuorotta t\u00f6it\u00e4 tiluksillaan, kierteliv\u00e4t kysym\u00e4ss\u00e4 lupia ja haalivat palkintoja. Maaliskun puolessa v\u00e4liss\u00e4 k\u00e4vimme harppomassa pitkin pihaa ja kauhistelemassa m\u00e4rk\u00e4\u00e4 maaper\u00e4\u00e4. Samalla reissulla kierrettiin radat ja todettiin, ett\u00e4 kyll\u00e4 niill\u00e4 kelpaa kisata. Tietenkin olisi mahdollisuus viel\u00e4 mielekk\u00e4\u00e4mpiin lenkkeihin, mutta niin lyhyell\u00e4 varoitusajalla ei l\u00e4hdetty nyt ihan hakemaan kuuta taivaalta. Tosin majatallilaisia piti enemm\u00e4n toppuutella kuin ruoskia tekem\u00e4\u00e4n enemm\u00e4n tai paremmin. Alueen pirstaleisuus mua huoletti v\u00e4h\u00e4n ja parkkitilan v\u00e4hyys. Lis\u00e4ksi huoltoautot ja l\u00e4htev\u00e4t sek\u00e4 tulevat ratsukot kulkivat ristiin ja se on aina vaaran paikka. Kompromisseja oli pakko tehd\u00e4, niin kuin tietenkin aina ja lopputulos oli eitt\u00e4m\u00e4tt\u00e4 hyv\u00e4. Viel\u00e4 viimeisill\u00e4 viikoilla Mari ja Jari tekiv\u00e4t massiivista siivousty\u00f6t\u00e4 pihapiiriss\u00e4 ja saivat samalla esitetty\u00e4 tallinsa my\u00f6s SRL:n tarkastajalle positiivisin seurauksin.<\/p>\n<p>Perjantaina ajelimme paikan p\u00e4\u00e4lle. Jarko l\u00e4hti mukaan ja olikin ihan tarvittava apuk\u00e4si. Pistettiin aluksi teltta pystyyn ja sitten kiirehdittiin merkkaamaan 31 km:n reitti\u00e4. Omintakeiseen sakkotyylin tietenkin taas. Ennen h\u00e4m\u00e4r\u00e4\u00e4 saatiin homma tehty\u00e4. Sitten ly\u00f6tiin v\u00e4h\u00e4n papereita nippuun, grillimestari her\u00e4telli grillin talviunilta ja hyviss\u00e4 ajoin olimme jo vaakatasossa odottamassa unta. Ennen kuutta alkoi Karin puhelin soida, kun viel\u00e4 haluttiin tehd\u00e4 viimehetken muutoksia ja varmistaa osallistumisia. Kari tarkasti hevosten ja kilpailijoiden lupa-asioita. Kun aamu sarasti, niin alkoivat asentaa kelloja ja \u00e4\u00e4nilaitteita paikoilleen ja m\u00e4 l\u00e4hdin ajamaan ensimm\u00e4ist\u00e4 reitti\u00e4 l\u00e4pi. Huomasinkin aika pian, ett\u00e4 aurausmerkit oli ker\u00e4tty pois ja me olimme osittain k\u00e4ytt\u00e4neet niit\u00e4 merkitsemisess\u00e4 apuna. Pikainen soitto siis kilpailukeskukseen, ett\u00e4 joku muu saa perehdytt\u00e4\u00e4 el\u00e4inl\u00e4\u00e4k\u00e4rin, sill\u00e4 mulla saattaisi tovi kest\u00e4\u00e4. Onneksi ell oli perehtynyt einomaisesti s\u00e4\u00e4nt\u00f6ihin ja kaikkiin saatavilla oleviin ohjeistuksiin siit\u00e4, miten tarkastus tehd\u00e4\u00e4n ja miten poikkeavuuden normaalista arvioidaan. Viikkoa aikaisemmin oli k\u00e4yty jo tarkastusalueen toimihenkil\u00f6iden kanssa rutiinit l\u00e4pi. Kari perehdytti kilpailukanslian porukan. Kaikille on annettava kyll\u00e4 t\u00e4ysi kymppi. Porukka oli todella sitoutunutta. Olin ennakkoon sanonut, ett\u00e4 kymmenell\u00e4 homma toimii. V\u00e4ke\u00e4 oli v\u00e4h\u00e4n enemm\u00e4nkin, joten miss\u00e4\u00e4n vaiheessa ei ollut paniikkia tai hysteriaa ja jokainen tiesi hommansa, pit\u00e4ytyi siin\u00e4 ja hoiteli teht\u00e4v\u00e4ns\u00e4 mallikkaasti. Tietenkin oli pieni\u00e4 k\u00f6mm\u00e4hdyksi\u00e4 ja syd\u00e4men tykytyst\u00e4 syyst\u00e4 jos toisestakin.<\/p>\n<p><img loading=\"lazy\" decoding=\"async\" class=\"wp-image-1922 size-full alignleft\" src=\"http:\/\/www.suonpaa.net\/wp-content\/uploads\/2016\/03\/lieto_4.4_01.jpg\" alt=\"\" width=\"188\" height=\"250\" \/>Ensimm\u00e4inen hermostuminen tuli siit\u00e4, ett\u00e4 sanallisista ohjeista huolimatta huoltoautot parkkeerattiin miten sattuu. Hetkess\u00e4 j\u00e4rjest\u00e4ydyttiin ja saatiin toimiva parkkipoliisiryhm\u00e4. T\u00e4m\u00e4n j\u00e4lkeen homma toimi ja Jari oli jopa piirt\u00e4nyt parkkiruudut maahan, niin autot asettuivat oikeisiin paikkoihin. Karilla oli kiire ja eriskummallisia kysymyksi\u00e4 sateli sielt\u00e4 ja t\u00e4\u00e4lt\u00e4. Kun enn\u00e4tin takaisin reittilenkilt\u00e4, niin tarkastukset olivatkin alkamassa ja siit\u00e4 l\u00e4hdettiin liikkeelle. Sykeportin ihmiset olivat ojennuksessa, vaikka heill\u00e4 ei mit\u00e4\u00e4n varsinaista puuhaa ollutkaan ennen kymment\u00e4. Sihteeri oli tikkana tulitikut silmiss\u00e4, sill\u00e4 oli ollut y\u00f6n t\u00f6iss\u00e4. Kovaa tekoa ovat kolmivuoroty\u00f6l\u00e4iset. Ei onnistuisi meik\u00e4l\u00e4iselt\u00e4. Meill\u00e4 oli tosi kiva porukka ja homma sujui jouhevasti. Toki saatiin sapiskaa, kun vaadimme hevoselle sivunumerot ja juoksuttajalle numeroliivin ja kiertosuunnan noudattamista. Onhan se kohtuutonta tietenkin. Ensikertalaisia v\u00e4h\u00e4n ihmetytti joidenkin tiimien yrme\u00e4 esiintyminen, mutta kerroin, ett\u00e4 j\u00e4nnitys tulee joistain ihmisist\u00e4 l\u00e4pi sill\u00e4 tavalla. Toki t\u00e4ytyy entist\u00e4 enemm\u00e4n erilaisissa valmennuksissa ja koulutuksissa korostaa sit\u00e4, ett\u00e4 k\u00e4yt\u00f6stapoja ei sovi edes sykeportilla unohtaa. Ontuva hevonen on ontuva hevonen, ylisyke on ylisyke. Ei se ole kenenk\u00e4\u00e4n vika ja harmittaa kovasti ihan jokaista. Huomasin, ett\u00e4 el\u00e4inl\u00e4\u00e4k\u00e4rist\u00e4 tuntui todella kurjalta antaa arvioksi D, mutta kun kriteerit t\u00e4yttyiv\u00e4t, niin eih\u00e4n siin\u00e4 muuta voi. Ja vastaavasti, jos kriteerit eiv\u00e4t t\u00e4yty, niin ei voi hyl\u00e4t\u00e4. Voi vain kertoa tiimille, ett\u00e4 l\u00e4pi meni, mutta ei voi suositella jatkamaan. Vaatii hevosmiestaitoa t\u00e4ss\u00e4 tilanteessa tehd\u00e4 p\u00e4\u00e4t\u00f6s vet\u00e4yty\u00e4 kilpailuista. Osa t\u00e4t\u00e4 taitoa osoitti ja osa ei. Meik\u00e4l\u00e4iselle eritt\u00e4in mielenkiintoinen ja opettavainen p\u00e4iv\u00e4 el\u00e4inl\u00e4\u00e4k\u00e4rin vierell\u00e4.<\/p>\n<p>\u00a0<\/p>\n<p><img loading=\"lazy\" decoding=\"async\" class=\"alignleft wp-image-1923 size-full\" src=\"http:\/\/www.suonpaa.net\/wp-content\/uploads\/2016\/03\/lieto_4.4_02.jpg\" alt=\"\" width=\"250\" height=\"186\" \/>Kari juoksi ympyr\u00e4\u00e4. Oli milloin miss\u00e4kin. Radiopuhelinliikenne oli vilkasta ja kaikkea sattui ja tapahtui. Onneksi meill\u00e4 oli ensihoitajapariskunta apuna. Yksi kovavauhtinen putoaminen ja yksi napakka potku tuli hoidettavaksi. Ambulanssi saatiin paikalle vartissa ja tallin paarit p\u00e4\u00e4siv\u00e4t koeponnistukseen. Ajoivat asiansa ja avomurtumaksi pel\u00e4tty vamma osoittautui onneksi v\u00e4hemm\u00e4n vakavaksi vammaksi. V\u00e4likohtaus tapahtuikin juuri kapeimmassa paikassa, jota v\u00e4h\u00e4n pelk\u00e4sin ennakkoon. Olin yritt\u00e4nyt jo aiemmin h\u00e4\u00e4t\u00e4\u00e4 siihen hoodeille parkkeerannutta ratsukkoa v\u00e4h\u00e4n kauemmas, koska pelk\u00e4sin jotain sumaa juuri siihen. ja n\u00e4in tapahtui, kun luokka 5, ensikertalaiset tulivat kaikki juoksujalkaa kohti tarkastusporttia. Suppilo puristi porukan kasaan ja silloin napsahti. N\u00e4it\u00e4 sattuu, ik\u00e4v\u00e4 kyll\u00e4. Iloinen juttu oli se, ett\u00e4 tapaturmasta huolimatta ratsukko sai el\u00e4m\u00e4ns\u00e4 ensimm\u00e4isen suorituksen, sill\u00e4 varavastuuhenkil\u00f6n ja toisen ratsastajan avustuksella hevonen tuotiin ajoissa tarkastukseen ja kaikki oli sen osalta kunnossa.<\/p>\n<p>P\u00e4iv\u00e4n mittaan s\u00e4\u00e4t vaihtelivat. V\u00e4lill\u00e4 satoi, v\u00e4lill\u00e4 tuuli, v\u00e4lill\u00e4 tuli lunta ja loppua kohti saatiin jopa aurinkoa. Meid\u00e4n tarkastuspisteess\u00e4 oltiin hymyss\u00e4 suin ja mua huvitti, miten porttipariskunta oli kehitt\u00e4nyt metodin, jossa seisoivat sel\u00e4t vastakkain toisen tuijottaessa kelloa ja toisen hevosen etujalkaa sen astuessa linja yli. Ajat otettiin sekunnilleen ja harjoiteltiin tulevia isompia kisoja varten. Reitteihin tutustuttuani olin jo todennut, ett\u00e4 on niin mutkikasta ja teknist\u00e4 rataa ja koviakin pohjia, ett\u00e4 ontumia varmasti tulee ja niin ik\u00e4v\u00e4 kyll\u00e4 tulikin. Tyls\u00e4lt\u00e4 tuntui jokaisen hyl\u00e4tyn ratsukon puolesta. Homma kuitenkin hoitui asiallisesti. P\u00e4iv\u00e4n p\u00e4\u00e4tteeksi oli kiva kiitt\u00e4\u00e4 t\u00e4m\u00e4nkertaista tiimi\u00e4. Homma toimi yst\u00e4v\u00e4llisesti mutta napakasti, aikataulut pitiv\u00e4t, ruuhkia ei syntynyt ja vaikka sade pehmitti tarkastuskortit, niin yl\u00e4vitoset saatiin heitt\u00e4\u00e4 viimeisen tarkastuksen j\u00e4lkeen.<\/p>\n<p><img loading=\"lazy\" decoding=\"async\" class=\"alignleft wp-image-1924 size-full\" src=\"http:\/\/www.suonpaa.net\/wp-content\/uploads\/2016\/03\/leijonat_pieni.jpg\" alt=\"\" width=\"250\" height=\"186\" \/>Toimistoporukka oli saanut tulokset laskettua aika napakasti heti sen j\u00e4lkeen, kun viimeinen luokan ratsukko oli tarkastettu ja suurin osa palkinnoista oli luonnollisesti jaettu. Ilmeisen iloisia ilmeit\u00e4 oli n\u00e4hty, sill\u00e4 palkinnot olivat aika loisteliaat. Oli loimea ja riimua ja rehua ja kaikkea mahdollista. Ehk\u00e4 huikeinta oli kuitenkin veitsisetit ja Leijona-kellot. Kun kilpailijat olivat poistuneet, niin viel\u00e4 odotti iloinen yll\u00e4tys toimihenkil\u00f6it\u00e4. Jokainen sai muistoksi hyvin onnistuneesta tapahtumasta <a href=\"http:\/\/www.leijonakellot.fi\" target=\"new\"><b>Leijona<\/b><\/a> rannekellon. Vaikka porukka oli enemm\u00e4n tai v\u00e4hemm\u00e4n v\u00e4syksiss\u00e4, niin kyll\u00e4 ehdottoman hyvill\u00e4 mielin kaikki l\u00e4htiv\u00e4t kotiinsa.<\/p>\n<p>Me purettiin viel\u00e4 teltta, pakattiin kamat ja pidettiin pienimuotoinen loppupalaveri. Valtavan ty\u00f6n tekiv\u00e4t Majatallin porukka. Toivottavasti ehtiv\u00e4t nyt hetken huilia ennen jotain seuraavaa p\u00e4hk\u00e4hullua haastetta. Suurin osa jutuista oli suunniteltu kohdilleen ja oltiin varauduttu l\u00e4hes kaikkeen. Tietenkin j\u00e4i petrattavaa ja aina sit\u00e4 t\u00e4ytyykin j\u00e4\u00e4d\u00e4, niin hommat kehittyv\u00e4t. Kotimatkalla puitiin omaa osuuttamme ja kerroimme tekemisist\u00e4mme, sill\u00e4 p\u00e4iv\u00e4n aikana emme montaa kertaa tavanneet. Kukin touhusi tahollaan ja tekemist\u00e4 riitti ihan kiitett\u00e4v\u00e4sti. Toivottavasti seuraavalla kerralla Liedon kisoissa olemme taas osallistujien roolissa, niin voimme vinkua ja valittaa ihan entiseen malliin.<\/p>\n<\/div>\n<\/div><\/div><\/div><\/div><\/div>","protected":false},"excerpt":{"rendered":"<p>Taso 1 ja 2Projekti l\u00e4hti liikkeelle oikeastaan jo tammikuussa, kun k\u00e4vin pit\u00e4m\u00e4ss\u00e4 matkaratsastuksen ns. starttikurssin Majatallilla. Kuulijoita oli hyvin paikalla, mutta omaan makuuni fiilis luennolla oli aavistuksen vaisu. Ilmeisesti tuolla suunnalla porukka on hitaasti l\u00e4mpenev\u00e4\u00e4, tai suhtautuvat ulkopaikkakuntalaiseen j\u00e4hme\u00e4sti, sill\u00e4 Matkalla matkaratsastajaksi osa II sai ihmiset kyselem\u00e4\u00e4n ja osallistumaan jo paljon aktiivisemmin. N\u00e4ille alkuvuoden koulutuksille\/valmennuksille [&hellip;]<\/p>\n","protected":false},"author":3,"featured_media":0,"parent":369,"menu_order":4,"comment_status":"closed","ping_status":"closed","template":"templates\/template-full.php","meta":{"footnotes":""},"class_list":["post-1921","page","type-page","status-publish","hentry","post"],"_links":{"self":[{"href":"https:\/\/www.suonpaa.net\/index.php?rest_route=\/wp\/v2\/pages\/1921","targetHints":{"allow":["GET"]}}],"collection":[{"href":"https:\/\/www.suonpaa.net\/index.php?rest_route=\/wp\/v2\/pages"}],"about":[{"href":"https:\/\/www.suonpaa.net\/index.php?rest_route=\/wp\/v2\/types\/page"}],"author":[{"embeddable":true,"href":"https:\/\/www.suonpaa.net\/index.php?rest_route=\/wp\/v2\/users\/3"}],"replies":[{"embeddable":true,"href":"https:\/\/www.suonpaa.net\/index.php?rest_route=%2Fwp%2Fv2%2Fcomments&post=1921"}],"version-history":[{"count":4,"href":"https:\/\/www.suonpaa.net\/index.php?rest_route=\/wp\/v2\/pages\/1921\/revisions"}],"predecessor-version":[{"id":2065,"href":"https:\/\/www.suonpaa.net\/index.php?rest_route=\/wp\/v2\/pages\/1921\/revisions\/2065"}],"up":[{"embeddable":true,"href":"https:\/\/www.suonpaa.net\/index.php?rest_route=\/wp\/v2\/pages\/369"}],"wp:attachment":[{"href":"https:\/\/www.suonpaa.net\/index.php?rest_route=%2Fwp%2Fv2%2Fmedia&parent=1921"}],"curies":[{"name":"wp","href":"https:\/\/api.w.org\/{rel}","templated":true}]}}