{"id":1906,"date":"2016-03-20T08:06:04","date_gmt":"2016-03-20T06:06:04","guid":{"rendered":"http:\/\/suonpaa.net\/wordpress\/?page_id=1906"},"modified":"2016-03-21T00:31:50","modified_gmt":"2016-03-20T22:31:50","slug":"4-7-2015-liesjarvi","status":"publish","type":"page","link":"https:\/\/www.suonpaa.net\/?page_id=1906","title":{"rendered":"4.7.2015 Liesj\u00e4rvi"},"content":{"rendered":"<div id=\"pl-1906\"  class=\"panel-layout\" ><div id=\"pg-1906-0\"  class=\"panel-grid panel-no-style\" ><div id=\"pgc-1906-0-0\"  class=\"panel-grid-cell\" ><div id=\"panel-1906-0-0-0\" class=\"so-panel widget widget_sow-editor panel-first-child panel-last-child\" data-index=\"0\" ><div\n\t\t\t\n\t\t\tclass=\"so-widget-sow-editor so-widget-sow-editor-base\"\n\t\t\t\n\t\t>\n<div class=\"siteorigin-widget-tinymce textwidget\">\n\t<\/div>\n<\/div><\/div><\/div><div id=\"pgc-1906-0-1\"  class=\"panel-grid-cell\" ><div id=\"panel-1906-0-1-0\" class=\"so-panel widget widget_sow-editor panel-first-child panel-last-child\" data-index=\"1\" ><div\n\t\t\t\n\t\t\tclass=\"so-widget-sow-editor so-widget-sow-editor-base\"\n\t\t\t\n\t\t>\n<div class=\"siteorigin-widget-tinymce textwidget\">\n\t<p><strong>Tulokset<\/strong> <\/p>\n<p> 1. Ulmanen Hanna \/ Princzis SE ox, 1:53:01, 15,9km\/h, 38,8 pist.<br \/> 2. Kauppinen Mette \/ Pia's Bukefelos, 2:05:51, 14,3km\/h, 36,6 pist.<br \/> 3. Vihavainen Laura \/ Kuvaharjun Amanita ox, 2:10:35, 13,8km\/h, 34,6 pist.<br \/> 4. Sandelin Anu-Maria \/ Sword Less, 2:16:14, 13,2km\/h, 30,4 pist.<br \/> 5. Liimatainen Jan \/ Valman Neito, 2:50:20, 10,6, 25,2 pist.<br \/> HYL. Bjugg Kristiina \/ Harrison<br \/> HYL. Klingberg Ninni \/ Herori<br \/> HYL. Kohtala Heidi \/ Ablaze In My Heart<br \/> Poissa: Kallunki Nina \/ Dali ox<\/p>\n<\/div>\n<\/div><\/div><\/div><\/div><div id=\"pg-1906-1\"  class=\"panel-grid panel-no-style\" ><div id=\"pgc-1906-1-0\"  class=\"panel-grid-cell\" ><div id=\"panel-1906-1-0-0\" class=\"so-panel widget widget_sow-editor panel-first-child panel-last-child\" data-index=\"2\" ><div\n\t\t\t\n\t\t\tclass=\"so-widget-sow-editor so-widget-sow-editor-base\"\n\t\t\t\n\t\t>\n<div class=\"siteorigin-widget-tinymce textwidget\">\n\t<p>Olin laskeskellut, ett\u00e4 jos olemme kahdeksalta laitumen reunalla, niin ehdimme erinomaisesti. L\u00e4ht\u00f6kohtaisesti olimme puoli tuntia my\u00f6h\u00e4ss\u00e4. Hevonen meni koppiin l\u00e4hes suorilla, joten s\u00e4\u00e4stimme aikaa. Tosin silloin Kari hoksasi, ett\u00e4 kappas vaan, h\u00e4nell\u00e4 ei ole mit\u00e4\u00e4n hevosen papereita mukana. Kiivasta soittelua j\u00e4rjest\u00e4v\u00e4n tahon suuntaan. Onhan Urho kisannut jo t\u00e4n\u00e4 vuonna ja sama ratsukko on kisannut SuMaRan kisoissa. hevosen tiedot ja viimeisimm\u00e4t rokotukset l\u00f6ytyv\u00e4t my\u00f6s KIPAsta, joten periaatteessa kaikki on tarkistettavissa. Tuomari antoi luvan osallistua ja l\u00e4hdimme hevosen kanssa matkaan. Hanna tuli omia polkujaan ja h\u00e4t\u00e4ili, kun h\u00e4nen j\u00e4senkorttinsa oli my\u00f6s kotona. Kari hoksasi my\u00f6s, ett\u00e4 h\u00e4nelle ei ole mit\u00e4\u00e4n sykekamoja, ei kahvaa ei stetaria. Mulla alkoi ilme tummeta. V\u00e4h\u00e4n my\u00f6hemmin Kari ilmoitti, ett\u00e4 kamerakin j\u00e4i kotiin.<\/p>\n<p>Kilpailukeskuksessa oltiin aika tarkkaan kymmenelt\u00e4. Kipaisin viem\u00e4\u00e4n Uuttulaisille Free Butea, jotka otettiinkin heti k\u00e4ytt\u00f6\u00f6n. Leiriss\u00e4 fiilis oli hyv\u00e4, joten tsempitin v\u00e4h\u00e4n ja l\u00e4hdin Lauran kanssa tarkastukseen. Tamma k\u00e4ytt\u00e4ytyi rauhallisesti ja saatiin puhtaat paperit. Kari ja Hanna k\u00e4viv\u00e4t my\u00f6s hevosen kanssa tarkastuksessa. Se oli juossut v\u00e4h\u00e4n tahmeasti ja syke oli ollut 51. Ell halusi l\u00e4mm\u00f6n. Mitattiin l\u00e4mp\u00f6 ja vietiin hevonen varjoon, sek\u00e4 viilennettiin v\u00e4h\u00e4n. hetken p\u00e4\u00e4st\u00e4 syke oli alle 40 iskun. Mik\u00e4 lie paarmapiikki siin\u00e4 mittaushetkell\u00e4 oli ollut. Kaitsu saapui turistina paikalle ja saatiin h\u00e4nelt\u00e4 kahva lainaksi kisan ajaksi.<\/p>\n<p><img loading=\"lazy\" decoding=\"async\" class=\"alignleft wp-image-1907 size-full\" src=\"http:\/\/www.suonpaa.net\/wp-content\/uploads\/2016\/03\/liesjarvi2015_02.jpg\" alt=\"\" width=\"188\" height=\"250\" \/>K\u00e4vin hurraamassa luokan 2 liikkeelle. T\u00e4ss\u00e4 vaiheessa Kari oli jotenkin ihmeellisesti l\u00f6yt\u00e4nyt kameran autosta. Se oli kai itsest\u00e4\u00e4n sitten kulkeutunut paikalle. N\u00e4in ollen p\u00e4\u00e4simme my\u00f6s kuvailemaan tapahtumia. Urhon luokassa oli 9 ilmoittautunutta ja yksi j\u00e4i pois. Kahdeksaa hevosta laiteltiin valmiiksi. Vihis oli ensimm\u00e4isen\u00e4 sel\u00e4ss\u00e4 jo puolta tuntia ennen starttia. Kuin oppikirjasta! Hanna hypp\u00e4si my\u00f6s selk\u00e4\u00e4n hyviss\u00e4 ajoin ja Urho her\u00e4si unestaan! Muutama reipas kierros kuusen ymp\u00e4rill\u00e4, mutta sitten tilanne rauhoittui mukavasti. Kuitenkin kun l\u00e4ht\u00f6lupa annettiin, niin ukkeli l\u00e4hti kuin tykin suusta. Olin k\u00e4vellyt v\u00e4h\u00e4n matkan p\u00e4\u00e4h\u00e4n v\u00e4ijyyn kamerani kanssa ja v\u00e4h\u00e4n jopa toppuuttelin, kun pyyhk\u00e4isiv\u00e4t ohi. Urho pisti muut nielem\u00e4\u00e4n p\u00f6ly\u00e4 heti alkutaipaleella. Statistiikan mukaan reilua kolmekymppi\u00e4 ampuivat reitille. Ihan niin kovaa ei olisi tarvinnut menn\u00e4, mutta hevonen on jo oppinut tuohon, ett\u00e4 kun v\u00e4h\u00e4n aikaa py\u00f6rit\u00e4\u00e4n ympyr\u00e4\u00e4 porukalla, niin sitten siit\u00e4 l\u00e4hdet\u00e4\u00e4n. Ja kun l\u00e4hdet\u00e4\u00e4n, niin l\u00e4hdet\u00e4\u00e4n ja Hannalle taas on teroitettu, ett\u00e4 ohjassa ei kannata roikkua. Huvitti vaan, kun Hanna v\u00e4h\u00e4n satulointivaiheessa \u00e4\u00e4neen ajatteli, ett\u00e4 on aika unisen oloinen hevonen. \u00c4kki\u00e4 se uni karisi kehosta.<\/p>\n<p>Laura ja miesratsastaja tulivat l\u00e4hd\u00f6st\u00e4 seuraavina, sitten pari l\u00e4mpp\u00e4riratsukkoa ja lopussa muut. Selke\u00e4 helminauha muodostui jo ensimm\u00e4isen kilsan aikana. Kari poimi mut kyytiin ja mentiin ekaan huoltoon, joka otettiin viiden kilsan kohdalle. Edelleen tulivat melkein 20km\/h, joten vauhtia saisi laskea. V\u00e4h\u00e4n viilennetiin ja Hanna otti huikkaa. Puolikkaan porkkanan Urho otti ja sitten matka jatkui. L\u00e4htiv\u00e4t liikkeelle, ennen kuin muut tulivat paikalle. V\u00e4h\u00e4n harmitti, kun todettiin jo siin\u00e4 heti, ett\u00e4 upeat ratsastusmaastot oli totaalisesti pilattu isolla sepelill\u00e4. Eik\u00e4 noita mets\u00e4n siimeksess\u00e4 kulkevia teit\u00e4 tietenk\u00e4\u00e4n ratsastusk\u00e4ytt\u00f6\u00f6n ole tehty, mutta harmi silti. Ei tuolla en\u00e4\u00e4 mit\u00e4\u00e4n nopeuskisoja voisi pit\u00e4\u00e4 vuoteen tai pariin paitsi talvella.<\/p>\n<p><img loading=\"lazy\" decoding=\"async\" class=\"alignleft wp-image-1908 size-full\" src=\"http:\/\/www.suonpaa.net\/wp-content\/uploads\/2016\/03\/liesjarvi2015_03.jpg\" alt=\"\" width=\"188\" height=\"250\" \/>Ehdin viel\u00e4 k\u00e4yd\u00e4 kyylim\u00e4ss\u00e4 Lauran huollon. Oli tullut my\u00f6s aika reipasta, yli 15km\/h ja kehoitin aavistuksen toppuuttelemaan. Naama punoitti ja v\u00e4h\u00e4n viel\u00e4 j\u00e4nnityst\u00e4kin oli havaittavissa, mutta muuten tilanne oli hyv\u00e4. Tamma kulki reippaasti miss\u00e4 tahansa muodostelmassa. Kuuma oli kaikilla ja kehotin tiimi\u00e4 viilent\u00e4m\u00e4\u00e4n runsaasti.<\/p>\n<p>Seuraava huolto oli 10 km:n kohdalla. Tulivat siihen n. 35 minuutissa. Eli vauhti oli mukavasti tasaantunut alun spurtin j\u00e4lkeen. Sek\u00e4 ratsastaja ett\u00e4 hevonen olivat korskeina. Pidettiin kolmen minuutin tauko. L\u00e4mpp\u00e4riratsukot olivat oikeastaan ajaneet Urhon ja Hannan kiinni, mutta todettiin, ett\u00e4 ei kannata kovempaa menn\u00e4, koska muuten tulee taas ihanneajan rajat vastaan. Odotettiin Laura my\u00f6s samaan pisteeseen. Annettiin auton ikkunasta tiedot, ett\u00e4 etenee 15km\/h vauhtia ja istuntaa voisi v\u00e4h\u00e4n korjata.<\/p>\n<p>Seuraavan kympin taivalsivat vaihtelevaa maastoa varsin tasaisesti 15-16km\/h vauhdilla. Otettiin yksi nopea huutelu k\u00e4\u00e4nn\u00f6kseen, jossa olisi ollut mahdollisuus ratsastaa harhaan. Hannassa on sellainen erinomainen piirre, ett\u00e4 h\u00e4n noudattaa varsin tarkasti annettuja ohjeita. Lis\u00e4ksi h\u00e4n on \u00e4\u00e4rett\u00f6m\u00e4n taitava ja korrekti ratsastaja, joten menoa on miellytt\u00e4v\u00e4 katsoa. Huolleettiin v\u00e4h\u00e4n yli 20 km ja otettiin toinen nopea huolto ennen huoltokieltoalueen alkamista. L\u00e4mpp\u00e4riratsukot puuskuttivat niskaan. Harrin kenk\u00e4\u00e4n oli juuttunut kivi, jonka Kari v\u00e4\u00e4nsi irti. Liike n\u00e4ytti ja tuntui hyv\u00e4lt\u00e4, joten jatkoivat matkaa yht\u00e4 reippaasti kuin aiemminkin.<\/p>\n<p><img loading=\"lazy\" decoding=\"async\" class=\"alignleft wp-image-1909 size-full\" src=\"http:\/\/www.suonpaa.net\/wp-content\/uploads\/2016\/03\/liesjarvi2015_04.jpg\" alt=\"\" width=\"250\" height=\"188\" \/>Lopussa Hanna tasoitteli vauhtia ja k\u00e4velikin osan matkasta. Me yritettiin viel\u00e4 saada Laurasta n\u00e4k\u00f6havainto, mutta ei saatu ja alkoi olla kiire maalipaikalle, sill\u00e4 Hannan ohjeet olivat olleet, ett\u00e4 16km\/h keskinopeudella maaliin tulisi saapua. Menin kahden huuhteluastian kanssa vastaan maalisuoran p\u00e4\u00e4h\u00e4n. N\u00e4inkin, kun vilahtivat s\u00e4hk\u00f6linjan ali ja huusin Karille, ett\u00e4 tulossa ovat. Statistiikan mukaan olivat tulleet juuri s\u00e4detyss\u00e4 nopeudessa, mutta matkaa oli taitettu v\u00e4h\u00e4n ilmoitettua v\u00e4hemm\u00e4n. Joutuivat puolisen minuutti passaamaan ja sitten tyylikk\u00e4\u00e4sti k\u00e4ynniss\u00e4 maalilinjan yli. Hyv\u00e4, hyv\u00e4.<\/p>\n<p>Tiimill\u00e4 oli pient\u00e4 klappia lopputoimissa. Ratsukko yll\u00e4tti Karin ja h\u00e4nell\u00e4 ei ollut kahva valmiina. Hanna taas ei ymm\u00e4rt\u00e4nyt, ett\u00e4 maalilinjan j\u00e4lkeen pit\u00e4\u00e4 aika rivakasti kantaa kamaa ja lappaa vett\u00e4 hevosen p\u00e4\u00e4lle. Aika meni h\u00e4r\u00f6ilyyn. 5 minsaa k\u00e4yttiv\u00e4t. Ehdin juuri paikalle kysym\u00e4\u00e4n, ett\u00e4 eik\u00f6 syke laske, niin l\u00e4htiv\u00e4t tarkastukseen, jossa syke 53. Kari juosutti, mutta silti oli aika tahmeaa menoa, joskin liike t\u00e4ysin puhdasta. Miss\u00e4\u00e4n ei ollut huomautettavaa, niin kuin tuolla ellill\u00e4 on tapana ty\u00f6skennell\u00e4. Mietittiin, ett\u00e4 Hannan eka voitto on aika l\u00e4hell\u00e4.<\/p>\n<p>Seuraavat ratsukot tulivat aikanaan ja v\u00e4hitellen koko luokka saatiin maaliin. Porukka ker\u00e4\u00e4ntyi varjoon odottamaan pistelaskun valmistumista. Ehdin auttelemaan Lauraa ja muutamaa muutakin. Kun p\u00e4\u00e4luokka saatiin maaliin, niin hy\u00f6k\u00e4ttiin lietolaisten hevosten kimppuun. Jari meni nopeasti tarkatukseen, mutta harmi kyll\u00e4 Samur ei liikkunut puhtaasti. N\u00e4in ollen ennen uusintajuoksutusta Mari h\u00e4ipyi jo kulisseihin. Fanta oli pissism\u00e4inen itsens\u00e4. Heidi on kyll\u00e4 lellinyt sen pilalle. Aiheutettiin syd\u00e4npys\u00e4hdys sek\u00e4 hevosen omistajalle ett\u00e4 hevoselle itselleen. Saatiin kuitenkin syke alas ja hevonen tarkastukseen. Heidill\u00e4 oli polvitaipeet kamalassa kunnossa, mutta sitke\u00e4sti esitti hevosensa ja palkkiona hyv\u00e4ksytty tulos. Fiilikset ovat aina tuollaisissa tilanteissa ristiriitaiset. Juttelin Jarin kanssa ja samalla pesin Samurin taskul\u00e4mpim\u00e4ll\u00e4 vedell\u00e4. Mari sai ainakin kotiin puhtaan hevosen lievent\u00e4m\u00e4\u00e4n harmitusta.<\/p>\n<p><img loading=\"lazy\" decoding=\"async\" class=\"alignleft wp-image-1910 size-full\" src=\"http:\/\/www.suonpaa.net\/wp-content\/uploads\/2016\/03\/liesjarvi2015_05.jpg\" alt=\"\" width=\"250\" height=\"186\" \/>Kari alkoi kantaa kamaa ja kuppasi jossain siin\u00e4 vaiheessa, kun Hannan ja Urhon ruusukkeet jaettiin. Kaula pitk\u00e4ll\u00e4 kurkki ruusukkeen v\u00e4rityst\u00e4 ja jos osaisi voltin heitt\u00e4\u00e4, niin olisi heitt\u00e4nyt. Tyytyi muihin tuuletusloikkiin. V\u00e4hitellen lorvittiin autolle, ly\u00f6tiin hevonen koppiin ja huudeltiin heipat. Kotimatkalla hivenen j\u00e4rkytti ilmeisen itsemurhatyypin ratkaisu k\u00e4\u00e4nt\u00e4\u00e4 ratista auto vastaantulevan bussin nokkaan. Reilussa tunnissa olimme kotona. Mun perinteinen hellepahaolo tuli vasta laitumella. Vietettiin hetki aikaa hevosten kanssa ja sitten kiiruhdettiin kotiin. M\u00e4 sy\u00f6ksyin altaaseen ja olo parani heti. Olisi pit\u00e4nyt olla onnenhattu p\u00e4\u00e4ss\u00e4 koko p\u00e4iv\u00e4n. Nyth\u00e4n se unohtui kotiin. Kari sy\u00f6ksyi hakemaan pitsaa.<\/p>\n<p>Seuraava etappi on Liedon SM-kilpailut. Ei viel\u00e4 odotuksia mitalista, mutta jos suoritus tulisi, niin se olisi huikea juttu. Sitten Urho olisi valmis kv-yrityksiin.<\/p>\n<\/div>\n<\/div><\/div><\/div><\/div><\/div>","protected":false},"excerpt":{"rendered":"<p>Tulokset 1. Ulmanen Hanna \/ Princzis SE ox, 1:53:01, 15,9km\/h, 38,8 pist. 2. Kauppinen Mette \/ Pia&#8217;s Bukefelos, 2:05:51, 14,3km\/h, 36,6 pist. 3. Vihavainen Laura \/ Kuvaharjun Amanita ox, 2:10:35, 13,8km\/h, 34,6 pist. 4. Sandelin Anu-Maria \/ Sword Less, 2:16:14, 13,2km\/h, 30,4 pist. 5. Liimatainen Jan \/ Valman Neito, 2:50:20, 10,6, 25,2 pist. HYL. Bjugg [&hellip;]<\/p>\n","protected":false},"author":3,"featured_media":0,"parent":369,"menu_order":2,"comment_status":"closed","ping_status":"closed","template":"templates\/template-full.php","meta":{"footnotes":""},"class_list":["post-1906","page","type-page","status-publish","hentry","post"],"_links":{"self":[{"href":"https:\/\/www.suonpaa.net\/index.php?rest_route=\/wp\/v2\/pages\/1906","targetHints":{"allow":["GET"]}}],"collection":[{"href":"https:\/\/www.suonpaa.net\/index.php?rest_route=\/wp\/v2\/pages"}],"about":[{"href":"https:\/\/www.suonpaa.net\/index.php?rest_route=\/wp\/v2\/types\/page"}],"author":[{"embeddable":true,"href":"https:\/\/www.suonpaa.net\/index.php?rest_route=\/wp\/v2\/users\/3"}],"replies":[{"embeddable":true,"href":"https:\/\/www.suonpaa.net\/index.php?rest_route=%2Fwp%2Fv2%2Fcomments&post=1906"}],"version-history":[{"count":2,"href":"https:\/\/www.suonpaa.net\/index.php?rest_route=\/wp\/v2\/pages\/1906\/revisions"}],"predecessor-version":[{"id":2067,"href":"https:\/\/www.suonpaa.net\/index.php?rest_route=\/wp\/v2\/pages\/1906\/revisions\/2067"}],"up":[{"embeddable":true,"href":"https:\/\/www.suonpaa.net\/index.php?rest_route=\/wp\/v2\/pages\/369"}],"wp:attachment":[{"href":"https:\/\/www.suonpaa.net\/index.php?rest_route=%2Fwp%2Fv2%2Fmedia&parent=1906"}],"curies":[{"name":"wp","href":"https:\/\/api.w.org\/{rel}","templated":true}]}}