{"id":1742,"date":"2016-03-18T07:21:42","date_gmt":"2016-03-18T05:21:42","guid":{"rendered":"http:\/\/suonpaa.net\/wordpress\/?page_id=1742"},"modified":"2016-09-21T16:44:12","modified_gmt":"2016-09-21T13:44:12","slug":"1742-2","status":"publish","type":"page","link":"https:\/\/www.suonpaa.net\/?page_id=1742","title":{"rendered":"Kisat 2016"},"content":{"rendered":"<div id=\"pl-1742\"  class=\"panel-layout\" ><div id=\"pg-1742-0\"  class=\"panel-grid panel-no-style\" ><div id=\"pgc-1742-0-0\"  class=\"panel-grid-cell\" ><div id=\"panel-1742-0-0-0\" class=\"so-panel widget widget_sow-editor panel-first-child panel-last-child\" data-index=\"0\" ><div\n\t\t\t\n\t\t\tclass=\"so-widget-sow-editor so-widget-sow-editor-base\"\n\t\t\t\n\t\t>\n<div class=\"siteorigin-widget-tinymce textwidget\">\n\t<p><b><u>Urhon kisakalenteri 2016<\/u><\/b>:<\/p>\n<p><a href=\"http:\/\/www.suonpaa.net\/?page_id=2502\"><strong>29.4.-1.5.16 K\u00f5rvemaa Endurance Ride 2016 FEI CEI 1* 80 km<\/strong><\/a><br \/><strong><a href=\"http:\/\/www.suonpaa.net\/?page_id=3543\">16.-18.9.16 Kurtuvenai FEI CEI1* 80 km<\/a><\/strong><\/p>\n<\/div>\n<\/div><\/div><\/div><div id=\"pgc-1742-0-1\"  class=\"panel-grid-cell\" ><div id=\"panel-1742-0-1-0\" class=\"so-panel widget widget_sow-editor panel-first-child panel-last-child\" data-index=\"1\" ><div\n\t\t\t\n\t\t\tclass=\"so-widget-sow-editor so-widget-sow-editor-base\"\n\t\t\t\n\t\t>\n<div class=\"siteorigin-widget-tinymce textwidget\">\n\t<p><b><u>Sellan kisakalenteri 2016<\/u><\/b><\/p>\n<p><a href=\"http:\/\/www.suonpaa.net\/?page_id=3411\"><strong>6.8.2016 SuMaRa, Liesj\u00e4rvi, taso 2, 32km<\/strong> <\/a><\/p>\n<\/div>\n<\/div><\/div><\/div><div id=\"pgc-1742-0-2\"  class=\"panel-grid-cell\" ><div id=\"panel-1742-0-2-0\" class=\"so-panel widget widget_sow-editor panel-first-child panel-last-child\" data-index=\"2\" ><div\n\t\t\t\n\t\t\tclass=\"so-widget-sow-editor so-widget-sow-editor-base\"\n\t\t\t\n\t\t>\n<div class=\"siteorigin-widget-tinymce textwidget\">\n\t<p><b><u>Tiimin kisakalenteri 2016<\/u><\/b><\/p>\n<\/div>\n<\/div><\/div><\/div><\/div><div id=\"pg-1742-1\"  class=\"panel-grid panel-no-style\" ><div id=\"pgc-1742-1-0\"  class=\"panel-grid-cell\" ><div id=\"panel-1742-1-0-0\" class=\"so-panel widget widget_sow-editor panel-first-child panel-last-child\" data-index=\"3\" ><div\n\t\t\t\n\t\t\tclass=\"so-widget-sow-editor so-widget-sow-editor-base\"\n\t\t\t\n\t\t>\n<div class=\"siteorigin-widget-tinymce textwidget\">\n\t<p><strong>Kauden 2016 tavoitteet:<\/strong> <\/p>\n<p>Urholla tavoite on startata ensimm\u00e4iset FEI-kisat huhtikuuun lopulla Virossa. Haetaan 80 km:n matkalta tulosta. Toinen yritys samalla matkalla tehd\u00e4\u00e4n syksymm\u00e4ll\u00e4 Liettuassa.\u00a0 V\u00e4liin mahtuu mahdollisesti SM-kisat, mutta muuten hevosen ei ole tarkoitus kisoja koluta. <\/p>\n<p>Sellan tavoite on kuntoutua ja k\u00e4yd\u00e4 mahdollisesti jotkut pienet kisat h\u00f6lkk\u00e4\u00e4m\u00e4ss\u00e4 l\u00e4pi. Jos sille l\u00f6ytyisi nuori ja kehityskykyinen ratsastaja, niin mahdollisesti voisi kisata enemm\u00e4nkin. <\/p>\n<p>Hopon tavoite on pysy\u00e4 virke\u00e4n\u00e4 ja terveen\u00e4. Pyrit\u00e4\u00e4n liikuttamaan s\u00e4\u00e4nn\u00f6llisesti ja annetaan vaarin nauttia el\u00e4m\u00e4st\u00e4\u00e4n ja laumastaan. <\/p>\n<p>Tatankan tavoite on kasvaa ja vahvistua ja n\u00e4ytt\u00e4\u00e4 hyv\u00e4lt\u00e4.<\/p>\n<\/div>\n<\/div><\/div><\/div><\/div><\/div>","protected":false},"excerpt":{"rendered":"<p>Urhon kisakalenteri 2016: 29.4.-1.5.16 K\u00f5rvemaa Endurance Ride 2016 FEI CEI 1* 80 km16.-18.9.16 Kurtuvenai FEI CEI1* 80 km Sellan kisakalenteri 20166.8.2016 SuMaRa, Liesj\u00e4rvi, taso 2, 32km Tiimin kisakalenteri 2016 Kauden 2016 tavoitteet: Urholla tavoite on startata ensimm\u00e4iset FEI-kisat huhtikuuun lopulla Virossa. Haetaan 80 km:n matkalta tulosta. Toinen yritys samalla matkalla tehd\u00e4\u00e4n syksymm\u00e4ll\u00e4 Liettuassa.\u00a0 V\u00e4liin mahtuu [&hellip;]<\/p>\n","protected":false},"author":3,"featured_media":0,"parent":750,"menu_order":0,"comment_status":"closed","ping_status":"closed","template":"templates\/template-full-notitle.php","meta":{"footnotes":""},"class_list":["post-1742","page","type-page","status-publish","hentry","post"],"_links":{"self":[{"href":"https:\/\/www.suonpaa.net\/index.php?rest_route=\/wp\/v2\/pages\/1742","targetHints":{"allow":["GET"]}}],"collection":[{"href":"https:\/\/www.suonpaa.net\/index.php?rest_route=\/wp\/v2\/pages"}],"about":[{"href":"https:\/\/www.suonpaa.net\/index.php?rest_route=\/wp\/v2\/types\/page"}],"author":[{"embeddable":true,"href":"https:\/\/www.suonpaa.net\/index.php?rest_route=\/wp\/v2\/users\/3"}],"replies":[{"embeddable":true,"href":"https:\/\/www.suonpaa.net\/index.php?rest_route=%2Fwp%2Fv2%2Fcomments&post=1742"}],"version-history":[{"count":9,"href":"https:\/\/www.suonpaa.net\/index.php?rest_route=\/wp\/v2\/pages\/1742\/revisions"}],"predecessor-version":[{"id":3571,"href":"https:\/\/www.suonpaa.net\/index.php?rest_route=\/wp\/v2\/pages\/1742\/revisions\/3571"}],"up":[{"embeddable":true,"href":"https:\/\/www.suonpaa.net\/index.php?rest_route=\/wp\/v2\/pages\/750"}],"wp:attachment":[{"href":"https:\/\/www.suonpaa.net\/index.php?rest_route=%2Fwp%2Fv2%2Fmedia&parent=1742"}],"curies":[{"name":"wp","href":"https:\/\/api.w.org\/{rel}","templated":true}]}}